{"id":3609,"date":"2020-07-15T12:00:03","date_gmt":"2020-07-15T12:00:03","guid":{"rendered":"https:\/\/eveniments.es\/?page_id=3609"},"modified":"2020-07-15T12:40:28","modified_gmt":"2020-07-15T12:40:28","slug":"handbalance-flamenco-fusion","status":"publish","type":"page","link":"https:\/\/eveniments.es\/home\/handbalance-flamenco-fusion","title":{"rendered":"HandBalance Flamenco Fusi\u00f3n"},"content":{"rendered":"\n<p>Ha querido plasmar sus ra\u00edces, sus recorridos y experiencias representado en una sola pieza con el ritmo y el sentimiento flamenco que le ha ido acompa\u00f1ando a lo largo de su carrera art\u00edstica y a la vez representa con su t\u00e9cnica del equilibrio f\u00edsico en vertical La parte emocional como balanza ante situaciones que nos pone la vida. <br><br><\/p>\n<p><img loading=\"lazy\" decoding=\"async\" class=\"alignnone wp-image-3610\" src=\"https:\/\/eveniments.es\/wp-content\/uploads\/2020\/07\/hand-balance-flamenco1-206x300.jpg\" alt=\"\" width=\"1024\" height=\"1493\" srcset=\"https:\/\/eveniments.es\/wp-content\/uploads\/2020\/07\/hand-balance-flamenco1-206x300.jpg 206w, https:\/\/eveniments.es\/wp-content\/uploads\/2020\/07\/hand-balance-flamenco1-702x1024.jpg 702w, https:\/\/eveniments.es\/wp-content\/uploads\/2020\/07\/hand-balance-flamenco1-768x1120.jpg 768w, https:\/\/eveniments.es\/wp-content\/uploads\/2020\/07\/hand-balance-flamenco1-1053x1536.jpg 1053w, https:\/\/eveniments.es\/wp-content\/uploads\/2020\/07\/hand-balance-flamenco1.jpg 1263w\" sizes=\"auto, (max-width: 1024px) 100vw, 1024px\" \/><img loading=\"lazy\" decoding=\"async\" class=\"alignnone wp-image-3611\" src=\"https:\/\/eveniments.es\/wp-content\/uploads\/2020\/07\/handbalance-flamenco-300x184.jpg\" alt=\"\" width=\"1024\" height=\"627\" srcset=\"https:\/\/eveniments.es\/wp-content\/uploads\/2020\/07\/handbalance-flamenco-300x184.jpg 300w, https:\/\/eveniments.es\/wp-content\/uploads\/2020\/07\/handbalance-flamenco.jpg 330w\" sizes=\"auto, (max-width: 1024px) 100vw, 1024px\" \/><\/p>\n<p><iframe loading=\"lazy\" title=\"Handbalance flamenco fusi\u00f3n\" width=\"500\" height=\"281\" src=\"https:\/\/www.youtube.com\/embed\/2xX30GNbI-o?feature=oembed\" frameborder=\"0\" allow=\"accelerometer; autoplay; clipboard-write; encrypted-media; gyroscope; picture-in-picture; web-share\" referrerpolicy=\"strict-origin-when-cross-origin\" allowfullscreen><\/iframe><\/p>\n","protected":false},"excerpt":{"rendered":"<div class=\"mh-excerpt\"><\/div>","protected":false},"author":1,"featured_media":0,"parent":0,"menu_order":0,"comment_status":"closed","ping_status":"closed","template":"template-full.php","meta":{"footnotes":""},"class_list":["post-3609","page","type-page","status-publish","hentry"],"_links":{"self":[{"href":"https:\/\/eveniments.es\/home\/wp-json\/wp\/v2\/pages\/3609","targetHints":{"allow":["GET"]}}],"collection":[{"href":"https:\/\/eveniments.es\/home\/wp-json\/wp\/v2\/pages"}],"about":[{"href":"https:\/\/eveniments.es\/home\/wp-json\/wp\/v2\/types\/page"}],"author":[{"embeddable":true,"href":"https:\/\/eveniments.es\/home\/wp-json\/wp\/v2\/users\/1"}],"replies":[{"embeddable":true,"href":"https:\/\/eveniments.es\/home\/wp-json\/wp\/v2\/comments?post=3609"}],"version-history":[{"count":1,"href":"https:\/\/eveniments.es\/home\/wp-json\/wp\/v2\/pages\/3609\/revisions"}],"predecessor-version":[{"id":3613,"href":"https:\/\/eveniments.es\/home\/wp-json\/wp\/v2\/pages\/3609\/revisions\/3613"}],"wp:attachment":[{"href":"https:\/\/eveniments.es\/home\/wp-json\/wp\/v2\/media?parent=3609"}],"curies":[{"name":"wp","href":"https:\/\/api.w.org\/{rel}","templated":true}]}}