{"id":3619,"date":"2020-07-15T12:09:24","date_gmt":"2020-07-15T12:09:24","guid":{"rendered":"https:\/\/eveniments.es\/?page_id=3619"},"modified":"2020-09-09T10:41:57","modified_gmt":"2020-09-09T10:41:57","slug":"rueda-cyr","status":"publish","type":"page","link":"https:\/\/eveniments.es\/home\/rueda-cyr","title":{"rendered":"Rueda Cyr"},"content":{"rendered":"\r\n<p>La rueda Cyr es una disciplina novedosa entre baile y circo. La performance es una mezcla de proezas t\u00e9cnicas, de fusi\u00f3n entre el artista y su extensi\u00f3n de cuerpo que toma vida en la rueda que se mueve y gira en escenario.<\/p>\r\n<p><img loading=\"lazy\" decoding=\"async\" class=\"alignnone wp-image-3622\" src=\"https:\/\/eveniments.es\/wp-content\/uploads\/2020\/07\/rueda-circ2-300x189.jpg\" alt=\"\" width=\"1024\" height=\"645\" srcset=\"https:\/\/eveniments.es\/wp-content\/uploads\/2020\/07\/rueda-circ2-300x189.jpg 300w, https:\/\/eveniments.es\/wp-content\/uploads\/2020\/07\/rueda-circ2-768x483.jpg 768w, https:\/\/eveniments.es\/wp-content\/uploads\/2020\/07\/rueda-circ2.jpg 834w\" sizes=\"auto, (max-width: 1024px) 100vw, 1024px\" \/><\/p>\r\n<p><img loading=\"lazy\" decoding=\"async\" class=\"alignnone wp-image-3620\" src=\"https:\/\/eveniments.es\/wp-content\/uploads\/2020\/07\/rueda-circ.jpg\" alt=\"\" width=\"1024\" height=\"680\"><img loading=\"lazy\" decoding=\"async\" class=\"alignnone wp-image-3621\" src=\"https:\/\/eveniments.es\/wp-content\/uploads\/2020\/07\/rueda-circ1.jpg\" alt=\"\" width=\"1024\" height=\"681\"><\/p>\r\n","protected":false},"excerpt":{"rendered":"<div class=\"mh-excerpt\"><\/div>","protected":false},"author":1,"featured_media":0,"parent":0,"menu_order":0,"comment_status":"closed","ping_status":"closed","template":"template-full.php","meta":{"footnotes":""},"class_list":["post-3619","page","type-page","status-publish","hentry"],"_links":{"self":[{"href":"https:\/\/eveniments.es\/home\/wp-json\/wp\/v2\/pages\/3619","targetHints":{"allow":["GET"]}}],"collection":[{"href":"https:\/\/eveniments.es\/home\/wp-json\/wp\/v2\/pages"}],"about":[{"href":"https:\/\/eveniments.es\/home\/wp-json\/wp\/v2\/types\/page"}],"author":[{"embeddable":true,"href":"https:\/\/eveniments.es\/home\/wp-json\/wp\/v2\/users\/1"}],"replies":[{"embeddable":true,"href":"https:\/\/eveniments.es\/home\/wp-json\/wp\/v2\/comments?post=3619"}],"version-history":[{"count":1,"href":"https:\/\/eveniments.es\/home\/wp-json\/wp\/v2\/pages\/3619\/revisions"}],"predecessor-version":[{"id":3623,"href":"https:\/\/eveniments.es\/home\/wp-json\/wp\/v2\/pages\/3619\/revisions\/3623"}],"wp:attachment":[{"href":"https:\/\/eveniments.es\/home\/wp-json\/wp\/v2\/media?parent=3619"}],"curies":[{"name":"wp","href":"https:\/\/api.w.org\/{rel}","templated":true}]}}