{"id":3661,"date":"2020-07-16T09:31:51","date_gmt":"2020-07-16T09:31:51","guid":{"rendered":"https:\/\/eveniments.es\/?page_id=3661"},"modified":"2020-07-16T09:31:52","modified_gmt":"2020-07-16T09:31:52","slug":"alofire","status":"publish","type":"page","link":"https:\/\/eveniments.es\/home\/alofire","title":{"rendered":"Alofire"},"content":{"rendered":"\n<p>Espect\u00e1culo de fuego que se puede realizar tanto en interior como exterior. La actuaci\u00f3n es una mezcla entre arte circense \u00fanico, danza del fuego coreografiada y una dosis de adrenalina por las llamas iluminando la noche.<\/p>\n<p><img loading=\"lazy\" decoding=\"async\" class=\"alignnone wp-image-3662\" src=\"https:\/\/eveniments.es\/wp-content\/uploads\/2020\/07\/alofire5-300x227.jpg\" alt=\"\" width=\"1024\" height=\"775\" srcset=\"https:\/\/eveniments.es\/wp-content\/uploads\/2020\/07\/alofire5-300x227.jpg 300w, https:\/\/eveniments.es\/wp-content\/uploads\/2020\/07\/alofire5-80x60.jpg 80w, https:\/\/eveniments.es\/wp-content\/uploads\/2020\/07\/alofire5.jpg 416w\" sizes=\"auto, (max-width: 1024px) 100vw, 1024px\" \/><img loading=\"lazy\" decoding=\"async\" class=\"alignnone wp-image-3663\" src=\"https:\/\/eveniments.es\/wp-content\/uploads\/2020\/07\/alofire4-300x220.jpg\" alt=\"\" width=\"1024\" height=\"751\" srcset=\"https:\/\/eveniments.es\/wp-content\/uploads\/2020\/07\/alofire4-300x220.jpg 300w, https:\/\/eveniments.es\/wp-content\/uploads\/2020\/07\/alofire4-80x60.jpg 80w, https:\/\/eveniments.es\/wp-content\/uploads\/2020\/07\/alofire4.jpg 420w\" sizes=\"auto, (max-width: 1024px) 100vw, 1024px\" \/><img loading=\"lazy\" decoding=\"async\" class=\"alignnone wp-image-3664\" src=\"https:\/\/eveniments.es\/wp-content\/uploads\/2020\/07\/alofire3-300x222.jpg\" alt=\"\" width=\"1024\" height=\"758\" srcset=\"https:\/\/eveniments.es\/wp-content\/uploads\/2020\/07\/alofire3-300x222.jpg 300w, https:\/\/eveniments.es\/wp-content\/uploads\/2020\/07\/alofire3-80x60.jpg 80w, https:\/\/eveniments.es\/wp-content\/uploads\/2020\/07\/alofire3.jpg 420w\" sizes=\"auto, (max-width: 1024px) 100vw, 1024px\" \/><img loading=\"lazy\" decoding=\"async\" class=\"alignnone wp-image-3665\" src=\"https:\/\/eveniments.es\/wp-content\/uploads\/2020\/07\/alofire2-300x224.jpg\" alt=\"\" width=\"1024\" height=\"764\" srcset=\"https:\/\/eveniments.es\/wp-content\/uploads\/2020\/07\/alofire2-300x224.jpg 300w, https:\/\/eveniments.es\/wp-content\/uploads\/2020\/07\/alofire2-80x60.jpg 80w, https:\/\/eveniments.es\/wp-content\/uploads\/2020\/07\/alofire2.jpg 422w\" sizes=\"auto, (max-width: 1024px) 100vw, 1024px\" \/><img loading=\"lazy\" decoding=\"async\" class=\"alignnone wp-image-3666\" src=\"https:\/\/eveniments.es\/wp-content\/uploads\/2020\/07\/alofire1-300x222.jpg\" alt=\"\" width=\"1024\" height=\"758\" srcset=\"https:\/\/eveniments.es\/wp-content\/uploads\/2020\/07\/alofire1-300x222.jpg 300w, https:\/\/eveniments.es\/wp-content\/uploads\/2020\/07\/alofire1-80x60.jpg 80w, https:\/\/eveniments.es\/wp-content\/uploads\/2020\/07\/alofire1.jpg 419w\" sizes=\"auto, (max-width: 1024px) 100vw, 1024px\" \/><img loading=\"lazy\" decoding=\"async\" class=\"alignnone wp-image-3667\" src=\"https:\/\/eveniments.es\/wp-content\/uploads\/2020\/07\/alofire-300x225.jpg\" alt=\"\" width=\"1024\" height=\"768\" srcset=\"https:\/\/eveniments.es\/wp-content\/uploads\/2020\/07\/alofire-300x225.jpg 300w, https:\/\/eveniments.es\/wp-content\/uploads\/2020\/07\/alofire-326x245.jpg 326w, https:\/\/eveniments.es\/wp-content\/uploads\/2020\/07\/alofire-80x60.jpg 80w, https:\/\/eveniments.es\/wp-content\/uploads\/2020\/07\/alofire.jpg 420w\" sizes=\"auto, (max-width: 1024px) 100vw, 1024px\" \/><\/p>\n","protected":false},"excerpt":{"rendered":"<div class=\"mh-excerpt\"><\/div>","protected":false},"author":1,"featured_media":0,"parent":0,"menu_order":0,"comment_status":"closed","ping_status":"closed","template":"template-full.php","meta":{"footnotes":""},"class_list":["post-3661","page","type-page","status-publish","hentry"],"_links":{"self":[{"href":"https:\/\/eveniments.es\/home\/wp-json\/wp\/v2\/pages\/3661","targetHints":{"allow":["GET"]}}],"collection":[{"href":"https:\/\/eveniments.es\/home\/wp-json\/wp\/v2\/pages"}],"about":[{"href":"https:\/\/eveniments.es\/home\/wp-json\/wp\/v2\/types\/page"}],"author":[{"embeddable":true,"href":"https:\/\/eveniments.es\/home\/wp-json\/wp\/v2\/users\/1"}],"replies":[{"embeddable":true,"href":"https:\/\/eveniments.es\/home\/wp-json\/wp\/v2\/comments?post=3661"}],"version-history":[{"count":1,"href":"https:\/\/eveniments.es\/home\/wp-json\/wp\/v2\/pages\/3661\/revisions"}],"predecessor-version":[{"id":3668,"href":"https:\/\/eveniments.es\/home\/wp-json\/wp\/v2\/pages\/3661\/revisions\/3668"}],"wp:attachment":[{"href":"https:\/\/eveniments.es\/home\/wp-json\/wp\/v2\/media?parent=3661"}],"curies":[{"name":"wp","href":"https:\/\/api.w.org\/{rel}","templated":true}]}}