{"id":3670,"date":"2020-07-16T10:14:10","date_gmt":"2020-07-16T10:14:10","guid":{"rendered":"https:\/\/eveniments.es\/?page_id=3670"},"modified":"2020-07-16T10:14:11","modified_gmt":"2020-07-16T10:14:11","slug":"fire-show","status":"publish","type":"page","link":"https:\/\/eveniments.es\/home\/fire-show","title":{"rendered":"Fire Show"},"content":{"rendered":"\n<p>Espect\u00e1culo de fuego que se puede realizar tanto en interior como exterior. La actuaci\u00f3n es una mezcla entre arte circense \u00fanico, danza del fuego coreografiada y una dosis de adrenalina por las llamas iluminando la noche. <br>PROPUESTA HABITUAL: <br>PASE 1: Pase 10 min elementos de fuego. Combinaci\u00f3n de varios elementos de fuego donde presentamos a los personajes. <br>PASE 2: Pase 10 min. 2 Elementos de fuego con la coronaci\u00f3n de la reina y elementos pirot\u00e9cnicos. <br>En este espect\u00e1culo se coloca alrededor de los artistas flores de fuego y se corona a la artista principal con una corona de fuego como reina. <br>Con un fin de pirotecnia b\u00e1sica de fuego frio <br>Hay posibilidad de a\u00f1adir m\u00e1s artistas de otras t\u00e9cnicas o disciplinas como a\u00e9reos o bailarines de danza contempor\u00e1nea en el caso que tengan m\u00e1s presupuesto. <br>As\u00ed como m\u00e1s producci\u00f3n en cuanto a m\u00e1quina de humo o pirotecnia especializada (con coste superior debido a la necesidad de un t\u00e9cnico pirot\u00e9cnico especializado)<\/p>\n<p><img loading=\"lazy\" decoding=\"async\" class=\"alignnone wp-image-3671 size-large\" src=\"https:\/\/eveniments.es\/wp-content\/uploads\/2020\/07\/fire-show5-1024x679.jpg\" alt=\"\" width=\"1024\" height=\"679\" srcset=\"https:\/\/eveniments.es\/wp-content\/uploads\/2020\/07\/fire-show5-1024x679.jpg 1024w, https:\/\/eveniments.es\/wp-content\/uploads\/2020\/07\/fire-show5-300x199.jpg 300w, https:\/\/eveniments.es\/wp-content\/uploads\/2020\/07\/fire-show5-768x509.jpg 768w, https:\/\/eveniments.es\/wp-content\/uploads\/2020\/07\/fire-show5-1536x1019.jpg 1536w, https:\/\/eveniments.es\/wp-content\/uploads\/2020\/07\/fire-show5.jpg 2037w\" sizes=\"auto, (max-width: 1024px) 100vw, 1024px\" \/><img loading=\"lazy\" decoding=\"async\" class=\"alignnone wp-image-3672 size-large\" src=\"https:\/\/eveniments.es\/wp-content\/uploads\/2020\/07\/fire-show4-1024x678.jpg\" alt=\"\" width=\"1024\" height=\"678\" srcset=\"https:\/\/eveniments.es\/wp-content\/uploads\/2020\/07\/fire-show4-1024x678.jpg 1024w, https:\/\/eveniments.es\/wp-content\/uploads\/2020\/07\/fire-show4-300x198.jpg 300w, https:\/\/eveniments.es\/wp-content\/uploads\/2020\/07\/fire-show4-768x508.jpg 768w, https:\/\/eveniments.es\/wp-content\/uploads\/2020\/07\/fire-show4-1536x1016.jpg 1536w, https:\/\/eveniments.es\/wp-content\/uploads\/2020\/07\/fire-show4.jpg 2048w\" sizes=\"auto, (max-width: 1024px) 100vw, 1024px\" \/><img loading=\"lazy\" decoding=\"async\" class=\"alignnone wp-image-3673\" src=\"https:\/\/eveniments.es\/wp-content\/uploads\/2020\/07\/fire-show3-300x221.jpg\" alt=\"\" width=\"1024\" height=\"755\" srcset=\"https:\/\/eveniments.es\/wp-content\/uploads\/2020\/07\/fire-show3-300x221.jpg 300w, https:\/\/eveniments.es\/wp-content\/uploads\/2020\/07\/fire-show3-80x60.jpg 80w, https:\/\/eveniments.es\/wp-content\/uploads\/2020\/07\/fire-show3.jpg 422w\" sizes=\"auto, (max-width: 1024px) 100vw, 1024px\" \/><img loading=\"lazy\" decoding=\"async\" class=\"alignnone wp-image-3674 size-large\" src=\"https:\/\/eveniments.es\/wp-content\/uploads\/2020\/07\/fire-show2-1024x681.jpg\" alt=\"\" width=\"1024\" height=\"681\" srcset=\"https:\/\/eveniments.es\/wp-content\/uploads\/2020\/07\/fire-show2-1024x681.jpg 1024w, https:\/\/eveniments.es\/wp-content\/uploads\/2020\/07\/fire-show2-300x199.jpg 300w, https:\/\/eveniments.es\/wp-content\/uploads\/2020\/07\/fire-show2-768x510.jpg 768w, https:\/\/eveniments.es\/wp-content\/uploads\/2020\/07\/fire-show2-1536x1021.jpg 1536w, https:\/\/eveniments.es\/wp-content\/uploads\/2020\/07\/fire-show2.jpg 2048w\" sizes=\"auto, (max-width: 1024px) 100vw, 1024px\" \/><img loading=\"lazy\" decoding=\"async\" class=\"alignnone wp-image-3675 size-large\" src=\"https:\/\/eveniments.es\/wp-content\/uploads\/2020\/07\/fire-show1-1024x684.jpg\" alt=\"\" width=\"1024\" height=\"684\" srcset=\"https:\/\/eveniments.es\/wp-content\/uploads\/2020\/07\/fire-show1-1024x684.jpg 1024w, https:\/\/eveniments.es\/wp-content\/uploads\/2020\/07\/fire-show1-300x200.jpg 300w, https:\/\/eveniments.es\/wp-content\/uploads\/2020\/07\/fire-show1-768x513.jpg 768w, https:\/\/eveniments.es\/wp-content\/uploads\/2020\/07\/fire-show1-1536x1027.jpg 1536w, https:\/\/eveniments.es\/wp-content\/uploads\/2020\/07\/fire-show1.jpg 2041w\" sizes=\"auto, (max-width: 1024px) 100vw, 1024px\" \/><img loading=\"lazy\" decoding=\"async\" class=\"alignnone wp-image-3676 size-large\" src=\"https:\/\/eveniments.es\/wp-content\/uploads\/2020\/07\/fire-show-1024x705.jpg\" alt=\"\" width=\"1024\" height=\"705\" srcset=\"https:\/\/eveniments.es\/wp-content\/uploads\/2020\/07\/fire-show-1024x705.jpg 1024w, https:\/\/eveniments.es\/wp-content\/uploads\/2020\/07\/fire-show-300x207.jpg 300w, https:\/\/eveniments.es\/wp-content\/uploads\/2020\/07\/fire-show-768x529.jpg 768w, https:\/\/eveniments.es\/wp-content\/uploads\/2020\/07\/fire-show.jpg 1436w\" sizes=\"auto, (max-width: 1024px) 100vw, 1024px\" \/><\/p>\n","protected":false},"excerpt":{"rendered":"<div class=\"mh-excerpt\"><\/div>","protected":false},"author":1,"featured_media":0,"parent":0,"menu_order":0,"comment_status":"closed","ping_status":"closed","template":"template-full.php","meta":{"footnotes":""},"class_list":["post-3670","page","type-page","status-publish","hentry"],"_links":{"self":[{"href":"https:\/\/eveniments.es\/home\/wp-json\/wp\/v2\/pages\/3670","targetHints":{"allow":["GET"]}}],"collection":[{"href":"https:\/\/eveniments.es\/home\/wp-json\/wp\/v2\/pages"}],"about":[{"href":"https:\/\/eveniments.es\/home\/wp-json\/wp\/v2\/types\/page"}],"author":[{"embeddable":true,"href":"https:\/\/eveniments.es\/home\/wp-json\/wp\/v2\/users\/1"}],"replies":[{"embeddable":true,"href":"https:\/\/eveniments.es\/home\/wp-json\/wp\/v2\/comments?post=3670"}],"version-history":[{"count":1,"href":"https:\/\/eveniments.es\/home\/wp-json\/wp\/v2\/pages\/3670\/revisions"}],"predecessor-version":[{"id":3677,"href":"https:\/\/eveniments.es\/home\/wp-json\/wp\/v2\/pages\/3670\/revisions\/3677"}],"wp:attachment":[{"href":"https:\/\/eveniments.es\/home\/wp-json\/wp\/v2\/media?parent=3670"}],"curies":[{"name":"wp","href":"https:\/\/api.w.org\/{rel}","templated":true}]}}