{"id":3687,"date":"2020-07-16T10:55:43","date_gmt":"2020-07-16T10:55:43","guid":{"rendered":"https:\/\/eveniments.es\/?page_id=3687"},"modified":"2020-07-16T10:55:44","modified_gmt":"2020-07-16T10:55:44","slug":"circo-shensei","status":"publish","type":"page","link":"https:\/\/eveniments.es\/home\/circo-shensei","title":{"rendered":"Circo Shensei"},"content":{"rendered":"\n<p>El denominador com\u00fan de este conjunto de shows, es la finura y elegancia <br>Un alucinante n\u00famero hula hoops que deja boquiabiertos a los espectadores con su combinaci\u00f3n de m\u00fasica, y movimientos. <br>Un n\u00famero de Contorsi\u00f3n al m\u00e1s puro estilo Cirque du Soleil maravilla a los comensales con su combinaci\u00f3n de belleza y elasticidad. El riesgo y la pasi\u00f3n inundan el escenario con un n\u00famero de d\u00fao equilibrios acrob\u00e1ticos, que ha viajado por todo el mundo, deleitando a miles de personas en los mejores teatros y cabarets. <br>En cuanto a los contenidos, podemos hacer personajes fuego y hielo. tenemos vestuarios que hacen tambi\u00e9n alegor\u00eda al agua y al aire. Para la parte m\u00e1s industrial y tecnol\u00f3gica, los hula hoops, el hand balancing, el pole le van a dar ese toque que est\u00e1n buscando.Se crear\u00e1 una puesta en escena muy potente, interesante y elegante, con un fant\u00e1stico elenco art\u00edstico.<\/p>\n<p><img loading=\"lazy\" decoding=\"async\" class=\"alignnone wp-image-3688\" src=\"https:\/\/eveniments.es\/wp-content\/uploads\/2020\/07\/circo-piramide6--213x300.jpg\" alt=\"\" width=\"1024\" height=\"1441\" srcset=\"https:\/\/eveniments.es\/wp-content\/uploads\/2020\/07\/circo-piramide6--213x300.jpg 213w, https:\/\/eveniments.es\/wp-content\/uploads\/2020\/07\/circo-piramide6--728x1024.jpg 728w, https:\/\/eveniments.es\/wp-content\/uploads\/2020\/07\/circo-piramide6--768x1081.jpg 768w, https:\/\/eveniments.es\/wp-content\/uploads\/2020\/07\/circo-piramide6--1091x1536.jpg 1091w, https:\/\/eveniments.es\/wp-content\/uploads\/2020\/07\/circo-piramide6--1455x2048.jpg 1455w, https:\/\/eveniments.es\/wp-content\/uploads\/2020\/07\/circo-piramide6--scaled.jpg 1819w\" sizes=\"auto, (max-width: 1024px) 100vw, 1024px\" \/><img loading=\"lazy\" decoding=\"async\" class=\"alignnone wp-image-3689\" src=\"https:\/\/eveniments.es\/wp-content\/uploads\/2020\/07\/circo-piramide4-242x300.jpg\" alt=\"\" width=\"1024\" height=\"1272\" srcset=\"https:\/\/eveniments.es\/wp-content\/uploads\/2020\/07\/circo-piramide4-242x300.jpg 242w, https:\/\/eveniments.es\/wp-content\/uploads\/2020\/07\/circo-piramide4-824x1024.jpg 824w, https:\/\/eveniments.es\/wp-content\/uploads\/2020\/07\/circo-piramide4-768x954.jpg 768w, https:\/\/eveniments.es\/wp-content\/uploads\/2020\/07\/circo-piramide4.jpg 1062w\" sizes=\"auto, (max-width: 1024px) 100vw, 1024px\" \/><img loading=\"lazy\" decoding=\"async\" class=\"alignnone wp-image-3690\" src=\"https:\/\/eveniments.es\/wp-content\/uploads\/2020\/07\/circo-piramide-3-300x203.jpg\" alt=\"\" width=\"1024\" height=\"695\" srcset=\"https:\/\/eveniments.es\/wp-content\/uploads\/2020\/07\/circo-piramide-3-300x203.jpg 300w, https:\/\/eveniments.es\/wp-content\/uploads\/2020\/07\/circo-piramide-3.jpg 746w\" sizes=\"auto, (max-width: 1024px) 100vw, 1024px\" \/><img loading=\"lazy\" decoding=\"async\" class=\"alignnone wp-image-3691\" src=\"https:\/\/eveniments.es\/wp-content\/uploads\/2020\/07\/circo-piramide2-202x300.jpg\" alt=\"\" width=\"1024\" height=\"1521\" srcset=\"https:\/\/eveniments.es\/wp-content\/uploads\/2020\/07\/circo-piramide2-202x300.jpg 202w, https:\/\/eveniments.es\/wp-content\/uploads\/2020\/07\/circo-piramide2-689x1024.jpg 689w, https:\/\/eveniments.es\/wp-content\/uploads\/2020\/07\/circo-piramide2-768x1141.jpg 768w, https:\/\/eveniments.es\/wp-content\/uploads\/2020\/07\/circo-piramide2-1034x1536.jpg 1034w, https:\/\/eveniments.es\/wp-content\/uploads\/2020\/07\/circo-piramide2-1378x2048.jpg 1378w, https:\/\/eveniments.es\/wp-content\/uploads\/2020\/07\/circo-piramide2.jpg 1536w\" sizes=\"auto, (max-width: 1024px) 100vw, 1024px\" \/><img loading=\"lazy\" decoding=\"async\" class=\"alignnone wp-image-3692\" src=\"https:\/\/eveniments.es\/wp-content\/uploads\/2020\/07\/circo-piramide1-212x300.jpg\" alt=\"\" width=\"1024\" height=\"1448\" srcset=\"https:\/\/eveniments.es\/wp-content\/uploads\/2020\/07\/circo-piramide1-212x300.jpg 212w, https:\/\/eveniments.es\/wp-content\/uploads\/2020\/07\/circo-piramide1-724x1024.jpg 724w, https:\/\/eveniments.es\/wp-content\/uploads\/2020\/07\/circo-piramide1-768x1086.jpg 768w, https:\/\/eveniments.es\/wp-content\/uploads\/2020\/07\/circo-piramide1-1086x1536.jpg 1086w, https:\/\/eveniments.es\/wp-content\/uploads\/2020\/07\/circo-piramide1-1448x2048.jpg 1448w, https:\/\/eveniments.es\/wp-content\/uploads\/2020\/07\/circo-piramide1-scaled.jpg 1810w\" sizes=\"auto, (max-width: 1024px) 100vw, 1024px\" \/><img loading=\"lazy\" decoding=\"async\" class=\"alignnone wp-image-3693\" src=\"https:\/\/eveniments.es\/wp-content\/uploads\/2020\/07\/circo-pyramide--211x300.jpg\" alt=\"\" width=\"1024\" height=\"1459\" srcset=\"https:\/\/eveniments.es\/wp-content\/uploads\/2020\/07\/circo-pyramide--211x300.jpg 211w, https:\/\/eveniments.es\/wp-content\/uploads\/2020\/07\/circo-pyramide--719x1024.jpg 719w, https:\/\/eveniments.es\/wp-content\/uploads\/2020\/07\/circo-pyramide--768x1094.jpg 768w, https:\/\/eveniments.es\/wp-content\/uploads\/2020\/07\/circo-pyramide--1078x1536.jpg 1078w, https:\/\/eveniments.es\/wp-content\/uploads\/2020\/07\/circo-pyramide--1437x2048.jpg 1437w, https:\/\/eveniments.es\/wp-content\/uploads\/2020\/07\/circo-pyramide--scaled.jpg 1797w\" sizes=\"auto, (max-width: 1024px) 100vw, 1024px\" \/><img loading=\"lazy\" decoding=\"async\" class=\"alignnone wp-image-3694\" src=\"https:\/\/eveniments.es\/wp-content\/uploads\/2020\/07\/circo-shensei-1-258x300.jpg\" alt=\"\" width=\"1024\" height=\"1191\" srcset=\"https:\/\/eveniments.es\/wp-content\/uploads\/2020\/07\/circo-shensei-1-258x300.jpg 258w, https:\/\/eveniments.es\/wp-content\/uploads\/2020\/07\/circo-shensei-1-881x1024.jpg 881w, https:\/\/eveniments.es\/wp-content\/uploads\/2020\/07\/circo-shensei-1-768x893.jpg 768w, https:\/\/eveniments.es\/wp-content\/uploads\/2020\/07\/circo-shensei-1.jpg 1260w\" sizes=\"auto, (max-width: 1024px) 100vw, 1024px\" \/><img loading=\"lazy\" decoding=\"async\" class=\"alignnone wp-image-3695\" src=\"https:\/\/eveniments.es\/wp-content\/uploads\/2020\/07\/circo-shensei-300x166.jpg\" alt=\"\" width=\"1024\" height=\"566\" srcset=\"https:\/\/eveniments.es\/wp-content\/uploads\/2020\/07\/circo-shensei-300x166.jpg 300w, https:\/\/eveniments.es\/wp-content\/uploads\/2020\/07\/circo-shensei-768x424.jpg 768w, https:\/\/eveniments.es\/wp-content\/uploads\/2020\/07\/circo-shensei.jpg 771w\" sizes=\"auto, (max-width: 1024px) 100vw, 1024px\" \/><\/p>\n","protected":false},"excerpt":{"rendered":"<div class=\"mh-excerpt\"><\/div>","protected":false},"author":1,"featured_media":0,"parent":0,"menu_order":0,"comment_status":"closed","ping_status":"closed","template":"template-full.php","meta":{"footnotes":""},"class_list":["post-3687","page","type-page","status-publish","hentry"],"_links":{"self":[{"href":"https:\/\/eveniments.es\/home\/wp-json\/wp\/v2\/pages\/3687","targetHints":{"allow":["GET"]}}],"collection":[{"href":"https:\/\/eveniments.es\/home\/wp-json\/wp\/v2\/pages"}],"about":[{"href":"https:\/\/eveniments.es\/home\/wp-json\/wp\/v2\/types\/page"}],"author":[{"embeddable":true,"href":"https:\/\/eveniments.es\/home\/wp-json\/wp\/v2\/users\/1"}],"replies":[{"embeddable":true,"href":"https:\/\/eveniments.es\/home\/wp-json\/wp\/v2\/comments?post=3687"}],"version-history":[{"count":2,"href":"https:\/\/eveniments.es\/home\/wp-json\/wp\/v2\/pages\/3687\/revisions"}],"predecessor-version":[{"id":3697,"href":"https:\/\/eveniments.es\/home\/wp-json\/wp\/v2\/pages\/3687\/revisions\/3697"}],"wp:attachment":[{"href":"https:\/\/eveniments.es\/home\/wp-json\/wp\/v2\/media?parent=3687"}],"curies":[{"name":"wp","href":"https:\/\/api.w.org\/{rel}","templated":true}]}}