{"id":3699,"date":"2020-07-17T07:47:46","date_gmt":"2020-07-17T07:47:46","guid":{"rendered":"https:\/\/eveniments.es\/?page_id=3699"},"modified":"2020-07-17T07:47:47","modified_gmt":"2020-07-17T07:47:47","slug":"live-painting","status":"publish","type":"page","link":"https:\/\/eveniments.es\/home\/live-painting","title":{"rendered":"Live Painting"},"content":{"rendered":"\n<p>La clave del \u00e9xito es generar un alto impacto en el usuario <br>para que se lleve un recuerdo imborrable. <br>Crearemos obras de arte donde los personajes ser\u00e1n interactivos y los elementos reales formaran un obra tetradimesional e interactiva.<\/p>\n<p>La obra del artista es diferente en el sentido de que literalmente pinta a los seres humanos, convirti\u00e9ndolos en retratos vivos. <br>El artista pintar\u00eda en directo a 5 chicas para escenificar un cuadro viviente dise\u00f1ado a medida. Se puede relacionar con la moda o con lo que deseen. <br>Las modelos una vez pintadas acaban saliendo del cuadro haciendo una performance.<\/p>\n<p><img loading=\"lazy\" decoding=\"async\" class=\"alignnone wp-image-3700\" src=\"https:\/\/eveniments.es\/wp-content\/uploads\/2020\/07\/live-painting-300x300.jpg\" alt=\"\" width=\"1024\" height=\"1021\" srcset=\"https:\/\/eveniments.es\/wp-content\/uploads\/2020\/07\/live-painting-300x300.jpg 300w, https:\/\/eveniments.es\/wp-content\/uploads\/2020\/07\/live-painting-150x150.jpg 150w, https:\/\/eveniments.es\/wp-content\/uploads\/2020\/07\/live-painting-768x766.jpg 768w, https:\/\/eveniments.es\/wp-content\/uploads\/2020\/07\/live-painting.jpg 960w\" sizes=\"auto, (max-width: 1024px) 100vw, 1024px\" \/><img loading=\"lazy\" decoding=\"async\" class=\"alignnone wp-image-3701 size-large\" src=\"https:\/\/eveniments.es\/wp-content\/uploads\/2020\/07\/living-painting-2-1024x768.jpg\" alt=\"\" width=\"1024\" height=\"768\" srcset=\"https:\/\/eveniments.es\/wp-content\/uploads\/2020\/07\/living-painting-2-1024x768.jpg 1024w, https:\/\/eveniments.es\/wp-content\/uploads\/2020\/07\/living-painting-2-300x225.jpg 300w, https:\/\/eveniments.es\/wp-content\/uploads\/2020\/07\/living-painting-2-768x576.jpg 768w, https:\/\/eveniments.es\/wp-content\/uploads\/2020\/07\/living-painting-2-1536x1152.jpg 1536w, https:\/\/eveniments.es\/wp-content\/uploads\/2020\/07\/living-painting-2-678x509.jpg 678w, https:\/\/eveniments.es\/wp-content\/uploads\/2020\/07\/living-painting-2-326x245.jpg 326w, https:\/\/eveniments.es\/wp-content\/uploads\/2020\/07\/living-painting-2-80x60.jpg 80w, https:\/\/eveniments.es\/wp-content\/uploads\/2020\/07\/living-painting-2.jpg 2040w\" sizes=\"auto, (max-width: 1024px) 100vw, 1024px\" \/><img loading=\"lazy\" decoding=\"async\" class=\"alignnone wp-image-3702 size-large\" src=\"https:\/\/eveniments.es\/wp-content\/uploads\/2020\/07\/living-painting-1024x766.jpg\" alt=\"\" width=\"1024\" height=\"766\" srcset=\"https:\/\/eveniments.es\/wp-content\/uploads\/2020\/07\/living-painting-1024x766.jpg 1024w, https:\/\/eveniments.es\/wp-content\/uploads\/2020\/07\/living-painting-300x224.jpg 300w, https:\/\/eveniments.es\/wp-content\/uploads\/2020\/07\/living-painting-768x575.jpg 768w, https:\/\/eveniments.es\/wp-content\/uploads\/2020\/07\/living-painting-1536x1149.jpg 1536w, https:\/\/eveniments.es\/wp-content\/uploads\/2020\/07\/living-painting-326x245.jpg 326w, https:\/\/eveniments.es\/wp-content\/uploads\/2020\/07\/living-painting-80x60.jpg 80w, https:\/\/eveniments.es\/wp-content\/uploads\/2020\/07\/living-painting.jpg 1866w\" sizes=\"auto, (max-width: 1024px) 100vw, 1024px\" \/><img loading=\"lazy\" decoding=\"async\" class=\"alignnone wp-image-3703 size-large\" src=\"https:\/\/eveniments.es\/wp-content\/uploads\/2020\/07\/living-painting1-1024x1022.jpg\" alt=\"\" width=\"1024\" height=\"1022\" srcset=\"https:\/\/eveniments.es\/wp-content\/uploads\/2020\/07\/living-painting1-1024x1022.jpg 1024w, https:\/\/eveniments.es\/wp-content\/uploads\/2020\/07\/living-painting1-300x300.jpg 300w, https:\/\/eveniments.es\/wp-content\/uploads\/2020\/07\/living-painting1-150x150.jpg 150w, https:\/\/eveniments.es\/wp-content\/uploads\/2020\/07\/living-painting1-768x766.jpg 768w, https:\/\/eveniments.es\/wp-content\/uploads\/2020\/07\/living-painting1-1536x1532.jpg 1536w, https:\/\/eveniments.es\/wp-content\/uploads\/2020\/07\/living-painting1-2048x2043.jpg 2048w\" sizes=\"auto, (max-width: 1024px) 100vw, 1024px\" \/><\/p>\n<p><iframe loading=\"lazy\" title=\"Living Painting\" width=\"500\" height=\"281\" src=\"https:\/\/www.youtube.com\/embed\/pYvkYl2jft0?feature=oembed\" frameborder=\"0\" allow=\"accelerometer; autoplay; clipboard-write; encrypted-media; gyroscope; picture-in-picture; web-share\" referrerpolicy=\"strict-origin-when-cross-origin\" allowfullscreen><\/iframe><\/p>\n","protected":false},"excerpt":{"rendered":"<div class=\"mh-excerpt\"><\/div>","protected":false},"author":1,"featured_media":0,"parent":0,"menu_order":0,"comment_status":"closed","ping_status":"closed","template":"template-full.php","meta":{"footnotes":""},"class_list":["post-3699","page","type-page","status-publish","hentry"],"_links":{"self":[{"href":"https:\/\/eveniments.es\/home\/wp-json\/wp\/v2\/pages\/3699","targetHints":{"allow":["GET"]}}],"collection":[{"href":"https:\/\/eveniments.es\/home\/wp-json\/wp\/v2\/pages"}],"about":[{"href":"https:\/\/eveniments.es\/home\/wp-json\/wp\/v2\/types\/page"}],"author":[{"embeddable":true,"href":"https:\/\/eveniments.es\/home\/wp-json\/wp\/v2\/users\/1"}],"replies":[{"embeddable":true,"href":"https:\/\/eveniments.es\/home\/wp-json\/wp\/v2\/comments?post=3699"}],"version-history":[{"count":1,"href":"https:\/\/eveniments.es\/home\/wp-json\/wp\/v2\/pages\/3699\/revisions"}],"predecessor-version":[{"id":3704,"href":"https:\/\/eveniments.es\/home\/wp-json\/wp\/v2\/pages\/3699\/revisions\/3704"}],"wp:attachment":[{"href":"https:\/\/eveniments.es\/home\/wp-json\/wp\/v2\/media?parent=3699"}],"curies":[{"name":"wp","href":"https:\/\/api.w.org\/{rel}","templated":true}]}}