{"id":3711,"date":"2020-07-17T08:09:21","date_gmt":"2020-07-17T08:09:21","guid":{"rendered":"https:\/\/eveniments.es\/?page_id=3711"},"modified":"2020-07-17T08:09:22","modified_gmt":"2020-07-17T08:09:22","slug":"speed-painting","status":"publish","type":"page","link":"https:\/\/eveniments.es\/home\/speed-painting","title":{"rendered":"Speed Painting"},"content":{"rendered":"\n<p>Empresario de \u00e9xito nuestro artista , cuenta con varias empresas dedicadas al arte y la docencia. Artista polifac\u00e9tico dotado con un gran don y rapidez que demuestra en distintas disciplinas de la pintura y otras artes esc\u00e9nicas, uno de los pocos capaz de pintar con los pies. <br>Se puede pintar cualquier contenido art\u00edstico durante el evento, de manera que sea una animaci\u00f3n visual evolucionando, con los elementos de marketing o valores de la empresa <br>EL ARTISTA REALIZAR\u00c1 UNA OBRA DE (200 x 200 cm). <br><br>DISE\u00d1O DIBUJO: A medida para el evento <br>DURACI\u00d3N: Inicialmente 10 minutos. <br>ARTISTAS: 1 <br><img loading=\"lazy\" decoding=\"async\" class=\"alignnone wp-image-3712\" src=\"https:\/\/eveniments.es\/wp-content\/uploads\/2020\/07\/speed-painting-2-300x173.jpg\" alt=\"\" width=\"1024\" height=\"589\" srcset=\"https:\/\/eveniments.es\/wp-content\/uploads\/2020\/07\/speed-painting-2-300x173.jpg 300w, https:\/\/eveniments.es\/wp-content\/uploads\/2020\/07\/speed-painting-2.jpg 619w\" sizes=\"auto, (max-width: 1024px) 100vw, 1024px\" \/><img loading=\"lazy\" decoding=\"async\" class=\"alignnone wp-image-3713\" src=\"https:\/\/eveniments.es\/wp-content\/uploads\/2020\/07\/speed-painting-3-300x209.jpg\" alt=\"\" width=\"1024\" height=\"714\" srcset=\"https:\/\/eveniments.es\/wp-content\/uploads\/2020\/07\/speed-painting-3-300x209.jpg 300w, https:\/\/eveniments.es\/wp-content\/uploads\/2020\/07\/speed-painting-3-768x535.jpg 768w, https:\/\/eveniments.es\/wp-content\/uploads\/2020\/07\/speed-painting-3.jpg 917w\" sizes=\"auto, (max-width: 1024px) 100vw, 1024px\" \/><img loading=\"lazy\" decoding=\"async\" class=\"alignnone wp-image-3714\" src=\"https:\/\/eveniments.es\/wp-content\/uploads\/2020\/07\/speed-painting-4-300x225.jpg\" alt=\"\" width=\"1024\" height=\"768\" srcset=\"https:\/\/eveniments.es\/wp-content\/uploads\/2020\/07\/speed-painting-4-300x225.jpg 300w, https:\/\/eveniments.es\/wp-content\/uploads\/2020\/07\/speed-painting-4-326x245.jpg 326w, https:\/\/eveniments.es\/wp-content\/uploads\/2020\/07\/speed-painting-4-80x60.jpg 80w, https:\/\/eveniments.es\/wp-content\/uploads\/2020\/07\/speed-painting-4.jpg 500w\" sizes=\"auto, (max-width: 1024px) 100vw, 1024px\" \/><img loading=\"lazy\" decoding=\"async\" class=\"alignnone wp-image-3715\" src=\"https:\/\/eveniments.es\/wp-content\/uploads\/2020\/07\/speed-painting1-300x166.jpg\" alt=\"\" width=\"1024\" height=\"566\" srcset=\"https:\/\/eveniments.es\/wp-content\/uploads\/2020\/07\/speed-painting1-300x166.jpg 300w, https:\/\/eveniments.es\/wp-content\/uploads\/2020\/07\/speed-painting1.jpg 628w\" sizes=\"auto, (max-width: 1024px) 100vw, 1024px\" \/><\/p>\n","protected":false},"excerpt":{"rendered":"<div class=\"mh-excerpt\"><\/div>","protected":false},"author":1,"featured_media":0,"parent":0,"menu_order":0,"comment_status":"closed","ping_status":"closed","template":"template-full.php","meta":{"footnotes":""},"class_list":["post-3711","page","type-page","status-publish","hentry"],"_links":{"self":[{"href":"https:\/\/eveniments.es\/home\/wp-json\/wp\/v2\/pages\/3711","targetHints":{"allow":["GET"]}}],"collection":[{"href":"https:\/\/eveniments.es\/home\/wp-json\/wp\/v2\/pages"}],"about":[{"href":"https:\/\/eveniments.es\/home\/wp-json\/wp\/v2\/types\/page"}],"author":[{"embeddable":true,"href":"https:\/\/eveniments.es\/home\/wp-json\/wp\/v2\/users\/1"}],"replies":[{"embeddable":true,"href":"https:\/\/eveniments.es\/home\/wp-json\/wp\/v2\/comments?post=3711"}],"version-history":[{"count":1,"href":"https:\/\/eveniments.es\/home\/wp-json\/wp\/v2\/pages\/3711\/revisions"}],"predecessor-version":[{"id":3716,"href":"https:\/\/eveniments.es\/home\/wp-json\/wp\/v2\/pages\/3711\/revisions\/3716"}],"wp:attachment":[{"href":"https:\/\/eveniments.es\/home\/wp-json\/wp\/v2\/media?parent=3711"}],"curies":[{"name":"wp","href":"https:\/\/api.w.org\/{rel}","templated":true}]}}