{"id":3718,"date":"2020-07-17T08:15:53","date_gmt":"2020-07-17T08:15:53","guid":{"rendered":"https:\/\/eveniments.es\/?page_id=3718"},"modified":"2020-07-17T08:15:54","modified_gmt":"2020-07-17T08:15:54","slug":"purpurina-art","status":"publish","type":"page","link":"https:\/\/eveniments.es\/home\/purpurina-art","title":{"rendered":"Purpurina Art"},"content":{"rendered":"\n<p>En constante b\u00fasqueda por la innovaci\u00f3n nuestro artista ha desarrollado nuevas t\u00e9cnicas de pintura y materiales. En cualquier caso, el resultado de la pintura no se desvela hasta el final de la actuaci\u00f3n, provocando una gran sorpresa en el p\u00fablico. <br>Consiste en pintar con pegamento transparente sobre un lienzo negro lo cual hace una obra casi invisible. Al finalizar la m\u00fasica, el artista lanza pu\u00f1ados de purpurina que desvela de manera brillante el contenido del cuadro.<\/p>\n<p><img loading=\"lazy\" decoding=\"async\" class=\"alignnone wp-image-3719\" src=\"https:\/\/eveniments.es\/wp-content\/uploads\/2020\/07\/purpurina-art-300x300.jpg\" alt=\"\" width=\"1024\" height=\"1024\" srcset=\"https:\/\/eveniments.es\/wp-content\/uploads\/2020\/07\/purpurina-art-300x300.jpg 300w, https:\/\/eveniments.es\/wp-content\/uploads\/2020\/07\/purpurina-art-150x150.jpg 150w, https:\/\/eveniments.es\/wp-content\/uploads\/2020\/07\/purpurina-art-768x768.jpg 768w, https:\/\/eveniments.es\/wp-content\/uploads\/2020\/07\/purpurina-art.jpg 960w\" sizes=\"auto, (max-width: 1024px) 100vw, 1024px\" \/><img loading=\"lazy\" decoding=\"async\" class=\"alignnone wp-image-3720\" src=\"https:\/\/eveniments.es\/wp-content\/uploads\/2020\/07\/purpurina-art2-300x300.jpg\" alt=\"\" width=\"1024\" height=\"1024\" srcset=\"https:\/\/eveniments.es\/wp-content\/uploads\/2020\/07\/purpurina-art2-300x300.jpg 300w, https:\/\/eveniments.es\/wp-content\/uploads\/2020\/07\/purpurina-art2-150x150.jpg 150w, https:\/\/eveniments.es\/wp-content\/uploads\/2020\/07\/purpurina-art2-768x768.jpg 768w, https:\/\/eveniments.es\/wp-content\/uploads\/2020\/07\/purpurina-art2.jpg 960w\" sizes=\"auto, (max-width: 1024px) 100vw, 1024px\" \/><\/p>\n<p><iframe loading=\"lazy\" title=\"Purpurinart  Art\" width=\"500\" height=\"281\" src=\"https:\/\/www.youtube.com\/embed\/0RP63uS_IkQ?feature=oembed\" frameborder=\"0\" allow=\"accelerometer; autoplay; clipboard-write; encrypted-media; gyroscope; picture-in-picture; web-share\" referrerpolicy=\"strict-origin-when-cross-origin\" allowfullscreen><\/iframe><\/p>\n","protected":false},"excerpt":{"rendered":"<div class=\"mh-excerpt\"><\/div>","protected":false},"author":1,"featured_media":0,"parent":0,"menu_order":0,"comment_status":"closed","ping_status":"closed","template":"template-full.php","meta":{"footnotes":""},"class_list":["post-3718","page","type-page","status-publish","hentry"],"_links":{"self":[{"href":"https:\/\/eveniments.es\/home\/wp-json\/wp\/v2\/pages\/3718","targetHints":{"allow":["GET"]}}],"collection":[{"href":"https:\/\/eveniments.es\/home\/wp-json\/wp\/v2\/pages"}],"about":[{"href":"https:\/\/eveniments.es\/home\/wp-json\/wp\/v2\/types\/page"}],"author":[{"embeddable":true,"href":"https:\/\/eveniments.es\/home\/wp-json\/wp\/v2\/users\/1"}],"replies":[{"embeddable":true,"href":"https:\/\/eveniments.es\/home\/wp-json\/wp\/v2\/comments?post=3718"}],"version-history":[{"count":1,"href":"https:\/\/eveniments.es\/home\/wp-json\/wp\/v2\/pages\/3718\/revisions"}],"predecessor-version":[{"id":3721,"href":"https:\/\/eveniments.es\/home\/wp-json\/wp\/v2\/pages\/3718\/revisions\/3721"}],"wp:attachment":[{"href":"https:\/\/eveniments.es\/home\/wp-json\/wp\/v2\/media?parent=3718"}],"curies":[{"name":"wp","href":"https:\/\/api.w.org\/{rel}","templated":true}]}}