{"id":3723,"date":"2020-07-17T08:24:54","date_gmt":"2020-07-17T08:24:54","guid":{"rendered":"https:\/\/eveniments.es\/?page_id=3723"},"modified":"2020-07-17T08:25:11","modified_gmt":"2020-07-17T08:25:11","slug":"dibujo-3d-produccion-a-medida","status":"publish","type":"page","link":"https:\/\/eveniments.es\/home\/dibujo-3d-produccion-a-medida","title":{"rendered":"Dibujo 3D Producci\u00f3n a medida"},"content":{"rendered":"\n<p>DIBUJO 3D \u201cPRODUCCI\u00d3N A MEDIDA \u201d <br>Con una t\u00e9cnica personal muy innovadora, nuestro artista consigue transformar una simple superficie de suelo plano, en un cuadro en tres dimensiones. <br>Los asistentes al evento se pueden colocar sobre el dibujo, lo que visto desde un cierto punto de mira, crea la perfecta ilusi\u00f3n de que se encuentran realmente en un escenario lleno de aventuras, magia o poes\u00eda. <br>Los dibujos son totalmente personalizables, pueden incluir logotipos, marcas o elementos ilustrativos referentes a ellas. <br>Las dimensiones son establecidas para un d\u00eda de trabajo (8 horas) pero se pueden prever dibujos a\u00fan m\u00e1s impresionantes realizados en varios d\u00edas. <br>DIMENSIONES: Medida standard 6X5m. Dimensiones a medida acordes a necesidades cliente <br>\u00bfQUE INCLUYE? <br>\u2022 1 artista <br>\u2022 Dise\u00f1o a medida para el evento se puede recrear la zona de Sevilla <br>\u2022 Finalizaci\u00f3n del trabajo en directo <br><img loading=\"lazy\" decoding=\"async\" class=\"alignnone wp-image-3724 size-large\" src=\"https:\/\/eveniments.es\/wp-content\/uploads\/2020\/07\/Dibujo-3d-1024x768.jpg\" alt=\"\" width=\"1024\" height=\"768\" srcset=\"https:\/\/eveniments.es\/wp-content\/uploads\/2020\/07\/Dibujo-3d-1024x768.jpg 1024w, https:\/\/eveniments.es\/wp-content\/uploads\/2020\/07\/Dibujo-3d-300x225.jpg 300w, https:\/\/eveniments.es\/wp-content\/uploads\/2020\/07\/Dibujo-3d-768x576.jpg 768w, https:\/\/eveniments.es\/wp-content\/uploads\/2020\/07\/Dibujo-3d-1536x1152.jpg 1536w, https:\/\/eveniments.es\/wp-content\/uploads\/2020\/07\/Dibujo-3d-2048x1536.jpg 2048w, https:\/\/eveniments.es\/wp-content\/uploads\/2020\/07\/Dibujo-3d-678x509.jpg 678w, https:\/\/eveniments.es\/wp-content\/uploads\/2020\/07\/Dibujo-3d-326x245.jpg 326w, https:\/\/eveniments.es\/wp-content\/uploads\/2020\/07\/Dibujo-3d-80x60.jpg 80w\" sizes=\"auto, (max-width: 1024px) 100vw, 1024px\" \/><img loading=\"lazy\" decoding=\"async\" class=\"alignnone wp-image-3725 size-large\" src=\"https:\/\/eveniments.es\/wp-content\/uploads\/2020\/07\/dibujo-3d1-1024x768.jpg\" alt=\"\" width=\"1024\" height=\"768\" srcset=\"https:\/\/eveniments.es\/wp-content\/uploads\/2020\/07\/dibujo-3d1-1024x768.jpg 1024w, https:\/\/eveniments.es\/wp-content\/uploads\/2020\/07\/dibujo-3d1-300x225.jpg 300w, https:\/\/eveniments.es\/wp-content\/uploads\/2020\/07\/dibujo-3d1-768x576.jpg 768w, https:\/\/eveniments.es\/wp-content\/uploads\/2020\/07\/dibujo-3d1-1536x1152.jpg 1536w, https:\/\/eveniments.es\/wp-content\/uploads\/2020\/07\/dibujo-3d1-2048x1536.jpg 2048w, https:\/\/eveniments.es\/wp-content\/uploads\/2020\/07\/dibujo-3d1-678x509.jpg 678w, https:\/\/eveniments.es\/wp-content\/uploads\/2020\/07\/dibujo-3d1-326x245.jpg 326w, https:\/\/eveniments.es\/wp-content\/uploads\/2020\/07\/dibujo-3d1-80x60.jpg 80w\" sizes=\"auto, (max-width: 1024px) 100vw, 1024px\" \/><\/p>\n<p><iframe loading=\"lazy\" title=\"Dibujo 3D\" width=\"500\" height=\"375\" src=\"https:\/\/www.youtube.com\/embed\/qvEmIknLaME?feature=oembed\" frameborder=\"0\" allow=\"accelerometer; autoplay; clipboard-write; encrypted-media; gyroscope; picture-in-picture; web-share\" referrerpolicy=\"strict-origin-when-cross-origin\" allowfullscreen><\/iframe><\/p>\n","protected":false},"excerpt":{"rendered":"<div class=\"mh-excerpt\"><\/div>","protected":false},"author":1,"featured_media":0,"parent":0,"menu_order":0,"comment_status":"closed","ping_status":"closed","template":"template-full.php","meta":{"footnotes":""},"class_list":["post-3723","page","type-page","status-publish","hentry"],"_links":{"self":[{"href":"https:\/\/eveniments.es\/home\/wp-json\/wp\/v2\/pages\/3723","targetHints":{"allow":["GET"]}}],"collection":[{"href":"https:\/\/eveniments.es\/home\/wp-json\/wp\/v2\/pages"}],"about":[{"href":"https:\/\/eveniments.es\/home\/wp-json\/wp\/v2\/types\/page"}],"author":[{"embeddable":true,"href":"https:\/\/eveniments.es\/home\/wp-json\/wp\/v2\/users\/1"}],"replies":[{"embeddable":true,"href":"https:\/\/eveniments.es\/home\/wp-json\/wp\/v2\/comments?post=3723"}],"version-history":[{"count":1,"href":"https:\/\/eveniments.es\/home\/wp-json\/wp\/v2\/pages\/3723\/revisions"}],"predecessor-version":[{"id":3726,"href":"https:\/\/eveniments.es\/home\/wp-json\/wp\/v2\/pages\/3723\/revisions\/3726"}],"wp:attachment":[{"href":"https:\/\/eveniments.es\/home\/wp-json\/wp\/v2\/media?parent=3723"}],"curies":[{"name":"wp","href":"https:\/\/api.w.org\/{rel}","templated":true}]}}