{"id":3735,"date":"2020-07-17T08:36:10","date_gmt":"2020-07-17T08:36:10","guid":{"rendered":"https:\/\/eveniments.es\/?page_id=3735"},"modified":"2020-07-17T08:36:11","modified_gmt":"2020-07-17T08:36:11","slug":"siluetas","status":"publish","type":"page","link":"https:\/\/eveniments.es\/home\/siluetas","title":{"rendered":"Siluetas"},"content":{"rendered":"\n<p>La mejor forma de animar un evento es contratar un siluetista, un artista que recorte los perfiles de los invitados en solo 1-2 minutos con unas tijeras. <br>Una silueta es una vista de cierto objeto o escena que consiste en el esquema y un interior sin rasgos distintivos, con la silueta generalmente siendo negra. Forma que presenta a la vista la masa de un objeto m\u00e1s oscuro que el fondo sobre el cual se proyecta. Perfil. <br>Como en las fiestas de la empresa, tanto en los actos de promoci\u00f3n y otro tipo de eventos. No pierda la oportunidad de ofrecer un espect\u00e1culo \u00fanico a sus clientes y invitados<\/p>\n<p><img loading=\"lazy\" decoding=\"async\" class=\"alignnone wp-image-3736 size-large\" src=\"https:\/\/eveniments.es\/wp-content\/uploads\/2020\/07\/siluetas3-1024x578.jpg\" alt=\"\" width=\"1024\" height=\"578\" srcset=\"https:\/\/eveniments.es\/wp-content\/uploads\/2020\/07\/siluetas3-1024x578.jpg 1024w, https:\/\/eveniments.es\/wp-content\/uploads\/2020\/07\/siluetas3-300x169.jpg 300w, https:\/\/eveniments.es\/wp-content\/uploads\/2020\/07\/siluetas3-768x433.jpg 768w, https:\/\/eveniments.es\/wp-content\/uploads\/2020\/07\/siluetas3.jpg 1428w\" sizes=\"auto, (max-width: 1024px) 100vw, 1024px\" \/><img loading=\"lazy\" decoding=\"async\" class=\"alignnone wp-image-3737 size-large\" src=\"https:\/\/eveniments.es\/wp-content\/uploads\/2020\/07\/siluetas2-1024x682.jpg\" alt=\"\" width=\"1024\" height=\"682\" srcset=\"https:\/\/eveniments.es\/wp-content\/uploads\/2020\/07\/siluetas2-1024x682.jpg 1024w, https:\/\/eveniments.es\/wp-content\/uploads\/2020\/07\/siluetas2-300x200.jpg 300w, https:\/\/eveniments.es\/wp-content\/uploads\/2020\/07\/siluetas2-768x512.jpg 768w, https:\/\/eveniments.es\/wp-content\/uploads\/2020\/07\/siluetas2.jpg 1438w\" sizes=\"auto, (max-width: 1024px) 100vw, 1024px\" \/><img loading=\"lazy\" decoding=\"async\" class=\"alignnone wp-image-3738 size-large\" src=\"https:\/\/eveniments.es\/wp-content\/uploads\/2020\/07\/siluetas1-1024x565.jpg\" alt=\"\" width=\"1024\" height=\"565\" srcset=\"https:\/\/eveniments.es\/wp-content\/uploads\/2020\/07\/siluetas1-1024x565.jpg 1024w, https:\/\/eveniments.es\/wp-content\/uploads\/2020\/07\/siluetas1-300x166.jpg 300w, https:\/\/eveniments.es\/wp-content\/uploads\/2020\/07\/siluetas1-768x424.jpg 768w, https:\/\/eveniments.es\/wp-content\/uploads\/2020\/07\/siluetas1.jpg 1438w\" sizes=\"auto, (max-width: 1024px) 100vw, 1024px\" \/><img loading=\"lazy\" decoding=\"async\" class=\"alignnone wp-image-3739\" src=\"https:\/\/eveniments.es\/wp-content\/uploads\/2020\/07\/siluetas-300x181.jpg\" alt=\"\" width=\"1024\" height=\"618\" srcset=\"https:\/\/eveniments.es\/wp-content\/uploads\/2020\/07\/siluetas-300x181.jpg 300w, https:\/\/eveniments.es\/wp-content\/uploads\/2020\/07\/siluetas-768x463.jpg 768w, https:\/\/eveniments.es\/wp-content\/uploads\/2020\/07\/siluetas.jpg 1006w\" sizes=\"auto, (max-width: 1024px) 100vw, 1024px\" \/><\/p>\n","protected":false},"excerpt":{"rendered":"<div class=\"mh-excerpt\"><\/div>","protected":false},"author":1,"featured_media":0,"parent":0,"menu_order":0,"comment_status":"closed","ping_status":"closed","template":"template-full.php","meta":{"footnotes":""},"class_list":["post-3735","page","type-page","status-publish","hentry"],"_links":{"self":[{"href":"https:\/\/eveniments.es\/home\/wp-json\/wp\/v2\/pages\/3735","targetHints":{"allow":["GET"]}}],"collection":[{"href":"https:\/\/eveniments.es\/home\/wp-json\/wp\/v2\/pages"}],"about":[{"href":"https:\/\/eveniments.es\/home\/wp-json\/wp\/v2\/types\/page"}],"author":[{"embeddable":true,"href":"https:\/\/eveniments.es\/home\/wp-json\/wp\/v2\/users\/1"}],"replies":[{"embeddable":true,"href":"https:\/\/eveniments.es\/home\/wp-json\/wp\/v2\/comments?post=3735"}],"version-history":[{"count":1,"href":"https:\/\/eveniments.es\/home\/wp-json\/wp\/v2\/pages\/3735\/revisions"}],"predecessor-version":[{"id":3740,"href":"https:\/\/eveniments.es\/home\/wp-json\/wp\/v2\/pages\/3735\/revisions\/3740"}],"wp:attachment":[{"href":"https:\/\/eveniments.es\/home\/wp-json\/wp\/v2\/media?parent=3735"}],"curies":[{"name":"wp","href":"https:\/\/api.w.org\/{rel}","templated":true}]}}