{"id":3748,"date":"2020-07-17T08:55:34","date_gmt":"2020-07-17T08:55:34","guid":{"rendered":"https:\/\/eveniments.es\/?page_id=3748"},"modified":"2020-07-17T08:55:35","modified_gmt":"2020-07-17T08:55:35","slug":"arte-organico","status":"publish","type":"page","link":"https:\/\/eveniments.es\/home\/arte-organico","title":{"rendered":"Arte Org\u00e1nico"},"content":{"rendered":"\n<p>Dise\u00f1os \u00fanicos y originales. <br>Formaremos im\u00e1genes con cualquier elemento. <br>Frutas, flores Jam\u00f3n ,Queso,Materiales reciclables, industriales etc.. <br>Como cada evento es un mundo, tendr\u00e1 la mejor soluci\u00f3n para cada evento.<\/p>\n<p><img loading=\"lazy\" decoding=\"async\" class=\"alignnone wp-image-3749 size-full\" src=\"https:\/\/eveniments.es\/wp-content\/uploads\/2020\/07\/arte-organico.jpg\" alt=\"\" width=\"1024\" height=\"901\" srcset=\"https:\/\/eveniments.es\/wp-content\/uploads\/2020\/07\/arte-organico.jpg 1024w, https:\/\/eveniments.es\/wp-content\/uploads\/2020\/07\/arte-organico-300x264.jpg 300w, https:\/\/eveniments.es\/wp-content\/uploads\/2020\/07\/arte-organico-768x676.jpg 768w\" sizes=\"auto, (max-width: 1024px) 100vw, 1024px\" \/><\/p>\n","protected":false},"excerpt":{"rendered":"<div class=\"mh-excerpt\"><\/div>","protected":false},"author":1,"featured_media":0,"parent":0,"menu_order":0,"comment_status":"closed","ping_status":"closed","template":"template-full.php","meta":{"footnotes":""},"class_list":["post-3748","page","type-page","status-publish","hentry"],"_links":{"self":[{"href":"https:\/\/eveniments.es\/home\/wp-json\/wp\/v2\/pages\/3748","targetHints":{"allow":["GET"]}}],"collection":[{"href":"https:\/\/eveniments.es\/home\/wp-json\/wp\/v2\/pages"}],"about":[{"href":"https:\/\/eveniments.es\/home\/wp-json\/wp\/v2\/types\/page"}],"author":[{"embeddable":true,"href":"https:\/\/eveniments.es\/home\/wp-json\/wp\/v2\/users\/1"}],"replies":[{"embeddable":true,"href":"https:\/\/eveniments.es\/home\/wp-json\/wp\/v2\/comments?post=3748"}],"version-history":[{"count":1,"href":"https:\/\/eveniments.es\/home\/wp-json\/wp\/v2\/pages\/3748\/revisions"}],"predecessor-version":[{"id":3750,"href":"https:\/\/eveniments.es\/home\/wp-json\/wp\/v2\/pages\/3748\/revisions\/3750"}],"wp:attachment":[{"href":"https:\/\/eveniments.es\/home\/wp-json\/wp\/v2\/media?parent=3748"}],"curies":[{"name":"wp","href":"https:\/\/api.w.org\/{rel}","templated":true}]}}