{"id":3753,"date":"2020-07-17T09:26:46","date_gmt":"2020-07-17T09:26:46","guid":{"rendered":"https:\/\/eveniments.es\/?page_id=3753"},"modified":"2023-05-16T10:35:38","modified_gmt":"2023-05-16T10:35:38","slug":"magic-drums","status":"publish","type":"page","link":"https:\/\/eveniments.es\/home\/magic-drums","title":{"rendered":"Magic Drums"},"content":{"rendered":"\n<p>PERCUSI\u00d3N LED Y AGUA<\/p>\n<p>Tras 20 a\u00f1os de experiencia consolidada con numerosos grupos y artistas del panorama nacional actuando en cientos de festivales y pa\u00edses de medio mundo nace Magic DRUMS un duo de percusionistas que fusionan la percusi\u00f3n ac\u00fastica , con el agua tecnolog\u00eda led y m\u00fasica electr\u00f3nica como base. El resultado de este cocktail explosivo es impresionante. Uno de los miembros es el bater\u00eda de el grupo DANZA INVISIBLE <br>Este show tambi\u00e9n es ideal para presentaciones de marcas ya que disponen de tambores blancos en los que se puede poner el logotipo. <br>Han trabajado para el Circo del Sens en los Emiratos \u00c1rabes <br><br>LA PROPUESTA: Se crear\u00e1 un traje futurista a medida para el evento con gafas l\u00e1ser y chaqueta led. Los artistas realizar\u00e1n diferentes pases amenizando la gala e impregnando los Beats en los cuerpos de los asistentes, haci\u00e9ndoles bailar.<\/p>\n<p><img loading=\"lazy\" decoding=\"async\" class=\"alignnone wp-image-3762 size-large\" src=\"https:\/\/eveniments.es\/wp-content\/uploads\/2020\/07\/Av-Drums-2-1024x576.jpg\" alt=\"\" width=\"1024\" height=\"576\" srcset=\"https:\/\/eveniments.es\/wp-content\/uploads\/2020\/07\/Av-Drums-2-1024x576.jpg 1024w, https:\/\/eveniments.es\/wp-content\/uploads\/2020\/07\/Av-Drums-2-300x169.jpg 300w, https:\/\/eveniments.es\/wp-content\/uploads\/2020\/07\/Av-Drums-2-768x432.jpg 768w, https:\/\/eveniments.es\/wp-content\/uploads\/2020\/07\/Av-Drums-2-1536x864.jpg 1536w, https:\/\/eveniments.es\/wp-content\/uploads\/2020\/07\/Av-Drums-2-678x381.jpg 678w, https:\/\/eveniments.es\/wp-content\/uploads\/2020\/07\/Av-Drums-2.jpg 1920w\" sizes=\"auto, (max-width: 1024px) 100vw, 1024px\" \/><img loading=\"lazy\" decoding=\"async\" class=\"alignnone wp-image-3763 size-large\" src=\"https:\/\/eveniments.es\/wp-content\/uploads\/2020\/07\/Av-Drums-1024x682.jpg\" alt=\"\" width=\"1024\" height=\"682\" srcset=\"https:\/\/eveniments.es\/wp-content\/uploads\/2020\/07\/Av-Drums-1024x682.jpg 1024w, https:\/\/eveniments.es\/wp-content\/uploads\/2020\/07\/Av-Drums-300x200.jpg 300w, https:\/\/eveniments.es\/wp-content\/uploads\/2020\/07\/Av-Drums-768x512.jpg 768w, https:\/\/eveniments.es\/wp-content\/uploads\/2020\/07\/Av-Drums-1536x1024.jpg 1536w, https:\/\/eveniments.es\/wp-content\/uploads\/2020\/07\/Av-Drums.jpg 2000w\" sizes=\"auto, (max-width: 1024px) 100vw, 1024px\" \/><\/p>\n<p><iframe loading=\"lazy\" title=\"Magic Drums\" width=\"500\" height=\"281\" src=\"https:\/\/www.youtube.com\/embed\/mA2gXBU_Xms?feature=oembed\" frameborder=\"0\" allow=\"accelerometer; autoplay; clipboard-write; encrypted-media; gyroscope; picture-in-picture; web-share\" referrerpolicy=\"strict-origin-when-cross-origin\" allowfullscreen><\/iframe><\/p>\n","protected":false},"excerpt":{"rendered":"<div class=\"mh-excerpt\"><\/div>","protected":false},"author":1,"featured_media":0,"parent":0,"menu_order":0,"comment_status":"closed","ping_status":"closed","template":"template-full.php","meta":{"footnotes":""},"class_list":["post-3753","page","type-page","status-publish","hentry"],"_links":{"self":[{"href":"https:\/\/eveniments.es\/home\/wp-json\/wp\/v2\/pages\/3753","targetHints":{"allow":["GET"]}}],"collection":[{"href":"https:\/\/eveniments.es\/home\/wp-json\/wp\/v2\/pages"}],"about":[{"href":"https:\/\/eveniments.es\/home\/wp-json\/wp\/v2\/types\/page"}],"author":[{"embeddable":true,"href":"https:\/\/eveniments.es\/home\/wp-json\/wp\/v2\/users\/1"}],"replies":[{"embeddable":true,"href":"https:\/\/eveniments.es\/home\/wp-json\/wp\/v2\/comments?post=3753"}],"version-history":[{"count":4,"href":"https:\/\/eveniments.es\/home\/wp-json\/wp\/v2\/pages\/3753\/revisions"}],"predecessor-version":[{"id":5019,"href":"https:\/\/eveniments.es\/home\/wp-json\/wp\/v2\/pages\/3753\/revisions\/5019"}],"wp:attachment":[{"href":"https:\/\/eveniments.es\/home\/wp-json\/wp\/v2\/media?parent=3753"}],"curies":[{"name":"wp","href":"https:\/\/api.w.org\/{rel}","templated":true}]}}