{"id":3767,"date":"2020-07-17T10:10:04","date_gmt":"2020-07-17T10:10:04","guid":{"rendered":"https:\/\/eveniments.es\/?page_id=3767"},"modified":"2020-07-17T10:23:03","modified_gmt":"2020-07-17T10:23:03","slug":"laser-man","status":"publish","type":"page","link":"https:\/\/eveniments.es\/home\/laser-man","title":{"rendered":"Laser Man"},"content":{"rendered":"\n<p>LASERMAN O DUO LASERMAN<\/p>\n<p><br>Laserman es un show en el que l\u00edneas creadas por el l\u00e1ser son manipuladas como objetos s\u00f3lidos. LASERMAN <br>Una de las performances mas sorprendentes del momento sin lugar a dudas es el LASERMAN. Combina la tecnolog\u00eda mas avanzada para crear un laser show impactante en el que adem\u00e1s puede crear letras o logotipos. <br><br>DURACI\u00d3N: Inicialmente 1 pase de 5 a 8 minutos.<\/p>\n<p>Se puede adaptar a las necesidades del evento&nbsp;<\/p>\n<p><img loading=\"lazy\" decoding=\"async\" class=\"alignnone wp-image-3768 size-large\" src=\"https:\/\/eveniments.es\/wp-content\/uploads\/2020\/07\/Laserman7-1024x769.jpg\" alt=\"\" width=\"1024\" height=\"769\" srcset=\"https:\/\/eveniments.es\/wp-content\/uploads\/2020\/07\/Laserman7-1024x769.jpg 1024w, https:\/\/eveniments.es\/wp-content\/uploads\/2020\/07\/Laserman7-300x225.jpg 300w, https:\/\/eveniments.es\/wp-content\/uploads\/2020\/07\/Laserman7-768x577.jpg 768w, https:\/\/eveniments.es\/wp-content\/uploads\/2020\/07\/Laserman7-678x509.jpg 678w, https:\/\/eveniments.es\/wp-content\/uploads\/2020\/07\/Laserman7-326x245.jpg 326w, https:\/\/eveniments.es\/wp-content\/uploads\/2020\/07\/Laserman7-80x60.jpg 80w, https:\/\/eveniments.es\/wp-content\/uploads\/2020\/07\/Laserman7.jpg 1304w\" sizes=\"auto, (max-width: 1024px) 100vw, 1024px\" \/><img loading=\"lazy\" decoding=\"async\" class=\"alignnone wp-image-3769 size-large\" src=\"https:\/\/eveniments.es\/wp-content\/uploads\/2020\/07\/Laserman6-1024x769.jpg\" alt=\"\" width=\"1024\" height=\"769\" srcset=\"https:\/\/eveniments.es\/wp-content\/uploads\/2020\/07\/Laserman6-1024x769.jpg 1024w, https:\/\/eveniments.es\/wp-content\/uploads\/2020\/07\/Laserman6-300x225.jpg 300w, https:\/\/eveniments.es\/wp-content\/uploads\/2020\/07\/Laserman6-768x577.jpg 768w, https:\/\/eveniments.es\/wp-content\/uploads\/2020\/07\/Laserman6-678x509.jpg 678w, https:\/\/eveniments.es\/wp-content\/uploads\/2020\/07\/Laserman6-326x245.jpg 326w, https:\/\/eveniments.es\/wp-content\/uploads\/2020\/07\/Laserman6-80x60.jpg 80w, https:\/\/eveniments.es\/wp-content\/uploads\/2020\/07\/Laserman6.jpg 1304w\" sizes=\"auto, (max-width: 1024px) 100vw, 1024px\" \/><img loading=\"lazy\" decoding=\"async\" class=\"alignnone wp-image-3770 size-large\" src=\"https:\/\/eveniments.es\/wp-content\/uploads\/2020\/07\/Laserman5-1024x769.jpg\" alt=\"\" width=\"1024\" height=\"769\" srcset=\"https:\/\/eveniments.es\/wp-content\/uploads\/2020\/07\/Laserman5-1024x769.jpg 1024w, https:\/\/eveniments.es\/wp-content\/uploads\/2020\/07\/Laserman5-300x225.jpg 300w, https:\/\/eveniments.es\/wp-content\/uploads\/2020\/07\/Laserman5-768x577.jpg 768w, https:\/\/eveniments.es\/wp-content\/uploads\/2020\/07\/Laserman5-678x509.jpg 678w, https:\/\/eveniments.es\/wp-content\/uploads\/2020\/07\/Laserman5-326x245.jpg 326w, https:\/\/eveniments.es\/wp-content\/uploads\/2020\/07\/Laserman5-80x60.jpg 80w, https:\/\/eveniments.es\/wp-content\/uploads\/2020\/07\/Laserman5.jpg 1304w\" sizes=\"auto, (max-width: 1024px) 100vw, 1024px\" \/><img loading=\"lazy\" decoding=\"async\" class=\"alignnone wp-image-3771 size-large\" src=\"https:\/\/eveniments.es\/wp-content\/uploads\/2020\/07\/Laserman3-1024x768.jpg\" alt=\"\" width=\"1024\" height=\"768\" srcset=\"https:\/\/eveniments.es\/wp-content\/uploads\/2020\/07\/Laserman3-1024x768.jpg 1024w, https:\/\/eveniments.es\/wp-content\/uploads\/2020\/07\/Laserman3-300x225.jpg 300w, https:\/\/eveniments.es\/wp-content\/uploads\/2020\/07\/Laserman3-768x576.jpg 768w, https:\/\/eveniments.es\/wp-content\/uploads\/2020\/07\/Laserman3-1536x1152.jpg 1536w, https:\/\/eveniments.es\/wp-content\/uploads\/2020\/07\/Laserman3-678x509.jpg 678w, https:\/\/eveniments.es\/wp-content\/uploads\/2020\/07\/Laserman3-326x245.jpg 326w, https:\/\/eveniments.es\/wp-content\/uploads\/2020\/07\/Laserman3-80x60.jpg 80w, https:\/\/eveniments.es\/wp-content\/uploads\/2020\/07\/Laserman3.jpg 2048w\" sizes=\"auto, (max-width: 1024px) 100vw, 1024px\" \/><img loading=\"lazy\" decoding=\"async\" class=\"alignnone wp-image-3772 size-large\" src=\"https:\/\/eveniments.es\/wp-content\/uploads\/2020\/07\/Laserman2-1024x759.jpg\" alt=\"\" width=\"1024\" height=\"759\" srcset=\"https:\/\/eveniments.es\/wp-content\/uploads\/2020\/07\/Laserman2-1024x759.jpg 1024w, https:\/\/eveniments.es\/wp-content\/uploads\/2020\/07\/Laserman2-300x222.jpg 300w, https:\/\/eveniments.es\/wp-content\/uploads\/2020\/07\/Laserman2-768x569.jpg 768w, https:\/\/eveniments.es\/wp-content\/uploads\/2020\/07\/Laserman2-1536x1139.jpg 1536w, https:\/\/eveniments.es\/wp-content\/uploads\/2020\/07\/Laserman2-80x60.jpg 80w, https:\/\/eveniments.es\/wp-content\/uploads\/2020\/07\/Laserman2.jpg 2048w\" sizes=\"auto, (max-width: 1024px) 100vw, 1024px\" \/><img loading=\"lazy\" decoding=\"async\" class=\"alignnone wp-image-3773 size-large\" src=\"https:\/\/eveniments.es\/wp-content\/uploads\/2020\/07\/Laserman1-1024x616.jpg\" alt=\"\" width=\"1024\" height=\"616\" srcset=\"https:\/\/eveniments.es\/wp-content\/uploads\/2020\/07\/Laserman1-1024x616.jpg 1024w, https:\/\/eveniments.es\/wp-content\/uploads\/2020\/07\/Laserman1-300x180.jpg 300w, https:\/\/eveniments.es\/wp-content\/uploads\/2020\/07\/Laserman1-768x462.jpg 768w, https:\/\/eveniments.es\/wp-content\/uploads\/2020\/07\/Laserman1.jpg 1304w\" sizes=\"auto, (max-width: 1024px) 100vw, 1024px\" \/><\/p>\n<p><img loading=\"lazy\" decoding=\"async\" class=\"alignnone wp-image-3777 size-large\" src=\"https:\/\/eveniments.es\/wp-content\/uploads\/2020\/07\/laserman11-1024x651.jpg\" alt=\"\" width=\"1024\" height=\"651\" srcset=\"https:\/\/eveniments.es\/wp-content\/uploads\/2020\/07\/laserman11-1024x651.jpg 1024w, https:\/\/eveniments.es\/wp-content\/uploads\/2020\/07\/laserman11-300x191.jpg 300w, https:\/\/eveniments.es\/wp-content\/uploads\/2020\/07\/laserman11-768x488.jpg 768w, https:\/\/eveniments.es\/wp-content\/uploads\/2020\/07\/laserman11-1536x976.jpg 1536w, https:\/\/eveniments.es\/wp-content\/uploads\/2020\/07\/laserman11.jpg 2046w\" sizes=\"auto, (max-width: 1024px) 100vw, 1024px\" \/><img loading=\"lazy\" decoding=\"async\" class=\"alignnone wp-image-3778\" src=\"https:\/\/eveniments.es\/wp-content\/uploads\/2020\/07\/laserman10-200x300.jpg\" alt=\"\" width=\"1024\" height=\"1536\" srcset=\"https:\/\/eveniments.es\/wp-content\/uploads\/2020\/07\/laserman10-200x300.jpg 200w, https:\/\/eveniments.es\/wp-content\/uploads\/2020\/07\/laserman10.jpg 300w\" sizes=\"auto, (max-width: 1024px) 100vw, 1024px\" \/><img loading=\"lazy\" decoding=\"async\" class=\"alignnone wp-image-3779 size-large\" src=\"https:\/\/eveniments.es\/wp-content\/uploads\/2020\/07\/laserman9-1024x533.jpg\" alt=\"\" width=\"1024\" height=\"533\" srcset=\"https:\/\/eveniments.es\/wp-content\/uploads\/2020\/07\/laserman9-1024x533.jpg 1024w, https:\/\/eveniments.es\/wp-content\/uploads\/2020\/07\/laserman9-300x156.jpg 300w, https:\/\/eveniments.es\/wp-content\/uploads\/2020\/07\/laserman9-768x400.jpg 768w, https:\/\/eveniments.es\/wp-content\/uploads\/2020\/07\/laserman9-1536x800.jpg 1536w, https:\/\/eveniments.es\/wp-content\/uploads\/2020\/07\/laserman9.jpg 1766w\" sizes=\"auto, (max-width: 1024px) 100vw, 1024px\" \/><img loading=\"lazy\" decoding=\"async\" class=\"alignnone wp-image-3780\" src=\"https:\/\/eveniments.es\/wp-content\/uploads\/2020\/07\/laserman-8-225x300.jpg\" alt=\"\" width=\"1024\" height=\"1365\" srcset=\"https:\/\/eveniments.es\/wp-content\/uploads\/2020\/07\/laserman-8-225x300.jpg 225w, https:\/\/eveniments.es\/wp-content\/uploads\/2020\/07\/laserman-8-768x1024.jpg 768w, https:\/\/eveniments.es\/wp-content\/uploads\/2020\/07\/laserman-8-1152x1536.jpg 1152w, https:\/\/eveniments.es\/wp-content\/uploads\/2020\/07\/laserman-8.jpg 1536w\" sizes=\"auto, (max-width: 1024px) 100vw, 1024px\" \/><\/p>\n<p><iframe loading=\"lazy\" title=\"Laser Man\" width=\"500\" height=\"375\" src=\"https:\/\/www.youtube.com\/embed\/paics2ixqOY?feature=oembed\" frameborder=\"0\" allow=\"accelerometer; autoplay; clipboard-write; encrypted-media; gyroscope; picture-in-picture; web-share\" referrerpolicy=\"strict-origin-when-cross-origin\" allowfullscreen><\/iframe><\/p>\n<p><iframe loading=\"lazy\" title=\"D\u00fao Laser Man\" width=\"500\" height=\"281\" src=\"https:\/\/www.youtube.com\/embed\/IlK1Qe3HuQ0?feature=oembed\" frameborder=\"0\" allow=\"accelerometer; autoplay; clipboard-write; encrypted-media; gyroscope; picture-in-picture; web-share\" referrerpolicy=\"strict-origin-when-cross-origin\" allowfullscreen><\/iframe><\/p>\n<p><iframe loading=\"lazy\" title=\"Laserman Premium\" width=\"500\" height=\"281\" src=\"https:\/\/www.youtube.com\/embed\/ppzIpIR4SZo?feature=oembed\" frameborder=\"0\" allow=\"accelerometer; autoplay; clipboard-write; encrypted-media; gyroscope; picture-in-picture; web-share\" referrerpolicy=\"strict-origin-when-cross-origin\" allowfullscreen><\/iframe><\/p>\n","protected":false},"excerpt":{"rendered":"<div class=\"mh-excerpt\"><\/div>","protected":false},"author":1,"featured_media":0,"parent":0,"menu_order":0,"comment_status":"closed","ping_status":"closed","template":"template-full.php","meta":{"footnotes":""},"class_list":["post-3767","page","type-page","status-publish","hentry"],"_links":{"self":[{"href":"https:\/\/eveniments.es\/home\/wp-json\/wp\/v2\/pages\/3767","targetHints":{"allow":["GET"]}}],"collection":[{"href":"https:\/\/eveniments.es\/home\/wp-json\/wp\/v2\/pages"}],"about":[{"href":"https:\/\/eveniments.es\/home\/wp-json\/wp\/v2\/types\/page"}],"author":[{"embeddable":true,"href":"https:\/\/eveniments.es\/home\/wp-json\/wp\/v2\/users\/1"}],"replies":[{"embeddable":true,"href":"https:\/\/eveniments.es\/home\/wp-json\/wp\/v2\/comments?post=3767"}],"version-history":[{"count":3,"href":"https:\/\/eveniments.es\/home\/wp-json\/wp\/v2\/pages\/3767\/revisions"}],"predecessor-version":[{"id":3782,"href":"https:\/\/eveniments.es\/home\/wp-json\/wp\/v2\/pages\/3767\/revisions\/3782"}],"wp:attachment":[{"href":"https:\/\/eveniments.es\/home\/wp-json\/wp\/v2\/media?parent=3767"}],"curies":[{"name":"wp","href":"https:\/\/api.w.org\/{rel}","templated":true}]}}