{"id":3789,"date":"2020-07-17T11:11:39","date_gmt":"2020-07-17T11:11:39","guid":{"rendered":"https:\/\/eveniments.es\/?page_id=3789"},"modified":"2020-07-17T11:11:40","modified_gmt":"2020-07-17T11:11:40","slug":"saxo-arpa-laser","status":"publish","type":"page","link":"https:\/\/eveniments.es\/home\/saxo-arpa-laser","title":{"rendered":"Saxo Arpa Laser"},"content":{"rendered":"\n<p>Por m\u00e9ritos propios es considerado como uno de los mejores saxos. Ha trabajado por casi todo el pa\u00eds tanto como solista como en orquestas y grupos de m\u00fasica. Su show es casi \u00fanico, haciendo de speaker all\u00e1 donde lo requieren.<\/p>\n<p>Para salas o recintos de interior comienza el espect\u00e1culo con un show de l\u00e1ser y posteriormente tocando el arpa l\u00e1ser<\/p>\n<p><img loading=\"lazy\" decoding=\"async\" class=\"alignnone wp-image-3791 size-large\" src=\"https:\/\/eveniments.es\/wp-content\/uploads\/2020\/07\/saxo-laser-2-1024x832.jpg\" alt=\"\" width=\"1024\" height=\"832\" srcset=\"https:\/\/eveniments.es\/wp-content\/uploads\/2020\/07\/saxo-laser-2-1024x832.jpg 1024w, https:\/\/eveniments.es\/wp-content\/uploads\/2020\/07\/saxo-laser-2-300x244.jpg 300w, https:\/\/eveniments.es\/wp-content\/uploads\/2020\/07\/saxo-laser-2-768x624.jpg 768w, https:\/\/eveniments.es\/wp-content\/uploads\/2020\/07\/saxo-laser-2.jpg 1101w\" sizes=\"auto, (max-width: 1024px) 100vw, 1024px\" \/><img loading=\"lazy\" decoding=\"async\" class=\"alignnone wp-image-3792\" src=\"https:\/\/eveniments.es\/wp-content\/uploads\/2020\/07\/saxo-Laser-1-300x265.jpg\" alt=\"\" width=\"1024\" height=\"906\" srcset=\"https:\/\/eveniments.es\/wp-content\/uploads\/2020\/07\/saxo-Laser-1-300x265.jpg 300w, https:\/\/eveniments.es\/wp-content\/uploads\/2020\/07\/saxo-Laser-1.jpg 666w\" sizes=\"auto, (max-width: 1024px) 100vw, 1024px\" \/><img loading=\"lazy\" decoding=\"async\" class=\"alignnone wp-image-3793\" src=\"https:\/\/eveniments.es\/wp-content\/uploads\/2020\/07\/saxo-300x167.jpg\" alt=\"\" width=\"1024\" height=\"571\" srcset=\"https:\/\/eveniments.es\/wp-content\/uploads\/2020\/07\/saxo-300x167.jpg 300w, https:\/\/eveniments.es\/wp-content\/uploads\/2020\/07\/saxo-768x429.jpg 768w, https:\/\/eveniments.es\/wp-content\/uploads\/2020\/07\/saxo.jpg 880w\" sizes=\"auto, (max-width: 1024px) 100vw, 1024px\" \/><img loading=\"lazy\" decoding=\"async\" class=\"alignnone wp-image-3794\" src=\"https:\/\/eveniments.es\/wp-content\/uploads\/2020\/07\/Saxo-laser-297x300.jpg\" alt=\"\" width=\"1024\" height=\"1034\" srcset=\"https:\/\/eveniments.es\/wp-content\/uploads\/2020\/07\/Saxo-laser-297x300.jpg 297w, https:\/\/eveniments.es\/wp-content\/uploads\/2020\/07\/Saxo-laser-1014x1024.jpg 1014w, https:\/\/eveniments.es\/wp-content\/uploads\/2020\/07\/Saxo-laser-150x150.jpg 150w, https:\/\/eveniments.es\/wp-content\/uploads\/2020\/07\/Saxo-laser-768x776.jpg 768w, https:\/\/eveniments.es\/wp-content\/uploads\/2020\/07\/Saxo-laser.jpg 1224w\" sizes=\"auto, (max-width: 1024px) 100vw, 1024px\" \/>&nbsp;<\/p>\n<p><iframe loading=\"lazy\" title=\"Saxo Arpa L\u00e1ser\" width=\"500\" height=\"281\" src=\"https:\/\/www.youtube.com\/embed\/Kcoin9rnkZg?feature=oembed\" frameborder=\"0\" allow=\"accelerometer; autoplay; clipboard-write; encrypted-media; gyroscope; picture-in-picture; web-share\" referrerpolicy=\"strict-origin-when-cross-origin\" allowfullscreen><\/iframe><\/p>\n<p><iframe loading=\"lazy\" title=\"Show Arpa L\u00e1ser\" width=\"500\" height=\"281\" src=\"https:\/\/www.youtube.com\/embed\/bryQYDGDO4o?feature=oembed\" frameborder=\"0\" allow=\"accelerometer; autoplay; clipboard-write; encrypted-media; gyroscope; picture-in-picture; web-share\" referrerpolicy=\"strict-origin-when-cross-origin\" allowfullscreen><\/iframe><\/p>\n<p>&nbsp;<\/p>\n","protected":false},"excerpt":{"rendered":"<div class=\"mh-excerpt\"><\/div>","protected":false},"author":1,"featured_media":0,"parent":0,"menu_order":0,"comment_status":"closed","ping_status":"closed","template":"template-full.php","meta":{"footnotes":""},"class_list":["post-3789","page","type-page","status-publish","hentry"],"_links":{"self":[{"href":"https:\/\/eveniments.es\/home\/wp-json\/wp\/v2\/pages\/3789","targetHints":{"allow":["GET"]}}],"collection":[{"href":"https:\/\/eveniments.es\/home\/wp-json\/wp\/v2\/pages"}],"about":[{"href":"https:\/\/eveniments.es\/home\/wp-json\/wp\/v2\/types\/page"}],"author":[{"embeddable":true,"href":"https:\/\/eveniments.es\/home\/wp-json\/wp\/v2\/users\/1"}],"replies":[{"embeddable":true,"href":"https:\/\/eveniments.es\/home\/wp-json\/wp\/v2\/comments?post=3789"}],"version-history":[{"count":1,"href":"https:\/\/eveniments.es\/home\/wp-json\/wp\/v2\/pages\/3789\/revisions"}],"predecessor-version":[{"id":3797,"href":"https:\/\/eveniments.es\/home\/wp-json\/wp\/v2\/pages\/3789\/revisions\/3797"}],"wp:attachment":[{"href":"https:\/\/eveniments.es\/home\/wp-json\/wp\/v2\/media?parent=3789"}],"curies":[{"name":"wp","href":"https:\/\/api.w.org\/{rel}","templated":true}]}}