{"id":3833,"date":"2020-07-17T16:43:17","date_gmt":"2020-07-17T16:43:17","guid":{"rendered":"https:\/\/eveniments.es\/?page_id=3833"},"modified":"2020-07-17T17:15:00","modified_gmt":"2020-07-17T17:15:00","slug":"seu-te","status":"publish","type":"page","link":"https:\/\/eveniments.es\/home\/seu-te","title":{"rendered":"Seu Te !"},"content":{"rendered":"\n<p><a href=\"https:\/\/eveniments.es\/wp-admin\/edit.php?post_type=page\"><\/a><\/p>\n\n\n\n<p>EL ESPECT\u00c1CULO <br>Seu-te! es un espect\u00e1culo de circo especialmente construido para divertir a adultos y a ni\u00f1os. Es una apuesta clara por la innovaci\u00f3n y el uso de nuevos lenguajes de creaci\u00f3n art\u00edstica. <br>La acrobacia y los equilibrios son las disciplinas que podemos encontrar en el escenario, generando momentos de tensi\u00f3n y concentraci\u00f3n en el espectador. <br>Seu-te! es una invitaci\u00f3n a participar, colaborar y sobre todo jugar, mostrando una nueva forma de relaci\u00f3n entre el artista y el espectador. El p\u00fablico deja de ser un mero espectador y pasa a formar parte del show con el objetivo com\u00fan de acompa\u00f1ar el espect\u00e1culo hasta el final. <br>Por otro lado, este es un espect\u00e1culo de investigaci\u00f3n de objetos cotidianos. Con una mesa, siete sillas, 14,76m de cuerda y un botijo, se crean desde estructuras en apariencia insostenibles hasta equilibrios inesperados. <br>La esencia de la tradici\u00f3n est\u00e1 muy presente gracias a objetos, canciones, vestuario\u2026 que har\u00e1n al p\u00fablico sentirse m\u00e1s cercano y participativo.<\/p>\n<p><img loading=\"lazy\" decoding=\"async\" class=\"alignnone wp-image-3845\" src=\"https:\/\/eveniments.es\/wp-content\/uploads\/2020\/07\/DOSSIER-Seu-te-NachoVilarProducciones3-1-300x221.jpg\" alt=\"\" width=\"1024\" height=\"753\" srcset=\"https:\/\/eveniments.es\/wp-content\/uploads\/2020\/07\/DOSSIER-Seu-te-NachoVilarProducciones3-1-300x221.jpg 300w, https:\/\/eveniments.es\/wp-content\/uploads\/2020\/07\/DOSSIER-Seu-te-NachoVilarProducciones3-1-80x60.jpg 80w, https:\/\/eveniments.es\/wp-content\/uploads\/2020\/07\/DOSSIER-Seu-te-NachoVilarProducciones3-1.jpg 431w\" sizes=\"auto, (max-width: 1024px) 100vw, 1024px\" \/><br><img loading=\"lazy\" decoding=\"async\" class=\"alignleft wp-image-3837\" src=\"https:\/\/eveniments.es\/wp-content\/uploads\/2020\/07\/DOSSIER-Seu-te-NachoVilarProducciones4.jpg\" alt=\"\" width=\"1024\" height=\"745\" srcset=\"https:\/\/eveniments.es\/wp-content\/uploads\/2020\/07\/DOSSIER-Seu-te-NachoVilarProducciones4.jpg 448w, https:\/\/eveniments.es\/wp-content\/uploads\/2020\/07\/DOSSIER-Seu-te-NachoVilarProducciones4-300x218.jpg 300w\" sizes=\"auto, (max-width: 1024px) 100vw, 1024px\" \/><img loading=\"lazy\" decoding=\"async\" class=\"wp-image-3835 alignleft\" src=\"https:\/\/eveniments.es\/wp-content\/uploads\/2020\/07\/DOSSIER-Seu-te-NachoVilarProducciones2-300x146.jpg\" alt=\"\" width=\"1024\" height=\"499\" srcset=\"https:\/\/eveniments.es\/wp-content\/uploads\/2020\/07\/DOSSIER-Seu-te-NachoVilarProducciones2-300x146.jpg 300w, https:\/\/eveniments.es\/wp-content\/uploads\/2020\/07\/DOSSIER-Seu-te-NachoVilarProducciones2.jpg 318w\" sizes=\"auto, (max-width: 1024px) 100vw, 1024px\" \/><img loading=\"lazy\" decoding=\"async\" class=\"alignnone wp-image-3837\" src=\"https:\/\/eveniments.es\/wp-content\/uploads\/2020\/07\/DOSSIER-Seu-te-NachoVilarProducciones4-300x218.jpg\" alt=\"\" width=\"1024\" height=\"745\" srcset=\"https:\/\/eveniments.es\/wp-content\/uploads\/2020\/07\/DOSSIER-Seu-te-NachoVilarProducciones4-300x218.jpg 300w, https:\/\/eveniments.es\/wp-content\/uploads\/2020\/07\/DOSSIER-Seu-te-NachoVilarProducciones4.jpg 448w\" sizes=\"auto, (max-width: 1024px) 100vw, 1024px\" \/><img loading=\"lazy\" decoding=\"async\" class=\"alignnone wp-image-3838\" src=\"https:\/\/eveniments.es\/wp-content\/uploads\/2020\/07\/DOSSIER-Seu-te-NachoVilarProducciones-300x201.jpg\" alt=\"\" width=\"1024\" height=\"685\" srcset=\"https:\/\/eveniments.es\/wp-content\/uploads\/2020\/07\/DOSSIER-Seu-te-NachoVilarProducciones-300x201.jpg 300w, https:\/\/eveniments.es\/wp-content\/uploads\/2020\/07\/DOSSIER-Seu-te-NachoVilarProducciones-768x514.jpg 768w, https:\/\/eveniments.es\/wp-content\/uploads\/2020\/07\/DOSSIER-Seu-te-NachoVilarProducciones.jpg 858w\" sizes=\"auto, (max-width: 1024px) 100vw, 1024px\" \/><\/p>\n<p><iframe loading=\"lazy\" title=\"Seu Te !\" width=\"500\" height=\"375\" src=\"https:\/\/www.youtube.com\/embed\/f5bKeercERQ?feature=oembed\" frameborder=\"0\" allow=\"accelerometer; autoplay; clipboard-write; encrypted-media; gyroscope; picture-in-picture; web-share\" referrerpolicy=\"strict-origin-when-cross-origin\" allowfullscreen><\/iframe><\/p>\n","protected":false},"excerpt":{"rendered":"<div class=\"mh-excerpt\"><\/div>","protected":false},"author":1,"featured_media":0,"parent":0,"menu_order":0,"comment_status":"closed","ping_status":"closed","template":"template-full.php","meta":{"footnotes":""},"class_list":["post-3833","page","type-page","status-publish","hentry"],"_links":{"self":[{"href":"https:\/\/eveniments.es\/home\/wp-json\/wp\/v2\/pages\/3833","targetHints":{"allow":["GET"]}}],"collection":[{"href":"https:\/\/eveniments.es\/home\/wp-json\/wp\/v2\/pages"}],"about":[{"href":"https:\/\/eveniments.es\/home\/wp-json\/wp\/v2\/types\/page"}],"author":[{"embeddable":true,"href":"https:\/\/eveniments.es\/home\/wp-json\/wp\/v2\/users\/1"}],"replies":[{"embeddable":true,"href":"https:\/\/eveniments.es\/home\/wp-json\/wp\/v2\/comments?post=3833"}],"version-history":[{"count":6,"href":"https:\/\/eveniments.es\/home\/wp-json\/wp\/v2\/pages\/3833\/revisions"}],"predecessor-version":[{"id":3849,"href":"https:\/\/eveniments.es\/home\/wp-json\/wp\/v2\/pages\/3833\/revisions\/3849"}],"wp:attachment":[{"href":"https:\/\/eveniments.es\/home\/wp-json\/wp\/v2\/media?parent=3833"}],"curies":[{"name":"wp","href":"https:\/\/api.w.org\/{rel}","templated":true}]}}