{"id":3861,"date":"2020-07-17T17:34:38","date_gmt":"2020-07-17T17:34:38","guid":{"rendered":"https:\/\/eveniments.es\/?page_id=3861"},"modified":"2020-07-17T17:34:39","modified_gmt":"2020-07-17T17:34:39","slug":"el-hotel","status":"publish","type":"page","link":"https:\/\/eveniments.es\/home\/el-hotel","title":{"rendered":"El Hotel"},"content":{"rendered":"\n<p>Un espect\u00e1culo disparatado donde los personajes de un ins\u00f3lito hotel har\u00e1n las delicias de los espectadores.<\/p>\n<p><iframe loading=\"lazy\" title=\"El Hotel\" width=\"500\" height=\"281\" src=\"https:\/\/www.youtube.com\/embed\/WuH483SziQk?feature=oembed\" frameborder=\"0\" allow=\"accelerometer; autoplay; clipboard-write; encrypted-media; gyroscope; picture-in-picture; web-share\" referrerpolicy=\"strict-origin-when-cross-origin\" allowfullscreen><\/iframe><\/p>\n","protected":false},"excerpt":{"rendered":"<div class=\"mh-excerpt\"><\/div>","protected":false},"author":1,"featured_media":0,"parent":0,"menu_order":0,"comment_status":"closed","ping_status":"closed","template":"template-full.php","meta":{"footnotes":""},"class_list":["post-3861","page","type-page","status-publish","hentry"],"_links":{"self":[{"href":"https:\/\/eveniments.es\/home\/wp-json\/wp\/v2\/pages\/3861","targetHints":{"allow":["GET"]}}],"collection":[{"href":"https:\/\/eveniments.es\/home\/wp-json\/wp\/v2\/pages"}],"about":[{"href":"https:\/\/eveniments.es\/home\/wp-json\/wp\/v2\/types\/page"}],"author":[{"embeddable":true,"href":"https:\/\/eveniments.es\/home\/wp-json\/wp\/v2\/users\/1"}],"replies":[{"embeddable":true,"href":"https:\/\/eveniments.es\/home\/wp-json\/wp\/v2\/comments?post=3861"}],"version-history":[{"count":1,"href":"https:\/\/eveniments.es\/home\/wp-json\/wp\/v2\/pages\/3861\/revisions"}],"predecessor-version":[{"id":3862,"href":"https:\/\/eveniments.es\/home\/wp-json\/wp\/v2\/pages\/3861\/revisions\/3862"}],"wp:attachment":[{"href":"https:\/\/eveniments.es\/home\/wp-json\/wp\/v2\/media?parent=3861"}],"curies":[{"name":"wp","href":"https:\/\/api.w.org\/{rel}","templated":true}]}}