{"id":3883,"date":"2020-07-21T13:29:17","date_gmt":"2020-07-21T13:29:17","guid":{"rendered":"https:\/\/eveniments.es\/?page_id=3883"},"modified":"2020-07-21T13:29:18","modified_gmt":"2020-07-21T13:29:18","slug":"cineon-dance-mapping","status":"publish","type":"page","link":"https:\/\/eveniments.es\/home\/cineon-dance-mapping","title":{"rendered":"Cineon-Dance Mapping"},"content":{"rendered":"\n<p>Una invitaci\u00f3n a viajar, so\u00f1ar, jugar donde los sue\u00f1os de la infancia vuelven a surgir y sacuden los principios racionales que gu\u00edan nuestra vida moderna. Comienza el viaje cruzando paisajes virtuales, l\u00edneas, puntos, objetos digitales proyectados sobre superficies, planos que tejen espacios po\u00e9ticos y nos transportan a un mundo on\u00edrico en el que interact\u00faan los bailarines. Im\u00e1genes, sonidos y movimientos se han encontrado en un espect\u00e1culo de gran belleza visual que tiene riesgo al p\u00fablico.<\/p>\n<p><img loading=\"lazy\" decoding=\"async\" class=\"alignnone wp-image-3884\" src=\"https:\/\/eveniments.es\/wp-content\/uploads\/2020\/07\/cineon1--300x200.jpg\" alt=\"\" width=\"1024\" height=\"683\" srcset=\"https:\/\/eveniments.es\/wp-content\/uploads\/2020\/07\/cineon1--300x200.jpg 300w, https:\/\/eveniments.es\/wp-content\/uploads\/2020\/07\/cineon1-.jpg 660w\" sizes=\"auto, (max-width: 1024px) 100vw, 1024px\" \/><img loading=\"lazy\" decoding=\"async\" class=\"alignnone wp-image-3885\" src=\"https:\/\/eveniments.es\/wp-content\/uploads\/2020\/07\/cineon2-225x300.jpg\" alt=\"\" width=\"1024\" height=\"1363\" srcset=\"https:\/\/eveniments.es\/wp-content\/uploads\/2020\/07\/cineon2-225x300.jpg 225w, https:\/\/eveniments.es\/wp-content\/uploads\/2020\/07\/cineon2.jpg 662w\" sizes=\"auto, (max-width: 1024px) 100vw, 1024px\" \/><img loading=\"lazy\" decoding=\"async\" class=\"alignnone wp-image-3886 size-large\" src=\"https:\/\/eveniments.es\/wp-content\/uploads\/2020\/07\/cineon3-1024x340.jpg\" alt=\"\" width=\"1024\" height=\"340\" srcset=\"https:\/\/eveniments.es\/wp-content\/uploads\/2020\/07\/cineon3-1024x340.jpg 1024w, https:\/\/eveniments.es\/wp-content\/uploads\/2020\/07\/cineon3-300x99.jpg 300w, https:\/\/eveniments.es\/wp-content\/uploads\/2020\/07\/cineon3-768x255.jpg 768w, https:\/\/eveniments.es\/wp-content\/uploads\/2020\/07\/cineon3.jpg 1321w\" sizes=\"auto, (max-width: 1024px) 100vw, 1024px\" \/><img loading=\"lazy\" decoding=\"async\" class=\"alignnone wp-image-3888\" src=\"https:\/\/eveniments.es\/wp-content\/uploads\/2020\/07\/cineon5-300x200.jpg\" alt=\"\" width=\"1024\" height=\"684\" srcset=\"https:\/\/eveniments.es\/wp-content\/uploads\/2020\/07\/cineon5-300x200.jpg 300w, https:\/\/eveniments.es\/wp-content\/uploads\/2020\/07\/cineon5.jpg 659w\" sizes=\"auto, (max-width: 1024px) 100vw, 1024px\" \/><img loading=\"lazy\" decoding=\"async\" class=\"alignnone wp-image-3889\" src=\"https:\/\/eveniments.es\/wp-content\/uploads\/2020\/07\/cineon6-225x300.jpg\" alt=\"\" width=\"1024\" height=\"1363\" srcset=\"https:\/\/eveniments.es\/wp-content\/uploads\/2020\/07\/cineon6-225x300.jpg 225w, https:\/\/eveniments.es\/wp-content\/uploads\/2020\/07\/cineon6.jpg 662w\" sizes=\"auto, (max-width: 1024px) 100vw, 1024px\" \/><\/p>\n<p><iframe loading=\"lazy\" title=\"Cineon  Dance &amp; Mapping\" width=\"500\" height=\"281\" src=\"https:\/\/www.youtube.com\/embed\/BVVQBm2j2sI?feature=oembed\" frameborder=\"0\" allow=\"accelerometer; autoplay; clipboard-write; encrypted-media; gyroscope; picture-in-picture; web-share\" referrerpolicy=\"strict-origin-when-cross-origin\" allowfullscreen><\/iframe><\/p>\n","protected":false},"excerpt":{"rendered":"<div class=\"mh-excerpt\"><\/div>","protected":false},"author":1,"featured_media":0,"parent":0,"menu_order":0,"comment_status":"closed","ping_status":"closed","template":"template-full.php","meta":{"footnotes":""},"class_list":["post-3883","page","type-page","status-publish","hentry"],"_links":{"self":[{"href":"https:\/\/eveniments.es\/home\/wp-json\/wp\/v2\/pages\/3883","targetHints":{"allow":["GET"]}}],"collection":[{"href":"https:\/\/eveniments.es\/home\/wp-json\/wp\/v2\/pages"}],"about":[{"href":"https:\/\/eveniments.es\/home\/wp-json\/wp\/v2\/types\/page"}],"author":[{"embeddable":true,"href":"https:\/\/eveniments.es\/home\/wp-json\/wp\/v2\/users\/1"}],"replies":[{"embeddable":true,"href":"https:\/\/eveniments.es\/home\/wp-json\/wp\/v2\/comments?post=3883"}],"version-history":[{"count":1,"href":"https:\/\/eveniments.es\/home\/wp-json\/wp\/v2\/pages\/3883\/revisions"}],"predecessor-version":[{"id":3890,"href":"https:\/\/eveniments.es\/home\/wp-json\/wp\/v2\/pages\/3883\/revisions\/3890"}],"wp:attachment":[{"href":"https:\/\/eveniments.es\/home\/wp-json\/wp\/v2\/media?parent=3883"}],"curies":[{"name":"wp","href":"https:\/\/api.w.org\/{rel}","templated":true}]}}