{"id":3892,"date":"2020-07-21T13:41:45","date_gmt":"2020-07-21T13:41:45","guid":{"rendered":"https:\/\/eveniments.es\/?page_id=3892"},"modified":"2020-07-21T13:41:46","modified_gmt":"2020-07-21T13:41:46","slug":"body-painting","status":"publish","type":"page","link":"https:\/\/eveniments.es\/home\/body-painting","title":{"rendered":"Body Painting"},"content":{"rendered":"\n<p>Contamos con los mejores artistas \/ especialistas del Body Painting. Todos los proyectos se realizan a medida contando con los modelos id\u00f3neos para cada ocasi\u00f3n. Desde modelos profesionales a bailarines, acr\u00f3batas y un largo etc<\/p>\n<p><img loading=\"lazy\" decoding=\"async\" class=\"alignnone wp-image-3893\" src=\"https:\/\/eveniments.es\/wp-content\/uploads\/2020\/07\/19-28-01-bd055f628f6d21ac573e9b54b26240ea-250x300.jpg\" alt=\"\" width=\"1024\" height=\"1229\" srcset=\"https:\/\/eveniments.es\/wp-content\/uploads\/2020\/07\/19-28-01-bd055f628f6d21ac573e9b54b26240ea-250x300.jpg 250w, https:\/\/eveniments.es\/wp-content\/uploads\/2020\/07\/19-28-01-bd055f628f6d21ac573e9b54b26240ea-853x1024.jpg 853w, https:\/\/eveniments.es\/wp-content\/uploads\/2020\/07\/19-28-01-bd055f628f6d21ac573e9b54b26240ea-768x922.jpg 768w, https:\/\/eveniments.es\/wp-content\/uploads\/2020\/07\/19-28-01-bd055f628f6d21ac573e9b54b26240ea.jpg 1000w\" sizes=\"auto, (max-width: 1024px) 100vw, 1024px\" \/><img loading=\"lazy\" decoding=\"async\" class=\"alignnone wp-image-3894\" src=\"https:\/\/eveniments.es\/wp-content\/uploads\/2020\/07\/21-13-00-1582433928ae357dd31fadf81325e3d6-233x300.jpg\" alt=\"\" width=\"1024\" height=\"1317\" srcset=\"https:\/\/eveniments.es\/wp-content\/uploads\/2020\/07\/21-13-00-1582433928ae357dd31fadf81325e3d6-233x300.jpg 233w, https:\/\/eveniments.es\/wp-content\/uploads\/2020\/07\/21-13-00-1582433928ae357dd31fadf81325e3d6.jpg 583w\" sizes=\"auto, (max-width: 1024px) 100vw, 1024px\" \/><img loading=\"lazy\" decoding=\"async\" class=\"alignnone wp-image-3895\" src=\"https:\/\/eveniments.es\/wp-content\/uploads\/2020\/07\/animal-party-300x188.jpg\" alt=\"\" width=\"1024\" height=\"640\" srcset=\"https:\/\/eveniments.es\/wp-content\/uploads\/2020\/07\/animal-party-300x188.jpg 300w, https:\/\/eveniments.es\/wp-content\/uploads\/2020\/07\/animal-party-768x480.jpg 768w, https:\/\/eveniments.es\/wp-content\/uploads\/2020\/07\/animal-party.jpg 800w\" sizes=\"auto, (max-width: 1024px) 100vw, 1024px\" \/><img loading=\"lazy\" decoding=\"async\" class=\"alignnone wp-image-3896\" src=\"https:\/\/eveniments.es\/wp-content\/uploads\/2020\/07\/animal-party--300x188.jpg\" alt=\"\" width=\"1024\" height=\"640\" srcset=\"https:\/\/eveniments.es\/wp-content\/uploads\/2020\/07\/animal-party--300x188.jpg 300w, https:\/\/eveniments.es\/wp-content\/uploads\/2020\/07\/animal-party--768x480.jpg 768w, https:\/\/eveniments.es\/wp-content\/uploads\/2020\/07\/animal-party-.jpg 800w\" sizes=\"auto, (max-width: 1024px) 100vw, 1024px\" \/><img loading=\"lazy\" decoding=\"async\" class=\"alignnone wp-image-3897\" src=\"https:\/\/eveniments.es\/wp-content\/uploads\/2020\/07\/seccion-jpg-81-1457879018-img7155-300x224.jpg\" alt=\"\" width=\"1024\" height=\"765\" srcset=\"https:\/\/eveniments.es\/wp-content\/uploads\/2020\/07\/seccion-jpg-81-1457879018-img7155-300x224.jpg 300w, https:\/\/eveniments.es\/wp-content\/uploads\/2020\/07\/seccion-jpg-81-1457879018-img7155-768x574.jpg 768w, https:\/\/eveniments.es\/wp-content\/uploads\/2020\/07\/seccion-jpg-81-1457879018-img7155-326x245.jpg 326w, https:\/\/eveniments.es\/wp-content\/uploads\/2020\/07\/seccion-jpg-81-1457879018-img7155-80x60.jpg 80w, https:\/\/eveniments.es\/wp-content\/uploads\/2020\/07\/seccion-jpg-81-1457879018-img7155.jpg 800w\" sizes=\"auto, (max-width: 1024px) 100vw, 1024px\" \/><img loading=\"lazy\" decoding=\"async\" class=\"alignnone wp-image-3898\" src=\"https:\/\/eveniments.es\/wp-content\/uploads\/2020\/07\/Dossier-Crearte-events-V9-1-154x300.jpg\" alt=\"\" width=\"1024\" height=\"1992\" srcset=\"https:\/\/eveniments.es\/wp-content\/uploads\/2020\/07\/Dossier-Crearte-events-V9-1-154x300.jpg 154w, https:\/\/eveniments.es\/wp-content\/uploads\/2020\/07\/Dossier-Crearte-events-V9-1-526x1024.jpg 526w, https:\/\/eveniments.es\/wp-content\/uploads\/2020\/07\/Dossier-Crearte-events-V9-1-768x1494.jpg 768w, https:\/\/eveniments.es\/wp-content\/uploads\/2020\/07\/Dossier-Crearte-events-V9-1-790x1536.jpg 790w, https:\/\/eveniments.es\/wp-content\/uploads\/2020\/07\/Dossier-Crearte-events-V9-1.jpg 840w\" sizes=\"auto, (max-width: 1024px) 100vw, 1024px\" \/><img loading=\"lazy\" decoding=\"async\" class=\"alignnone wp-image-3899\" src=\"https:\/\/eveniments.es\/wp-content\/uploads\/2020\/07\/Dossier-Crearte-events-V9-2-196x300.jpg\" alt=\"\" width=\"1024\" height=\"1567\" srcset=\"https:\/\/eveniments.es\/wp-content\/uploads\/2020\/07\/Dossier-Crearte-events-V9-2-196x300.jpg 196w, https:\/\/eveniments.es\/wp-content\/uploads\/2020\/07\/Dossier-Crearte-events-V9-2-669x1024.jpg 669w, https:\/\/eveniments.es\/wp-content\/uploads\/2020\/07\/Dossier-Crearte-events-V9-2-768x1175.jpg 768w, https:\/\/eveniments.es\/wp-content\/uploads\/2020\/07\/Dossier-Crearte-events-V9-2-1004x1536.jpg 1004w, https:\/\/eveniments.es\/wp-content\/uploads\/2020\/07\/Dossier-Crearte-events-V9-2-1339x2048.jpg 1339w, https:\/\/eveniments.es\/wp-content\/uploads\/2020\/07\/Dossier-Crearte-events-V9-2-scaled.jpg 1673w\" sizes=\"auto, (max-width: 1024px) 100vw, 1024px\" \/><img loading=\"lazy\" decoding=\"async\" class=\"alignnone wp-image-3900\" src=\"https:\/\/eveniments.es\/wp-content\/uploads\/2020\/07\/Dossier-Crearte-events-V9-3-225x300.jpg\" alt=\"\" width=\"1024\" height=\"1368\" srcset=\"https:\/\/eveniments.es\/wp-content\/uploads\/2020\/07\/Dossier-Crearte-events-V9-3-225x300.jpg 225w, https:\/\/eveniments.es\/wp-content\/uploads\/2020\/07\/Dossier-Crearte-events-V9-3-766x1024.jpg 766w, https:\/\/eveniments.es\/wp-content\/uploads\/2020\/07\/Dossier-Crearte-events-V9-3-768x1026.jpg 768w, https:\/\/eveniments.es\/wp-content\/uploads\/2020\/07\/Dossier-Crearte-events-V9-3-1149x1536.jpg 1149w, https:\/\/eveniments.es\/wp-content\/uploads\/2020\/07\/Dossier-Crearte-events-V9-3.jpg 1368w\" sizes=\"auto, (max-width: 1024px) 100vw, 1024px\" \/><img loading=\"lazy\" decoding=\"async\" class=\"alignnone wp-image-3901\" src=\"https:\/\/eveniments.es\/wp-content\/uploads\/2020\/07\/Dossier-Crearte-events-V9-4-224x300.jpg\" alt=\"\" width=\"1024\" height=\"1370\" srcset=\"https:\/\/eveniments.es\/wp-content\/uploads\/2020\/07\/Dossier-Crearte-events-V9-4-224x300.jpg 224w, https:\/\/eveniments.es\/wp-content\/uploads\/2020\/07\/Dossier-Crearte-events-V9-4-765x1024.jpg 765w, https:\/\/eveniments.es\/wp-content\/uploads\/2020\/07\/Dossier-Crearte-events-V9-4-768x1028.jpg 768w, https:\/\/eveniments.es\/wp-content\/uploads\/2020\/07\/Dossier-Crearte-events-V9-4-1148x1536.jpg 1148w, https:\/\/eveniments.es\/wp-content\/uploads\/2020\/07\/Dossier-Crearte-events-V9-4.jpg 1361w\" sizes=\"auto, (max-width: 1024px) 100vw, 1024px\" \/><img loading=\"lazy\" decoding=\"async\" class=\"alignnone wp-image-3902 size-large\" src=\"https:\/\/eveniments.es\/wp-content\/uploads\/2020\/07\/Dossier-Crearte-events-V9-5-1024x877.jpg\" alt=\"\" width=\"1024\" height=\"877\" srcset=\"https:\/\/eveniments.es\/wp-content\/uploads\/2020\/07\/Dossier-Crearte-events-V9-5-1024x877.jpg 1024w, https:\/\/eveniments.es\/wp-content\/uploads\/2020\/07\/Dossier-Crearte-events-V9-5-300x257.jpg 300w, https:\/\/eveniments.es\/wp-content\/uploads\/2020\/07\/Dossier-Crearte-events-V9-5-768x658.jpg 768w, https:\/\/eveniments.es\/wp-content\/uploads\/2020\/07\/Dossier-Crearte-events-V9-5.jpg 1228w\" sizes=\"auto, (max-width: 1024px) 100vw, 1024px\" \/><img loading=\"lazy\" decoding=\"async\" class=\"alignnone wp-image-3903\" src=\"https:\/\/eveniments.es\/wp-content\/uploads\/2020\/07\/Dossier-Crearte-events-V9--186x300.jpg\" alt=\"\" width=\"1024\" height=\"1655\" srcset=\"https:\/\/eveniments.es\/wp-content\/uploads\/2020\/07\/Dossier-Crearte-events-V9--186x300.jpg 186w, https:\/\/eveniments.es\/wp-content\/uploads\/2020\/07\/Dossier-Crearte-events-V9--634x1024.jpg 634w, https:\/\/eveniments.es\/wp-content\/uploads\/2020\/07\/Dossier-Crearte-events-V9--768x1241.jpg 768w, https:\/\/eveniments.es\/wp-content\/uploads\/2020\/07\/Dossier-Crearte-events-V9--950x1536.jpg 950w, https:\/\/eveniments.es\/wp-content\/uploads\/2020\/07\/Dossier-Crearte-events-V9-.jpg 980w\" sizes=\"auto, (max-width: 1024px) 100vw, 1024px\" \/><\/p>\n","protected":false},"excerpt":{"rendered":"<div class=\"mh-excerpt\"><\/div>","protected":false},"author":1,"featured_media":0,"parent":0,"menu_order":0,"comment_status":"closed","ping_status":"closed","template":"template-full.php","meta":{"footnotes":""},"class_list":["post-3892","page","type-page","status-publish","hentry"],"_links":{"self":[{"href":"https:\/\/eveniments.es\/home\/wp-json\/wp\/v2\/pages\/3892","targetHints":{"allow":["GET"]}}],"collection":[{"href":"https:\/\/eveniments.es\/home\/wp-json\/wp\/v2\/pages"}],"about":[{"href":"https:\/\/eveniments.es\/home\/wp-json\/wp\/v2\/types\/page"}],"author":[{"embeddable":true,"href":"https:\/\/eveniments.es\/home\/wp-json\/wp\/v2\/users\/1"}],"replies":[{"embeddable":true,"href":"https:\/\/eveniments.es\/home\/wp-json\/wp\/v2\/comments?post=3892"}],"version-history":[{"count":4,"href":"https:\/\/eveniments.es\/home\/wp-json\/wp\/v2\/pages\/3892\/revisions"}],"predecessor-version":[{"id":3907,"href":"https:\/\/eveniments.es\/home\/wp-json\/wp\/v2\/pages\/3892\/revisions\/3907"}],"wp:attachment":[{"href":"https:\/\/eveniments.es\/home\/wp-json\/wp\/v2\/media?parent=3892"}],"curies":[{"name":"wp","href":"https:\/\/api.w.org\/{rel}","templated":true}]}}