{"id":3909,"date":"2020-07-21T13:46:03","date_gmt":"2020-07-21T13:46:03","guid":{"rendered":"https:\/\/eveniments.es\/?page_id=3909"},"modified":"2020-07-21T13:46:04","modified_gmt":"2020-07-21T13:46:04","slug":"lady-carpet","status":"publish","type":"page","link":"https:\/\/eveniments.es\/home\/lady-carpet","title":{"rendered":"Lady Carpet"},"content":{"rendered":"\n<p>Una actriz modelo posa sobre un pedestal, ataviada con un vestido rojo que lleva una cola largu\u00edsima que se convierte en alfombra roja de bienvenida. (12 metros de cola, 10 metros de alfombra textil) <br>Realiza dos intervenciones de 45 \/ 50 minutos con un descanso de 8 minutos entre salida y salida. <br>\u00bfQUE INCLUYE? <br>\u2022Vestuario y caracterizaci\u00f3n completa. <br>\u2022Pedestal <br>\u2022Cola de 10 metros instalada en localizaci\u00f3n a modo de moqueta de bienvenida. Para ello se deber\u00e1 fijar al suelo con cinta de doble cara , permiso de la localizaci\u00f3n para ello. <br>ARTISTA : <br>\u20221 actriz \/ modelo <br>\u20222 asistentes <br>\u2022Transporte de materiales y pedestal<\/p>\n<p><img loading=\"lazy\" decoding=\"async\" class=\"alignnone wp-image-3912\" src=\"https:\/\/eveniments.es\/wp-content\/uploads\/2020\/07\/Lady-carpet3-300x228.jpg\" alt=\"\" width=\"1024\" height=\"780\" srcset=\"https:\/\/eveniments.es\/wp-content\/uploads\/2020\/07\/Lady-carpet3-300x228.jpg 300w, https:\/\/eveniments.es\/wp-content\/uploads\/2020\/07\/Lady-carpet3-768x585.jpg 768w, https:\/\/eveniments.es\/wp-content\/uploads\/2020\/07\/Lady-carpet3-80x60.jpg 80w, https:\/\/eveniments.es\/wp-content\/uploads\/2020\/07\/Lady-carpet3.jpg 788w\" sizes=\"auto, (max-width: 1024px) 100vw, 1024px\" \/><\/p>\n<p><img loading=\"lazy\" decoding=\"async\" class=\"alignnone wp-image-3910\" src=\"https:\/\/eveniments.es\/wp-content\/uploads\/2020\/07\/Lady-Carpet-201x300.jpg\" alt=\"\" width=\"1024\" height=\"1529\" srcset=\"https:\/\/eveniments.es\/wp-content\/uploads\/2020\/07\/Lady-Carpet-201x300.jpg 201w, https:\/\/eveniments.es\/wp-content\/uploads\/2020\/07\/Lady-Carpet.jpg 426w\" sizes=\"auto, (max-width: 1024px) 100vw, 1024px\" \/><img loading=\"lazy\" decoding=\"async\" class=\"alignnone wp-image-3911\" src=\"https:\/\/eveniments.es\/wp-content\/uploads\/2020\/07\/Lady-Carpet1-183x300.jpg\" alt=\"\" width=\"1024\" height=\"1677\" srcset=\"https:\/\/eveniments.es\/wp-content\/uploads\/2020\/07\/Lady-Carpet1-183x300.jpg 183w, https:\/\/eveniments.es\/wp-content\/uploads\/2020\/07\/Lady-Carpet1-625x1024.jpg 625w, https:\/\/eveniments.es\/wp-content\/uploads\/2020\/07\/Lady-Carpet1-768x1258.jpg 768w, https:\/\/eveniments.es\/wp-content\/uploads\/2020\/07\/Lady-Carpet1-938x1536.jpg 938w, https:\/\/eveniments.es\/wp-content\/uploads\/2020\/07\/Lady-Carpet1.jpg 977w\" sizes=\"auto, (max-width: 1024px) 100vw, 1024px\" \/><\/p>\n","protected":false},"excerpt":{"rendered":"<div class=\"mh-excerpt\"><\/div>","protected":false},"author":1,"featured_media":0,"parent":0,"menu_order":0,"comment_status":"closed","ping_status":"closed","template":"template-full.php","meta":{"footnotes":""},"class_list":["post-3909","page","type-page","status-publish","hentry"],"_links":{"self":[{"href":"https:\/\/eveniments.es\/home\/wp-json\/wp\/v2\/pages\/3909","targetHints":{"allow":["GET"]}}],"collection":[{"href":"https:\/\/eveniments.es\/home\/wp-json\/wp\/v2\/pages"}],"about":[{"href":"https:\/\/eveniments.es\/home\/wp-json\/wp\/v2\/types\/page"}],"author":[{"embeddable":true,"href":"https:\/\/eveniments.es\/home\/wp-json\/wp\/v2\/users\/1"}],"replies":[{"embeddable":true,"href":"https:\/\/eveniments.es\/home\/wp-json\/wp\/v2\/comments?post=3909"}],"version-history":[{"count":1,"href":"https:\/\/eveniments.es\/home\/wp-json\/wp\/v2\/pages\/3909\/revisions"}],"predecessor-version":[{"id":3913,"href":"https:\/\/eveniments.es\/home\/wp-json\/wp\/v2\/pages\/3909\/revisions\/3913"}],"wp:attachment":[{"href":"https:\/\/eveniments.es\/home\/wp-json\/wp\/v2\/media?parent=3909"}],"curies":[{"name":"wp","href":"https:\/\/api.w.org\/{rel}","templated":true}]}}