{"id":3927,"date":"2020-07-21T14:01:11","date_gmt":"2020-07-21T14:01:11","guid":{"rendered":"https:\/\/eveniments.es\/?page_id=3927"},"modified":"2020-07-21T14:01:43","modified_gmt":"2020-07-21T14:01:43","slug":"mesas-humanas","status":"publish","type":"page","link":"https:\/\/eveniments.es\/home\/mesas-humanas","title":{"rendered":"Mesas Humanas"},"content":{"rendered":"\n<p>Presentamos una nueva forma para servir comida o bebida en los eventos m\u00e1s especiales. <br>Nuestras glamurosas MESAS HUMANAS alegrar\u00e1n su evento y se pasear\u00e1n elegantemente entre sus invitados entreteni\u00e9ndolos mientras les ofrecen aperitivos, c\u00f3cteles, dulces, tarjetas de identificaci\u00f3n o cualquier otro elemento que desee. Ya sea para tomar un c\u00f3ctel de bienvenida o en la entrada de un gran postre, sus invitados quedar\u00e1n encantados con nuestra exquisitas MESAS HUMANAS <br>Nuestras MESAS HUMANAS convertir\u00e1n tu evento en un acontecimiento \u00fanico que tus invitados no olvidar\u00e1n f\u00e1cilmente. Sin duda, el WOW-effect que estabas esperando para sorprender a tus invitados. <br>Puede elegir cualquiera de nuestros dise\u00f1os o nuestra costurera puede trabajar para crearle un dise\u00f1o personalizado para su evento incorporando la tem\u00e1tica, color o incluso el logo de su empresa o producto. Nosotros dise\u00f1amos y creamos todos nuestros trajes para garantizar la originalidad y calidad profesional. <br>DURACION: 60 \u2013 90 min <br>FORMACI\u00d3N: 1 Artista + T\u00e9cnico<\/p>\n<p>NOTA: Si lo desean se pueden realizar mesas dise\u00f1adas a medidas para el evento<\/p>\n<p><img loading=\"lazy\" decoding=\"async\" class=\"alignnone wp-image-3928\" src=\"https:\/\/eveniments.es\/wp-content\/uploads\/2020\/07\/MESA-HUMANA-1-300x188.jpg\" alt=\"\" width=\"1024\" height=\"640\" srcset=\"https:\/\/eveniments.es\/wp-content\/uploads\/2020\/07\/MESA-HUMANA-1-300x188.jpg 300w, https:\/\/eveniments.es\/wp-content\/uploads\/2020\/07\/MESA-HUMANA-1-768x480.jpg 768w, https:\/\/eveniments.es\/wp-content\/uploads\/2020\/07\/MESA-HUMANA-1.jpg 800w\" sizes=\"auto, (max-width: 1024px) 100vw, 1024px\" \/><img loading=\"lazy\" decoding=\"async\" class=\"alignnone wp-image-3929\" src=\"https:\/\/eveniments.es\/wp-content\/uploads\/2020\/07\/MESA-HUMANA-2-300x188.jpg\" alt=\"\" width=\"1024\" height=\"640\" srcset=\"https:\/\/eveniments.es\/wp-content\/uploads\/2020\/07\/MESA-HUMANA-2-300x188.jpg 300w, https:\/\/eveniments.es\/wp-content\/uploads\/2020\/07\/MESA-HUMANA-2-768x480.jpg 768w, https:\/\/eveniments.es\/wp-content\/uploads\/2020\/07\/MESA-HUMANA-2.jpg 800w\" sizes=\"auto, (max-width: 1024px) 100vw, 1024px\" \/><img loading=\"lazy\" decoding=\"async\" class=\"alignnone wp-image-3930\" src=\"https:\/\/eveniments.es\/wp-content\/uploads\/2020\/07\/MESA-HUMANA-3-300x188.jpg\" alt=\"\" width=\"1024\" height=\"640\" srcset=\"https:\/\/eveniments.es\/wp-content\/uploads\/2020\/07\/MESA-HUMANA-3-300x188.jpg 300w, https:\/\/eveniments.es\/wp-content\/uploads\/2020\/07\/MESA-HUMANA-3-768x480.jpg 768w, https:\/\/eveniments.es\/wp-content\/uploads\/2020\/07\/MESA-HUMANA-3.jpg 800w\" sizes=\"auto, (max-width: 1024px) 100vw, 1024px\" \/><img loading=\"lazy\" decoding=\"async\" class=\"alignnone wp-image-3931\" src=\"https:\/\/eveniments.es\/wp-content\/uploads\/2020\/07\/MESA-HUMANA-4-300x188.jpg\" alt=\"\" width=\"1024\" height=\"640\" srcset=\"https:\/\/eveniments.es\/wp-content\/uploads\/2020\/07\/MESA-HUMANA-4-300x188.jpg 300w, https:\/\/eveniments.es\/wp-content\/uploads\/2020\/07\/MESA-HUMANA-4-768x480.jpg 768w, https:\/\/eveniments.es\/wp-content\/uploads\/2020\/07\/MESA-HUMANA-4.jpg 800w\" sizes=\"auto, (max-width: 1024px) 100vw, 1024px\" \/><\/p>\n","protected":false},"excerpt":{"rendered":"<div class=\"mh-excerpt\"><\/div>","protected":false},"author":1,"featured_media":0,"parent":0,"menu_order":0,"comment_status":"closed","ping_status":"closed","template":"template-full.php","meta":{"footnotes":""},"class_list":["post-3927","page","type-page","status-publish","hentry"],"_links":{"self":[{"href":"https:\/\/eveniments.es\/home\/wp-json\/wp\/v2\/pages\/3927","targetHints":{"allow":["GET"]}}],"collection":[{"href":"https:\/\/eveniments.es\/home\/wp-json\/wp\/v2\/pages"}],"about":[{"href":"https:\/\/eveniments.es\/home\/wp-json\/wp\/v2\/types\/page"}],"author":[{"embeddable":true,"href":"https:\/\/eveniments.es\/home\/wp-json\/wp\/v2\/users\/1"}],"replies":[{"embeddable":true,"href":"https:\/\/eveniments.es\/home\/wp-json\/wp\/v2\/comments?post=3927"}],"version-history":[{"count":2,"href":"https:\/\/eveniments.es\/home\/wp-json\/wp\/v2\/pages\/3927\/revisions"}],"predecessor-version":[{"id":3933,"href":"https:\/\/eveniments.es\/home\/wp-json\/wp\/v2\/pages\/3927\/revisions\/3933"}],"wp:attachment":[{"href":"https:\/\/eveniments.es\/home\/wp-json\/wp\/v2\/media?parent=3927"}],"curies":[{"name":"wp","href":"https:\/\/api.w.org\/{rel}","templated":true}]}}