{"id":3935,"date":"2020-07-21T14:06:28","date_gmt":"2020-07-21T14:06:28","guid":{"rendered":"https:\/\/eveniments.es\/?page_id=3935"},"modified":"2020-07-21T14:06:29","modified_gmt":"2020-07-21T14:06:29","slug":"cibermesa","status":"publish","type":"page","link":"https:\/\/eveniments.es\/home\/cibermesa","title":{"rendered":"Cibermesa"},"content":{"rendered":"\n<p>La mesa humana luminosa transforma el ambiente, creando una atm\u00f3sfera entre los asistentes, ofreciendo una degustaci\u00f3n con una copa de cava que al rellenarla se ilumina, generando una sensaci\u00f3n m\u00e1gica con los colores y la luz. <br>FORMACI\u00d3N: 1 Performance<\/p>\n<p><img loading=\"lazy\" decoding=\"async\" class=\"alignnone wp-image-3936\" src=\"https:\/\/eveniments.es\/wp-content\/uploads\/2020\/07\/Dossier-Crearte-events-V9-copia-300x219.jpg\" alt=\"\" width=\"1024\" height=\"748\" srcset=\"https:\/\/eveniments.es\/wp-content\/uploads\/2020\/07\/Dossier-Crearte-events-V9-copia-300x219.jpg 300w, https:\/\/eveniments.es\/wp-content\/uploads\/2020\/07\/Dossier-Crearte-events-V9-copia-768x561.jpg 768w, https:\/\/eveniments.es\/wp-content\/uploads\/2020\/07\/Dossier-Crearte-events-V9-copia.jpg 821w\" sizes=\"auto, (max-width: 1024px) 100vw, 1024px\" \/><img loading=\"lazy\" decoding=\"async\" class=\"alignnone wp-image-3937\" src=\"https:\/\/eveniments.es\/wp-content\/uploads\/2020\/07\/Dossier-Crearte-events-V9-1-copia.jpg\" alt=\"\" width=\"1024\" height=\"859\"><img loading=\"lazy\" decoding=\"async\" class=\"alignnone wp-image-3938\" src=\"https:\/\/eveniments.es\/wp-content\/uploads\/2020\/07\/Dossier-Crearte-events-V9-6-copia-300x194.jpg\" alt=\"\" width=\"1024\" height=\"661\" srcset=\"https:\/\/eveniments.es\/wp-content\/uploads\/2020\/07\/Dossier-Crearte-events-V9-6-copia-300x194.jpg 300w, https:\/\/eveniments.es\/wp-content\/uploads\/2020\/07\/Dossier-Crearte-events-V9-6-copia.jpg 531w\" sizes=\"auto, (max-width: 1024px) 100vw, 1024px\" \/><\/p>\n","protected":false},"excerpt":{"rendered":"<div class=\"mh-excerpt\"><\/div>","protected":false},"author":1,"featured_media":0,"parent":0,"menu_order":0,"comment_status":"closed","ping_status":"closed","template":"template-full.php","meta":{"footnotes":""},"class_list":["post-3935","page","type-page","status-publish","hentry"],"_links":{"self":[{"href":"https:\/\/eveniments.es\/home\/wp-json\/wp\/v2\/pages\/3935","targetHints":{"allow":["GET"]}}],"collection":[{"href":"https:\/\/eveniments.es\/home\/wp-json\/wp\/v2\/pages"}],"about":[{"href":"https:\/\/eveniments.es\/home\/wp-json\/wp\/v2\/types\/page"}],"author":[{"embeddable":true,"href":"https:\/\/eveniments.es\/home\/wp-json\/wp\/v2\/users\/1"}],"replies":[{"embeddable":true,"href":"https:\/\/eveniments.es\/home\/wp-json\/wp\/v2\/comments?post=3935"}],"version-history":[{"count":1,"href":"https:\/\/eveniments.es\/home\/wp-json\/wp\/v2\/pages\/3935\/revisions"}],"predecessor-version":[{"id":3939,"href":"https:\/\/eveniments.es\/home\/wp-json\/wp\/v2\/pages\/3935\/revisions\/3939"}],"wp:attachment":[{"href":"https:\/\/eveniments.es\/home\/wp-json\/wp\/v2\/media?parent=3935"}],"curies":[{"name":"wp","href":"https:\/\/api.w.org\/{rel}","templated":true}]}}