{"id":3941,"date":"2020-07-21T14:11:12","date_gmt":"2020-07-21T14:11:12","guid":{"rendered":"https:\/\/eveniments.es\/?page_id=3941"},"modified":"2020-07-21T14:11:13","modified_gmt":"2020-07-21T14:11:13","slug":"aqualona","status":"publish","type":"page","link":"https:\/\/eveniments.es\/home\/aqualona","title":{"rendered":"Aqualona"},"content":{"rendered":"\n<p>Bailarinas de nataci\u00f3n sincronizada te deslumbrar\u00e1n con sus impresionantes shows y coreograf\u00edas. Este equipo de acr\u00f3batas del agua no solo hacen coreograf\u00edas plenamente sincronizadas en el agua y saltos incre\u00edbles, tambi\u00e9n juegan con el fuego danzando dentro y fuera de la piscina <br>FORMACI\u00d3N: M\u00ednimo 4 performances<\/p>\n<p><img loading=\"lazy\" decoding=\"async\" class=\"alignnone wp-image-3942\" src=\"https:\/\/eveniments.es\/wp-content\/uploads\/2020\/07\/Dossier-Crearte-events-V9-1-1-300x168.jpg\" alt=\"\" width=\"1024\" height=\"572\" srcset=\"https:\/\/eveniments.es\/wp-content\/uploads\/2020\/07\/Dossier-Crearte-events-V9-1-1-300x168.jpg 300w, https:\/\/eveniments.es\/wp-content\/uploads\/2020\/07\/Dossier-Crearte-events-V9-1-1-768x429.jpg 768w, https:\/\/eveniments.es\/wp-content\/uploads\/2020\/07\/Dossier-Crearte-events-V9-1-1.jpg 960w\" sizes=\"auto, (max-width: 1024px) 100vw, 1024px\" \/><img loading=\"lazy\" decoding=\"async\" class=\"alignnone wp-image-3943\" src=\"https:\/\/eveniments.es\/wp-content\/uploads\/2020\/07\/Dossier-Crearte-events-V9-2-1-300x200.jpg\" alt=\"\" width=\"1024\" height=\"683\" srcset=\"https:\/\/eveniments.es\/wp-content\/uploads\/2020\/07\/Dossier-Crearte-events-V9-2-1-300x200.jpg 300w, https:\/\/eveniments.es\/wp-content\/uploads\/2020\/07\/Dossier-Crearte-events-V9-2-1-768x512.jpg 768w, https:\/\/eveniments.es\/wp-content\/uploads\/2020\/07\/Dossier-Crearte-events-V9-2-1.jpg 960w\" sizes=\"auto, (max-width: 1024px) 100vw, 1024px\" \/><img loading=\"lazy\" decoding=\"async\" class=\"alignnone wp-image-3944\" src=\"https:\/\/eveniments.es\/wp-content\/uploads\/2020\/07\/Dossier-Crearte-events-V9-1-2-300x172.jpg\" alt=\"\" width=\"1024\" height=\"586\" srcset=\"https:\/\/eveniments.es\/wp-content\/uploads\/2020\/07\/Dossier-Crearte-events-V9-1-2-300x172.jpg 300w, https:\/\/eveniments.es\/wp-content\/uploads\/2020\/07\/Dossier-Crearte-events-V9-1-2-768x439.jpg 768w, https:\/\/eveniments.es\/wp-content\/uploads\/2020\/07\/Dossier-Crearte-events-V9-1-2.jpg 900w\" sizes=\"auto, (max-width: 1024px) 100vw, 1024px\" \/><\/p>\n","protected":false},"excerpt":{"rendered":"<div class=\"mh-excerpt\"><\/div>","protected":false},"author":1,"featured_media":0,"parent":0,"menu_order":0,"comment_status":"closed","ping_status":"closed","template":"template-full.php","meta":{"footnotes":""},"class_list":["post-3941","page","type-page","status-publish","hentry"],"_links":{"self":[{"href":"https:\/\/eveniments.es\/home\/wp-json\/wp\/v2\/pages\/3941","targetHints":{"allow":["GET"]}}],"collection":[{"href":"https:\/\/eveniments.es\/home\/wp-json\/wp\/v2\/pages"}],"about":[{"href":"https:\/\/eveniments.es\/home\/wp-json\/wp\/v2\/types\/page"}],"author":[{"embeddable":true,"href":"https:\/\/eveniments.es\/home\/wp-json\/wp\/v2\/users\/1"}],"replies":[{"embeddable":true,"href":"https:\/\/eveniments.es\/home\/wp-json\/wp\/v2\/comments?post=3941"}],"version-history":[{"count":1,"href":"https:\/\/eveniments.es\/home\/wp-json\/wp\/v2\/pages\/3941\/revisions"}],"predecessor-version":[{"id":3945,"href":"https:\/\/eveniments.es\/home\/wp-json\/wp\/v2\/pages\/3941\/revisions\/3945"}],"wp:attachment":[{"href":"https:\/\/eveniments.es\/home\/wp-json\/wp\/v2\/media?parent=3941"}],"curies":[{"name":"wp","href":"https:\/\/api.w.org\/{rel}","templated":true}]}}