{"id":3957,"date":"2020-07-21T14:24:16","date_gmt":"2020-07-21T14:24:16","guid":{"rendered":"https:\/\/eveniments.es\/?page_id=3957"},"modified":"2020-07-21T14:24:17","modified_gmt":"2020-07-21T14:24:17","slug":"comba-acrobatica","status":"publish","type":"page","link":"https:\/\/eveniments.es\/home\/comba-acrobatica","title":{"rendered":"Comba Acrob\u00e1tica"},"content":{"rendered":"\n<p>Pura energ\u00eda en el escenario, con esta disciplina que mezcla baile y acrobacia, campeones del mundo de comba acrob\u00e1tica, un show incre\u00edble y \u00fanico que ha recorrido cientos de platos de TV y muchos eventos de medio mundo. Disponen de varios shows alguno de ellos con iluminaci\u00f3n UV.<\/p>\n<p><br>FORMACI\u00d3N: 4 Artistas <br>DURACI\u00d3N: Seg\u00fan evento<\/p>\n<p><img loading=\"lazy\" decoding=\"async\" class=\"alignnone wp-image-3958\" src=\"https:\/\/eveniments.es\/wp-content\/uploads\/2020\/07\/Dossier-Crearte-events-V9-9-300x166.jpg\" alt=\"\" width=\"1024\" height=\"567\" srcset=\"https:\/\/eveniments.es\/wp-content\/uploads\/2020\/07\/Dossier-Crearte-events-V9-9-300x166.jpg 300w, https:\/\/eveniments.es\/wp-content\/uploads\/2020\/07\/Dossier-Crearte-events-V9-9.jpg 455w\" sizes=\"auto, (max-width: 1024px) 100vw, 1024px\" \/><img loading=\"lazy\" decoding=\"async\" class=\"alignnone wp-image-3959\" src=\"https:\/\/eveniments.es\/wp-content\/uploads\/2020\/07\/Dossier-Crearte-events-V9-10-300x208.jpg\" alt=\"\" width=\"1024\" height=\"709\" srcset=\"https:\/\/eveniments.es\/wp-content\/uploads\/2020\/07\/Dossier-Crearte-events-V9-10-300x208.jpg 300w, https:\/\/eveniments.es\/wp-content\/uploads\/2020\/07\/Dossier-Crearte-events-V9-10.jpg 400w\" sizes=\"auto, (max-width: 1024px) 100vw, 1024px\" \/><\/p>\n","protected":false},"excerpt":{"rendered":"<div class=\"mh-excerpt\"><\/div>","protected":false},"author":1,"featured_media":0,"parent":0,"menu_order":0,"comment_status":"closed","ping_status":"closed","template":"template-full.php","meta":{"footnotes":""},"class_list":["post-3957","page","type-page","status-publish","hentry"],"_links":{"self":[{"href":"https:\/\/eveniments.es\/home\/wp-json\/wp\/v2\/pages\/3957","targetHints":{"allow":["GET"]}}],"collection":[{"href":"https:\/\/eveniments.es\/home\/wp-json\/wp\/v2\/pages"}],"about":[{"href":"https:\/\/eveniments.es\/home\/wp-json\/wp\/v2\/types\/page"}],"author":[{"embeddable":true,"href":"https:\/\/eveniments.es\/home\/wp-json\/wp\/v2\/users\/1"}],"replies":[{"embeddable":true,"href":"https:\/\/eveniments.es\/home\/wp-json\/wp\/v2\/comments?post=3957"}],"version-history":[{"count":1,"href":"https:\/\/eveniments.es\/home\/wp-json\/wp\/v2\/pages\/3957\/revisions"}],"predecessor-version":[{"id":3960,"href":"https:\/\/eveniments.es\/home\/wp-json\/wp\/v2\/pages\/3957\/revisions\/3960"}],"wp:attachment":[{"href":"https:\/\/eveniments.es\/home\/wp-json\/wp\/v2\/media?parent=3957"}],"curies":[{"name":"wp","href":"https:\/\/api.w.org\/{rel}","templated":true}]}}