{"id":3970,"date":"2020-07-21T14:46:04","date_gmt":"2020-07-21T14:46:04","guid":{"rendered":"https:\/\/eveniments.es\/?page_id=3970"},"modified":"2020-07-21T14:46:05","modified_gmt":"2020-07-21T14:46:05","slug":"tributo-moulin-rouge","status":"publish","type":"page","link":"https:\/\/eveniments.es\/home\/tributo-moulin-rouge","title":{"rendered":"Tributo Moulin Rouge"},"content":{"rendered":"\n<p><br>El Moulin Rouge es un famoso cabaret parisino, construido en 1889 por el espa\u00f1ol Josep Oller, que tambi\u00e9n era propietario del Olympia y Charles Zidler. Est\u00e1 situado en el barrio rojo de Pigalle en el n\u00famero 82 del Boulevard de Clichy, al pie de Montmartre, en el distrito 18 Par\u00eds,. A trav\u00e9s de este espect\u00e1culo rendimos tributo a este maravilloso lugar que ha creado escuela en todo el mundo.<\/p>\n<p><br>FORMACI\u00d3N: 9 artistas <br>INCLUYE: alojamiento, desplazamiento y dietas <br>NO INCLUYE: sonido e iluminaci\u00f3n ni t\u00e9cnico<\/p>\n<p><img loading=\"lazy\" decoding=\"async\" class=\"alignnone wp-image-3971 size-large\" src=\"https:\/\/eveniments.es\/wp-content\/uploads\/2020\/07\/Dossier-Crearte-events-V9-1-5-1024x664.jpg\" alt=\"\" width=\"1024\" height=\"664\" srcset=\"https:\/\/eveniments.es\/wp-content\/uploads\/2020\/07\/Dossier-Crearte-events-V9-1-5-1024x664.jpg 1024w, https:\/\/eveniments.es\/wp-content\/uploads\/2020\/07\/Dossier-Crearte-events-V9-1-5-300x194.jpg 300w, https:\/\/eveniments.es\/wp-content\/uploads\/2020\/07\/Dossier-Crearte-events-V9-1-5-768x498.jpg 768w, https:\/\/eveniments.es\/wp-content\/uploads\/2020\/07\/Dossier-Crearte-events-V9-1-5-1536x995.jpg 1536w, https:\/\/eveniments.es\/wp-content\/uploads\/2020\/07\/Dossier-Crearte-events-V9-1-5.jpg 1676w\" sizes=\"auto, (max-width: 1024px) 100vw, 1024px\" \/><img loading=\"lazy\" decoding=\"async\" class=\"alignnone wp-image-3972 size-large\" src=\"https:\/\/eveniments.es\/wp-content\/uploads\/2020\/07\/Dossier-Crearte-events-V9-2-2-1024x840.jpg\" alt=\"\" width=\"1024\" height=\"840\" srcset=\"https:\/\/eveniments.es\/wp-content\/uploads\/2020\/07\/Dossier-Crearte-events-V9-2-2-1024x840.jpg 1024w, https:\/\/eveniments.es\/wp-content\/uploads\/2020\/07\/Dossier-Crearte-events-V9-2-2-300x246.jpg 300w, https:\/\/eveniments.es\/wp-content\/uploads\/2020\/07\/Dossier-Crearte-events-V9-2-2-768x630.jpg 768w, https:\/\/eveniments.es\/wp-content\/uploads\/2020\/07\/Dossier-Crearte-events-V9-2-2-1536x1260.jpg 1536w, https:\/\/eveniments.es\/wp-content\/uploads\/2020\/07\/Dossier-Crearte-events-V9-2-2.jpg 1582w\" sizes=\"auto, (max-width: 1024px) 100vw, 1024px\" \/><img loading=\"lazy\" decoding=\"async\" class=\"alignnone wp-image-3974\" src=\"https:\/\/eveniments.es\/wp-content\/uploads\/2020\/07\/Dossier-Crearte-events-V9-1-6-250x300.jpg\" alt=\"\" width=\"1024\" height=\"1230\" srcset=\"https:\/\/eveniments.es\/wp-content\/uploads\/2020\/07\/Dossier-Crearte-events-V9-1-6-250x300.jpg 250w, https:\/\/eveniments.es\/wp-content\/uploads\/2020\/07\/Dossier-Crearte-events-V9-1-6-768x923.jpg 768w, https:\/\/eveniments.es\/wp-content\/uploads\/2020\/07\/Dossier-Crearte-events-V9-1-6.jpg 834w\" sizes=\"auto, (max-width: 1024px) 100vw, 1024px\" \/><\/p>\n","protected":false},"excerpt":{"rendered":"<div class=\"mh-excerpt\"><\/div>","protected":false},"author":1,"featured_media":0,"parent":0,"menu_order":0,"comment_status":"closed","ping_status":"closed","template":"template-full.php","meta":{"footnotes":""},"class_list":["post-3970","page","type-page","status-publish","hentry"],"_links":{"self":[{"href":"https:\/\/eveniments.es\/home\/wp-json\/wp\/v2\/pages\/3970","targetHints":{"allow":["GET"]}}],"collection":[{"href":"https:\/\/eveniments.es\/home\/wp-json\/wp\/v2\/pages"}],"about":[{"href":"https:\/\/eveniments.es\/home\/wp-json\/wp\/v2\/types\/page"}],"author":[{"embeddable":true,"href":"https:\/\/eveniments.es\/home\/wp-json\/wp\/v2\/users\/1"}],"replies":[{"embeddable":true,"href":"https:\/\/eveniments.es\/home\/wp-json\/wp\/v2\/comments?post=3970"}],"version-history":[{"count":2,"href":"https:\/\/eveniments.es\/home\/wp-json\/wp\/v2\/pages\/3970\/revisions"}],"predecessor-version":[{"id":3976,"href":"https:\/\/eveniments.es\/home\/wp-json\/wp\/v2\/pages\/3970\/revisions\/3976"}],"wp:attachment":[{"href":"https:\/\/eveniments.es\/home\/wp-json\/wp\/v2\/media?parent=3970"}],"curies":[{"name":"wp","href":"https:\/\/api.w.org\/{rel}","templated":true}]}}