{"id":3992,"date":"2020-07-21T15:10:05","date_gmt":"2020-07-21T15:10:05","guid":{"rendered":"https:\/\/eveniments.es\/?page_id=3992"},"modified":"2020-07-21T15:10:06","modified_gmt":"2020-07-21T15:10:06","slug":"luminitronix","status":"publish","type":"page","link":"https:\/\/eveniments.es\/home\/luminitronix","title":{"rendered":"Luminitronix"},"content":{"rendered":"\n<p>\u00bfY si la figura humana desapareciese y solo quedase luz? Eso es lo que ocurre en este espect\u00e1culo coreografiado en el que dos artistas armadas con l\u00e1sers juegan a convertirse en solo luz. <br>Luminitronix es una performance de \u00faltima generaci\u00f3n, basada en trajes LED digital controlados independientemente a ritmo de la m\u00fasica, que fusionan el concepto de la danza y la tecnolog\u00eda digital para crear una atm\u00f3sfera \u00fanica e inigualable para el espectador. Una explosi\u00f3n art\u00edstica en toda regla.<\/p>\n<p><img loading=\"lazy\" decoding=\"async\" class=\"alignnone wp-image-3993\" src=\"https:\/\/eveniments.es\/wp-content\/uploads\/2020\/07\/Dossier-Crearte-events-V9-1-10-300x182.jpg\" alt=\"\" width=\"1024\" height=\"622\" srcset=\"https:\/\/eveniments.es\/wp-content\/uploads\/2020\/07\/Dossier-Crearte-events-V9-1-10-300x182.jpg 300w, https:\/\/eveniments.es\/wp-content\/uploads\/2020\/07\/Dossier-Crearte-events-V9-1-10.jpg 604w\" sizes=\"auto, (max-width: 1024px) 100vw, 1024px\" \/><img loading=\"lazy\" decoding=\"async\" class=\"alignnone wp-image-3994 size-large\" src=\"https:\/\/eveniments.es\/wp-content\/uploads\/2020\/07\/Dossier-Crearte-events-V9-2-4-1024x796.jpg\" alt=\"\" width=\"1024\" height=\"796\" srcset=\"https:\/\/eveniments.es\/wp-content\/uploads\/2020\/07\/Dossier-Crearte-events-V9-2-4-1024x796.jpg 1024w, https:\/\/eveniments.es\/wp-content\/uploads\/2020\/07\/Dossier-Crearte-events-V9-2-4-300x233.jpg 300w, https:\/\/eveniments.es\/wp-content\/uploads\/2020\/07\/Dossier-Crearte-events-V9-2-4-768x597.jpg 768w, https:\/\/eveniments.es\/wp-content\/uploads\/2020\/07\/Dossier-Crearte-events-V9-2-4.jpg 1366w\" sizes=\"auto, (max-width: 1024px) 100vw, 1024px\" \/><\/p>\n<p><iframe loading=\"lazy\" title=\"Luminitronix\" width=\"500\" height=\"281\" src=\"https:\/\/www.youtube.com\/embed\/SWQMC6XPM30?feature=oembed\" frameborder=\"0\" allow=\"accelerometer; autoplay; clipboard-write; encrypted-media; gyroscope; picture-in-picture; web-share\" referrerpolicy=\"strict-origin-when-cross-origin\" allowfullscreen><\/iframe><\/p>\n","protected":false},"excerpt":{"rendered":"<div class=\"mh-excerpt\"><\/div>","protected":false},"author":1,"featured_media":0,"parent":0,"menu_order":0,"comment_status":"closed","ping_status":"closed","template":"template-full.php","meta":{"footnotes":""},"class_list":["post-3992","page","type-page","status-publish","hentry"],"_links":{"self":[{"href":"https:\/\/eveniments.es\/home\/wp-json\/wp\/v2\/pages\/3992","targetHints":{"allow":["GET"]}}],"collection":[{"href":"https:\/\/eveniments.es\/home\/wp-json\/wp\/v2\/pages"}],"about":[{"href":"https:\/\/eveniments.es\/home\/wp-json\/wp\/v2\/types\/page"}],"author":[{"embeddable":true,"href":"https:\/\/eveniments.es\/home\/wp-json\/wp\/v2\/users\/1"}],"replies":[{"embeddable":true,"href":"https:\/\/eveniments.es\/home\/wp-json\/wp\/v2\/comments?post=3992"}],"version-history":[{"count":1,"href":"https:\/\/eveniments.es\/home\/wp-json\/wp\/v2\/pages\/3992\/revisions"}],"predecessor-version":[{"id":3995,"href":"https:\/\/eveniments.es\/home\/wp-json\/wp\/v2\/pages\/3992\/revisions\/3995"}],"wp:attachment":[{"href":"https:\/\/eveniments.es\/home\/wp-json\/wp\/v2\/media?parent=3992"}],"curies":[{"name":"wp","href":"https:\/\/api.w.org\/{rel}","templated":true}]}}