{"id":4008,"date":"2020-07-21T15:28:55","date_gmt":"2020-07-21T15:28:55","guid":{"rendered":"https:\/\/eveniments.es\/?page_id=4008"},"modified":"2020-07-21T15:28:57","modified_gmt":"2020-07-21T15:28:57","slug":"alas-de-isis-ledparaguas","status":"publish","type":"page","link":"https:\/\/eveniments.es\/home\/alas-de-isis-ledparaguas","title":{"rendered":"Alas de Isis Led+Paraguas"},"content":{"rendered":"\n<p>\u201cLas alas de Isis\u201d es un estilo de danza egipcia que se basa en coreograf\u00edas en las que las bailarinas juegan con las telas de sus brazos, de tal modo que forman preciosas figuras en movimiento. <br>Con las alas de isis representaremos con la danza las estrellas. <br>Con los paraguas representaremos que estamos cubiertos metaf\u00f3ricamente hablando teniendo en cuenta el sector de la empresa en cuesti\u00f3n. <br>Para este evento realizar\u00edamos un coreograf\u00eda creada 100% a medida en la que a trav\u00e9s de la historia musical los paraguas sincronizados con la m\u00fasica van cambiando de color desde colores mas oscuros para simular con la danza la protecci\u00f3n de la tormenta a finalizar con el color verde s\u00edntoma de salud del campo. <br>A esta propuesta se le pueden incluir otros personajes y elementos si el presupuesto lo permite e incluso visuales que aporten una experiencia mas impactante. <br>DURACI\u00d3N: 5- 8 minutos aprox <br>BAILARINAS: 4 \/ 8<\/p>\n<p><img loading=\"lazy\" decoding=\"async\" class=\"alignnone wp-image-4009\" src=\"https:\/\/eveniments.es\/wp-content\/uploads\/2020\/07\/Dossier-Crearte-events-V9-13-300x300.jpg\" alt=\"\" width=\"1024\" height=\"1024\" srcset=\"https:\/\/eveniments.es\/wp-content\/uploads\/2020\/07\/Dossier-Crearte-events-V9-13-300x300.jpg 300w, https:\/\/eveniments.es\/wp-content\/uploads\/2020\/07\/Dossier-Crearte-events-V9-13-150x150.jpg 150w, https:\/\/eveniments.es\/wp-content\/uploads\/2020\/07\/Dossier-Crearte-events-V9-13.jpg 640w\" sizes=\"auto, (max-width: 1024px) 100vw, 1024px\" \/><img loading=\"lazy\" decoding=\"async\" class=\"alignnone wp-image-4010 size-large\" src=\"https:\/\/eveniments.es\/wp-content\/uploads\/2020\/07\/Dossier-Crearte-events-V9-12-1024x567.jpg\" alt=\"\" width=\"1024\" height=\"567\" srcset=\"https:\/\/eveniments.es\/wp-content\/uploads\/2020\/07\/Dossier-Crearte-events-V9-12-1024x567.jpg 1024w, https:\/\/eveniments.es\/wp-content\/uploads\/2020\/07\/Dossier-Crearte-events-V9-12-300x166.jpg 300w, https:\/\/eveniments.es\/wp-content\/uploads\/2020\/07\/Dossier-Crearte-events-V9-12-768x425.jpg 768w, https:\/\/eveniments.es\/wp-content\/uploads\/2020\/07\/Dossier-Crearte-events-V9-12.jpg 1294w\" sizes=\"auto, (max-width: 1024px) 100vw, 1024px\" \/><img loading=\"lazy\" decoding=\"async\" class=\"alignnone wp-image-4011 size-large\" src=\"https:\/\/eveniments.es\/wp-content\/uploads\/2020\/07\/Dossier-Crearte-events-V9-11-1-1024x631.jpg\" alt=\"\" width=\"1024\" height=\"631\" srcset=\"https:\/\/eveniments.es\/wp-content\/uploads\/2020\/07\/Dossier-Crearte-events-V9-11-1-1024x631.jpg 1024w, https:\/\/eveniments.es\/wp-content\/uploads\/2020\/07\/Dossier-Crearte-events-V9-11-1-300x185.jpg 300w, https:\/\/eveniments.es\/wp-content\/uploads\/2020\/07\/Dossier-Crearte-events-V9-11-1-768x473.jpg 768w, https:\/\/eveniments.es\/wp-content\/uploads\/2020\/07\/Dossier-Crearte-events-V9-11-1.jpg 1162w\" sizes=\"auto, (max-width: 1024px) 100vw, 1024px\" \/><img loading=\"lazy\" decoding=\"async\" class=\"alignnone wp-image-4012\" src=\"https:\/\/eveniments.es\/wp-content\/uploads\/2020\/07\/Dossier-Crearte-events-V9-10-1-300x169.jpg\" alt=\"\" width=\"1024\" height=\"577\" srcset=\"https:\/\/eveniments.es\/wp-content\/uploads\/2020\/07\/Dossier-Crearte-events-V9-10-1-300x169.jpg 300w, https:\/\/eveniments.es\/wp-content\/uploads\/2020\/07\/Dossier-Crearte-events-V9-10-1-768x433.jpg 768w, https:\/\/eveniments.es\/wp-content\/uploads\/2020\/07\/Dossier-Crearte-events-V9-10-1-678x381.jpg 678w, https:\/\/eveniments.es\/wp-content\/uploads\/2020\/07\/Dossier-Crearte-events-V9-10-1.jpg 852w\" sizes=\"auto, (max-width: 1024px) 100vw, 1024px\" \/><\/p>\n<p><iframe loading=\"lazy\" title=\"Cibernetic Dreams Paraguas\" width=\"500\" height=\"281\" src=\"https:\/\/www.youtube.com\/embed\/xwCYmhOey0k?feature=oembed\" frameborder=\"0\" allow=\"accelerometer; autoplay; clipboard-write; encrypted-media; gyroscope; picture-in-picture; web-share\" referrerpolicy=\"strict-origin-when-cross-origin\" allowfullscreen><\/iframe><\/p>\n","protected":false},"excerpt":{"rendered":"<div class=\"mh-excerpt\"><\/div>","protected":false},"author":1,"featured_media":0,"parent":0,"menu_order":0,"comment_status":"closed","ping_status":"closed","template":"template-full.php","meta":{"footnotes":""},"class_list":["post-4008","page","type-page","status-publish","hentry"],"_links":{"self":[{"href":"https:\/\/eveniments.es\/home\/wp-json\/wp\/v2\/pages\/4008","targetHints":{"allow":["GET"]}}],"collection":[{"href":"https:\/\/eveniments.es\/home\/wp-json\/wp\/v2\/pages"}],"about":[{"href":"https:\/\/eveniments.es\/home\/wp-json\/wp\/v2\/types\/page"}],"author":[{"embeddable":true,"href":"https:\/\/eveniments.es\/home\/wp-json\/wp\/v2\/users\/1"}],"replies":[{"embeddable":true,"href":"https:\/\/eveniments.es\/home\/wp-json\/wp\/v2\/comments?post=4008"}],"version-history":[{"count":1,"href":"https:\/\/eveniments.es\/home\/wp-json\/wp\/v2\/pages\/4008\/revisions"}],"predecessor-version":[{"id":4013,"href":"https:\/\/eveniments.es\/home\/wp-json\/wp\/v2\/pages\/4008\/revisions\/4013"}],"wp:attachment":[{"href":"https:\/\/eveniments.es\/home\/wp-json\/wp\/v2\/media?parent=4008"}],"curies":[{"name":"wp","href":"https:\/\/api.w.org\/{rel}","templated":true}]}}