{"id":4030,"date":"2020-07-21T15:58:35","date_gmt":"2020-07-21T15:58:35","guid":{"rendered":"https:\/\/eveniments.es\/?page_id=4030"},"modified":"2020-07-21T15:58:37","modified_gmt":"2020-07-21T15:58:37","slug":"danza-body-percussion-pro","status":"publish","type":"page","link":"https:\/\/eveniments.es\/home\/danza-body-percussion-pro","title":{"rendered":"Danza &#038; Body Percussion Pro"},"content":{"rendered":"\n<p><br>Espect\u00e1culo de empoderamiento y muy participado que entremezcla diferentes disciplinas. <br>Los artistas a la vez que realizan body percusi\u00f3n chillan diferentes gritos de guerra que suben la energ\u00eda. Cuenta con una parte participativa en la que se unen al p\u00fablico. <br>Combinan el show con danza y diferentes disciplinas de la misma y acrobacias <br>El grupo de Body percussion cuenta con con acr\u00f3batas, bailarines de popping y un beatbox que hace de maestro de ceremonias <br>La formaci\u00f3n incluye al SUBCAMPE\u00d3N DE GOT TALENT ESPA\u00d1A <\/p>\n<p>OPCI\u00d3N PREMIUM: N\u00daMERO ARTISTAS: 10 + 1 core\u00f3grafa <br>&#8211; 5 artistas de Body percusi\u00f3n. Ver video <br>&#8211; 2 Acr\u00f3batas <br>&#8211; 1 bailar\u00edn de Popping. <br>&#8211; 1 Beatbox <br>&#8211; 1malabarista (podr\u00eda hacer malabares en forma de Juice) <br>OPCI\u00d3N BASIC: N\u00daMERO ARTISTAS: 19 + 1 core\u00f3grafa <br>&#8211; 16 artistas de Body percusi\u00f3n. Ver video <br>&#8211; 2 Acr\u00f3batas <br>&#8211; 1 bailar\u00edn de Popping. <br>&#8211; 1 Beatbox<\/p>\n<p><img loading=\"lazy\" decoding=\"async\" class=\"alignnone wp-image-4031\" src=\"https:\/\/eveniments.es\/wp-content\/uploads\/2020\/07\/Dossier-Crearte-events-V9-26-300x259.jpg\" alt=\"\" width=\"1024\" height=\"883\" srcset=\"https:\/\/eveniments.es\/wp-content\/uploads\/2020\/07\/Dossier-Crearte-events-V9-26-300x259.jpg 300w, https:\/\/eveniments.es\/wp-content\/uploads\/2020\/07\/Dossier-Crearte-events-V9-26-768x662.jpg 768w, https:\/\/eveniments.es\/wp-content\/uploads\/2020\/07\/Dossier-Crearte-events-V9-26.jpg 884w\" sizes=\"auto, (max-width: 1024px) 100vw, 1024px\" \/><img loading=\"lazy\" decoding=\"async\" class=\"alignnone wp-image-4032 size-large\" src=\"https:\/\/eveniments.es\/wp-content\/uploads\/2020\/07\/Dossier-Crearte-events-V9-25-1024x510.jpg\" alt=\"\" width=\"1024\" height=\"510\" srcset=\"https:\/\/eveniments.es\/wp-content\/uploads\/2020\/07\/Dossier-Crearte-events-V9-25-1024x510.jpg 1024w, https:\/\/eveniments.es\/wp-content\/uploads\/2020\/07\/Dossier-Crearte-events-V9-25-300x149.jpg 300w, https:\/\/eveniments.es\/wp-content\/uploads\/2020\/07\/Dossier-Crearte-events-V9-25-768x383.jpg 768w, https:\/\/eveniments.es\/wp-content\/uploads\/2020\/07\/Dossier-Crearte-events-V9-25.jpg 1140w\" sizes=\"auto, (max-width: 1024px) 100vw, 1024px\" \/><img loading=\"lazy\" decoding=\"async\" class=\"alignnone wp-image-4033\" src=\"https:\/\/eveniments.es\/wp-content\/uploads\/2020\/07\/Dossier-Crearte-events-V9-24-300x199.jpg\" alt=\"\" width=\"1024\" height=\"680\" srcset=\"https:\/\/eveniments.es\/wp-content\/uploads\/2020\/07\/Dossier-Crearte-events-V9-24-300x199.jpg 300w, https:\/\/eveniments.es\/wp-content\/uploads\/2020\/07\/Dossier-Crearte-events-V9-24.jpg 720w\" sizes=\"auto, (max-width: 1024px) 100vw, 1024px\" \/><img loading=\"lazy\" decoding=\"async\" class=\"alignnone wp-image-4034 size-large\" src=\"https:\/\/eveniments.es\/wp-content\/uploads\/2020\/07\/Dossier-Crearte-events-V9-23-1024x509.jpg\" alt=\"\" width=\"1024\" height=\"509\" srcset=\"https:\/\/eveniments.es\/wp-content\/uploads\/2020\/07\/Dossier-Crearte-events-V9-23-1024x509.jpg 1024w, https:\/\/eveniments.es\/wp-content\/uploads\/2020\/07\/Dossier-Crearte-events-V9-23-300x149.jpg 300w, https:\/\/eveniments.es\/wp-content\/uploads\/2020\/07\/Dossier-Crearte-events-V9-23-768x382.jpg 768w, https:\/\/eveniments.es\/wp-content\/uploads\/2020\/07\/Dossier-Crearte-events-V9-23.jpg 1142w\" sizes=\"auto, (max-width: 1024px) 100vw, 1024px\" \/><img loading=\"lazy\" decoding=\"async\" class=\"alignnone wp-image-4035\" src=\"https:\/\/eveniments.es\/wp-content\/uploads\/2020\/07\/Dossier-Crearte-events-V9-22-300x297.jpg\" alt=\"\" width=\"1024\" height=\"1013\" srcset=\"https:\/\/eveniments.es\/wp-content\/uploads\/2020\/07\/Dossier-Crearte-events-V9-22-300x297.jpg 300w, https:\/\/eveniments.es\/wp-content\/uploads\/2020\/07\/Dossier-Crearte-events-V9-22.jpg 742w\" sizes=\"auto, (max-width: 1024px) 100vw, 1024px\" \/><\/p>\n<p><iframe loading=\"lazy\" title=\"FLASH MOB\" width=\"500\" height=\"281\" src=\"https:\/\/www.youtube.com\/embed\/AIditb3r0H0?feature=oembed\" frameborder=\"0\" allow=\"accelerometer; autoplay; clipboard-write; encrypted-media; gyroscope; picture-in-picture; web-share\" referrerpolicy=\"strict-origin-when-cross-origin\" allowfullscreen><\/iframe><\/p>\n","protected":false},"excerpt":{"rendered":"<div class=\"mh-excerpt\"><\/div>","protected":false},"author":1,"featured_media":0,"parent":0,"menu_order":0,"comment_status":"closed","ping_status":"closed","template":"template-full.php","meta":{"footnotes":""},"class_list":["post-4030","page","type-page","status-publish","hentry"],"_links":{"self":[{"href":"https:\/\/eveniments.es\/home\/wp-json\/wp\/v2\/pages\/4030","targetHints":{"allow":["GET"]}}],"collection":[{"href":"https:\/\/eveniments.es\/home\/wp-json\/wp\/v2\/pages"}],"about":[{"href":"https:\/\/eveniments.es\/home\/wp-json\/wp\/v2\/types\/page"}],"author":[{"embeddable":true,"href":"https:\/\/eveniments.es\/home\/wp-json\/wp\/v2\/users\/1"}],"replies":[{"embeddable":true,"href":"https:\/\/eveniments.es\/home\/wp-json\/wp\/v2\/comments?post=4030"}],"version-history":[{"count":1,"href":"https:\/\/eveniments.es\/home\/wp-json\/wp\/v2\/pages\/4030\/revisions"}],"predecessor-version":[{"id":4036,"href":"https:\/\/eveniments.es\/home\/wp-json\/wp\/v2\/pages\/4030\/revisions\/4036"}],"wp:attachment":[{"href":"https:\/\/eveniments.es\/home\/wp-json\/wp\/v2\/media?parent=4030"}],"curies":[{"name":"wp","href":"https:\/\/api.w.org\/{rel}","templated":true}]}}