{"id":4038,"date":"2020-07-21T16:03:19","date_gmt":"2020-07-21T16:03:19","guid":{"rendered":"https:\/\/eveniments.es\/?page_id=4038"},"modified":"2020-07-21T16:06:47","modified_gmt":"2020-07-21T16:06:47","slug":"doble-michael-jackson","status":"publish","type":"page","link":"https:\/\/eveniments.es\/home\/doble-michael-jackson","title":{"rendered":"Doble Michael Jackson"},"content":{"rendered":"\n<p>El espect\u00e1culo es un recorrido por todos los m\u00e1s destacados \u00e9xitos de la discograf\u00eda de Michael Jackson, escenificados e interpretados como en un concierto, pudiendo ser unipersonal o con bailarines, pudi\u00e9ndose incluir de 2 a 6 bailarines, algunos de ellos conocidos del programa fama y otras giras y televisiones con otros artistas, adaptables a cualquier formato de show y contrataci\u00f3n. <br>El show adem\u00e1s es enriquecido con efectos especiales como turbina efecto aire\/ hurac\u00e1n como en el tema (\u201cBlack or White\u201d en concierto), pirot\u00e9cnia (siempre que las condiciones atmosf\u00e9ricas y f\u00edsicas del lugar lo permitan, explosi\u00f3n conffetis, inclinaci\u00f3n 90 grados (como en el videoclip \u201cSmooth Criminal\u201d y otros varios efectos de magia\u2026. <br>Duraci\u00f3n: 40\/45min aprox o dividirlo en 3 pases de unos 12\/13 min(aunque es flexible a la adaptaci\u00f3n que se requiera) <br>Para el show es imprescindible pantalla de proyecci\u00f3n y proyector que dispondr\u00e1n el contratista, junto con el rider t\u00e9cnico (descrito abajo), <br>donde se proyectan diferentes videos audiovisuales que arropan el espect\u00e1culo, presentaciones y dem\u00e1s efectos de grabaciones. <br>-Por supuesto se incluye posado photocall y acto presencia as\u00ed como atenci\u00f3n a todo el p\u00fablico y personalidades requeridas, para fotos, protocolo&#8230;.<\/p>\n<p><img loading=\"lazy\" decoding=\"async\" class=\"alignnone wp-image-4040\" src=\"https:\/\/eveniments.es\/wp-content\/uploads\/2020\/07\/Dossier-Crearte-events-V9-28-300x198.jpg\" alt=\"\" width=\"1024\" height=\"675\" srcset=\"https:\/\/eveniments.es\/wp-content\/uploads\/2020\/07\/Dossier-Crearte-events-V9-28-300x198.jpg 300w, https:\/\/eveniments.es\/wp-content\/uploads\/2020\/07\/Dossier-Crearte-events-V9-28-768x506.jpg 768w, https:\/\/eveniments.es\/wp-content\/uploads\/2020\/07\/Dossier-Crearte-events-V9-28.jpg 892w\" sizes=\"auto, (max-width: 1024px) 100vw, 1024px\" \/><img loading=\"lazy\" decoding=\"async\" class=\"alignnone wp-image-4041\" src=\"https:\/\/eveniments.es\/wp-content\/uploads\/2020\/07\/Dossier-Crearte-events-V9-27-300x196.jpg\" alt=\"\" width=\"1024\" height=\"671\" srcset=\"https:\/\/eveniments.es\/wp-content\/uploads\/2020\/07\/Dossier-Crearte-events-V9-27-300x196.jpg 300w, https:\/\/eveniments.es\/wp-content\/uploads\/2020\/07\/Dossier-Crearte-events-V9-27-768x503.jpg 768w, https:\/\/eveniments.es\/wp-content\/uploads\/2020\/07\/Dossier-Crearte-events-V9-27.jpg 904w\" sizes=\"auto, (max-width: 1024px) 100vw, 1024px\" \/><\/p>\n<p><iframe loading=\"lazy\" title=\"Doble Michael Jackson\" width=\"500\" height=\"375\" src=\"https:\/\/www.youtube.com\/embed\/uGep5uK1WYw?feature=oembed\" frameborder=\"0\" allow=\"accelerometer; autoplay; clipboard-write; encrypted-media; gyroscope; picture-in-picture; web-share\" referrerpolicy=\"strict-origin-when-cross-origin\" allowfullscreen><\/iframe><\/p>\n","protected":false},"excerpt":{"rendered":"<div class=\"mh-excerpt\"><\/div>","protected":false},"author":1,"featured_media":0,"parent":0,"menu_order":0,"comment_status":"closed","ping_status":"closed","template":"template-full.php","meta":{"footnotes":""},"class_list":["post-4038","page","type-page","status-publish","hentry"],"_links":{"self":[{"href":"https:\/\/eveniments.es\/home\/wp-json\/wp\/v2\/pages\/4038","targetHints":{"allow":["GET"]}}],"collection":[{"href":"https:\/\/eveniments.es\/home\/wp-json\/wp\/v2\/pages"}],"about":[{"href":"https:\/\/eveniments.es\/home\/wp-json\/wp\/v2\/types\/page"}],"author":[{"embeddable":true,"href":"https:\/\/eveniments.es\/home\/wp-json\/wp\/v2\/users\/1"}],"replies":[{"embeddable":true,"href":"https:\/\/eveniments.es\/home\/wp-json\/wp\/v2\/comments?post=4038"}],"version-history":[{"count":3,"href":"https:\/\/eveniments.es\/home\/wp-json\/wp\/v2\/pages\/4038\/revisions"}],"predecessor-version":[{"id":4043,"href":"https:\/\/eveniments.es\/home\/wp-json\/wp\/v2\/pages\/4038\/revisions\/4043"}],"wp:attachment":[{"href":"https:\/\/eveniments.es\/home\/wp-json\/wp\/v2\/media?parent=4038"}],"curies":[{"name":"wp","href":"https:\/\/api.w.org\/{rel}","templated":true}]}}