{"id":4073,"date":"2020-07-22T03:51:19","date_gmt":"2020-07-22T03:51:19","guid":{"rendered":"https:\/\/eveniments.es\/?page_id=4073"},"modified":"2020-07-22T03:51:20","modified_gmt":"2020-07-22T03:51:20","slug":"anastasia","status":"publish","type":"page","link":"https:\/\/eveniments.es\/home\/anastasia","title":{"rendered":"Anastasia"},"content":{"rendered":"\n<p>Es una de las Saxos mas cotizadas de Europa y la \u00fanica en el mundo en tocar el saxo en fly board. El show de Anastasia consiste en un show de Saxo profesional, elegante, elaborado y \u00fanico en el que de forma parecida a lo que hace un buen DJ, toca las canciones que la gente esta preparada para escuchar en cada momento, con una \u00fanica finalidad; Hacer que el publico se venga arriba y disfrute de la fiesta. <br>Anastasia utiliza solo el mejor material y equipos para sus shows. <br>Generalmente su show consta de 3 pases de unos 10-15 minutos cada uno con una pausa de unos 20-30 minutos entre cada pase y cambio de vestido. Sus vestidos son tambi\u00e9n \u00fanicos, fabricados a mano con componentes de pa\u00edses como India, Brasil y Paris.<\/p>\n<p><img loading=\"lazy\" decoding=\"async\" class=\"alignnone wp-image-4075 size-large\" src=\"https:\/\/eveniments.es\/wp-content\/uploads\/2020\/07\/Anastasia-1024x768.jpg\" alt=\"\" width=\"1024\" height=\"768\" srcset=\"https:\/\/eveniments.es\/wp-content\/uploads\/2020\/07\/Anastasia-1024x768.jpg 1024w, https:\/\/eveniments.es\/wp-content\/uploads\/2020\/07\/Anastasia-300x225.jpg 300w, https:\/\/eveniments.es\/wp-content\/uploads\/2020\/07\/Anastasia-768x576.jpg 768w, https:\/\/eveniments.es\/wp-content\/uploads\/2020\/07\/Anastasia-678x509.jpg 678w, https:\/\/eveniments.es\/wp-content\/uploads\/2020\/07\/Anastasia-326x245.jpg 326w, https:\/\/eveniments.es\/wp-content\/uploads\/2020\/07\/Anastasia-80x60.jpg 80w, https:\/\/eveniments.es\/wp-content\/uploads\/2020\/07\/Anastasia.jpg 1422w\" sizes=\"auto, (max-width: 1024px) 100vw, 1024px\" \/><\/p>\n<p><img loading=\"lazy\" decoding=\"async\" class=\"alignnone wp-image-4074 size-large\" src=\"https:\/\/eveniments.es\/wp-content\/uploads\/2020\/07\/Anastasia-1-1024x682.jpg\" alt=\"\" width=\"1024\" height=\"682\" srcset=\"https:\/\/eveniments.es\/wp-content\/uploads\/2020\/07\/Anastasia-1-1024x682.jpg 1024w, https:\/\/eveniments.es\/wp-content\/uploads\/2020\/07\/Anastasia-1-300x200.jpg 300w, https:\/\/eveniments.es\/wp-content\/uploads\/2020\/07\/Anastasia-1-768x512.jpg 768w, https:\/\/eveniments.es\/wp-content\/uploads\/2020\/07\/Anastasia-1.jpg 1280w\" sizes=\"auto, (max-width: 1024px) 100vw, 1024px\" \/><\/p>\n<p><iframe loading=\"lazy\" title=\"Anastasia\" width=\"500\" height=\"281\" src=\"https:\/\/www.youtube.com\/embed\/VX0iwl_V5hY?feature=oembed\" frameborder=\"0\" allow=\"accelerometer; autoplay; clipboard-write; encrypted-media; gyroscope; picture-in-picture; web-share\" referrerpolicy=\"strict-origin-when-cross-origin\" allowfullscreen><\/iframe><\/p>\n<p><iframe loading=\"lazy\" title=\"Anastasia2\" width=\"500\" height=\"281\" src=\"https:\/\/www.youtube.com\/embed\/YA8JKgBHLMM?feature=oembed\" frameborder=\"0\" allow=\"accelerometer; autoplay; clipboard-write; encrypted-media; gyroscope; picture-in-picture; web-share\" referrerpolicy=\"strict-origin-when-cross-origin\" allowfullscreen><\/iframe><\/p>\n","protected":false},"excerpt":{"rendered":"<div class=\"mh-excerpt\"><\/div>","protected":false},"author":1,"featured_media":0,"parent":0,"menu_order":0,"comment_status":"closed","ping_status":"closed","template":"template-full.php","meta":{"footnotes":""},"class_list":["post-4073","page","type-page","status-publish","hentry"],"_links":{"self":[{"href":"https:\/\/eveniments.es\/home\/wp-json\/wp\/v2\/pages\/4073","targetHints":{"allow":["GET"]}}],"collection":[{"href":"https:\/\/eveniments.es\/home\/wp-json\/wp\/v2\/pages"}],"about":[{"href":"https:\/\/eveniments.es\/home\/wp-json\/wp\/v2\/types\/page"}],"author":[{"embeddable":true,"href":"https:\/\/eveniments.es\/home\/wp-json\/wp\/v2\/users\/1"}],"replies":[{"embeddable":true,"href":"https:\/\/eveniments.es\/home\/wp-json\/wp\/v2\/comments?post=4073"}],"version-history":[{"count":1,"href":"https:\/\/eveniments.es\/home\/wp-json\/wp\/v2\/pages\/4073\/revisions"}],"predecessor-version":[{"id":4076,"href":"https:\/\/eveniments.es\/home\/wp-json\/wp\/v2\/pages\/4073\/revisions\/4076"}],"wp:attachment":[{"href":"https:\/\/eveniments.es\/home\/wp-json\/wp\/v2\/media?parent=4073"}],"curies":[{"name":"wp","href":"https:\/\/api.w.org\/{rel}","templated":true}]}}