{"id":4078,"date":"2020-07-22T04:06:56","date_gmt":"2020-07-22T04:06:56","guid":{"rendered":"https:\/\/eveniments.es\/?page_id=4078"},"modified":"2020-07-22T04:06:57","modified_gmt":"2020-07-22T04:06:57","slug":"oscar-portugues","status":"publish","type":"page","link":"https:\/\/eveniments.es\/home\/oscar-portugues","title":{"rendered":"Oscar Portugues"},"content":{"rendered":"\n<p>Guitarra flamenco-chillOut \/ House productor de varios recopilatorios de Caf\u00e9 del Mar entre otros con casi 300 referencias en el mercado. Si lugar a dudas es el mejor guitar que fusiona el flamenco con el chill y house. Si desea hacer un evento en el que la guitarra espa\u00f1ola se envuelva con el house mas elegante y consiga emocionar al p\u00fablico, sin duda es su artista Su show es sorprendente y puede ir combinado de cajas y saxo haciendo a\u00fan mas espectacular.Ha actuado en los locales mas prestigios a nivel mundial, muy reclamado por fiestas del alto standing. Tambi\u00e9n lo ha hecho en festivales impresionando a miles de personas. Si mira los v\u00eddeos podr\u00e1 hacerse una idea y creo que las palabras en este caso sobran. <br>ESTILO PARA EL EVENTO: House music (Opcional con acompa\u00f1amiento caja)<\/p>\n<p><img loading=\"lazy\" decoding=\"async\" class=\"alignnone wp-image-4080\" src=\"https:\/\/eveniments.es\/wp-content\/uploads\/2020\/07\/Oscar-Portugues-300x300.jpg\" alt=\"\" width=\"1024\" height=\"1024\" srcset=\"https:\/\/eveniments.es\/wp-content\/uploads\/2020\/07\/Oscar-Portugues-300x300.jpg 300w, https:\/\/eveniments.es\/wp-content\/uploads\/2020\/07\/Oscar-Portugues-150x150.jpg 150w, https:\/\/eveniments.es\/wp-content\/uploads\/2020\/07\/Oscar-Portugues-768x768.jpg 768w, https:\/\/eveniments.es\/wp-content\/uploads\/2020\/07\/Oscar-Portugues.jpg 897w\" sizes=\"auto, (max-width: 1024px) 100vw, 1024px\" \/><\/p>\n<p><img loading=\"lazy\" decoding=\"async\" class=\"alignnone wp-image-4079\" src=\"https:\/\/eveniments.es\/wp-content\/uploads\/2020\/07\/Oscar-Portugues-2-300x274.jpg\" alt=\"\" width=\"1024\" height=\"935\" srcset=\"https:\/\/eveniments.es\/wp-content\/uploads\/2020\/07\/Oscar-Portugues-2-300x274.jpg 300w, https:\/\/eveniments.es\/wp-content\/uploads\/2020\/07\/Oscar-Portugues-2.jpg 528w\" sizes=\"auto, (max-width: 1024px) 100vw, 1024px\" \/><\/p>\n<p><iframe loading=\"lazy\" title=\"Oscar Portugues Disco\" width=\"500\" height=\"281\" src=\"https:\/\/www.youtube.com\/embed\/MVNvo16Gido?feature=oembed\" frameborder=\"0\" allow=\"accelerometer; autoplay; clipboard-write; encrypted-media; gyroscope; picture-in-picture; web-share\" referrerpolicy=\"strict-origin-when-cross-origin\" allowfullscreen><\/iframe><\/p>\n<p><iframe loading=\"lazy\" title=\"Oscar portugues Chill Out\" width=\"500\" height=\"281\" src=\"https:\/\/www.youtube.com\/embed\/20zrRI2jkm8?feature=oembed\" frameborder=\"0\" allow=\"accelerometer; autoplay; clipboard-write; encrypted-media; gyroscope; picture-in-picture; web-share\" referrerpolicy=\"strict-origin-when-cross-origin\" allowfullscreen><\/iframe><\/p>\n","protected":false},"excerpt":{"rendered":"<div class=\"mh-excerpt\"><\/div>","protected":false},"author":1,"featured_media":0,"parent":0,"menu_order":0,"comment_status":"closed","ping_status":"closed","template":"template-full.php","meta":{"footnotes":""},"class_list":["post-4078","page","type-page","status-publish","hentry"],"_links":{"self":[{"href":"https:\/\/eveniments.es\/home\/wp-json\/wp\/v2\/pages\/4078","targetHints":{"allow":["GET"]}}],"collection":[{"href":"https:\/\/eveniments.es\/home\/wp-json\/wp\/v2\/pages"}],"about":[{"href":"https:\/\/eveniments.es\/home\/wp-json\/wp\/v2\/types\/page"}],"author":[{"embeddable":true,"href":"https:\/\/eveniments.es\/home\/wp-json\/wp\/v2\/users\/1"}],"replies":[{"embeddable":true,"href":"https:\/\/eveniments.es\/home\/wp-json\/wp\/v2\/comments?post=4078"}],"version-history":[{"count":1,"href":"https:\/\/eveniments.es\/home\/wp-json\/wp\/v2\/pages\/4078\/revisions"}],"predecessor-version":[{"id":4081,"href":"https:\/\/eveniments.es\/home\/wp-json\/wp\/v2\/pages\/4078\/revisions\/4081"}],"wp:attachment":[{"href":"https:\/\/eveniments.es\/home\/wp-json\/wp\/v2\/media?parent=4078"}],"curies":[{"name":"wp","href":"https:\/\/api.w.org\/{rel}","templated":true}]}}