{"id":4083,"date":"2020-07-22T04:15:06","date_gmt":"2020-07-22T04:15:06","guid":{"rendered":"https:\/\/eveniments.es\/?page_id=4083"},"modified":"2020-07-22T04:15:07","modified_gmt":"2020-07-22T04:15:07","slug":"hombre-orquesta-siglo-xxi","status":"publish","type":"page","link":"https:\/\/eveniments.es\/home\/hombre-orquesta-siglo-xxi","title":{"rendered":"Hombre Orquesta Siglo XXI"},"content":{"rendered":"\n<p>Percusionista que tiene la doble habilidad de convertir en instrumento cualquier objeto y que adem\u00e1s \u00e9ste suene de manera espectacular. <br>Ha participado en el programa de \u201cGOT TALENT ESPA\u00d1A\u201d quedando semifinalista, donde llev\u00f3 una de sus creaciones m\u00e1s peculiares, la \u201cbici-arpa\u201d, que adem\u00e1s de un veh\u00edculo de transporte convierte el cuadro central en un arpa. <br>En su \u00faltima actuaci\u00f3n en el programa de \u201cGOT TALENT\u201d volvi\u00f3 a demostrar en el escenario una actuaci\u00f3n m\u00e1s evolucionada, utilizando elementos como tuber\u00edas, copas, y su propia voz. <br>INSTRUMENTOS PARA EL ESPECT\u00c1CULO: Skyguitar, bombona, bicyarpa, tubos, maquina de loops, y kaoss pad. <br><img loading=\"lazy\" decoding=\"async\" class=\"alignnone wp-image-4084 size-large\" src=\"https:\/\/eveniments.es\/wp-content\/uploads\/2020\/07\/Hombre-Orquesta-1-1024x525.jpg\" alt=\"\" width=\"1024\" height=\"525\" srcset=\"https:\/\/eveniments.es\/wp-content\/uploads\/2020\/07\/Hombre-Orquesta-1-1024x525.jpg 1024w, https:\/\/eveniments.es\/wp-content\/uploads\/2020\/07\/Hombre-Orquesta-1-300x154.jpg 300w, https:\/\/eveniments.es\/wp-content\/uploads\/2020\/07\/Hombre-Orquesta-1-768x393.jpg 768w, https:\/\/eveniments.es\/wp-content\/uploads\/2020\/07\/Hombre-Orquesta-1.jpg 1304w\" sizes=\"auto, (max-width: 1024px) 100vw, 1024px\" \/><img loading=\"lazy\" decoding=\"async\" class=\"alignnone wp-image-4085\" src=\"https:\/\/eveniments.es\/wp-content\/uploads\/2020\/07\/Hombre-orquesta-2-300x193.jpg\" alt=\"\" width=\"1024\" height=\"660\" srcset=\"https:\/\/eveniments.es\/wp-content\/uploads\/2020\/07\/Hombre-orquesta-2-300x193.jpg 300w, https:\/\/eveniments.es\/wp-content\/uploads\/2020\/07\/Hombre-orquesta-2.jpg 732w\" sizes=\"auto, (max-width: 1024px) 100vw, 1024px\" \/><img loading=\"lazy\" decoding=\"async\" class=\"alignnone wp-image-4086 size-large\" src=\"https:\/\/eveniments.es\/wp-content\/uploads\/2020\/07\/Hombre-orquesta-3-1024x634.jpg\" alt=\"\" width=\"1024\" height=\"634\" srcset=\"https:\/\/eveniments.es\/wp-content\/uploads\/2020\/07\/Hombre-orquesta-3-1024x634.jpg 1024w, https:\/\/eveniments.es\/wp-content\/uploads\/2020\/07\/Hombre-orquesta-3-300x186.jpg 300w, https:\/\/eveniments.es\/wp-content\/uploads\/2020\/07\/Hombre-orquesta-3-768x476.jpg 768w, https:\/\/eveniments.es\/wp-content\/uploads\/2020\/07\/Hombre-orquesta-3.jpg 1208w\" sizes=\"auto, (max-width: 1024px) 100vw, 1024px\" \/><\/p>\n<p><iframe loading=\"lazy\" title=\"Hombre orquesta\" width=\"500\" height=\"281\" src=\"https:\/\/www.youtube.com\/embed\/2pgx5UbCWXk?feature=oembed\" frameborder=\"0\" allow=\"accelerometer; autoplay; clipboard-write; encrypted-media; gyroscope; picture-in-picture; web-share\" referrerpolicy=\"strict-origin-when-cross-origin\" allowfullscreen><\/iframe><\/p>\n","protected":false},"excerpt":{"rendered":"<div class=\"mh-excerpt\"><\/div>","protected":false},"author":1,"featured_media":0,"parent":0,"menu_order":0,"comment_status":"closed","ping_status":"closed","template":"template-full.php","meta":{"footnotes":""},"class_list":["post-4083","page","type-page","status-publish","hentry"],"_links":{"self":[{"href":"https:\/\/eveniments.es\/home\/wp-json\/wp\/v2\/pages\/4083","targetHints":{"allow":["GET"]}}],"collection":[{"href":"https:\/\/eveniments.es\/home\/wp-json\/wp\/v2\/pages"}],"about":[{"href":"https:\/\/eveniments.es\/home\/wp-json\/wp\/v2\/types\/page"}],"author":[{"embeddable":true,"href":"https:\/\/eveniments.es\/home\/wp-json\/wp\/v2\/users\/1"}],"replies":[{"embeddable":true,"href":"https:\/\/eveniments.es\/home\/wp-json\/wp\/v2\/comments?post=4083"}],"version-history":[{"count":1,"href":"https:\/\/eveniments.es\/home\/wp-json\/wp\/v2\/pages\/4083\/revisions"}],"predecessor-version":[{"id":4087,"href":"https:\/\/eveniments.es\/home\/wp-json\/wp\/v2\/pages\/4083\/revisions\/4087"}],"wp:attachment":[{"href":"https:\/\/eveniments.es\/home\/wp-json\/wp\/v2\/media?parent=4083"}],"curies":[{"name":"wp","href":"https:\/\/api.w.org\/{rel}","templated":true}]}}