{"id":4089,"date":"2020-07-22T04:46:36","date_gmt":"2020-07-22T04:46:36","guid":{"rendered":"https:\/\/eveniments.es\/?page_id=4089"},"modified":"2020-07-22T04:47:57","modified_gmt":"2020-07-22T04:47:57","slug":"alberto-de-paz","status":"publish","type":"page","link":"https:\/\/eveniments.es\/home\/alberto-de-paz","title":{"rendered":"Alberto de Paz"},"content":{"rendered":"\n<p>Un espect\u00e1culo in\u00e9dito de m\u00fasica, humor y mucha improvisaci\u00f3n&#8230;contando con la interacci\u00f3n del p\u00fablico <br>CONCIERTO IMPROVISADO DE M\u00daSICA DE CINE\u201d <br>La interacci\u00f3n con el p\u00fablico es total, un concierto al gusto de los asistentes sobre el mundo de las bandas sonoras de pel\u00edculas.<\/p>\n<p><img loading=\"lazy\" decoding=\"async\" class=\"alignnone wp-image-4091\" src=\"https:\/\/eveniments.es\/wp-content\/uploads\/2020\/07\/Alberto-de-Paz-223x300.jpg\" alt=\"\" width=\"1024\" height=\"1379\" srcset=\"https:\/\/eveniments.es\/wp-content\/uploads\/2020\/07\/Alberto-de-Paz-223x300.jpg 223w, https:\/\/eveniments.es\/wp-content\/uploads\/2020\/07\/Alberto-de-Paz.jpg 652w\" sizes=\"auto, (max-width: 1024px) 100vw, 1024px\" \/><\/p>\n<p><iframe loading=\"lazy\" title=\"Trailer del CONCIERTO IMPROVISADO de m\u00fasica de cine por Alberto de Paz\" width=\"500\" height=\"281\" src=\"https:\/\/www.youtube.com\/embed\/nccFBvwf3WY?feature=oembed\" frameborder=\"0\" allow=\"accelerometer; autoplay; clipboard-write; encrypted-media; gyroscope; picture-in-picture; web-share\" referrerpolicy=\"strict-origin-when-cross-origin\" allowfullscreen><\/iframe><\/p>\n<p>PASI\u00d3N POR EL CINE <br>Amenizaci\u00f3n con tr\u00edo cl\u00e1sico (viol\u00edn, oboe y piano) o d\u00fao (viol\u00edn o oboe &#8211; piano) de bandas sonoras de cine con apoyo multimedia (opcional)<\/p>\n<p><iframe loading=\"lazy\" title=\"Pasi\u00f3n por el cine\" width=\"500\" height=\"281\" src=\"https:\/\/www.youtube.com\/embed\/X63B5ipmauA?feature=oembed\" frameborder=\"0\" allow=\"accelerometer; autoplay; clipboard-write; encrypted-media; gyroscope; picture-in-picture; web-share\" referrerpolicy=\"strict-origin-when-cross-origin\" allowfullscreen><\/iframe><\/p>\n<p>\u201cALBERT &amp; LOIS\u201d <br>Concierto \u2013 amenizaci\u00f3n con una cantante de Jazz, donde repasamos los grandes cl\u00e1sicos del cine americano de los a\u00f1os 30 a los 70.<\/p>\n<p><iframe loading=\"lazy\" title=\"\u00c9xitos cine americano\" width=\"500\" height=\"281\" src=\"https:\/\/www.youtube.com\/embed\/ZroGfzVcDD8?feature=oembed\" frameborder=\"0\" allow=\"accelerometer; autoplay; clipboard-write; encrypted-media; gyroscope; picture-in-picture; web-share\" referrerpolicy=\"strict-origin-when-cross-origin\" allowfullscreen><\/iframe><\/p>\n<p>\u201cCONCIERTO IMPROVISADO PARA MARIDAJE Y PIANO\u201d<\/p>\n<p><iframe loading=\"lazy\" title=\"Maridaje y concierto\" width=\"500\" height=\"281\" src=\"https:\/\/www.youtube.com\/embed\/OfS7nLT4Kxw?feature=oembed\" frameborder=\"0\" allow=\"accelerometer; autoplay; clipboard-write; encrypted-media; gyroscope; picture-in-picture; web-share\" referrerpolicy=\"strict-origin-when-cross-origin\" allowfullscreen><\/iframe><\/p>\n<p>\u201cM\u00daSICA AMBIENTAL A PIANO SOLO\u201d <br>Es una amenizaci\u00f3n a piano para toda clase de eventos y con la posibilidad de diferentes y variados estilos musicales (Pop, Rock, hollywood Sound, Flamenco, New age, Classic Jazz, Boleros, Tangos, etc.<\/p>\n<p><br><br><\/p>\n","protected":false},"excerpt":{"rendered":"<div class=\"mh-excerpt\"><\/div>","protected":false},"author":1,"featured_media":0,"parent":0,"menu_order":0,"comment_status":"closed","ping_status":"closed","template":"template-full.php","meta":{"footnotes":""},"class_list":["post-4089","page","type-page","status-publish","hentry"],"_links":{"self":[{"href":"https:\/\/eveniments.es\/home\/wp-json\/wp\/v2\/pages\/4089","targetHints":{"allow":["GET"]}}],"collection":[{"href":"https:\/\/eveniments.es\/home\/wp-json\/wp\/v2\/pages"}],"about":[{"href":"https:\/\/eveniments.es\/home\/wp-json\/wp\/v2\/types\/page"}],"author":[{"embeddable":true,"href":"https:\/\/eveniments.es\/home\/wp-json\/wp\/v2\/users\/1"}],"replies":[{"embeddable":true,"href":"https:\/\/eveniments.es\/home\/wp-json\/wp\/v2\/comments?post=4089"}],"version-history":[{"count":4,"href":"https:\/\/eveniments.es\/home\/wp-json\/wp\/v2\/pages\/4089\/revisions"}],"predecessor-version":[{"id":4095,"href":"https:\/\/eveniments.es\/home\/wp-json\/wp\/v2\/pages\/4089\/revisions\/4095"}],"wp:attachment":[{"href":"https:\/\/eveniments.es\/home\/wp-json\/wp\/v2\/media?parent=4089"}],"curies":[{"name":"wp","href":"https:\/\/api.w.org\/{rel}","templated":true}]}}