{"id":4097,"date":"2020-07-22T04:55:51","date_gmt":"2020-07-22T04:55:51","guid":{"rendered":"https:\/\/eveniments.es\/?page_id=4097"},"modified":"2020-07-22T04:55:52","modified_gmt":"2020-07-22T04:55:52","slug":"cristina-ramos","status":"publish","type":"page","link":"https:\/\/eveniments.es\/home\/cristina-ramos","title":{"rendered":"Cristina Ramos"},"content":{"rendered":"\n<p>En las Islas Afortunadas, Cristina Ramos rebosaba talento, hasta que un programa de televisi\u00f3n la dio a conocer al mundo entero un talento sobrenatural. Cristina tiene dominio total de la voz, capaz de cantar la \u00f3pera y el rock y una espectacular puesta en escena la convierte en una artista \u00fanica en el mundo. <br>Ganadora de SPAIN\u00b4S GOT TALENT, y de LA VOZ M\u00c9XICO, Cristina es, adem\u00e1s, finalista en el AGT THE CHAMPIONS, que corona a los mejores talentos del la historia de GOT TALENT en todo el mundo. Ella es un talento sobrenatural.<\/p>\n<p><img loading=\"lazy\" decoding=\"async\" class=\"alignnone wp-image-4099 size-large\" src=\"https:\/\/eveniments.es\/wp-content\/uploads\/2020\/07\/Cristina-Ramos-1024x646.jpg\" alt=\"\" width=\"1024\" height=\"646\" srcset=\"https:\/\/eveniments.es\/wp-content\/uploads\/2020\/07\/Cristina-Ramos-1024x646.jpg 1024w, https:\/\/eveniments.es\/wp-content\/uploads\/2020\/07\/Cristina-Ramos-300x189.jpg 300w, https:\/\/eveniments.es\/wp-content\/uploads\/2020\/07\/Cristina-Ramos-768x485.jpg 768w, https:\/\/eveniments.es\/wp-content\/uploads\/2020\/07\/Cristina-Ramos-1536x970.jpg 1536w, https:\/\/eveniments.es\/wp-content\/uploads\/2020\/07\/Cristina-Ramos.jpg 1882w\" sizes=\"auto, (max-width: 1024px) 100vw, 1024px\" \/><\/p>\n<div style=\"width: 640px;\" class=\"wp-video\"><!--[if lt IE 9]><script>document.createElement('video');<\/script><![endif]-->\n<video class=\"wp-video-shortcode\" id=\"video-4097-1\" width=\"640\" height=\"360\" preload=\"metadata\" controls=\"controls\"><source type=\"video\/mp4\" src=\"https:\/\/eveniments.es\/wp-content\/uploads\/2020\/07\/Cristina-Ramos.mp4?_=1\" \/><a href=\"https:\/\/eveniments.es\/wp-content\/uploads\/2020\/07\/Cristina-Ramos.mp4\">https:\/\/eveniments.es\/wp-content\/uploads\/2020\/07\/Cristina-Ramos.mp4<\/a><\/video><\/div>\n<p>&nbsp;<\/p>\n","protected":false},"excerpt":{"rendered":"<div class=\"mh-excerpt\"><\/div>","protected":false},"author":1,"featured_media":0,"parent":0,"menu_order":0,"comment_status":"closed","ping_status":"closed","template":"template-full.php","meta":{"footnotes":""},"class_list":["post-4097","page","type-page","status-publish","hentry"],"_links":{"self":[{"href":"https:\/\/eveniments.es\/home\/wp-json\/wp\/v2\/pages\/4097","targetHints":{"allow":["GET"]}}],"collection":[{"href":"https:\/\/eveniments.es\/home\/wp-json\/wp\/v2\/pages"}],"about":[{"href":"https:\/\/eveniments.es\/home\/wp-json\/wp\/v2\/types\/page"}],"author":[{"embeddable":true,"href":"https:\/\/eveniments.es\/home\/wp-json\/wp\/v2\/users\/1"}],"replies":[{"embeddable":true,"href":"https:\/\/eveniments.es\/home\/wp-json\/wp\/v2\/comments?post=4097"}],"version-history":[{"count":1,"href":"https:\/\/eveniments.es\/home\/wp-json\/wp\/v2\/pages\/4097\/revisions"}],"predecessor-version":[{"id":4101,"href":"https:\/\/eveniments.es\/home\/wp-json\/wp\/v2\/pages\/4097\/revisions\/4101"}],"wp:attachment":[{"href":"https:\/\/eveniments.es\/home\/wp-json\/wp\/v2\/media?parent=4097"}],"curies":[{"name":"wp","href":"https:\/\/api.w.org\/{rel}","templated":true}]}}