{"id":4103,"date":"2020-07-22T05:02:10","date_gmt":"2020-07-22T05:02:10","guid":{"rendered":"https:\/\/eveniments.es\/?page_id=4103"},"modified":"2020-07-22T05:02:11","modified_gmt":"2020-07-22T05:02:11","slug":"the-femme-soul-band","status":"publish","type":"page","link":"https:\/\/eveniments.es\/home\/the-femme-soul-band","title":{"rendered":"The Femme Soul band"},"content":{"rendered":"\n<p>La feminidad, la fuerza y el talento son los rasgos diferenciales. Una banda de Soul que hace vibrar al p\u00fablico desde el primer minuto, un show en vivo \u00fanico tanto a nivel musical como en su puesta en escena, que te atrapa hasta al \u00faltimo segundo.The Femme Soul Band tiene tres formas de sonar, para este caso le proponemos dos distintas: el espacio, la sonoridad, qu\u00e9 formaci\u00f3n se adapta mejor al local y al estilo. <br>Las tres voces en directo m\u00e1s la base pre-grabada instrumental, perfecto para espacios m\u00e1s reducidos donde la voz y la imagen de Scarlets cobra m\u00e1xima importancia. El show tiene duraci\u00f3n de m\u00e1ximo 1h. <br>La Femme Soul Band es el punto distintivo que da car\u00e1cter y hace que Scarlets se diferencien del resto de grupos Soul del panorama musical, ya que esta formaci\u00f3n est\u00e1 compuesta por 6 mujeres m\u00fasicas especializadas en Soul y R&amp;B. As\u00ed pues, a las tres cantantes, les acompa\u00f1an una teclista, una bater\u00eda y una bajista. Ver estas seis m\u00fasicas en directo encima de un escenario, tocando en vivo, es una experiencia vibrante, es la esencia de Scarlets. El show tiene una duraci\u00f3n de m\u00e1ximo 1h y media.<\/p>\n<p><img loading=\"lazy\" decoding=\"async\" class=\"alignnone wp-image-4104 size-large\" src=\"https:\/\/eveniments.es\/wp-content\/uploads\/2020\/07\/The-femme-Soul-band-2-1024x554.jpg\" alt=\"\" width=\"1024\" height=\"554\" srcset=\"https:\/\/eveniments.es\/wp-content\/uploads\/2020\/07\/The-femme-Soul-band-2-1024x554.jpg 1024w, https:\/\/eveniments.es\/wp-content\/uploads\/2020\/07\/The-femme-Soul-band-2-300x162.jpg 300w, https:\/\/eveniments.es\/wp-content\/uploads\/2020\/07\/The-femme-Soul-band-2-768x416.jpg 768w, https:\/\/eveniments.es\/wp-content\/uploads\/2020\/07\/The-femme-Soul-band-2-1536x832.jpg 1536w, https:\/\/eveniments.es\/wp-content\/uploads\/2020\/07\/The-femme-Soul-band-2.jpg 1688w\" sizes=\"auto, (max-width: 1024px) 100vw, 1024px\" \/><img loading=\"lazy\" decoding=\"async\" class=\"alignnone wp-image-4105\" src=\"https:\/\/eveniments.es\/wp-content\/uploads\/2020\/07\/The-Femme-Soul-Band-300x158.jpg\" alt=\"\" width=\"1024\" height=\"538\" srcset=\"https:\/\/eveniments.es\/wp-content\/uploads\/2020\/07\/The-Femme-Soul-Band-300x158.jpg 300w, https:\/\/eveniments.es\/wp-content\/uploads\/2020\/07\/The-Femme-Soul-Band-768x403.jpg 768w, https:\/\/eveniments.es\/wp-content\/uploads\/2020\/07\/The-Femme-Soul-Band.jpg 880w\" sizes=\"auto, (max-width: 1024px) 100vw, 1024px\" \/><\/p>\n<p><iframe loading=\"lazy\" title=\"The Femme Soul Band\" width=\"500\" height=\"281\" src=\"https:\/\/www.youtube.com\/embed\/58oL4AWgKlI?feature=oembed\" frameborder=\"0\" allow=\"accelerometer; autoplay; clipboard-write; encrypted-media; gyroscope; picture-in-picture; web-share\" referrerpolicy=\"strict-origin-when-cross-origin\" allowfullscreen><\/iframe><\/p>\n","protected":false},"excerpt":{"rendered":"<div class=\"mh-excerpt\"><\/div>","protected":false},"author":1,"featured_media":0,"parent":0,"menu_order":0,"comment_status":"closed","ping_status":"closed","template":"template-full.php","meta":{"footnotes":""},"class_list":["post-4103","page","type-page","status-publish","hentry"],"_links":{"self":[{"href":"https:\/\/eveniments.es\/home\/wp-json\/wp\/v2\/pages\/4103","targetHints":{"allow":["GET"]}}],"collection":[{"href":"https:\/\/eveniments.es\/home\/wp-json\/wp\/v2\/pages"}],"about":[{"href":"https:\/\/eveniments.es\/home\/wp-json\/wp\/v2\/types\/page"}],"author":[{"embeddable":true,"href":"https:\/\/eveniments.es\/home\/wp-json\/wp\/v2\/users\/1"}],"replies":[{"embeddable":true,"href":"https:\/\/eveniments.es\/home\/wp-json\/wp\/v2\/comments?post=4103"}],"version-history":[{"count":1,"href":"https:\/\/eveniments.es\/home\/wp-json\/wp\/v2\/pages\/4103\/revisions"}],"predecessor-version":[{"id":4106,"href":"https:\/\/eveniments.es\/home\/wp-json\/wp\/v2\/pages\/4103\/revisions\/4106"}],"wp:attachment":[{"href":"https:\/\/eveniments.es\/home\/wp-json\/wp\/v2\/media?parent=4103"}],"curies":[{"name":"wp","href":"https:\/\/api.w.org\/{rel}","templated":true}]}}