{"id":4109,"date":"2020-07-22T05:11:18","date_gmt":"2020-07-22T05:11:18","guid":{"rendered":"https:\/\/eveniments.es\/?page_id=4109"},"modified":"2020-07-22T05:11:30","modified_gmt":"2020-07-22T05:11:30","slug":"cherry-the-ladies","status":"publish","type":"page","link":"https:\/\/eveniments.es\/home\/cherry-the-ladies","title":{"rendered":"Cherry The Ladies"},"content":{"rendered":"\n<p>Este proyecto, es pionero en muchos aspectos, adem\u00e1s de ser el primero de la historia del Rock and Roll femenino en Espa\u00f1a, ha sido inspiraci\u00f3n y cuna de otras \u00abGirl bands\u00bb que posteriormente han nacido de la mano de antiguas integrantes. <br>Musicalmente recoge un repertorio variado, con canciones de su disco y los que est\u00e1n por llegar, tambi\u00e9n est\u00e1 cargado de \u00e9xitos de la d\u00e9cada de los 50&#8217;s, 60&#8217;s, algunas de los 80&#8217;s, canciones que hasta los m\u00e1s j\u00f3venes conocen porque han sido referente y no pasan de moda: Elvis, Beach Boys, Little Richard, The Supremes&#8230;<\/p>\n<p>FORMACI\u00d3N: 6 artistas <br>DURACI\u00d3N: 90m. <br>NO INCLUYE: sonido e iluminaci\u00f3n<\/p>\n<p><img loading=\"lazy\" decoding=\"async\" class=\"alignnone wp-image-4110 size-large\" src=\"https:\/\/eveniments.es\/wp-content\/uploads\/2020\/07\/Cherry-The-Ladies-2-1024x684.jpg\" alt=\"\" width=\"1024\" height=\"684\" srcset=\"https:\/\/eveniments.es\/wp-content\/uploads\/2020\/07\/Cherry-The-Ladies-2-1024x684.jpg 1024w, https:\/\/eveniments.es\/wp-content\/uploads\/2020\/07\/Cherry-The-Ladies-2-300x200.jpg 300w, https:\/\/eveniments.es\/wp-content\/uploads\/2020\/07\/Cherry-The-Ladies-2-768x513.jpg 768w, https:\/\/eveniments.es\/wp-content\/uploads\/2020\/07\/Cherry-The-Ladies-2-1536x1026.jpg 1536w, https:\/\/eveniments.es\/wp-content\/uploads\/2020\/07\/Cherry-The-Ladies-2.jpg 1800w\" sizes=\"auto, (max-width: 1024px) 100vw, 1024px\" \/><img loading=\"lazy\" decoding=\"async\" class=\"alignnone wp-image-4111 size-large\" src=\"https:\/\/eveniments.es\/wp-content\/uploads\/2020\/07\/Cherry-the-ladies-3-1024x684.jpg\" alt=\"\" width=\"1024\" height=\"684\" srcset=\"https:\/\/eveniments.es\/wp-content\/uploads\/2020\/07\/Cherry-the-ladies-3-1024x684.jpg 1024w, https:\/\/eveniments.es\/wp-content\/uploads\/2020\/07\/Cherry-the-ladies-3-300x200.jpg 300w, https:\/\/eveniments.es\/wp-content\/uploads\/2020\/07\/Cherry-the-ladies-3-768x513.jpg 768w, https:\/\/eveniments.es\/wp-content\/uploads\/2020\/07\/Cherry-the-ladies-3-1536x1025.jpg 1536w, https:\/\/eveniments.es\/wp-content\/uploads\/2020\/07\/Cherry-the-ladies-3-2048x1367.jpg 2048w\" sizes=\"auto, (max-width: 1024px) 100vw, 1024px\" \/><img loading=\"lazy\" decoding=\"async\" class=\"alignnone wp-image-4112 size-large\" src=\"https:\/\/eveniments.es\/wp-content\/uploads\/2020\/07\/Cherry-The-Ladies-1024x684.jpg\" alt=\"\" width=\"1024\" height=\"684\" srcset=\"https:\/\/eveniments.es\/wp-content\/uploads\/2020\/07\/Cherry-The-Ladies-1024x684.jpg 1024w, https:\/\/eveniments.es\/wp-content\/uploads\/2020\/07\/Cherry-The-Ladies-300x200.jpg 300w, https:\/\/eveniments.es\/wp-content\/uploads\/2020\/07\/Cherry-The-Ladies-768x513.jpg 768w, https:\/\/eveniments.es\/wp-content\/uploads\/2020\/07\/Cherry-The-Ladies-1536x1025.jpg 1536w, https:\/\/eveniments.es\/wp-content\/uploads\/2020\/07\/Cherry-The-Ladies-2048x1367.jpg 2048w\" sizes=\"auto, (max-width: 1024px) 100vw, 1024px\" \/><\/p>\n<p><iframe loading=\"lazy\" title=\"Cherry The ladies\" width=\"500\" height=\"281\" src=\"https:\/\/www.youtube.com\/embed\/McV-ti_KB6Q?feature=oembed\" frameborder=\"0\" allow=\"accelerometer; autoplay; clipboard-write; encrypted-media; gyroscope; picture-in-picture; web-share\" referrerpolicy=\"strict-origin-when-cross-origin\" allowfullscreen><\/iframe><\/p>\n<p><iframe loading=\"lazy\" title=\"Cherry The Ladies 1\" width=\"500\" height=\"281\" src=\"https:\/\/www.youtube.com\/embed\/IaF-KtJbQLU?feature=oembed\" frameborder=\"0\" allow=\"accelerometer; autoplay; clipboard-write; encrypted-media; gyroscope; picture-in-picture; web-share\" referrerpolicy=\"strict-origin-when-cross-origin\" allowfullscreen><\/iframe><\/p>\n","protected":false},"excerpt":{"rendered":"<div class=\"mh-excerpt\"><\/div>","protected":false},"author":1,"featured_media":0,"parent":0,"menu_order":0,"comment_status":"closed","ping_status":"closed","template":"template-full.php","meta":{"footnotes":""},"class_list":["post-4109","page","type-page","status-publish","hentry"],"_links":{"self":[{"href":"https:\/\/eveniments.es\/home\/wp-json\/wp\/v2\/pages\/4109","targetHints":{"allow":["GET"]}}],"collection":[{"href":"https:\/\/eveniments.es\/home\/wp-json\/wp\/v2\/pages"}],"about":[{"href":"https:\/\/eveniments.es\/home\/wp-json\/wp\/v2\/types\/page"}],"author":[{"embeddable":true,"href":"https:\/\/eveniments.es\/home\/wp-json\/wp\/v2\/users\/1"}],"replies":[{"embeddable":true,"href":"https:\/\/eveniments.es\/home\/wp-json\/wp\/v2\/comments?post=4109"}],"version-history":[{"count":2,"href":"https:\/\/eveniments.es\/home\/wp-json\/wp\/v2\/pages\/4109\/revisions"}],"predecessor-version":[{"id":4114,"href":"https:\/\/eveniments.es\/home\/wp-json\/wp\/v2\/pages\/4109\/revisions\/4114"}],"wp:attachment":[{"href":"https:\/\/eveniments.es\/home\/wp-json\/wp\/v2\/media?parent=4109"}],"curies":[{"name":"wp","href":"https:\/\/api.w.org\/{rel}","templated":true}]}}