{"id":4116,"date":"2020-07-22T05:17:22","date_gmt":"2020-07-22T05:17:22","guid":{"rendered":"https:\/\/eveniments.es\/?page_id=4116"},"modified":"2020-07-22T05:17:23","modified_gmt":"2020-07-22T05:17:23","slug":"the-harlettes","status":"publish","type":"page","link":"https:\/\/eveniments.es\/home\/the-harlettes","title":{"rendered":"The Harlettes"},"content":{"rendered":"\n<p>Trio de vers\u00e1tiles voces femeninas, con una est\u00e9tica elegante y muy cuidada, cantando desde jazz, soul, bossa y pop, a disco, comercial pop y deep house. <br>Formaci\u00f3n con m\u00e1s de 10 a\u00f1os de trayectoria y gran \u00e9xito en oppenings, amenizaciones y diversas fiestas y festivales, ya que adaptan tanto vestuario como repertorio al tipo de evento a realizar. Cantamos en diversos idiomas: Ingl\u00e9s, Portugu\u00e9s , Italiano , Franc\u00e9s , Espa\u00f1ol. Estilos musicales : Jazz, Soul , Bossa , Swing , Rock, <br>Pop, Chill House , Acustic ,House , Disco , Retro, <br>Musicals, Funk. <br>Nos adaptamos al evento y establecimiento tanto en numero de componentes como: solista, d\u00fao, trio y sumar as\u00ed hasta 10 pax, como en vestuario, est\u00e9tica <br>o tem\u00e1tica del evento a realizar. <br>NO INCLUYE: sonido e iluminaci\u00f3n ni t\u00e9cnico, gastos de desplazamiento, dietas <br>FORMACI\u00d3N: Tr\u00edo <br>DURACI\u00d3N:90m.<\/p>\n<p><img loading=\"lazy\" decoding=\"async\" class=\"alignnone wp-image-4117\" src=\"https:\/\/eveniments.es\/wp-content\/uploads\/2020\/07\/The-Harlettes-2-300x225.jpg\" alt=\"\" width=\"1024\" height=\"767\" srcset=\"https:\/\/eveniments.es\/wp-content\/uploads\/2020\/07\/The-Harlettes-2-300x225.jpg 300w, https:\/\/eveniments.es\/wp-content\/uploads\/2020\/07\/The-Harlettes-2-326x245.jpg 326w, https:\/\/eveniments.es\/wp-content\/uploads\/2020\/07\/The-Harlettes-2-80x60.jpg 80w, https:\/\/eveniments.es\/wp-content\/uploads\/2020\/07\/The-Harlettes-2.jpg 506w\" sizes=\"auto, (max-width: 1024px) 100vw, 1024px\" \/><img loading=\"lazy\" decoding=\"async\" class=\"alignnone wp-image-4118\" src=\"https:\/\/eveniments.es\/wp-content\/uploads\/2020\/07\/The-Harlettes-3-201x300.jpg\" alt=\"\" width=\"1024\" height=\"1528\" srcset=\"https:\/\/eveniments.es\/wp-content\/uploads\/2020\/07\/The-Harlettes-3-201x300.jpg 201w, https:\/\/eveniments.es\/wp-content\/uploads\/2020\/07\/The-Harlettes-3.jpg 254w\" sizes=\"auto, (max-width: 1024px) 100vw, 1024px\" \/><img loading=\"lazy\" decoding=\"async\" class=\"alignnone wp-image-4119\" src=\"https:\/\/eveniments.es\/wp-content\/uploads\/2020\/07\/The-Harlettes-4-300x224.jpg\" alt=\"\" width=\"1024\" height=\"765\" srcset=\"https:\/\/eveniments.es\/wp-content\/uploads\/2020\/07\/The-Harlettes-4-300x224.jpg 300w, https:\/\/eveniments.es\/wp-content\/uploads\/2020\/07\/The-Harlettes-4-326x245.jpg 326w, https:\/\/eveniments.es\/wp-content\/uploads\/2020\/07\/The-Harlettes-4-80x60.jpg 80w, https:\/\/eveniments.es\/wp-content\/uploads\/2020\/07\/The-Harlettes-4.jpg 454w\" sizes=\"auto, (max-width: 1024px) 100vw, 1024px\" \/><img loading=\"lazy\" decoding=\"async\" class=\"alignnone wp-image-4120\" src=\"https:\/\/eveniments.es\/wp-content\/uploads\/2020\/07\/The-Harlettes-199x300.jpg\" alt=\"\" width=\"1024\" height=\"1548\" srcset=\"https:\/\/eveniments.es\/wp-content\/uploads\/2020\/07\/The-Harlettes-199x300.jpg 199w, https:\/\/eveniments.es\/wp-content\/uploads\/2020\/07\/The-Harlettes.jpg 489w\" sizes=\"auto, (max-width: 1024px) 100vw, 1024px\" \/><\/p>\n<p><iframe loading=\"lazy\" title=\"The Harlettes\" width=\"500\" height=\"281\" src=\"https:\/\/www.youtube.com\/embed\/PPEtjc5qwrE?feature=oembed\" frameborder=\"0\" allow=\"accelerometer; autoplay; clipboard-write; encrypted-media; gyroscope; picture-in-picture; web-share\" referrerpolicy=\"strict-origin-when-cross-origin\" allowfullscreen><\/iframe><\/p>\n","protected":false},"excerpt":{"rendered":"<div class=\"mh-excerpt\"><\/div>","protected":false},"author":1,"featured_media":0,"parent":0,"menu_order":0,"comment_status":"closed","ping_status":"closed","template":"template-full.php","meta":{"footnotes":""},"class_list":["post-4116","page","type-page","status-publish","hentry"],"_links":{"self":[{"href":"https:\/\/eveniments.es\/home\/wp-json\/wp\/v2\/pages\/4116","targetHints":{"allow":["GET"]}}],"collection":[{"href":"https:\/\/eveniments.es\/home\/wp-json\/wp\/v2\/pages"}],"about":[{"href":"https:\/\/eveniments.es\/home\/wp-json\/wp\/v2\/types\/page"}],"author":[{"embeddable":true,"href":"https:\/\/eveniments.es\/home\/wp-json\/wp\/v2\/users\/1"}],"replies":[{"embeddable":true,"href":"https:\/\/eveniments.es\/home\/wp-json\/wp\/v2\/comments?post=4116"}],"version-history":[{"count":1,"href":"https:\/\/eveniments.es\/home\/wp-json\/wp\/v2\/pages\/4116\/revisions"}],"predecessor-version":[{"id":4121,"href":"https:\/\/eveniments.es\/home\/wp-json\/wp\/v2\/pages\/4116\/revisions\/4121"}],"wp:attachment":[{"href":"https:\/\/eveniments.es\/home\/wp-json\/wp\/v2\/media?parent=4116"}],"curies":[{"name":"wp","href":"https:\/\/api.w.org\/{rel}","templated":true}]}}