{"id":4123,"date":"2020-07-22T05:22:51","date_gmt":"2020-07-22T05:22:51","guid":{"rendered":"https:\/\/eveniments.es\/?page_id=4123"},"modified":"2020-07-22T05:22:52","modified_gmt":"2020-07-22T05:22:52","slug":"seven-soul-band","status":"publish","type":"page","link":"https:\/\/eveniments.es\/home\/seven-soul-band","title":{"rendered":"Seven Soul Band"},"content":{"rendered":"\n<p>Es una banda femenina de Soul afincada en Madrid compuesta por 7 mujeres. <br>Son rompedoras en el escenario, divertidas y terriblemente incre\u00edbles! <br>Transmiten todo su buen rollo en el escenario haciendo vibrar al p\u00fablico a trav\u00e9s de la m\u00fasica y sus encantos.<\/p>\n<p><img loading=\"lazy\" decoding=\"async\" class=\"alignnone wp-image-4124 size-large\" src=\"https:\/\/eveniments.es\/wp-content\/uploads\/2020\/07\/Seven-Soul-Band-2-1024x1024.jpg\" alt=\"\" width=\"1024\" height=\"1024\" srcset=\"https:\/\/eveniments.es\/wp-content\/uploads\/2020\/07\/Seven-Soul-Band-2-1024x1024.jpg 1024w, https:\/\/eveniments.es\/wp-content\/uploads\/2020\/07\/Seven-Soul-Band-2-300x300.jpg 300w, https:\/\/eveniments.es\/wp-content\/uploads\/2020\/07\/Seven-Soul-Band-2-150x150.jpg 150w, https:\/\/eveniments.es\/wp-content\/uploads\/2020\/07\/Seven-Soul-Band-2-768x768.jpg 768w, https:\/\/eveniments.es\/wp-content\/uploads\/2020\/07\/Seven-Soul-Band-2-1536x1536.jpg 1536w, https:\/\/eveniments.es\/wp-content\/uploads\/2020\/07\/Seven-Soul-Band-2-2048x2048.jpg 2048w\" sizes=\"auto, (max-width: 1024px) 100vw, 1024px\" \/><img loading=\"lazy\" decoding=\"async\" class=\"alignnone wp-image-4125\" src=\"https:\/\/eveniments.es\/wp-content\/uploads\/2020\/07\/Seven-Soul-Band-300x224.jpg\" alt=\"\" width=\"1024\" height=\"763\" srcset=\"https:\/\/eveniments.es\/wp-content\/uploads\/2020\/07\/Seven-Soul-Band-300x224.jpg 300w, https:\/\/eveniments.es\/wp-content\/uploads\/2020\/07\/Seven-Soul-Band-80x60.jpg 80w, https:\/\/eveniments.es\/wp-content\/uploads\/2020\/07\/Seven-Soul-Band.jpg 671w\" sizes=\"auto, (max-width: 1024px) 100vw, 1024px\" \/><\/p>\n<p><iframe loading=\"lazy\" title=\"The Seven Soul Band\" width=\"500\" height=\"281\" src=\"https:\/\/www.youtube.com\/embed\/h1Y_JyHUNZU?feature=oembed\" frameborder=\"0\" allow=\"accelerometer; autoplay; clipboard-write; encrypted-media; gyroscope; picture-in-picture; web-share\" referrerpolicy=\"strict-origin-when-cross-origin\" allowfullscreen><\/iframe><\/p>\n","protected":false},"excerpt":{"rendered":"<div class=\"mh-excerpt\"><\/div>","protected":false},"author":1,"featured_media":0,"parent":0,"menu_order":0,"comment_status":"closed","ping_status":"closed","template":"template-full.php","meta":{"footnotes":""},"class_list":["post-4123","page","type-page","status-publish","hentry"],"_links":{"self":[{"href":"https:\/\/eveniments.es\/home\/wp-json\/wp\/v2\/pages\/4123","targetHints":{"allow":["GET"]}}],"collection":[{"href":"https:\/\/eveniments.es\/home\/wp-json\/wp\/v2\/pages"}],"about":[{"href":"https:\/\/eveniments.es\/home\/wp-json\/wp\/v2\/types\/page"}],"author":[{"embeddable":true,"href":"https:\/\/eveniments.es\/home\/wp-json\/wp\/v2\/users\/1"}],"replies":[{"embeddable":true,"href":"https:\/\/eveniments.es\/home\/wp-json\/wp\/v2\/comments?post=4123"}],"version-history":[{"count":1,"href":"https:\/\/eveniments.es\/home\/wp-json\/wp\/v2\/pages\/4123\/revisions"}],"predecessor-version":[{"id":4126,"href":"https:\/\/eveniments.es\/home\/wp-json\/wp\/v2\/pages\/4123\/revisions\/4126"}],"wp:attachment":[{"href":"https:\/\/eveniments.es\/home\/wp-json\/wp\/v2\/media?parent=4123"}],"curies":[{"name":"wp","href":"https:\/\/api.w.org\/{rel}","templated":true}]}}