{"id":4281,"date":"2021-05-20T05:31:15","date_gmt":"2021-05-20T05:31:15","guid":{"rendered":"https:\/\/eveniments.es\/?page_id=4281"},"modified":"2021-05-20T10:45:53","modified_gmt":"2021-05-20T10:45:53","slug":"tematicas-bodas","status":"publish","type":"page","link":"https:\/\/eveniments.es\/home\/tematicas-bodas","title":{"rendered":"Tem\u00e1ticas Bodas"},"content":{"rendered":"\n<div class=\"wpb_text_column wpb_content_element \">\n<div class=\"wpb_wrapper\">\n<h3>\u00a1D\u00e9jate inspirar por las tem\u00e1ticas de bodas m\u00e1s originales y creativas!<\/h3>\n<p class=\"p1\">Desde Eveniments siempre estamos innovando y buscando las \u00faltimas tendencias para la creaci\u00f3n de todo tipo de eventos, en nuestro apartado de<strong><a href=\"https:\/\/www.crearteevents.com\/bodas\/\">&nbsp;bodas creativas<\/a>&nbsp;<\/strong>puedes encontrar las mejores ideas para hacer del d\u00eda de tu boda, un d\u00eda inolvidable. Nos gusta inspirarnos en parejas reales que por sus gustos han decidido hacer una boda original con una tem\u00e1tica que se corresponda m\u00e1s con su personalidad. Por eso te traemos algunas de nuestras ideas favoritas recopiladas para que puedas inspirarte y tomar la decisi\u00f3n m\u00e1s acertada para celebrar tu enlace.<\/p>\n<p class=\"p1\">No es f\u00e1cil hacer una boda tem\u00e1tica, es necesario investigar mucho, buscar muchas referencias, as\u00ed como encontrar los mejores proveedores que hagan posible realizar tu sue\u00f1o de una forma econ\u00f3mica pero profesional. Eveniments&nbsp;se ha especializado en la&nbsp;<strong>realizaci\u00f3n integral de eventos<\/strong>, por lo que si eliges alguna de estas tem\u00e1ticas, nosotros te ayudaremos y gestionaremos la organizaci\u00f3n de la boda, nos ocuparemos de<a href=\"https:\/\/www.crearteevents.com\/ambientacion-y-decoracion\/\">&nbsp;la decoraci\u00f3n<\/a>, el arte final,<a href=\"https:\/\/www.crearteevents.com\/musica\/\">&nbsp;la m\u00fasica<\/a>,&nbsp;<a href=\"https:\/\/www.crearteevents.com\/animaciones-creativas\/\">las animaciones<\/a>,&nbsp;<a href=\"https:\/\/www.crearteevents.com\/artistas\/\">la contrataci\u00f3n de artistas<\/a>, los proveedores, los vestuarios, as\u00ed como un te ofreceremos un mont\u00f3n de ideas creativas para que t\u00fa puedas escoger todo a medida y de forma personalizable.<\/p>\n<p class=\"p1\">D\u00e9jate inspirar por&nbsp;<a href=\"https:\/\/www.crearteevents.com\/bodas-tematicas\/\">las tem\u00e1ticas<\/a>&nbsp;que nuestro equipo editorial ha recopilado para hacerte la vida m\u00e1s f\u00e1cil y que puedas escoger lo que m\u00e1s os caracteriza a vosotros como pareja, que el d\u00eda de tu boda sea un reflejo de quien sois.<\/p>\n<\/div>\n<\/div>\n<div class=\"wpb_text_column wpb_content_element \">\n<div class=\"wpb_wrapper\">\n<h4><strong>1. Boda al estilo Gatsby o a\u00f1os 20<\/strong><\/h4>\n<p class=\"p1\">Quiz\u00e1s sois de los que sienten nostalgia por otra \u00e9poca y os encanta el estilo de&nbsp;<b>los locos a\u00f1os 20<\/b>.<span class=\"Apple-converted-space\">&nbsp;&nbsp;<\/span>Por eso te imaginas tu boda como un homenaje al&nbsp;<b>glamour y la bohemia&nbsp;<\/b>de esta \u00e9poca, los felices a\u00f1os 20 son siempre una buena tem\u00e1tica para los amantes de la seducci\u00f3n y la elegancia. La d\u00e9cada de los a\u00f1os 20 ha pasado a la historia como un periodo de bonanza econ\u00f3mica en Estados unidos, el derroche, la elegancia y la fiesta eran los protagonistas de esta \u00e9poca. Una \u00e9poca en la que el Se\u00f1or Gatsby realiz\u00f3 sus m\u00edticas fiestas en la Nueva york de la elegancia y la pasi\u00f3n.<span class=\"Apple-converted-space\">&nbsp;&nbsp;<\/span>El<b>&nbsp;swing&nbsp;<\/b>no paraba de sonar y el&nbsp;<b>charlest\u00f3n<\/b>&nbsp;era el baile oficial al que todos acud\u00edan para celebrar la vida. Tambi\u00e9n en Europa se vivi\u00f3 esta \u00e9poca de esplendor y proliferaron&nbsp;<b>el cabaret&nbsp;<\/b>y&nbsp;<b>el burlesque<\/b>, la bohemia. En la sombra estaba&nbsp;<b>la m\u00e1fia, el juego y los casinos, los g\u00e1nster<\/b>&nbsp;eran personajes claves y caracter\u00edsticos del romanticismo de los locos a\u00f1os 20.<span class=\"Apple-converted-space\">&nbsp;&nbsp;<\/span>\u00bfSois de los que ven con nostalgia ese esplendor a lo Gatsby? D\u00e9jate inspirar por la nostalgia y no dejes de revivir esa \u00e9poca eligiendo la tem\u00e1tica al estilo gatsby para tu boda.<span class=\"Apple-converted-space\">&nbsp;<\/span><\/p>\n[ngg src=\u00bbgalleries\u00bb ids=\u00bb8&#8243; display=\u00bbbasic_imagebrowser\u00bb]\n<p>&nbsp;<\/p>\n<div class=\"wpb_text_column wpb_content_element \">\n<div class=\"wpb_wrapper\">\n<h4><strong>2. Boda Circo Vintage<\/strong><\/h4>\n<p class=\"p2\">Otro estilo tambi\u00e9n relacionado con la nostalgia son las bodas al estilo circense, estas bodas divertidas y llenas de sorpresas son tambi\u00e9n una buena tem\u00e1tica para sorprender a tus invitados. Son bodas que rebosan alegr\u00eda y se inspiran en los personajes y el estilo de la vida del circo, est\u00e1n llenas de atracciones y colores llamativos, las rayas rojas y blancas de las carpas de cine ser\u00e1n la se\u00f1a de identidad, las palomitas, las golosinas, las luces y los detalles de colores transportaran a la gente a un mundo m\u00e1gico y fant\u00e1stico. Tambi\u00e9n puedes incorporar espect\u00e1culos de acr\u00f3batas y animadores caracter\u00edsticos del circo, personajes divertidos como el hombre super fuerte, el domador de leones o la mujer barbuda que entretendr\u00e1n a todos los asistentes. No importa la edad de tus invitados todos volver\u00e1n a sentirse como ni\u00f1os en un ambiente m\u00e1gico. Con un poco de organizaci\u00f3n la tem\u00e1tica de circo puede ser una buena forma de que todo el mundo disfrute y recuerde tu d\u00eda con la mayor de las alegr\u00edas.<span class=\"Apple-converted-space\">&nbsp;<\/span><\/p>\n[ngg src=\u00bbgalleries\u00bb ids=\u00bb7&#8243; display=\u00bbbasic_imagebrowser\u00bb]\n<\/div>\n<\/div>\n<div class=\"wpb_images_carousel wpb_content_element vc_clearfix\">\n<div class=\"wpb_wrapper\">\n<div id=\"vc_images-carousel-2-1621487348\" class=\"vc_slide vc_images_carousel vc_build\" data-ride=\"vc_carousel\" data-wrap=\"false\" data-interval=\"0\" data-auto-height=\"yes\" data-mode=\"horizontal\" data-partial=\"false\" data-per-view=\"1\" data-hide-on-end=\"true\">\n<h4><strong>3. Bodas de \u00e9poca<\/strong><\/h4>\n<p class=\"p1\">Puede ser que la nostalgia que padeces no solo se vaya a los a\u00f1os 20, quiz\u00e1s sois una pareja nacida en una \u00e9poca mucho anterior\u2026 Por eso te proponemos el&nbsp;<strong>Estilo Medieval<\/strong>, la \u00e9poca de los castillos, los bufones, las batallas, armaduras, cotas de malla, arcos, flechas y espadas, la fantas\u00eda. Una boda divertida y sorprendente, al m\u00e1s puro estilo de las damas y caballeros.<\/p>\n<div class=\"vc_carousel-inner\">\n<div class=\"vc_carousel-slideline\">\n<div class=\"vc_carousel-slideline-inner\">\n<div class=\"vc_item vc_active\">\n[ngg src=\u00bbgalleries\u00bb ids=\u00bb9&#8243; display=\u00bbbasic_imagebrowser\u00bb]\n<\/div>\n<\/div>\n<\/div>\n<\/div>\n<\/div>\n<\/div>\n<\/div>\n<\/div>\n<\/div>\n\n\n\n<div class=\"wp-block-group\"><div class=\"wp-block-group__inner-container is-layout-flow wp-block-group-is-layout-flow\">\n<p>O tal vez os guste el esplendor&nbsp; de las&nbsp;<strong>Bodas Romanas o Griegas<\/strong>, las togas, los dioses, los templos, las estatuas, la luz y la blancura. Quiz\u00e1s quieras que los vestuarios y la decoraci\u00f3n hagan que tu boda sea como una celebraci\u00f3n de los dioses del Olimpo. Un estilo que puede ser animada, tambi\u00e9n, por los juegos ol\u00edmpicos y los personajes claves de las olimpiadas.<\/p>\n[ngg src=\u00bbgalleries\u00bb ids=\u00bb10&#8243; display=\u00bbbasic_imagebrowser\u00bb]\n<div class=\"wpb_text_column wpb_content_element \">\n<div class=\"wpb_wrapper\">\n<p>O puede ser que te gusta m\u00e1s el&nbsp;<strong>Estilo Imperial<\/strong>&nbsp;de la Francia del s.xix y sus vestidos lujosos, sus pelucas, la decoraci\u00f3n barroca, de cuento\u2026<span class=\"Apple-converted-space\">&nbsp;&nbsp;<\/span>O el&nbsp;<strong>Estilo Victoriano<\/strong>, con sus sobrios lujos y sus faldas largas y armadas, los encajes, las velas, las perlas y guantes y su toque oscuro pero sin duda elegante y simb\u00f3lico. Sea cual sea tu \u00e9poca, nosotros podremos ayudarte a transportarte a ella.<\/p>\n[ngg src=\u00bbgalleries\u00bb ids=\u00bb11&#8243; display=\u00bbbasic_imagebrowser\u00bb]\n<\/div>\n<\/div>\n<div class=\"wpb_images_carousel wpb_content_element vc_clearfix\">\n<div class=\"wpb_wrapper\">\n<div id=\"vc_images-carousel-5-1621487348\" class=\"vc_slide vc_images_carousel vc_build\" data-ride=\"vc_carousel\" data-wrap=\"false\" data-interval=\"0\" data-auto-height=\"yes\" data-mode=\"horizontal\" data-partial=\"false\" data-per-view=\"1\" data-hide-on-end=\"true\">\n<h4><strong>6. Bodas con estilo Festival<\/strong><\/h4>\n<p class=\"p1\">Pero si os gusta vuestra \u00e9poca y sois amantes de los festivales y lo moderno, si la m\u00fasica es vuestra mayor pasi\u00f3n, no hay mejor tem\u00e1tica que la tem\u00e1tica festival. El d\u00eda de tu boda ser\u00e1 la BodaFest, un mini festival de amor, lleno de m\u00fasica y actuaciones en directo con el m\u00e1s puro estilo festivalero; las invitaciones ser\u00e1n los tickets de entradas, tendremos los mejores food trucks para deleitar a tus invitados, la iluminaci\u00f3n y la decoraci\u00f3n tendr\u00e1n el estilo musical que t\u00fa elijas y tu boda estar\u00e1 llena de sorpresas y de m\u00fasica en directo. Tu boda ser\u00e1 como volver a rememorar esos d\u00edas de verano y diversi\u00f3n.<\/p>\n[ngg src=\u00bbgalleries\u00bb ids=\u00bb12&#8243; display=\u00bbbasic_imagebrowser\u00bb]\n<div class=\"vc_carousel-inner\">\n<div class=\"vc_carousel-slideline\">\n<div class=\"vc_carousel-slideline-inner\">\n<div class=\"vc_item vc_active\">\n<h4><strong>7. Bodas Flower Power&nbsp;<\/strong><\/h4>\n<p class=\"p1\">Otro tipo de boda tambi\u00e9n moderna, divertida y musical ser\u00e1 la Flower Power; si como pareja os gusta el estilo hippie y la alegr\u00eda y libertad de la d\u00e9cada de los 60-70,<span class=\"Apple-converted-space\">&nbsp;<\/span>esta es tu tem\u00e1tica. Su car\u00e1cter retro, sus flores, su buena vibra, su&nbsp;<em>\u00abpeace and love\u00bb<\/em>, ser\u00e1 lo que aporte el color y el estilo de esta boda. Todo aquello que recuerde a la \u00e9poca Hippy de los 60-70 va a ser muy bien recibido y la buena m\u00fasica reinar\u00e1 en la pista de baile.<\/p>\n[ngg src=\u00bbgalleries\u00bb ids=\u00bb13&#8243; display=\u00bbbasic_imagebrowser\u00bb]\n<\/div>\n<\/div>\n<\/div>\n<\/div>\n<\/div>\n<\/div>\n<\/div>\n<\/div><\/div>\n\n\n\n<div class=\"wp-block-group\"><div class=\"wp-block-group__inner-container is-layout-flow wp-block-group-is-layout-flow\">\n<div class=\"wpb_text_column wpb_content_element \">\n<div class=\"wpb_wrapper\">\n<h4 class=\"p1\"><b>8. Bodas de los 80-90<\/b><\/h4>\n<p class=\"p1\">Si sin embargo, sois un poco m\u00e1s ca\u00f1eros y os gusta el estilo de otros referentes de los 70-80-90, las tem\u00e1ticas disco ser\u00e1n tu tem\u00e1tica. Estas d\u00e9cadas estuvieron bien cargadas de la fuerza y el estilo rockero y el funk de la cultura disco, las bolas disco nacidas con la m\u00fasica disco, con la referencia de la famosa discoteca Studio 54, y pel\u00edculas como fiebre de s\u00e1bado noche ser\u00e1n los referentes. Los elementos que caractericen esta tem\u00e1tica ser\u00e1n las melod\u00edas ca\u00f1eras, las bolas de discoteca, los colores vibrantes, los peinados cardados, la vestimenta chillona,&nbsp; las texturas coloridas o la iluminaci\u00f3n ne\u00f3n y fl\u00faor, todo ello contribuir\u00e1 a que tu boda lleve el sello caracter\u00edstico de estas d\u00e9cadas siendo una fiesta original que dejar\u00e1 enamorados a todos los presentes.<\/p>\n<\/div>\n<\/div>\n<div class=\"wpb_images_carousel wpb_content_element vc_clearfix\">\n<div class=\"wpb_wrapper\">\n<div id=\"vc_images-carousel-8-1621487348\" class=\"vc_slide vc_images_carousel vc_build\" data-ride=\"vc_carousel\" data-wrap=\"false\" data-interval=\"0\" data-auto-height=\"yes\" data-mode=\"horizontal\" data-partial=\"false\" data-per-view=\"1\" data-hide-on-end=\"true\">\n<div class=\"vc_carousel-inner\">\n<div class=\"vc_carousel-slideline\">\n<div class=\"vc_carousel-slideline-inner\">\n<div class=\"vc_item vc_active\">\n[ngg src=\u00bbgalleries\u00bb ids=\u00bb14&#8243; display=\u00bbbasic_imagebrowser\u00bb]\n<\/div>\n<\/div>\n<\/div>\n<\/div>\n<\/div>\n<\/div>\n<\/div>\n<\/div><\/div>\n\n\n\n<div class=\"wp-block-group\"><div class=\"wp-block-group__inner-container is-layout-flow wp-block-group-is-layout-flow\">\n<h4 class=\"p1\"><b>9. Boda Futurista<\/b><\/h4>\n<p class=\"p1\">Tambi\u00e9n podemos viajar en el tiempo y hacer una gran boda del futuro, con las propuestas m\u00e1s tecnol\u00f3gicas y futuristas. Las animaciones y el estilo futurista ser\u00e1 la clave del d\u00eda de tu d\u00eda; vestidos futuristas con materiales novedosos, decoraciones con luces led, iluminaciones vanguardistas, formas escult\u00f3ricas en los detalles, minimalismo y nuevas<span class=\"Apple-converted-space\">&nbsp;&nbsp;<\/span>tecnolog\u00edas llenar\u00e1n el espacio para que los&nbsp;<span class=\"Apple-converted-space\">&nbsp;&nbsp;<\/span>invitados sean transportados al futuro y todas sus novedades.&nbsp;<span class=\"Apple-converted-space\">&nbsp;<\/span><\/p>\n[ngg src=\u00bbgalleries\u00bb ids=\u00bb15&#8243; display=\u00bbbasic_imagebrowser\u00bb]\n<\/div><\/div>\n\n\n\n<h4 class=\"p1\"><b>10. Boda Steampunk<\/b><\/h4>\n<p class=\"p1\">Otra boda para novios con actitud ser\u00e1 la tem\u00e1tica Steampunk. Si os gusta adem\u00e1s una est\u00e9tica vintage, pero tambi\u00e9n un poco fant\u00e1stica, la tem\u00e1tica steampunk no te dejar\u00e1 indiferente, ni a tus invitados; una mezcla de estilo victoriano, g\u00f3tico, vintage, rock y una pizca del salvaje oeste es la mejor manera de describir lo maravilloso que es el steampunk. Los cors\u00e9s, bastones, gafas, relojes de arena, br\u00fajulas, engranajes y todo tipo de otros mecanismos extra\u00f1os y maravillosos ser\u00e1 toda una novedad para tus invitados.<\/p>\n[ngg src=\u00bbgalleries\u00bb ids=\u00bb16&#8243; display=\u00bbbasic_imagebrowser\u00bb]\n<h4 class=\"p1\"><b>11.&nbsp;<\/b><b>Boda al estilo carnaval<\/b><\/h4>\n<p class=\"p1\">Por \u00faltimo si en realidad os gusta el color y os apetece es la alegr\u00eda y el color del carnaval, tambi\u00e9n existe una tem\u00e1tica m\u00e1s divertida y carnavalesca, llena de baile, espect\u00e1culo, danza, colores brillantes, diversi\u00f3n y locura: la tem\u00e1tica de carnaval. Puedes elegir a d\u00f3nde quieres transportarte, descubre a tus invitados las maravillas de los mejores carnavales del mundo;&nbsp;<strong>El Carnaval de Brasil, el de Tenerife, el Mardi Gras en Nueva Orleans<\/strong>\u2026<\/p>\n[ngg src=\u00bbgalleries\u00bb ids=\u00bb17&#8243; display=\u00bbbasic_imagebrowser\u00bb]\n","protected":false},"excerpt":{"rendered":"<div class=\"mh-excerpt\"><\/div>","protected":false},"author":1,"featured_media":0,"parent":0,"menu_order":0,"comment_status":"closed","ping_status":"closed","template":"template-full.php","meta":{"footnotes":""},"class_list":["post-4281","page","type-page","status-publish","hentry"],"_links":{"self":[{"href":"https:\/\/eveniments.es\/home\/wp-json\/wp\/v2\/pages\/4281","targetHints":{"allow":["GET"]}}],"collection":[{"href":"https:\/\/eveniments.es\/home\/wp-json\/wp\/v2\/pages"}],"about":[{"href":"https:\/\/eveniments.es\/home\/wp-json\/wp\/v2\/types\/page"}],"author":[{"embeddable":true,"href":"https:\/\/eveniments.es\/home\/wp-json\/wp\/v2\/users\/1"}],"replies":[{"embeddable":true,"href":"https:\/\/eveniments.es\/home\/wp-json\/wp\/v2\/comments?post=4281"}],"version-history":[{"count":14,"href":"https:\/\/eveniments.es\/home\/wp-json\/wp\/v2\/pages\/4281\/revisions"}],"predecessor-version":[{"id":4602,"href":"https:\/\/eveniments.es\/home\/wp-json\/wp\/v2\/pages\/4281\/revisions\/4602"}],"wp:attachment":[{"href":"https:\/\/eveniments.es\/home\/wp-json\/wp\/v2\/media?parent=4281"}],"curies":[{"name":"wp","href":"https:\/\/api.w.org\/{rel}","templated":true}]}}