{"id":4591,"date":"2021-05-20T09:54:59","date_gmt":"2021-05-20T09:54:59","guid":{"rendered":"https:\/\/eveniments.es\/?page_id=4591"},"modified":"2021-05-20T09:55:18","modified_gmt":"2021-05-20T09:55:18","slug":"magia-para-bodas","status":"publish","type":"page","link":"https:\/\/eveniments.es\/home\/magia-para-bodas","title":{"rendered":"Magia para Bodas"},"content":{"rendered":"\n<h3><strong>Te traemos la mejor magia para bodas para animar para hacer a\u00fan m\u00e1s m\u00e1gico ese d\u00eda. Nuestros magos realizar\u00e1n trucos y shows personalizados para tu d\u00eda.<\/strong><\/h3>\n<p>En un d\u00eda tan m\u00e1gico como es el d\u00eda de tu boda no puede faltar traer un poco de magia en los corazones de todos. Tanto t\u00fa como tus invitados quedar\u00e9is sorprendidos y con la boca abierta con los trucos que os traer\u00e1n nuestros magos profesionales. Llena de magia ese d\u00eda tan \u00fanico y sorprende a los tuyos, tanto grandes como peque\u00f1os. Nuestros magos cuentan con un repertorio&nbsp; de trucos espectacular y deleitar\u00e1n a tus invitados, estos no solo alucinar\u00e1n, sino que participar\u00e1n en primera persona y vivir\u00e1n la magia a pocos cent\u00edmetros de los ojos.<\/p>\n<p>Tenemos diferentes formatos seg\u00fan el momento de la boda:<\/p>\n<ul>\n<li><strong>Magia para cocktails:<\/strong>&nbsp;Un mago aparecer\u00e1 en el momento del cocktail e interactuar\u00e1 entre los invitados haciendo magia en peque\u00f1os grupos movi\u00e9ndose por todo el espacio.<\/li>\n<li><strong>Magia para comidas o cenas:<\/strong>&nbsp;Nuestro mago pasar\u00e1 de mesa en mesa presentando la magia como un regalo de los protagonistas hacia los invitados. Aprovechar\u00e1 los tiempos muertos entre plato y plato para deleitar a los comensales. \u00a1Qu\u00e9 mejor que juntar una buena comida con una gran animaci\u00f3n!<\/li>\n<li><strong>Magia de sal\u00f3n:<\/strong>&nbsp;En este formato, la magia es ofrecida a todos los invitados a la vez, proponiendo n\u00fameros de magia de mayor formato, con participaci\u00f3n de los protagonistas y n\u00fameros espectaculares a la par que divertidos. En esta propuesta, la magia de escena va acompa\u00f1ada de equipo t\u00e9cnico y personal cualificado para una puesta en escena impecable y profesional.<\/li>\n<li><strong>Opci\u00f3n Mixta:&nbsp;<\/strong>Esta opci\u00f3n combina la magia \u00edntima con los invitados con la magia de escena o show. Sorprender\u00e1s a tus invitados en el cocktail, pero luego podr\u00e1s contar con una sesi\u00f3n de 15-30 minutos final durante la sobremesa y antes de la fiesta en el que los novios ser\u00e1n los protagonistas de ese cierre final.<\/li>\n<\/ul>\n<!--[if lt IE 9]><script>document.createElement('video');<\/script><![endif]-->\n\t<div class=\"wp-playlist wp-video-playlist wp-playlist-light\">\n\t\t<video controls=\"controls\" preload=\"none\" width=\"640\"\n\t\t height=\"360\"\t><\/video>\n\t<div class=\"wp-playlist-next\"><\/div>\n\t<div class=\"wp-playlist-prev\"><\/div>\n\t<noscript>\n\t<ol>\n\t\t<li><a href='https:\/\/eveniments.es\/wp-content\/uploads\/2021\/05\/Gala-Nico-2017-Actuaci\u00f3n-Mago-Roncero.mp4'>Actuaci\u00f3n Mago Roncero<\/a><\/li>\t<\/ol>\n\t<\/noscript>\n\t<script type=\"application\/json\" class=\"wp-playlist-script\">{\"type\":\"video\",\"tracklist\":true,\"tracknumbers\":true,\"images\":true,\"artists\":true,\"tracks\":[{\"src\":\"https:\\\/\\\/eveniments.es\\\/wp-content\\\/uploads\\\/2021\\\/05\\\/Gala-Nico-2017-Actuaci\\u00f3n-Mago-Roncero.mp4\",\"type\":\"video\\\/mp4\",\"title\":\"Actuaci\\u00f3n Mago Roncero\",\"caption\":\"\",\"description\":\"\",\"meta\":{\"length_formatted\":\"9:01\"},\"dimensions\":{\"original\":{\"width\":1280,\"height\":720},\"resized\":{\"width\":640,\"height\":360}},\"image\":{\"src\":\"https:\\\/\\\/eveniments.es\\\/wp-includes\\\/images\\\/media\\\/video.svg\",\"width\":48,\"height\":64},\"thumb\":{\"src\":\"https:\\\/\\\/eveniments.es\\\/wp-includes\\\/images\\\/media\\\/video.svg\",\"width\":48,\"height\":64}}]}<\/script>\n<\/div>\n\t\n<div class=\"wp-playlist wp-video-playlist wp-playlist-light\">\n\t\t<video controls=\"controls\" preload=\"none\" width=\"640\"\n\t\t height=\"360\"\t><\/video>\n\t<div class=\"wp-playlist-next\"><\/div>\n\t<div class=\"wp-playlist-prev\"><\/div>\n\t<noscript>\n\t<ol>\n\t\t<li><a href='https:\/\/eveniments.es\/wp-content\/uploads\/2021\/05\/MAGIA-PARA-BODAS-01.mp4'>MAGIA PARA BODAS 01<\/a><\/li>\t<\/ol>\n\t<\/noscript>\n\t<script type=\"application\/json\" class=\"wp-playlist-script\">{\"type\":\"video\",\"tracklist\":true,\"tracknumbers\":true,\"images\":true,\"artists\":true,\"tracks\":[{\"src\":\"https:\\\/\\\/eveniments.es\\\/wp-content\\\/uploads\\\/2021\\\/05\\\/MAGIA-PARA-BODAS-01.mp4\",\"type\":\"video\\\/mp4\",\"title\":\"MAGIA PARA BODAS 01\",\"caption\":\"\",\"description\":\"\",\"meta\":{\"length_formatted\":\"1:00\"},\"dimensions\":{\"original\":{\"width\":1280,\"height\":720},\"resized\":{\"width\":640,\"height\":360}},\"image\":{\"src\":\"https:\\\/\\\/eveniments.es\\\/wp-includes\\\/images\\\/media\\\/video.svg\",\"width\":48,\"height\":64},\"thumb\":{\"src\":\"https:\\\/\\\/eveniments.es\\\/wp-includes\\\/images\\\/media\\\/video.svg\",\"width\":48,\"height\":64}}]}<\/script>\n<\/div>\n\t\n","protected":false},"excerpt":{"rendered":"<div class=\"mh-excerpt\"><\/div>","protected":false},"author":1,"featured_media":0,"parent":0,"menu_order":0,"comment_status":"closed","ping_status":"closed","template":"template-full.php","meta":{"footnotes":""},"class_list":["post-4591","page","type-page","status-publish","hentry"],"_links":{"self":[{"href":"https:\/\/eveniments.es\/home\/wp-json\/wp\/v2\/pages\/4591","targetHints":{"allow":["GET"]}}],"collection":[{"href":"https:\/\/eveniments.es\/home\/wp-json\/wp\/v2\/pages"}],"about":[{"href":"https:\/\/eveniments.es\/home\/wp-json\/wp\/v2\/types\/page"}],"author":[{"embeddable":true,"href":"https:\/\/eveniments.es\/home\/wp-json\/wp\/v2\/users\/1"}],"replies":[{"embeddable":true,"href":"https:\/\/eveniments.es\/home\/wp-json\/wp\/v2\/comments?post=4591"}],"version-history":[{"count":1,"href":"https:\/\/eveniments.es\/home\/wp-json\/wp\/v2\/pages\/4591\/revisions"}],"predecessor-version":[{"id":4594,"href":"https:\/\/eveniments.es\/home\/wp-json\/wp\/v2\/pages\/4591\/revisions\/4594"}],"wp:attachment":[{"href":"https:\/\/eveniments.es\/home\/wp-json\/wp\/v2\/media?parent=4591"}],"curies":[{"name":"wp","href":"https:\/\/api.w.org\/{rel}","templated":true}]}}