{"id":4595,"date":"2021-05-20T10:24:06","date_gmt":"2021-05-20T10:24:06","guid":{"rendered":"https:\/\/eveniments.es\/?page_id=4595"},"modified":"2021-05-20T10:24:07","modified_gmt":"2021-05-20T10:24:07","slug":"teatro-impro-para-bodas","status":"publish","type":"page","link":"https:\/\/eveniments.es\/home\/teatro-impro-para-bodas","title":{"rendered":"Teatro Impro para Bodas"},"content":{"rendered":"\n<h3><strong>Te traemos el mejor Teatro Impro para Bodas, un show personalizado donde varios actores improvisar\u00e1n con los novios e invitados creando un ambiente inolvidable.<\/strong><\/h3>\n<p>Descubre nuestros&nbsp;<b>espect\u00e1culos de improvisaci\u00f3n personalizados<\/b>&nbsp;para amenizar cualquier tipo de Boda, ya sea con un estilo m\u00e1s tradicional o formal o algo m\u00e1s casual y divertido. Tendr\u00e1s que rellenar un cuestionario y nosotros gestionaremos con los actores para que estos improvisen utilizando la mejor historia y a trav\u00e9s de la informaci\u00f3n que nos hayas dado en la entrevista propia. Crearemos un show de improvisaci\u00f3n que animar\u00e1 a todos los invitados de tu fiesta con un toque muy personalizado.<\/p>\n<p>Adem\u00e1s si lo prefieres as\u00ed, tambi\u00e9n podemos sorprender a alguien de forma inesperada, convertirtiendo a nuestros actores en&nbsp;&nbsp;<b>personajes infiltrados<\/b>, que sorprender\u00e1n a tus invitados. Toda una experiencia llena de diversi\u00f3n, sin duda un gran show de \u00e9xito para cualquier boda.<\/p>\n<p>Tenemos dos opciones de Shows de improvisaciones. Un formato show en el que estos ocuparan un tiempo dentro de la Boda en el momento que desees, el cocktail, la cena o comida, la fiesta, etc\u2026 O que nuestros improvisadores est\u00e9n durante toda la boda haciendo peque\u00f1os shows para animar a los invitados.<\/p>\n<!--[if lt IE 9]><script>document.createElement('video');<\/script><![endif]-->\n\t<div class=\"wp-playlist wp-video-playlist wp-playlist-light\">\n\t\t<video controls=\"controls\" preload=\"none\" width=\"640\"\n\t\t height=\"362\"\t><\/video>\n\t<div class=\"wp-playlist-next\"><\/div>\n\t<div class=\"wp-playlist-prev\"><\/div>\n\t<noscript>\n\t<ol>\n\t\t<li><a href='https:\/\/eveniments.es\/wp-content\/uploads\/2021\/05\/IMPRO-CAF\u00c9-\u201cDuo-Impro\u201d.mp4'>IMPRO CAF\u00c9 \u201cDuo Impro\u201d<\/a><\/li>\t<\/ol>\n\t<\/noscript>\n\t<script type=\"application\/json\" class=\"wp-playlist-script\">{\"type\":\"video\",\"tracklist\":true,\"tracknumbers\":true,\"images\":true,\"artists\":true,\"tracks\":[{\"src\":\"https:\\\/\\\/eveniments.es\\\/wp-content\\\/uploads\\\/2021\\\/05\\\/IMPRO-CAF\\u00c9-\\u201cDuo-Impro\\u201d.mp4\",\"type\":\"video\\\/mp4\",\"title\":\"IMPRO CAF\\u00c9 \\u201cDuo Impro\\u201d\",\"caption\":\"\",\"description\":\"\",\"meta\":{\"length_formatted\":\"3:35\"},\"dimensions\":{\"original\":{\"width\":636,\"height\":360},\"resized\":{\"width\":640,\"height\":362}},\"image\":{\"src\":\"https:\\\/\\\/eveniments.es\\\/wp-includes\\\/images\\\/media\\\/video.svg\",\"width\":48,\"height\":64},\"thumb\":{\"src\":\"https:\\\/\\\/eveniments.es\\\/wp-includes\\\/images\\\/media\\\/video.svg\",\"width\":48,\"height\":64}}]}<\/script>\n<\/div>\n\t\n<div style=\"width: 1280px;\" class=\"wp-video\"><!--[if lt IE 9]><script>document.createElement('video');<\/script><![endif]-->\n<video class=\"wp-video-shortcode\" id=\"video-4595-1\" width=\"1280\" height=\"720\" preload=\"metadata\" controls=\"controls\"><source type=\"video\/mp4\" src=\"https:\/\/eveniments.es\/wp-content\/uploads\/2021\/05\/IMPROCAF\u00c9-UN-CAF\u00c9-CON-ISA-AULL\u00d3.mp4?_=1\" \/><a href=\"https:\/\/eveniments.es\/wp-content\/uploads\/2021\/05\/IMPROCAF\u00c9-UN-CAF\u00c9-CON-ISA-AULL\u00d3.mp4\">https:\/\/eveniments.es\/wp-content\/uploads\/2021\/05\/IMPROCAF\u00c9-UN-CAF\u00c9-CON-ISA-AULL\u00d3.mp4<\/a><\/video><\/div>\n","protected":false},"excerpt":{"rendered":"<div class=\"mh-excerpt\"><\/div>","protected":false},"author":1,"featured_media":0,"parent":0,"menu_order":0,"comment_status":"closed","ping_status":"closed","template":"template-full.php","meta":{"footnotes":""},"class_list":["post-4595","page","type-page","status-publish","hentry"],"_links":{"self":[{"href":"https:\/\/eveniments.es\/home\/wp-json\/wp\/v2\/pages\/4595","targetHints":{"allow":["GET"]}}],"collection":[{"href":"https:\/\/eveniments.es\/home\/wp-json\/wp\/v2\/pages"}],"about":[{"href":"https:\/\/eveniments.es\/home\/wp-json\/wp\/v2\/types\/page"}],"author":[{"embeddable":true,"href":"https:\/\/eveniments.es\/home\/wp-json\/wp\/v2\/users\/1"}],"replies":[{"embeddable":true,"href":"https:\/\/eveniments.es\/home\/wp-json\/wp\/v2\/comments?post=4595"}],"version-history":[{"count":1,"href":"https:\/\/eveniments.es\/home\/wp-json\/wp\/v2\/pages\/4595\/revisions"}],"predecessor-version":[{"id":4598,"href":"https:\/\/eveniments.es\/home\/wp-json\/wp\/v2\/pages\/4595\/revisions\/4598"}],"wp:attachment":[{"href":"https:\/\/eveniments.es\/home\/wp-json\/wp\/v2\/media?parent=4595"}],"curies":[{"name":"wp","href":"https:\/\/api.w.org\/{rel}","templated":true}]}}