{"id":5182,"date":"2023-05-25T18:18:02","date_gmt":"2023-05-25T18:18:02","guid":{"rendered":"https:\/\/eveniments.es\/home\/?page_id=5182"},"modified":"2024-04-19T08:50:00","modified_gmt":"2024-04-19T08:50:00","slug":"planificacion-y-organizacion-de-eventos","status":"publish","type":"page","link":"https:\/\/eveniments.es\/home\/planificacion-y-organizacion-de-eventos","title":{"rendered":"Planificaci\u00f3n y organizaci\u00f3n de eventos"},"content":{"rendered":"\n<figure class=\"wp-block-image size-large\"><img loading=\"lazy\" decoding=\"async\" width=\"1024\" height=\"768\" src=\"https:\/\/eveniments.es\/wp-content\/uploads\/2023\/05\/business-3054946_1280-1024x768.jpg\" alt=\"\" class=\"wp-image-5183\" srcset=\"https:\/\/eveniments.es\/wp-content\/uploads\/2023\/05\/business-3054946_1280-1024x768.jpg 1024w, https:\/\/eveniments.es\/wp-content\/uploads\/2023\/05\/business-3054946_1280-300x225.jpg 300w, https:\/\/eveniments.es\/wp-content\/uploads\/2023\/05\/business-3054946_1280-768x576.jpg 768w, https:\/\/eveniments.es\/wp-content\/uploads\/2023\/05\/business-3054946_1280-678x509.jpg 678w, https:\/\/eveniments.es\/wp-content\/uploads\/2023\/05\/business-3054946_1280-326x245.jpg 326w, https:\/\/eveniments.es\/wp-content\/uploads\/2023\/05\/business-3054946_1280-80x60.jpg 80w, https:\/\/eveniments.es\/wp-content\/uploads\/2023\/05\/business-3054946_1280.jpg 1280w\" sizes=\"auto, (max-width: 1024px) 100vw, 1024px\" \/><\/figure>\n\n\n\n<p class=\"wp-block-heading\">Alivie el estr\u00e9s de planificar y ejecutar el evento de su empresa confi\u00e1ndolo a nuestros expertos organizadores,con una amplia experiencia en el sector MICE. Desde encontrar el lugar perfecto hasta coordinar cada detalle, nos ocuparemos de todo de principio a fin, garantizando una experiencia impecable y memorable para usted y sus asistentes. Si nosotros nos encargamos de la log\u00edstica, usted podr\u00e1 centrarse en lo que realmente importa: construir su marca y fomentar conexiones significativas con clientes y colegas. Conf\u00ede en nosotros para dar vida a su visi\u00f3n y ofrecer un evento inolvidable que supere todas las expectativas.<\/p>\n\n\n\n<div class=\"wp-block-cover alignwide\"><span aria-hidden=\"true\" class=\"wp-block-cover__background has-background-dim\" style=\"background-color:#f1f5c7\"><\/span><img loading=\"lazy\" decoding=\"async\" width=\"1016\" height=\"1024\" class=\"wp-block-cover__image-background wp-image-5190\" alt=\"\" src=\"https:\/\/eveniments.es\/wp-content\/uploads\/2023\/05\/galician-1636702_1280-1016x1024.jpg\" data-object-fit=\"cover\" srcset=\"https:\/\/eveniments.es\/wp-content\/uploads\/2023\/05\/galician-1636702_1280-1016x1024.jpg 1016w, https:\/\/eveniments.es\/wp-content\/uploads\/2023\/05\/galician-1636702_1280-298x300.jpg 298w, https:\/\/eveniments.es\/wp-content\/uploads\/2023\/05\/galician-1636702_1280-150x150.jpg 150w, https:\/\/eveniments.es\/wp-content\/uploads\/2023\/05\/galician-1636702_1280-768x774.jpg 768w, https:\/\/eveniments.es\/wp-content\/uploads\/2023\/05\/galician-1636702_1280.jpg 1270w\" sizes=\"auto, (max-width: 1016px) 100vw, 1016px\" \/><div class=\"wp-block-cover__inner-container is-layout-flow wp-block-cover-is-layout-flow\">\n<div class=\"wp-block-group\" style=\"padding-top:2em;padding-right:2em;padding-bottom:2em;padding-left:2em\"><div class=\"wp-block-group__inner-container is-layout-flow wp-block-group-is-layout-flow\">\n<div class=\"wp-block-group is-vertical is-layout-flex wp-container-core-group-is-layout-1 wp-block-group-is-layout-flex\">\n<p class=\"has-text-align-center\" style=\"font-size:36px;line-height:1.2\"><strong><mark style=\"background-color:rgba(0, 0, 0, 0)\" class=\"has-inline-color has-black-color\">Localizaci\u00f3n del lugar<\/mark><\/strong><\/p>\n\n\n\n<p class=\"has-text-align-center has-extra-small-font-size\"><mark style=\"background-color:rgba(0, 0, 0, 0)\" class=\"has-inline-color has-black-color\"><strong>\u2013 Analizamos tus necesidades y presupuesto<\/strong><\/mark><\/p>\n<\/div>\n<\/div><\/div>\n<\/div><\/div>\n\n\n\n<div class=\"wp-block-cover alignwide is-light\"><span aria-hidden=\"true\" class=\"wp-block-cover__background has-background-dim\" style=\"background-color:#fffdea\"><\/span><img loading=\"lazy\" decoding=\"async\" width=\"1016\" height=\"1024\" class=\"wp-block-cover__image-background wp-image-5200\" alt=\"\" src=\"https:\/\/eveniments.es\/wp-content\/uploads\/2023\/05\/alcohol-1281704_1280-2-1016x1024.jpg\" data-object-fit=\"cover\" srcset=\"https:\/\/eveniments.es\/wp-content\/uploads\/2023\/05\/alcohol-1281704_1280-2-1016x1024.jpg 1016w, https:\/\/eveniments.es\/wp-content\/uploads\/2023\/05\/alcohol-1281704_1280-2-298x300.jpg 298w, https:\/\/eveniments.es\/wp-content\/uploads\/2023\/05\/alcohol-1281704_1280-2-150x150.jpg 150w, https:\/\/eveniments.es\/wp-content\/uploads\/2023\/05\/alcohol-1281704_1280-2-768x774.jpg 768w, https:\/\/eveniments.es\/wp-content\/uploads\/2023\/05\/alcohol-1281704_1280-2.jpg 1270w\" sizes=\"auto, (max-width: 1016px) 100vw, 1016px\" \/><div class=\"wp-block-cover__inner-container is-layout-flow wp-block-cover-is-layout-flow\">\n<div class=\"wp-block-group\" style=\"padding-top:2em;padding-right:2em;padding-bottom:2em;padding-left:2em\"><div class=\"wp-block-group__inner-container is-layout-flow wp-block-group-is-layout-flow\">\n<div class=\"wp-block-group\"><div class=\"wp-block-group__inner-container is-layout-constrained wp-block-group-is-layout-constrained\">\n<h2 class=\"wp-block-heading has-text-align-right\" style=\"font-size:36px\"><strong><mark style=\"background-color:rgba(0, 0, 0, 0)\" class=\"has-inline-color has-black-color\">Organizaci\u00f3n del evento.<\/mark><\/strong><\/h2>\n<\/div><\/div>\n\n\n\n<p class=\"has-text-align-right has-extra-small-font-size\"><strong>\u2013 <mark style=\"background-color:rgba(0, 0, 0, 0)\" class=\"has-inline-color has-black-color\">Hospedaje,decoraci\u00f3n,protocolo,guias ,azafatas,log\u00edstica y asesoramiento gastron\u00f3mico<\/mark><\/strong><\/p>\n<\/div><\/div>\n<\/div><\/div>\n\n\n\n<div class=\"wp-block-cover alignwide\"><span aria-hidden=\"true\" class=\"wp-block-cover__background has-background-dim\" style=\"background-color:#f1f5c7\"><\/span><img loading=\"lazy\" decoding=\"async\" width=\"1016\" height=\"1024\" class=\"wp-block-cover__image-background wp-image-5199\" alt=\"\" src=\"https:\/\/eveniments.es\/wp-content\/uploads\/2023\/05\/Eveniments-Team-Building-empresas-2023-1016x1024.jpg\" data-object-fit=\"cover\" srcset=\"https:\/\/eveniments.es\/wp-content\/uploads\/2023\/05\/Eveniments-Team-Building-empresas-2023-1016x1024.jpg 1016w, https:\/\/eveniments.es\/wp-content\/uploads\/2023\/05\/Eveniments-Team-Building-empresas-2023-298x300.jpg 298w, https:\/\/eveniments.es\/wp-content\/uploads\/2023\/05\/Eveniments-Team-Building-empresas-2023-150x150.jpg 150w, https:\/\/eveniments.es\/wp-content\/uploads\/2023\/05\/Eveniments-Team-Building-empresas-2023-768x774.jpg 768w, https:\/\/eveniments.es\/wp-content\/uploads\/2023\/05\/Eveniments-Team-Building-empresas-2023.jpg 1270w\" sizes=\"auto, (max-width: 1016px) 100vw, 1016px\" \/><div class=\"wp-block-cover__inner-container is-layout-flow wp-block-cover-is-layout-flow\">\n<div class=\"wp-block-group\" style=\"padding-top:2em;padding-right:2em;padding-bottom:2em;padding-left:2em\"><div class=\"wp-block-group__inner-container is-layout-flow wp-block-group-is-layout-flow\">\n<p style=\"font-size:36px;line-height:1.2\"><strong><mark style=\"background-color:rgba(0, 0, 0, 0)\" class=\"has-inline-color has-black-color\">Actividades de ocio y team building<\/mark>.<\/strong><\/p>\n\n\n\n<p class=\"has-extra-small-font-size\"><strong><mark style=\"background-color:rgba(0, 0, 0, 0)\" class=\"has-inline-color has-black-color\">\u2013 Producimos las actividades de ocio para tu evento.<\/mark><\/strong><\/p>\n<\/div><\/div>\n<\/div><\/div>\n\n\n\n<div class=\"wp-block-cover alignwide\"><span aria-hidden=\"true\" class=\"wp-block-cover__background has-background-dim\" style=\"background-color:#fffdea\"><\/span><img loading=\"lazy\" decoding=\"async\" width=\"1016\" height=\"1024\" class=\"wp-block-cover__image-background wp-image-5196\" alt=\"\" src=\"https:\/\/eveniments.es\/wp-content\/uploads\/2023\/05\/hotel-la-finca-golf-spa-1016x1024.jpg\" data-object-fit=\"cover\" srcset=\"https:\/\/eveniments.es\/wp-content\/uploads\/2023\/05\/hotel-la-finca-golf-spa-1016x1024.jpg 1016w, https:\/\/eveniments.es\/wp-content\/uploads\/2023\/05\/hotel-la-finca-golf-spa-298x300.jpg 298w, https:\/\/eveniments.es\/wp-content\/uploads\/2023\/05\/hotel-la-finca-golf-spa-150x150.jpg 150w, https:\/\/eveniments.es\/wp-content\/uploads\/2023\/05\/hotel-la-finca-golf-spa-768x774.jpg 768w, https:\/\/eveniments.es\/wp-content\/uploads\/2023\/05\/hotel-la-finca-golf-spa.jpg 1270w\" sizes=\"auto, (max-width: 1016px) 100vw, 1016px\" \/><div class=\"wp-block-cover__inner-container is-layout-flow wp-block-cover-is-layout-flow\">\n<div class=\"wp-block-group\" style=\"padding-top:2em;padding-right:2em;padding-bottom:2em;padding-left:2em\"><div class=\"wp-block-group__inner-container is-layout-flow wp-block-group-is-layout-flow\">\n<p class=\"has-text-align-center\" style=\"font-size:36px;line-height:1.2\"><strong><mark style=\"background-color:rgba(0, 0, 0, 0)\" class=\"has-inline-color has-black-color\">Elegimos y supervisamos personalmente la calidad de nuestros partners y sus servicios.<\/mark><\/strong><\/p>\n<\/div><\/div>\n<\/div><\/div>\n","protected":false},"excerpt":{"rendered":"<div class=\"mh-excerpt\"><\/div>","protected":false},"author":1,"featured_media":0,"parent":0,"menu_order":0,"comment_status":"closed","ping_status":"closed","template":"","meta":{"footnotes":""},"class_list":["post-5182","page","type-page","status-publish","hentry"],"_links":{"self":[{"href":"https:\/\/eveniments.es\/home\/wp-json\/wp\/v2\/pages\/5182","targetHints":{"allow":["GET"]}}],"collection":[{"href":"https:\/\/eveniments.es\/home\/wp-json\/wp\/v2\/pages"}],"about":[{"href":"https:\/\/eveniments.es\/home\/wp-json\/wp\/v2\/types\/page"}],"author":[{"embeddable":true,"href":"https:\/\/eveniments.es\/home\/wp-json\/wp\/v2\/users\/1"}],"replies":[{"embeddable":true,"href":"https:\/\/eveniments.es\/home\/wp-json\/wp\/v2\/comments?post=5182"}],"version-history":[{"count":16,"href":"https:\/\/eveniments.es\/home\/wp-json\/wp\/v2\/pages\/5182\/revisions"}],"predecessor-version":[{"id":5212,"href":"https:\/\/eveniments.es\/home\/wp-json\/wp\/v2\/pages\/5182\/revisions\/5212"}],"wp:attachment":[{"href":"https:\/\/eveniments.es\/home\/wp-json\/wp\/v2\/media?parent=5182"}],"curies":[{"name":"wp","href":"https:\/\/api.w.org\/{rel}","templated":true}]}}