{"id":5328,"date":"2023-05-29T09:50:40","date_gmt":"2023-05-29T09:50:40","guid":{"rendered":"https:\/\/eveniments.es\/home\/?page_id=5328"},"modified":"2023-05-29T10:21:02","modified_gmt":"2023-05-29T10:21:02","slug":"bodas-creativas","status":"publish","type":"page","link":"https:\/\/eveniments.es\/home\/bodas-creativas","title":{"rendered":"Bodas creativas"},"content":{"rendered":"\n<figure class=\"wp-block-image size-large\"><img loading=\"lazy\" decoding=\"async\" width=\"1024\" height=\"576\" src=\"https:\/\/eveniments.es\/wp-content\/uploads\/2023\/05\/Bodas-creativas1-1024x576.jpg\" alt=\"\" class=\"wp-image-5329\" srcset=\"https:\/\/eveniments.es\/wp-content\/uploads\/2023\/05\/Bodas-creativas1-1024x576.jpg 1024w, https:\/\/eveniments.es\/wp-content\/uploads\/2023\/05\/Bodas-creativas1-300x169.jpg 300w, https:\/\/eveniments.es\/wp-content\/uploads\/2023\/05\/Bodas-creativas1-768x432.jpg 768w, https:\/\/eveniments.es\/wp-content\/uploads\/2023\/05\/Bodas-creativas1-1536x865.jpg 1536w, https:\/\/eveniments.es\/wp-content\/uploads\/2023\/05\/Bodas-creativas1-2048x1153.jpg 2048w, https:\/\/eveniments.es\/wp-content\/uploads\/2023\/05\/Bodas-creativas1-678x381.jpg 678w\" sizes=\"auto, (max-width: 1024px) 100vw, 1024px\" \/><\/figure>\n\n\n\n<div class=\"wp-block-media-text alignwide is-stacked-on-mobile\"><figure class=\"wp-block-media-text__media\"><img loading=\"lazy\" decoding=\"async\" width=\"901\" height=\"1024\" src=\"https:\/\/eveniments.es\/wp-content\/uploads\/2023\/05\/imagen-1-bodas-creativas-901x1024.jpg\" alt=\"\" class=\"wp-image-5330 size-full\" srcset=\"https:\/\/eveniments.es\/wp-content\/uploads\/2023\/05\/imagen-1-bodas-creativas-901x1024.jpg 901w, https:\/\/eveniments.es\/wp-content\/uploads\/2023\/05\/imagen-1-bodas-creativas-264x300.jpg 264w, https:\/\/eveniments.es\/wp-content\/uploads\/2023\/05\/imagen-1-bodas-creativas-768x873.jpg 768w, https:\/\/eveniments.es\/wp-content\/uploads\/2023\/05\/imagen-1-bodas-creativas-1352x1536.jpg 1352w, https:\/\/eveniments.es\/wp-content\/uploads\/2023\/05\/imagen-1-bodas-creativas-1803x2048.jpg 1803w\" sizes=\"auto, (max-width: 901px) 100vw, 901px\" \/><\/figure><div class=\"wp-block-media-text__content\">\n<p>ORGANIZAMOS TU BODA<br>En Eveniments organizamos tu boda , somos conscientes de que el d\u00eda de tu boda debe ser algo muy especial y \u00fanico, para ello contamos con sorprendentes ideas que sin duda dejar\u00e1n boquiabierto a su prometido \/a y por supuesto ; a todos sus asistentes.<br>Nuestra principal premisa es la plena satisfacci\u00f3n de nuestros clientes, por lo que garantizamos que cada uno de los eventos o contrataciones que organizamos finalice en un aut\u00e9ntico \u00e9xito que ser\u00e1 recordado, estamos seguros, que por mucho tiempo.<\/p>\n<\/div><\/div>\n\n\n\n<div class=\"wp-block-media-text alignwide has-media-on-the-right is-stacked-on-mobile\"><div class=\"wp-block-media-text__content\">\n<p>El entretenimiento mejorar\u00e1 tu boda de lujo y emocionar\u00e1 a tus invitados.<br>\u00bfCu\u00e1l es una de las cosas que los invitados mencionan con m\u00e1s frecuencia cuando hablan de una boda memorable a la que han asistido? El entretenimiento, por supuesto, y la impresi\u00f3n duradera que hizo en su d\u00eda. Mientras que el hermoso vestido de la novia, los magn\u00edficos arreglos florales y la decoraci\u00f3n son puntos de conversaci\u00f3n favoritos de las damas, es el entretenimiento que disfrutan igualmente los hu\u00e9spedes masculinos y femeninos.<br>M\u00fasicos, bailarines, malabaristas y acr\u00f3batas, o incluso espect\u00e1culos especialmente dise\u00f1ados crear\u00e1n una atm\u00f3sfera m\u00e1gica e infundir\u00e1n a tu boda el lujo y el gusto que desees. Uno de los factores m\u00e1s importantes a considerar al planear tu d\u00eda, tu elecci\u00f3n de entretenimiento puede ser tan ecl\u00e9ctica, inusual, tradicional o personal como desees.<\/p>\n\n\n\n<div class=\"wp-block-buttons is-layout-flex wp-block-buttons-is-layout-flex\">\n<div class=\"wp-block-button\"><a class=\"wp-block-button__link has-text-align-center wp-element-button\" href=\"https:\/\/eveniments.es\/home\/bodas-creativas\/que-te-podemos-ofrecer\" target=\"_blank\" rel=\"noreferrer noopener\">Ver servicios<\/a><\/div>\n<\/div>\n<\/div><figure class=\"wp-block-media-text__media\"><img loading=\"lazy\" decoding=\"async\" width=\"614\" height=\"1024\" src=\"https:\/\/eveniments.es\/wp-content\/uploads\/2023\/05\/Bodas-creativas-2-614x1024.jpg\" alt=\"\" class=\"wp-image-5332 size-full\" srcset=\"https:\/\/eveniments.es\/wp-content\/uploads\/2023\/05\/Bodas-creativas-2-614x1024.jpg 614w, https:\/\/eveniments.es\/wp-content\/uploads\/2023\/05\/Bodas-creativas-2-180x300.jpg 180w, https:\/\/eveniments.es\/wp-content\/uploads\/2023\/05\/Bodas-creativas-2-768x1280.jpg 768w, https:\/\/eveniments.es\/wp-content\/uploads\/2023\/05\/Bodas-creativas-2-922x1536.jpg 922w, https:\/\/eveniments.es\/wp-content\/uploads\/2023\/05\/Bodas-creativas-2-1229x2048.jpg 1229w, https:\/\/eveniments.es\/wp-content\/uploads\/2023\/05\/Bodas-creativas-2-scaled.jpg 1536w\" sizes=\"auto, (max-width: 614px) 100vw, 614px\" \/><\/figure><\/div>\n","protected":false},"excerpt":{"rendered":"<div class=\"mh-excerpt\"><p>ORGANIZAMOS TU BODAEn Eveniments organizamos tu boda , somos conscientes de que el d\u00eda de tu boda debe ser algo muy especial y \u00fanico, para <a class=\"mh-excerpt-more\" href=\"https:\/\/eveniments.es\/home\/bodas-creativas\" title=\"Bodas creativas\">[&#8230;]<\/a><\/p>\n<\/div>","protected":false},"author":1,"featured_media":0,"parent":0,"menu_order":0,"comment_status":"closed","ping_status":"closed","template":"","meta":{"footnotes":""},"class_list":["post-5328","page","type-page","status-publish","hentry"],"_links":{"self":[{"href":"https:\/\/eveniments.es\/home\/wp-json\/wp\/v2\/pages\/5328","targetHints":{"allow":["GET"]}}],"collection":[{"href":"https:\/\/eveniments.es\/home\/wp-json\/wp\/v2\/pages"}],"about":[{"href":"https:\/\/eveniments.es\/home\/wp-json\/wp\/v2\/types\/page"}],"author":[{"embeddable":true,"href":"https:\/\/eveniments.es\/home\/wp-json\/wp\/v2\/users\/1"}],"replies":[{"embeddable":true,"href":"https:\/\/eveniments.es\/home\/wp-json\/wp\/v2\/comments?post=5328"}],"version-history":[{"count":4,"href":"https:\/\/eveniments.es\/home\/wp-json\/wp\/v2\/pages\/5328\/revisions"}],"predecessor-version":[{"id":5346,"href":"https:\/\/eveniments.es\/home\/wp-json\/wp\/v2\/pages\/5328\/revisions\/5346"}],"wp:attachment":[{"href":"https:\/\/eveniments.es\/home\/wp-json\/wp\/v2\/media?parent=5328"}],"curies":[{"name":"wp","href":"https:\/\/api.w.org\/{rel}","templated":true}]}}