{"id":5335,"date":"2023-05-29T10:14:06","date_gmt":"2023-05-29T10:14:06","guid":{"rendered":"https:\/\/eveniments.es\/home\/?page_id=5335"},"modified":"2023-06-19T11:46:43","modified_gmt":"2023-06-19T11:46:43","slug":"que-te-podemos-ofrecer","status":"publish","type":"page","link":"https:\/\/eveniments.es\/home\/bodas-creativas\/que-te-podemos-ofrecer","title":{"rendered":"Que te podemos ofrecer"},"content":{"rendered":"\n<p>Selecciona los artistas m\u00e1s incre\u00edbles para tu boda y no dejes de sorprender. <br>Elegir el tipo de entretenimiento para el d\u00eda m\u00e1s especial de tu vida deber\u00eda ser una alegr\u00eda. Con tantos artistas diferentes y sorprendentes disponibles, puedes personalizar completamente tu boda, o elegir un tipo espec\u00edfico de acto para resaltar un tema elegido. Quiz\u00e1s disfrutes tener un conjunto cl\u00e1sico dotado como parte de una boda muy tradicional y rom\u00e1ntica o bailarines de Charleston y cantantes retro para una celebraci\u00f3n tem\u00e1tica de Gatsby o 1930. <br>Las bodas perfectas abarcan todas las emociones, el amor y la risa, las l\u00e1grimas y la alegr\u00eda, y su entretenimiento puede seleccionarse para evocar ciertas sensaciones, emociones y sentimientos para ilustrar cada parte de su d\u00eda maravillosamente.<\/p>\n\n\n\n\n\n<figure class=\"wp-block-gallery has-nested-images columns-default is-cropped wp-block-gallery-1 is-layout-flex wp-block-gallery-is-layout-flex\">\n<figure class=\"wp-block-image size-large is-style-rounded\"><a href=\"https:\/\/eveniments.es\/home\/bodas-creativas\/que-te-podemos-ofrecer\/localizaciones\"><img loading=\"lazy\" decoding=\"async\" width=\"667\" height=\"289\" data-id=\"5336\" src=\"https:\/\/eveniments.es\/wp-content\/uploads\/2023\/05\/BODAS-CREATIVAS4.jpg\" alt=\"\" class=\"wp-image-5336\" srcset=\"https:\/\/eveniments.es\/wp-content\/uploads\/2023\/05\/BODAS-CREATIVAS4.jpg 667w, https:\/\/eveniments.es\/wp-content\/uploads\/2023\/05\/BODAS-CREATIVAS4-300x130.jpg 300w\" sizes=\"auto, (max-width: 667px) 100vw, 667px\" \/><\/a><figcaption class=\"wp-element-caption\">Localizaciones<\/figcaption><\/figure>\n\n\n\n<figure class=\"wp-block-image size-full is-style-rounded\"><a href=\"https:\/\/eveniments.es\/home\/bodas-creativas\/que-te-podemos-ofrecer\/traslados\"><img loading=\"lazy\" decoding=\"async\" width=\"660\" height=\"453\" data-id=\"5337\" src=\"https:\/\/eveniments.es\/wp-content\/uploads\/2023\/05\/BODAS-CREATIVAS10.jpg\" alt=\"\" class=\"wp-image-5337\" srcset=\"https:\/\/eveniments.es\/wp-content\/uploads\/2023\/05\/BODAS-CREATIVAS10.jpg 660w, https:\/\/eveniments.es\/wp-content\/uploads\/2023\/05\/BODAS-CREATIVAS10-300x206.jpg 300w\" sizes=\"auto, (max-width: 660px) 100vw, 660px\" \/><\/a><figcaption class=\"wp-element-caption\">Traslados<\/figcaption><\/figure>\n\n\n\n<figure class=\"wp-block-image size-large is-style-rounded\"><a href=\"https:\/\/eveniments.es\/home\/la-ceremonia\"><img loading=\"lazy\" decoding=\"async\" width=\"548\" height=\"351\" data-id=\"5338\" src=\"https:\/\/eveniments.es\/wp-content\/uploads\/2023\/05\/BODAS-CREATIVAS11.jpg\" alt=\"\" class=\"wp-image-5338\" srcset=\"https:\/\/eveniments.es\/wp-content\/uploads\/2023\/05\/BODAS-CREATIVAS11.jpg 548w, https:\/\/eveniments.es\/wp-content\/uploads\/2023\/05\/BODAS-CREATIVAS11-300x192.jpg 300w\" sizes=\"auto, (max-width: 548px) 100vw, 548px\" \/><\/a><figcaption class=\"wp-element-caption\">La Ceremonia<\/figcaption><\/figure>\n\n\n\n<figure class=\"wp-block-image size-large is-style-rounded\"><a href=\"https:\/\/eveniments.es\/home\/el-cocktail-y-la-comida\"><img loading=\"lazy\" decoding=\"async\" width=\"1024\" height=\"683\" data-id=\"5638\" src=\"https:\/\/eveniments.es\/wp-content\/uploads\/2023\/06\/catering-banquete-comida-1024x683.jpg\" alt=\"\" class=\"wp-image-5638\" srcset=\"https:\/\/eveniments.es\/wp-content\/uploads\/2023\/06\/catering-banquete-comida-1024x683.jpg 1024w, https:\/\/eveniments.es\/wp-content\/uploads\/2023\/06\/catering-banquete-comida-300x200.jpg 300w, https:\/\/eveniments.es\/wp-content\/uploads\/2023\/06\/catering-banquete-comida-768x512.jpg 768w, https:\/\/eveniments.es\/wp-content\/uploads\/2023\/06\/catering-banquete-comida-1536x1024.jpg 1536w, https:\/\/eveniments.es\/wp-content\/uploads\/2023\/06\/catering-banquete-comida-2048x1365.jpg 2048w\" sizes=\"auto, (max-width: 1024px) 100vw, 1024px\" \/><\/a><figcaption class=\"wp-element-caption\">El Cocktail y la comida<\/figcaption><\/figure>\n\n\n\n<figure class=\"wp-block-image size-full is-style-rounded\"><img loading=\"lazy\" decoding=\"async\" width=\"662\" height=\"423\" data-id=\"5343\" src=\"https:\/\/eveniments.es\/wp-content\/uploads\/2023\/05\/BODAS-CREATIVAS16-1.jpg\" alt=\"\" class=\"wp-image-5343\" srcset=\"https:\/\/eveniments.es\/wp-content\/uploads\/2023\/05\/BODAS-CREATIVAS16-1.jpg 662w, https:\/\/eveniments.es\/wp-content\/uploads\/2023\/05\/BODAS-CREATIVAS16-1-300x192.jpg 300w\" sizes=\"auto, (max-width: 662px) 100vw, 662px\" \/><figcaption class=\"wp-element-caption\">La fiesta y producci\u00f3n audiovisual<\/figcaption><\/figure>\n\n\n\n<figure class=\"wp-block-image size-full is-style-rounded\"><img loading=\"lazy\" decoding=\"async\" width=\"600\" height=\"400\" data-id=\"5344\" src=\"https:\/\/eveniments.es\/wp-content\/uploads\/2023\/05\/BODAS-CREATIVAS15-2.jpg\" alt=\"\" class=\"wp-image-5344\" srcset=\"https:\/\/eveniments.es\/wp-content\/uploads\/2023\/05\/BODAS-CREATIVAS15-2.jpg 600w, https:\/\/eveniments.es\/wp-content\/uploads\/2023\/05\/BODAS-CREATIVAS15-2-300x200.jpg 300w\" sizes=\"auto, (max-width: 600px) 100vw, 600px\" \/><figcaption class=\"wp-element-caption\">Ambientaci\u00f3n y decorados<\/figcaption><\/figure>\n\n\n\n<figure class=\"wp-block-image size-full is-style-rounded\"><img loading=\"lazy\" decoding=\"async\" width=\"662\" height=\"445\" data-id=\"5639\" src=\"https:\/\/eveniments.es\/wp-content\/uploads\/2023\/06\/01.DOSSIER-BODAS-CREATIVAS-2023comprimido-Copiar-112.jpg\" alt=\"\" class=\"wp-image-5639\" srcset=\"https:\/\/eveniments.es\/wp-content\/uploads\/2023\/06\/01.DOSSIER-BODAS-CREATIVAS-2023comprimido-Copiar-112.jpg 662w, https:\/\/eveniments.es\/wp-content\/uploads\/2023\/06\/01.DOSSIER-BODAS-CREATIVAS-2023comprimido-Copiar-112-300x202.jpg 300w\" sizes=\"auto, (max-width: 662px) 100vw, 662px\" \/><figcaption class=\"wp-element-caption\">Soluciones tecnol\u00f3gicas<\/figcaption><\/figure>\n\n\n\n<figure class=\"wp-block-image size-large is-style-rounded\"><img loading=\"lazy\" decoding=\"async\" width=\"1024\" height=\"681\" data-id=\"5632\" src=\"https:\/\/eveniments.es\/wp-content\/uploads\/2023\/06\/planificador-bodas-femenino-trabajando-ceremonia-1024x681.jpg\" alt=\"\" class=\"wp-image-5632\" srcset=\"https:\/\/eveniments.es\/wp-content\/uploads\/2023\/06\/planificador-bodas-femenino-trabajando-ceremonia-1024x681.jpg 1024w, https:\/\/eveniments.es\/wp-content\/uploads\/2023\/06\/planificador-bodas-femenino-trabajando-ceremonia-300x200.jpg 300w, https:\/\/eveniments.es\/wp-content\/uploads\/2023\/06\/planificador-bodas-femenino-trabajando-ceremonia-768x511.jpg 768w, https:\/\/eveniments.es\/wp-content\/uploads\/2023\/06\/planificador-bodas-femenino-trabajando-ceremonia-1536x1022.jpg 1536w, https:\/\/eveniments.es\/wp-content\/uploads\/2023\/06\/planificador-bodas-femenino-trabajando-ceremonia-2048x1363.jpg 2048w\" sizes=\"auto, (max-width: 1024px) 100vw, 1024px\" \/><figcaption class=\"wp-element-caption\">Asistentes personales<\/figcaption><\/figure>\n<\/figure>\n","protected":false},"excerpt":{"rendered":"<div class=\"mh-excerpt\"><\/div>","protected":false},"author":1,"featured_media":0,"parent":5328,"menu_order":0,"comment_status":"closed","ping_status":"closed","template":"","meta":{"footnotes":""},"class_list":["post-5335","page","type-page","status-publish","hentry"],"_links":{"self":[{"href":"https:\/\/eveniments.es\/home\/wp-json\/wp\/v2\/pages\/5335","targetHints":{"allow":["GET"]}}],"collection":[{"href":"https:\/\/eveniments.es\/home\/wp-json\/wp\/v2\/pages"}],"about":[{"href":"https:\/\/eveniments.es\/home\/wp-json\/wp\/v2\/types\/page"}],"author":[{"embeddable":true,"href":"https:\/\/eveniments.es\/home\/wp-json\/wp\/v2\/users\/1"}],"replies":[{"embeddable":true,"href":"https:\/\/eveniments.es\/home\/wp-json\/wp\/v2\/comments?post=5335"}],"version-history":[{"count":9,"href":"https:\/\/eveniments.es\/home\/wp-json\/wp\/v2\/pages\/5335\/revisions"}],"predecessor-version":[{"id":5803,"href":"https:\/\/eveniments.es\/home\/wp-json\/wp\/v2\/pages\/5335\/revisions\/5803"}],"up":[{"embeddable":true,"href":"https:\/\/eveniments.es\/home\/wp-json\/wp\/v2\/pages\/5328"}],"wp:attachment":[{"href":"https:\/\/eveniments.es\/home\/wp-json\/wp\/v2\/media?parent=5335"}],"curies":[{"name":"wp","href":"https:\/\/api.w.org\/{rel}","templated":true}]}}