{"id":5348,"date":"2023-05-29T10:32:37","date_gmt":"2023-05-29T10:32:37","guid":{"rendered":"https:\/\/eveniments.es\/home\/?page_id=5348"},"modified":"2023-05-29T10:32:39","modified_gmt":"2023-05-29T10:32:39","slug":"localizaciones","status":"publish","type":"page","link":"https:\/\/eveniments.es\/home\/bodas-creativas\/que-te-podemos-ofrecer\/localizaciones","title":{"rendered":"Localizaciones"},"content":{"rendered":"\n\n\n<div class=\"wp-block-media-text alignwide is-stacked-on-mobile\"><figure class=\"wp-block-media-text__media\"><img loading=\"lazy\" decoding=\"async\" width=\"606\" height=\"790\" src=\"https:\/\/eveniments.es\/wp-content\/uploads\/2023\/05\/localizaciones.jpg\" alt=\"\" class=\"wp-image-5349 size-full\" srcset=\"https:\/\/eveniments.es\/wp-content\/uploads\/2023\/05\/localizaciones.jpg 606w, https:\/\/eveniments.es\/wp-content\/uploads\/2023\/05\/localizaciones-230x300.jpg 230w\" sizes=\"auto, (max-width: 606px) 100vw, 606px\" \/><\/figure><div class=\"wp-block-media-text__content\">\n<p>Localizaciones<br>Nos encargamos de encontrar la localizaci\u00f3n perfecta para el tipo de boda que deses tener. Contamos con diferentes espacios originales y exclusivos para disfrutar del gran d\u00eda so\u00f1ado junto a los seres queridos. Siempre la mejor selecci\u00f3n de los espacios acorde al gusto de los novios.<br>Diferentes espacios originales y exclusivos para disfrutar del gran d\u00eda so\u00f1ado, junto a los seres queridos. Siempre la mejor selecci\u00f3n de los espacios acorde al gusto de los novios<\/p>\n<\/div><\/div>\n\n\n\n<div class=\"wp-block-columns is-layout-flex wp-container-core-columns-is-layout-1 wp-block-columns-is-layout-flex\">\n<div class=\"wp-block-column is-layout-flow wp-block-column-is-layout-flow\">\n<figure class=\"wp-block-gallery has-nested-images columns-default is-cropped wp-block-gallery-1 is-layout-flex wp-block-gallery-is-layout-flex\">\n<figure class=\"wp-block-image size-large\"><img loading=\"lazy\" decoding=\"async\" width=\"661\" height=\"282\" src=\"https:\/\/eveniments.es\/wp-content\/uploads\/2023\/05\/BODAS-CREATIVAS.jpg\" alt=\"\" class=\"wp-image-5350\" srcset=\"https:\/\/eveniments.es\/wp-content\/uploads\/2023\/05\/BODAS-CREATIVAS.jpg 661w, https:\/\/eveniments.es\/wp-content\/uploads\/2023\/05\/BODAS-CREATIVAS-300x128.jpg 300w\" sizes=\"auto, (max-width: 661px) 100vw, 661px\" \/><\/figure>\n\n\n\n<figure class=\"wp-block-image size-full\"><img loading=\"lazy\" decoding=\"async\" width=\"661\" height=\"286\" src=\"https:\/\/eveniments.es\/wp-content\/uploads\/2023\/05\/BODAS-CREATIVAS2.jpg\" alt=\"\" class=\"wp-image-5352\" srcset=\"https:\/\/eveniments.es\/wp-content\/uploads\/2023\/05\/BODAS-CREATIVAS2.jpg 661w, https:\/\/eveniments.es\/wp-content\/uploads\/2023\/05\/BODAS-CREATIVAS2-300x130.jpg 300w\" sizes=\"auto, (max-width: 661px) 100vw, 661px\" \/><\/figure>\n\n\n\n<figure class=\"wp-block-image size-full\"><img loading=\"lazy\" decoding=\"async\" width=\"658\" height=\"283\" src=\"https:\/\/eveniments.es\/wp-content\/uploads\/2023\/05\/BODAS-CREATIVAS3.jpg\" alt=\"\" class=\"wp-image-5353\" srcset=\"https:\/\/eveniments.es\/wp-content\/uploads\/2023\/05\/BODAS-CREATIVAS3.jpg 658w, https:\/\/eveniments.es\/wp-content\/uploads\/2023\/05\/BODAS-CREATIVAS3-300x129.jpg 300w\" sizes=\"auto, (max-width: 658px) 100vw, 658px\" \/><\/figure>\n\n\n\n<figure class=\"wp-block-image size-full\"><img loading=\"lazy\" decoding=\"async\" width=\"667\" height=\"289\" src=\"https:\/\/eveniments.es\/wp-content\/uploads\/2023\/05\/BODAS-CREATIVAS4-1.jpg\" alt=\"\" class=\"wp-image-5354\" srcset=\"https:\/\/eveniments.es\/wp-content\/uploads\/2023\/05\/BODAS-CREATIVAS4-1.jpg 667w, https:\/\/eveniments.es\/wp-content\/uploads\/2023\/05\/BODAS-CREATIVAS4-1-300x130.jpg 300w\" sizes=\"auto, (max-width: 667px) 100vw, 667px\" \/><\/figure>\n\n\n\n<figure class=\"wp-block-image size-full\"><img loading=\"lazy\" decoding=\"async\" width=\"597\" height=\"281\" src=\"https:\/\/eveniments.es\/wp-content\/uploads\/2023\/05\/BODAS-CREATIVAS5.jpg\" alt=\"\" class=\"wp-image-5355\" srcset=\"https:\/\/eveniments.es\/wp-content\/uploads\/2023\/05\/BODAS-CREATIVAS5.jpg 597w, https:\/\/eveniments.es\/wp-content\/uploads\/2023\/05\/BODAS-CREATIVAS5-300x141.jpg 300w\" sizes=\"auto, (max-width: 597px) 100vw, 597px\" \/><\/figure>\n<\/figure>\n<\/div>\n<\/div>\n","protected":false},"excerpt":{"rendered":"<div class=\"mh-excerpt\"><p>LocalizacionesNos encargamos de encontrar la localizaci\u00f3n perfecta para el tipo de boda que deses tener. Contamos con diferentes espacios originales y exclusivos para disfrutar del <a class=\"mh-excerpt-more\" href=\"https:\/\/eveniments.es\/home\/bodas-creativas\/que-te-podemos-ofrecer\/localizaciones\" title=\"Localizaciones\">[&#8230;]<\/a><\/p>\n<\/div>","protected":false},"author":1,"featured_media":0,"parent":5335,"menu_order":0,"comment_status":"closed","ping_status":"closed","template":"","meta":{"footnotes":""},"class_list":["post-5348","page","type-page","status-publish","hentry"],"_links":{"self":[{"href":"https:\/\/eveniments.es\/home\/wp-json\/wp\/v2\/pages\/5348","targetHints":{"allow":["GET"]}}],"collection":[{"href":"https:\/\/eveniments.es\/home\/wp-json\/wp\/v2\/pages"}],"about":[{"href":"https:\/\/eveniments.es\/home\/wp-json\/wp\/v2\/types\/page"}],"author":[{"embeddable":true,"href":"https:\/\/eveniments.es\/home\/wp-json\/wp\/v2\/users\/1"}],"replies":[{"embeddable":true,"href":"https:\/\/eveniments.es\/home\/wp-json\/wp\/v2\/comments?post=5348"}],"version-history":[{"count":1,"href":"https:\/\/eveniments.es\/home\/wp-json\/wp\/v2\/pages\/5348\/revisions"}],"predecessor-version":[{"id":5356,"href":"https:\/\/eveniments.es\/home\/wp-json\/wp\/v2\/pages\/5348\/revisions\/5356"}],"up":[{"embeddable":true,"href":"https:\/\/eveniments.es\/home\/wp-json\/wp\/v2\/pages\/5335"}],"wp:attachment":[{"href":"https:\/\/eveniments.es\/home\/wp-json\/wp\/v2\/media?parent=5348"}],"curies":[{"name":"wp","href":"https:\/\/api.w.org\/{rel}","templated":true}]}}