{"id":5358,"date":"2023-05-29T10:42:02","date_gmt":"2023-05-29T10:42:02","guid":{"rendered":"https:\/\/eveniments.es\/home\/?page_id=5358"},"modified":"2023-06-16T11:18:11","modified_gmt":"2023-06-16T11:18:11","slug":"traslados","status":"publish","type":"page","link":"https:\/\/eveniments.es\/home\/bodas-creativas\/que-te-podemos-ofrecer\/traslados","title":{"rendered":"Traslados"},"content":{"rendered":"\n\n\n<div class=\"wp-block-media-text alignwide is-stacked-on-mobile\"><figure class=\"wp-block-media-text__media\"><img loading=\"lazy\" decoding=\"async\" width=\"588\" height=\"768\" src=\"https:\/\/eveniments.es\/wp-content\/uploads\/2023\/05\/BODAS-CREATIVAS6.jpg\" alt=\"\" class=\"wp-image-5359 size-full\" srcset=\"https:\/\/eveniments.es\/wp-content\/uploads\/2023\/05\/BODAS-CREATIVAS6.jpg 588w, https:\/\/eveniments.es\/wp-content\/uploads\/2023\/05\/BODAS-CREATIVAS6-230x300.jpg 230w\" sizes=\"auto, (max-width: 588px) 100vw, 588px\" \/><\/figure><div class=\"wp-block-media-text__content\">\n<p>Veh\u00edculos y Traslados<br>En Eveniments contamos con la mejor flota de autobuses para garantizar el traslado de los invitados.<br>Recogemos y llevamos a los pasajeros al lugar que nuestros clientes lo deseen, sea en Madrid, alrededor de Espa\u00f1a u otro lugar extranjero.<br>\u00b7 ALQUILER DE AUTOBUSES PARA BODAS.<br>\u00b7 ALQUILER DE MINIB\u00daS CON CONDUCTOR.<br>Disponemos de diferentes veh\u00edculos para que puedan encontrar el que mejor se adapte a sus gustos y necesidades para el d\u00eda de su boda. Una amplia gama que les permitir\u00e1 encontrar ese coche con el que siempre hab\u00edan so\u00f1ado para esta ocasi\u00f3n tan importante.<br>La variedad de autom\u00f3viles va desde exclusivos coches de alta gama, pasando por cl\u00e1sicos hist\u00f3ricos, hasta lujosas limusinas y coches de caballos.<\/p>\n<\/div><\/div>\n\n\n\n<div class=\"wp-block-columns is-layout-flex wp-container-core-columns-is-layout-1 wp-block-columns-is-layout-flex\">\n<div class=\"wp-block-column is-layout-flow wp-block-column-is-layout-flow\">\n<div class=\"wp-block-media-text alignwide has-media-on-the-right is-stacked-on-mobile\"><div class=\"wp-block-media-text__content\">\n<p>Disponemos de diferentes veh\u00edculos para que puedan encontrar el que mejor se adapte a sus gustos y necesidades para el d\u00eda de su boda. Una amplia gama que les permitir\u00e1 encontrar ese coche con el que siempre hab\u00edan so\u00f1ado para esta ocasi\u00f3n tan importante.<br>La variedad de autom\u00f3viles va desde exclusivos coches de alta gama, pasando por cl\u00e1sicos hist\u00f3ricos, hasta lujosas limusinas y coches de caballos.<\/p>\n<\/div><figure class=\"wp-block-media-text__media\"><img loading=\"lazy\" decoding=\"async\" width=\"670\" height=\"447\" src=\"https:\/\/eveniments.es\/wp-content\/uploads\/2023\/05\/BODAS-CREATIVAS7.jpg\" alt=\"\" class=\"wp-image-5360 size-full\" srcset=\"https:\/\/eveniments.es\/wp-content\/uploads\/2023\/05\/BODAS-CREATIVAS7.jpg 670w, https:\/\/eveniments.es\/wp-content\/uploads\/2023\/05\/BODAS-CREATIVAS7-300x200.jpg 300w\" sizes=\"auto, (max-width: 670px) 100vw, 670px\" \/><\/figure><\/div>\n<\/div>\n<\/div>\n\n\n\n<figure class=\"wp-block-gallery has-nested-images columns-default is-cropped wp-block-gallery-1 is-layout-flex wp-block-gallery-is-layout-flex\">\n<figure class=\"wp-block-image size-large\"><img loading=\"lazy\" decoding=\"async\" width=\"660\" height=\"453\" data-id=\"5363\" src=\"https:\/\/eveniments.es\/wp-content\/uploads\/2023\/05\/BODAS-CREATIVAS10-1.jpg\" alt=\"\" class=\"wp-image-5363\" srcset=\"https:\/\/eveniments.es\/wp-content\/uploads\/2023\/05\/BODAS-CREATIVAS10-1.jpg 660w, https:\/\/eveniments.es\/wp-content\/uploads\/2023\/05\/BODAS-CREATIVAS10-1-300x206.jpg 300w\" sizes=\"auto, (max-width: 660px) 100vw, 660px\" \/><\/figure>\n\n\n\n<figure class=\"wp-block-image size-full\"><img loading=\"lazy\" decoding=\"async\" width=\"768\" height=\"282\" data-id=\"5364\" src=\"https:\/\/eveniments.es\/wp-content\/uploads\/2023\/05\/BODAS-CREATIVAS8-1.jpg\" alt=\"\" class=\"wp-image-5364\" srcset=\"https:\/\/eveniments.es\/wp-content\/uploads\/2023\/05\/BODAS-CREATIVAS8-1.jpg 768w, https:\/\/eveniments.es\/wp-content\/uploads\/2023\/05\/BODAS-CREATIVAS8-1-300x110.jpg 300w\" sizes=\"auto, (max-width: 768px) 100vw, 768px\" \/><\/figure>\n\n\n\n<figure class=\"wp-block-image size-full\"><img loading=\"lazy\" decoding=\"async\" width=\"660\" height=\"372\" data-id=\"5365\" src=\"https:\/\/eveniments.es\/wp-content\/uploads\/2023\/05\/BODAS-CREATIVAS9-1.jpg\" alt=\"\" class=\"wp-image-5365\" srcset=\"https:\/\/eveniments.es\/wp-content\/uploads\/2023\/05\/BODAS-CREATIVAS9-1.jpg 660w, https:\/\/eveniments.es\/wp-content\/uploads\/2023\/05\/BODAS-CREATIVAS9-1-300x169.jpg 300w\" sizes=\"auto, (max-width: 660px) 100vw, 660px\" \/><\/figure>\n<\/figure>\n\n\n\n<div class=\"wp-block-media-text alignwide is-stacked-on-mobile\"><figure class=\"wp-block-media-text__media\"><img loading=\"lazy\" decoding=\"async\" width=\"660\" height=\"366\" src=\"https:\/\/eveniments.es\/wp-content\/uploads\/2023\/05\/BODAS-CREATIVAS18.jpg\" alt=\"\" class=\"wp-image-5370 size-full\" srcset=\"https:\/\/eveniments.es\/wp-content\/uploads\/2023\/05\/BODAS-CREATIVAS18.jpg 660w, https:\/\/eveniments.es\/wp-content\/uploads\/2023\/05\/BODAS-CREATIVAS18-300x166.jpg 300w\" sizes=\"auto, (max-width: 660px) 100vw, 660px\" \/><\/figure><div class=\"wp-block-media-text__content\">\n<p>Flota de autobuses<br>En Eveniments contamos con la mejor flota de autobuses para garantizar el traslado de los invitados.<br>Recogemos y llevamos a los pasajeros al lugar que nuestros clientes lo deseen, sea en Madrid, alrededor de Espa\u00f1a u otro lugar extranjero.<br>\u00b7 ALQUILER DE AUTOBUSES PARA BODAS.<br>\u00b7 ALQUILER DE MINIB\u00daS CON CONDUCTOR<\/p>\n<\/div><\/div>\n\n\n\n<div class=\"wp-block-columns is-layout-flex wp-container-core-columns-is-layout-2 wp-block-columns-is-layout-flex\">\n<div class=\"wp-block-column is-layout-flow wp-block-column-is-layout-flow\">\n<figure class=\"wp-block-gallery has-nested-images columns-default is-cropped wp-block-gallery-2 is-layout-flex wp-block-gallery-is-layout-flex\">\n<figure class=\"wp-block-image size-large\"><img loading=\"lazy\" decoding=\"async\" width=\"660\" height=\"283\" src=\"https:\/\/eveniments.es\/wp-content\/uploads\/2023\/05\/BODAS-CREATIVAS19.jpg\" alt=\"\" class=\"wp-image-5371\" srcset=\"https:\/\/eveniments.es\/wp-content\/uploads\/2023\/05\/BODAS-CREATIVAS19.jpg 660w, https:\/\/eveniments.es\/wp-content\/uploads\/2023\/05\/BODAS-CREATIVAS19-300x129.jpg 300w\" sizes=\"auto, (max-width: 660px) 100vw, 660px\" \/><\/figure>\n\n\n\n<figure class=\"wp-block-image size-full\"><img loading=\"lazy\" decoding=\"async\" width=\"658\" height=\"283\" src=\"https:\/\/eveniments.es\/wp-content\/uploads\/2023\/05\/BODAS-CREATIVAS20.jpg\" alt=\"\" class=\"wp-image-5372\" srcset=\"https:\/\/eveniments.es\/wp-content\/uploads\/2023\/05\/BODAS-CREATIVAS20.jpg 658w, https:\/\/eveniments.es\/wp-content\/uploads\/2023\/05\/BODAS-CREATIVAS20-300x129.jpg 300w\" sizes=\"auto, (max-width: 658px) 100vw, 658px\" \/><\/figure>\n\n\n\n<figure class=\"wp-block-image size-full\"><img loading=\"lazy\" decoding=\"async\" width=\"660\" height=\"281\" src=\"https:\/\/eveniments.es\/wp-content\/uploads\/2023\/05\/BODAS-CREATIVAS21.jpg\" alt=\"\" class=\"wp-image-5373\" srcset=\"https:\/\/eveniments.es\/wp-content\/uploads\/2023\/05\/BODAS-CREATIVAS21.jpg 660w, https:\/\/eveniments.es\/wp-content\/uploads\/2023\/05\/BODAS-CREATIVAS21-300x128.jpg 300w\" sizes=\"auto, (max-width: 660px) 100vw, 660px\" \/><\/figure>\n<\/figure>\n<\/div>\n<\/div>\n","protected":false},"excerpt":{"rendered":"<div class=\"mh-excerpt\"><p>Veh\u00edculos y TrasladosEn Eveniments contamos con la mejor flota de autobuses para garantizar el traslado de los invitados.Recogemos y llevamos a los pasajeros al lugar <a class=\"mh-excerpt-more\" href=\"https:\/\/eveniments.es\/home\/bodas-creativas\/que-te-podemos-ofrecer\/traslados\" title=\"Traslados\">[&#8230;]<\/a><\/p>\n<\/div>","protected":false},"author":1,"featured_media":0,"parent":5335,"menu_order":0,"comment_status":"closed","ping_status":"closed","template":"","meta":{"footnotes":""},"class_list":["post-5358","page","type-page","status-publish","hentry"],"_links":{"self":[{"href":"https:\/\/eveniments.es\/home\/wp-json\/wp\/v2\/pages\/5358","targetHints":{"allow":["GET"]}}],"collection":[{"href":"https:\/\/eveniments.es\/home\/wp-json\/wp\/v2\/pages"}],"about":[{"href":"https:\/\/eveniments.es\/home\/wp-json\/wp\/v2\/types\/page"}],"author":[{"embeddable":true,"href":"https:\/\/eveniments.es\/home\/wp-json\/wp\/v2\/users\/1"}],"replies":[{"embeddable":true,"href":"https:\/\/eveniments.es\/home\/wp-json\/wp\/v2\/comments?post=5358"}],"version-history":[{"count":3,"href":"https:\/\/eveniments.es\/home\/wp-json\/wp\/v2\/pages\/5358\/revisions"}],"predecessor-version":[{"id":5643,"href":"https:\/\/eveniments.es\/home\/wp-json\/wp\/v2\/pages\/5358\/revisions\/5643"}],"up":[{"embeddable":true,"href":"https:\/\/eveniments.es\/home\/wp-json\/wp\/v2\/pages\/5335"}],"wp:attachment":[{"href":"https:\/\/eveniments.es\/home\/wp-json\/wp\/v2\/media?parent=5358"}],"curies":[{"name":"wp","href":"https:\/\/api.w.org\/{rel}","templated":true}]}}