{"id":5376,"date":"2023-05-30T08:29:12","date_gmt":"2023-05-30T08:29:12","guid":{"rendered":"https:\/\/eveniments.es\/home\/?page_id=5376"},"modified":"2023-05-30T09:29:34","modified_gmt":"2023-05-30T09:29:34","slug":"team-building","status":"publish","type":"page","link":"https:\/\/eveniments.es\/home\/team-building","title":{"rendered":"Team Building"},"content":{"rendered":"\n<figure class=\"wp-block-image size-large is-resized\"><img loading=\"lazy\" decoding=\"async\" src=\"https:\/\/eveniments.es\/wp-content\/uploads\/2023\/05\/Paginas-desde-tean-building-empresas_optimize-1-1024x576.jpg\" alt=\"\" class=\"wp-image-5397\" width=\"962\" height=\"540\" srcset=\"https:\/\/eveniments.es\/wp-content\/uploads\/2023\/05\/Paginas-desde-tean-building-empresas_optimize-1-1024x576.jpg 1024w, https:\/\/eveniments.es\/wp-content\/uploads\/2023\/05\/Paginas-desde-tean-building-empresas_optimize-1-300x169.jpg 300w, https:\/\/eveniments.es\/wp-content\/uploads\/2023\/05\/Paginas-desde-tean-building-empresas_optimize-1-768x432.jpg 768w, https:\/\/eveniments.es\/wp-content\/uploads\/2023\/05\/Paginas-desde-tean-building-empresas_optimize-1-1536x863.jpg 1536w, https:\/\/eveniments.es\/wp-content\/uploads\/2023\/05\/Paginas-desde-tean-building-empresas_optimize-1-2048x1151.jpg 2048w, https:\/\/eveniments.es\/wp-content\/uploads\/2023\/05\/Paginas-desde-tean-building-empresas_optimize-1-678x381.jpg 678w\" sizes=\"auto, (max-width: 962px) 100vw, 962px\" \/><\/figure>\n\n\n\n<p>Nuestras actividades no s\u00f3lo pretenden divertir y crear un ambiente l\u00fadico, sino que tambi\u00e9n est\u00e1n dise\u00f1ados para liberar todo el potencial de su equipo. Entendemos que cada empresa es \u00fanica, y por eso ofrecemos actividades de team building a medida que se adaptan a las necesidades y objetivos espec\u00edficos de su equipo.<\/p>\n\n\n\n<p>Al participar en nuestros talleres , su equipo desarrollar\u00e1 mejores habilidades de comunicaci\u00f3n, mejorar\u00e1 su capacidad de resoluci\u00f3n de problemas y aprender\u00e1 a trabajar en colaboraci\u00f3n en un entorno diverso. Con nuestro apoyo, su equipo se sentir\u00e1 motivado, inspirado y confiado para alcanzar sus objetivos.<\/p>\n\n\n\n\n\n<div class=\"wp-block-columns is-layout-flex wp-container-core-columns-is-layout-1 wp-block-columns-is-layout-flex\">\n<div class=\"wp-block-column is-layout-flow wp-block-column-is-layout-flow\">\n<figure class=\"wp-block-image size-full is-resized\"><img loading=\"lazy\" decoding=\"async\" src=\"https:\/\/eveniments.es\/wp-content\/uploads\/2023\/05\/pagina-3-2.png\" alt=\"\" class=\"wp-image-5382\" width=\"968\" height=\"527\" srcset=\"https:\/\/eveniments.es\/wp-content\/uploads\/2023\/05\/pagina-3-2.png 878w, https:\/\/eveniments.es\/wp-content\/uploads\/2023\/05\/pagina-3-2-300x163.png 300w, https:\/\/eveniments.es\/wp-content\/uploads\/2023\/05\/pagina-3-2-768x418.png 768w\" sizes=\"auto, (max-width: 968px) 100vw, 968px\" \/><\/figure>\n<\/div>\n<\/div>\n\n\n\n<p><\/p>\n\n\n\n<p>Actividades de creaci\u00f3n de equipos personalizadas para satisfacer sus necesidades e impulsar el \u00e9xito de su empresa<\/p>\n\n\n\n<p>\u00bfBuscas la actividad de team building perfecta que se adapte a las necesidades espec\u00edficas de tu empresa? No busque m\u00e1s, \u00a1con Eveniments! Con nuestras actividades de team building, somos nuestros creamos experiencias personalizadas para cada uno de nuestros clientes que cuidar\u00e1n cada detalle y har\u00e1n que cada evento sea \u00fanico. Con talleres diferentes entre los que elegir, podr\u00e1s encontrar un mont\u00f3n de ideas de team building para completar tus jornadas y fomentar la conversaci\u00f3n y la colaboraci\u00f3n entre tu equipo. Nuestras actividades est\u00e1n dise\u00f1adas para ayudar a sus participantes a descubrir nuevas facetas de s\u00ed mismos y de sus compa\u00f1eros en un entorno l\u00fadico y divertido. Elija Eveniments para sus necesidades de creaci\u00f3n de equipos y vea c\u00f3mo se dispara el \u00e9xito de su empresa.<\/p>\n\n\n\n<p><\/p>\n\n\n\n<figure class=\"wp-block-gallery has-nested-images columns-default is-cropped wp-block-gallery-1 is-layout-flex wp-block-gallery-is-layout-flex\">\n<figure class=\"wp-block-image size-large\"><img loading=\"lazy\" decoding=\"async\" width=\"583\" height=\"437\" data-id=\"5392\" src=\"https:\/\/eveniments.es\/wp-content\/uploads\/2023\/05\/Eveniments-Team-Building-empresas-2023-1.jpg\" alt=\"\" class=\"wp-image-5392\" srcset=\"https:\/\/eveniments.es\/wp-content\/uploads\/2023\/05\/Eveniments-Team-Building-empresas-2023-1.jpg 583w, https:\/\/eveniments.es\/wp-content\/uploads\/2023\/05\/Eveniments-Team-Building-empresas-2023-1-300x225.jpg 300w, https:\/\/eveniments.es\/wp-content\/uploads\/2023\/05\/Eveniments-Team-Building-empresas-2023-1-326x245.jpg 326w, https:\/\/eveniments.es\/wp-content\/uploads\/2023\/05\/Eveniments-Team-Building-empresas-2023-1-80x60.jpg 80w\" sizes=\"auto, (max-width: 583px) 100vw, 583px\" \/><\/figure>\n\n\n\n<figure class=\"wp-block-image size-full\"><img loading=\"lazy\" decoding=\"async\" width=\"483\" height=\"322\" data-id=\"5393\" src=\"https:\/\/eveniments.es\/wp-content\/uploads\/2023\/05\/Eveniments-Team-Building-empresas-20232.jpg\" alt=\"\" class=\"wp-image-5393\" srcset=\"https:\/\/eveniments.es\/wp-content\/uploads\/2023\/05\/Eveniments-Team-Building-empresas-20232.jpg 483w, https:\/\/eveniments.es\/wp-content\/uploads\/2023\/05\/Eveniments-Team-Building-empresas-20232-300x200.jpg 300w\" sizes=\"auto, (max-width: 483px) 100vw, 483px\" \/><\/figure>\n\n\n\n<figure class=\"wp-block-image size-full\"><img loading=\"lazy\" decoding=\"async\" width=\"483\" height=\"287\" data-id=\"5394\" src=\"https:\/\/eveniments.es\/wp-content\/uploads\/2023\/05\/Eveniments-Team-Building-empresas-20231.jpg\" alt=\"\" class=\"wp-image-5394\" srcset=\"https:\/\/eveniments.es\/wp-content\/uploads\/2023\/05\/Eveniments-Team-Building-empresas-20231.jpg 483w, https:\/\/eveniments.es\/wp-content\/uploads\/2023\/05\/Eveniments-Team-Building-empresas-20231-300x178.jpg 300w\" sizes=\"auto, (max-width: 483px) 100vw, 483px\" \/><\/figure>\n<\/figure>\n\n\n\n<div class=\"wp-block-buttons is-layout-flex wp-block-buttons-is-layout-flex\">\n<div class=\"wp-block-button\"><a class=\"wp-block-button__link wp-element-button\">actividades<\/a><\/div>\n<\/div>\n","protected":false},"excerpt":{"rendered":"<div class=\"mh-excerpt\"><p>Nuestras actividades no s\u00f3lo pretenden divertir y crear un ambiente l\u00fadico, sino que tambi\u00e9n est\u00e1n dise\u00f1ados para liberar todo el potencial de su equipo. Entendemos <a class=\"mh-excerpt-more\" href=\"https:\/\/eveniments.es\/home\/team-building\" title=\"Team Building\">[&#8230;]<\/a><\/p>\n<\/div>","protected":false},"author":1,"featured_media":0,"parent":0,"menu_order":0,"comment_status":"closed","ping_status":"closed","template":"","meta":{"footnotes":""},"class_list":["post-5376","page","type-page","status-publish","hentry"],"_links":{"self":[{"href":"https:\/\/eveniments.es\/home\/wp-json\/wp\/v2\/pages\/5376","targetHints":{"allow":["GET"]}}],"collection":[{"href":"https:\/\/eveniments.es\/home\/wp-json\/wp\/v2\/pages"}],"about":[{"href":"https:\/\/eveniments.es\/home\/wp-json\/wp\/v2\/types\/page"}],"author":[{"embeddable":true,"href":"https:\/\/eveniments.es\/home\/wp-json\/wp\/v2\/users\/1"}],"replies":[{"embeddable":true,"href":"https:\/\/eveniments.es\/home\/wp-json\/wp\/v2\/comments?post=5376"}],"version-history":[{"count":9,"href":"https:\/\/eveniments.es\/home\/wp-json\/wp\/v2\/pages\/5376\/revisions"}],"predecessor-version":[{"id":5405,"href":"https:\/\/eveniments.es\/home\/wp-json\/wp\/v2\/pages\/5376\/revisions\/5405"}],"wp:attachment":[{"href":"https:\/\/eveniments.es\/home\/wp-json\/wp\/v2\/media?parent=5376"}],"curies":[{"name":"wp","href":"https:\/\/api.w.org\/{rel}","templated":true}]}}