{"id":5475,"date":"2023-06-13T18:30:46","date_gmt":"2023-06-13T18:30:46","guid":{"rendered":"https:\/\/eveniments.es\/home\/?page_id=5475"},"modified":"2023-06-14T10:17:16","modified_gmt":"2023-06-14T10:17:16","slug":"pasacalles","status":"publish","type":"page","link":"https:\/\/eveniments.es\/home\/pasacalles","title":{"rendered":"Pasacalles"},"content":{"rendered":"\n\n<p>Ofrecemos una amplia gama de servicios que incluye la organizaci\u00f3n de desfiles, actuaciones y celebraciones para diversos eventos. Nuestra experiencia se extiende tambi\u00e9n a la tematizaci\u00f3n de espacios para adaptarlos a sus necesidades,as\u00ed como una amplia gama de tem\u00e1ticas para tu celebraci\u00f3n.<\/p>\n<p>&nbsp;<\/p>\n\n\n<figure class=\"wp-block-gallery has-nested-images columns-default is-cropped wp-block-gallery-1 is-layout-flex wp-block-gallery-is-layout-flex\">\n<figure class=\"wp-block-image size-large is-style-rounded\"><a href=\"https:\/\/eveniments.es\/home\/circo-y-vintage\"><img loading=\"lazy\" decoding=\"async\" width=\"1024\" height=\"768\" data-id=\"5494\" src=\"https:\/\/eveniments.es\/wp-content\/uploads\/2023\/06\/Circus-vintage1-1024x768-2.jpg\" alt=\"\" class=\"wp-image-5494\" srcset=\"https:\/\/eveniments.es\/wp-content\/uploads\/2023\/06\/Circus-vintage1-1024x768-2.jpg 1024w, https:\/\/eveniments.es\/wp-content\/uploads\/2023\/06\/Circus-vintage1-1024x768-2-300x225.jpg 300w, https:\/\/eveniments.es\/wp-content\/uploads\/2023\/06\/Circus-vintage1-1024x768-2-768x576.jpg 768w, https:\/\/eveniments.es\/wp-content\/uploads\/2023\/06\/Circus-vintage1-1024x768-2-678x509.jpg 678w, https:\/\/eveniments.es\/wp-content\/uploads\/2023\/06\/Circus-vintage1-1024x768-2-326x245.jpg 326w, https:\/\/eveniments.es\/wp-content\/uploads\/2023\/06\/Circus-vintage1-1024x768-2-80x60.jpg 80w\" sizes=\"auto, (max-width: 1024px) 100vw, 1024px\" \/><\/a><figcaption class=\"wp-element-caption\">Circo y Vintage<\/figcaption><\/figure>\n\n\n\n<figure class=\"wp-block-image size-large is-style-rounded\"><a href=\"https:\/\/eveniments.es\/home\/pasacalles-futurista\"><img loading=\"lazy\" decoding=\"async\" width=\"1024\" height=\"683\" data-id=\"5498\" src=\"https:\/\/eveniments.es\/wp-content\/uploads\/2023\/06\/Dossier-Eveniments-Time-Machine-1-1024x683.jpg\" alt=\"\" class=\"wp-image-5498\" srcset=\"https:\/\/eveniments.es\/wp-content\/uploads\/2023\/06\/Dossier-Eveniments-Time-Machine-1-1024x683.jpg 1024w, https:\/\/eveniments.es\/wp-content\/uploads\/2023\/06\/Dossier-Eveniments-Time-Machine-1-300x200.jpg 300w, https:\/\/eveniments.es\/wp-content\/uploads\/2023\/06\/Dossier-Eveniments-Time-Machine-1-768x512.jpg 768w, https:\/\/eveniments.es\/wp-content\/uploads\/2023\/06\/Dossier-Eveniments-Time-Machine-1-1536x1024.jpg 1536w, https:\/\/eveniments.es\/wp-content\/uploads\/2023\/06\/Dossier-Eveniments-Time-Machine-1.jpg 2048w\" sizes=\"auto, (max-width: 1024px) 100vw, 1024px\" \/><\/a><figcaption class=\"wp-element-caption\">Futurista<\/figcaption><\/figure>\n\n\n\n<figure class=\"wp-block-image size-full is-style-rounded\"><img loading=\"lazy\" decoding=\"async\" width=\"768\" height=\"563\" data-id=\"5499\" src=\"https:\/\/eveniments.es\/wp-content\/uploads\/2023\/06\/Abilasha-768x563-2.jpg\" alt=\"\" class=\"wp-image-5499\" srcset=\"https:\/\/eveniments.es\/wp-content\/uploads\/2023\/06\/Abilasha-768x563-2.jpg 768w, https:\/\/eveniments.es\/wp-content\/uploads\/2023\/06\/Abilasha-768x563-2-300x220.jpg 300w, https:\/\/eveniments.es\/wp-content\/uploads\/2023\/06\/Abilasha-768x563-2-80x60.jpg 80w\" sizes=\"auto, (max-width: 768px) 100vw, 768px\" \/><figcaption class=\"wp-element-caption\">Fuego<\/figcaption><\/figure>\n\n\n\n<figure class=\"wp-block-image size-full is-style-rounded\"><img loading=\"lazy\" decoding=\"async\" width=\"1024\" height=\"683\" data-id=\"5501\" src=\"https:\/\/eveniments.es\/wp-content\/uploads\/2023\/06\/Dragon2-1.jpg\" alt=\"\" class=\"wp-image-5501\" srcset=\"https:\/\/eveniments.es\/wp-content\/uploads\/2023\/06\/Dragon2-1.jpg 1024w, https:\/\/eveniments.es\/wp-content\/uploads\/2023\/06\/Dragon2-1-300x200.jpg 300w, https:\/\/eveniments.es\/wp-content\/uploads\/2023\/06\/Dragon2-1-768x512.jpg 768w\" sizes=\"auto, (max-width: 1024px) 100vw, 1024px\" \/><figcaption class=\"wp-element-caption\">\u00c9pico y Medieval<\/figcaption><\/figure>\n\n\n\n<figure class=\"wp-block-image size-full is-style-rounded\"><img loading=\"lazy\" decoding=\"async\" width=\"720\" height=\"518\" data-id=\"5503\" src=\"https:\/\/eveniments.es\/wp-content\/uploads\/2023\/06\/Elenfantusos-1.jpg\" alt=\"\" class=\"wp-image-5503\" srcset=\"https:\/\/eveniments.es\/wp-content\/uploads\/2023\/06\/Elenfantusos-1.jpg 720w, https:\/\/eveniments.es\/wp-content\/uploads\/2023\/06\/Elenfantusos-1-300x216.jpg 300w\" sizes=\"auto, (max-width: 720px) 100vw, 720px\" \/><figcaption class=\"wp-element-caption\">Infantil<\/figcaption><\/figure>\n\n\n\n<figure class=\"wp-block-image size-full is-style-rounded\"><img loading=\"lazy\" decoding=\"async\" width=\"800\" height=\"500\" data-id=\"5505\" src=\"https:\/\/eveniments.es\/wp-content\/uploads\/2023\/06\/giant-puppet-1.jpg\" alt=\"\" class=\"wp-image-5505\" srcset=\"https:\/\/eveniments.es\/wp-content\/uploads\/2023\/06\/giant-puppet-1.jpg 800w, https:\/\/eveniments.es\/wp-content\/uploads\/2023\/06\/giant-puppet-1-300x188.jpg 300w, https:\/\/eveniments.es\/wp-content\/uploads\/2023\/06\/giant-puppet-1-768x480.jpg 768w\" sizes=\"auto, (max-width: 800px) 100vw, 800px\" \/><figcaption class=\"wp-element-caption\">Grandes marionetas<\/figcaption><\/figure>\n\n\n\n<figure class=\"wp-block-image size-full is-style-rounded\"><img loading=\"lazy\" decoding=\"async\" width=\"512\" height=\"363\" data-id=\"5510\" src=\"https:\/\/eveniments.es\/wp-content\/uploads\/2023\/06\/zancos-1.png\" alt=\"\" class=\"wp-image-5510\" srcset=\"https:\/\/eveniments.es\/wp-content\/uploads\/2023\/06\/zancos-1.png 512w, https:\/\/eveniments.es\/wp-content\/uploads\/2023\/06\/zancos-1-300x213.png 300w\" sizes=\"auto, (max-width: 512px) 100vw, 512px\" \/><figcaption class=\"wp-element-caption\">Grandes marionetas<\/figcaption><\/figure>\n\n\n\n<figure class=\"wp-block-image size-full is-style-rounded\"><img loading=\"lazy\" decoding=\"async\" width=\"800\" height=\"533\" data-id=\"5506\" src=\"https:\/\/eveniments.es\/wp-content\/uploads\/2023\/06\/Oceanos-1.jpg\" alt=\"\" class=\"wp-image-5506\" srcset=\"https:\/\/eveniments.es\/wp-content\/uploads\/2023\/06\/Oceanos-1.jpg 800w, https:\/\/eveniments.es\/wp-content\/uploads\/2023\/06\/Oceanos-1-300x200.jpg 300w, https:\/\/eveniments.es\/wp-content\/uploads\/2023\/06\/Oceanos-1-768x512.jpg 768w\" sizes=\"auto, (max-width: 800px) 100vw, 800px\" \/><figcaption class=\"wp-element-caption\">Mar<\/figcaption><\/figure>\n\n\n\n<figure class=\"wp-block-image size-full is-style-rounded\"><img loading=\"lazy\" decoding=\"async\" width=\"317\" height=\"211\" data-id=\"5507\" src=\"https:\/\/eveniments.es\/wp-content\/uploads\/2023\/06\/Safari2-1.jpg\" alt=\"\" class=\"wp-image-5507\" srcset=\"https:\/\/eveniments.es\/wp-content\/uploads\/2023\/06\/Safari2-1.jpg 317w, https:\/\/eveniments.es\/wp-content\/uploads\/2023\/06\/Safari2-1-300x200.jpg 300w\" sizes=\"auto, (max-width: 317px) 100vw, 317px\" \/><figcaption class=\"wp-element-caption\">Fauna y Flora<\/figcaption><\/figure>\n\n\n\n<figure class=\"wp-block-image size-large is-style-rounded\"><img loading=\"lazy\" decoding=\"async\" width=\"317\" height=\"211\" data-id=\"5507\" src=\"https:\/\/eveniments.es\/wp-content\/uploads\/2023\/06\/Safari2-1.jpg\" alt=\"\" class=\"wp-image-5507\" srcset=\"https:\/\/eveniments.es\/wp-content\/uploads\/2023\/06\/Safari2-1.jpg 317w, https:\/\/eveniments.es\/wp-content\/uploads\/2023\/06\/Safari2-1-300x200.jpg 300w\" sizes=\"auto, (max-width: 317px) 100vw, 317px\" \/><figcaption class=\"wp-element-caption\">Fauna y Flora<\/figcaption><\/figure>\n\n\n\n<figure class=\"wp-block-image size-full is-style-rounded\"><img loading=\"lazy\" decoding=\"async\" width=\"818\" height=\"600\" data-id=\"5508\" src=\"https:\/\/eveniments.es\/wp-content\/uploads\/2023\/06\/Aereos-plan-de-vuelo-1.jpg\" alt=\"\" class=\"wp-image-5508\" srcset=\"https:\/\/eveniments.es\/wp-content\/uploads\/2023\/06\/Aereos-plan-de-vuelo-1.jpg 818w, https:\/\/eveniments.es\/wp-content\/uploads\/2023\/06\/Aereos-plan-de-vuelo-1-300x220.jpg 300w, https:\/\/eveniments.es\/wp-content\/uploads\/2023\/06\/Aereos-plan-de-vuelo-1-768x563.jpg 768w, https:\/\/eveniments.es\/wp-content\/uploads\/2023\/06\/Aereos-plan-de-vuelo-1-80x60.jpg 80w\" sizes=\"auto, (max-width: 818px) 100vw, 818px\" \/><figcaption class=\"wp-element-caption\">Hinchables<\/figcaption><\/figure>\n\n\n\n<figure class=\"wp-block-image size-full is-style-rounded\"><img loading=\"lazy\" decoding=\"async\" width=\"800\" height=\"500\" data-id=\"5509\" src=\"https:\/\/eveniments.es\/wp-content\/uploads\/2023\/06\/helium-fantasy-1-1.jpg\" alt=\"\" class=\"wp-image-5509\" srcset=\"https:\/\/eveniments.es\/wp-content\/uploads\/2023\/06\/helium-fantasy-1-1.jpg 800w, https:\/\/eveniments.es\/wp-content\/uploads\/2023\/06\/helium-fantasy-1-1-300x188.jpg 300w, https:\/\/eveniments.es\/wp-content\/uploads\/2023\/06\/helium-fantasy-1-1-768x480.jpg 768w\" sizes=\"auto, (max-width: 800px) 100vw, 800px\" \/><figcaption class=\"wp-element-caption\">Aereos<\/figcaption><\/figure>\n\n\n\n<figure class=\"wp-block-image size-full is-style-rounded\"><img loading=\"lazy\" decoding=\"async\" width=\"427\" height=\"333\" data-id=\"5516\" src=\"https:\/\/eveniments.es\/wp-content\/uploads\/2023\/06\/oferta-guardamar2-2.jpg\" alt=\"\" class=\"wp-image-5516\" srcset=\"https:\/\/eveniments.es\/wp-content\/uploads\/2023\/06\/oferta-guardamar2-2.jpg 427w, https:\/\/eveniments.es\/wp-content\/uploads\/2023\/06\/oferta-guardamar2-2-300x234.jpg 300w\" sizes=\"auto, (max-width: 427px) 100vw, 427px\" \/><figcaption class=\"wp-element-caption\">Fantasia<\/figcaption><\/figure>\n\n\n\n<figure class=\"wp-block-image size-large is-style-rounded\"><img loading=\"lazy\" decoding=\"async\" width=\"1024\" height=\"768\" data-id=\"5514\" src=\"https:\/\/eveniments.es\/wp-content\/uploads\/2023\/06\/lgtb1-1024x768.jpg\" alt=\"\" class=\"wp-image-5514\" srcset=\"https:\/\/eveniments.es\/wp-content\/uploads\/2023\/06\/lgtb1-1024x768.jpg 1024w, https:\/\/eveniments.es\/wp-content\/uploads\/2023\/06\/lgtb1-300x225.jpg 300w, https:\/\/eveniments.es\/wp-content\/uploads\/2023\/06\/lgtb1-768x576.jpg 768w, https:\/\/eveniments.es\/wp-content\/uploads\/2023\/06\/lgtb1-1536x1152.jpg 1536w, https:\/\/eveniments.es\/wp-content\/uploads\/2023\/06\/lgtb1-678x509.jpg 678w, https:\/\/eveniments.es\/wp-content\/uploads\/2023\/06\/lgtb1-326x245.jpg 326w, https:\/\/eveniments.es\/wp-content\/uploads\/2023\/06\/lgtb1-80x60.jpg 80w, https:\/\/eveniments.es\/wp-content\/uploads\/2023\/06\/lgtb1.jpg 1600w\" sizes=\"auto, (max-width: 1024px) 100vw, 1024px\" \/><figcaption class=\"wp-element-caption\">LGTBI<\/figcaption><\/figure>\n\n\n\n<figure class=\"wp-block-image size-large is-style-rounded\"><img loading=\"lazy\" decoding=\"async\" width=\"1024\" height=\"840\" data-id=\"5517\" src=\"https:\/\/eveniments.es\/wp-content\/uploads\/2023\/06\/imagen-4-1024x840.jpg\" alt=\"\" class=\"wp-image-5517\" srcset=\"https:\/\/eveniments.es\/wp-content\/uploads\/2023\/06\/imagen-4-1024x840.jpg 1024w, https:\/\/eveniments.es\/wp-content\/uploads\/2023\/06\/imagen-4-300x246.jpg 300w, https:\/\/eveniments.es\/wp-content\/uploads\/2023\/06\/imagen-4-768x630.jpg 768w, https:\/\/eveniments.es\/wp-content\/uploads\/2023\/06\/imagen-4-1536x1260.jpg 1536w, https:\/\/eveniments.es\/wp-content\/uploads\/2023\/06\/imagen-4-2048x1680.jpg 2048w\" sizes=\"auto, (max-width: 1024px) 100vw, 1024px\" \/><figcaption class=\"wp-element-caption\">Los Truquis<\/figcaption><\/figure>\n<\/figure>\n","protected":false},"excerpt":{"rendered":"<div class=\"mh-excerpt\"><p>Ofrecemos una amplia gama de servicios que incluye la organizaci\u00f3n de desfiles, actuaciones y celebraciones para diversos eventos. Nuestra experiencia se extiende tambi\u00e9n a la <a class=\"mh-excerpt-more\" href=\"https:\/\/eveniments.es\/home\/pasacalles\" title=\"Pasacalles\">[&#8230;]<\/a><\/p>\n<\/div>","protected":false},"author":1,"featured_media":0,"parent":0,"menu_order":0,"comment_status":"closed","ping_status":"closed","template":"","meta":{"footnotes":""},"class_list":["post-5475","page","type-page","status-publish","hentry"],"_links":{"self":[{"href":"https:\/\/eveniments.es\/home\/wp-json\/wp\/v2\/pages\/5475","targetHints":{"allow":["GET"]}}],"collection":[{"href":"https:\/\/eveniments.es\/home\/wp-json\/wp\/v2\/pages"}],"about":[{"href":"https:\/\/eveniments.es\/home\/wp-json\/wp\/v2\/types\/page"}],"author":[{"embeddable":true,"href":"https:\/\/eveniments.es\/home\/wp-json\/wp\/v2\/users\/1"}],"replies":[{"embeddable":true,"href":"https:\/\/eveniments.es\/home\/wp-json\/wp\/v2\/comments?post=5475"}],"version-history":[{"count":10,"href":"https:\/\/eveniments.es\/home\/wp-json\/wp\/v2\/pages\/5475\/revisions"}],"predecessor-version":[{"id":5567,"href":"https:\/\/eveniments.es\/home\/wp-json\/wp\/v2\/pages\/5475\/revisions\/5567"}],"wp:attachment":[{"href":"https:\/\/eveniments.es\/home\/wp-json\/wp\/v2\/media?parent=5475"}],"curies":[{"name":"wp","href":"https:\/\/api.w.org\/{rel}","templated":true}]}}