{"id":5644,"date":"2023-06-16T11:40:07","date_gmt":"2023-06-16T11:40:07","guid":{"rendered":"https:\/\/eveniments.es\/home\/?page_id=5644"},"modified":"2023-06-19T11:44:51","modified_gmt":"2023-06-19T11:44:51","slug":"el-cocktail-y-la-comida","status":"publish","type":"page","link":"https:\/\/eveniments.es\/home\/el-cocktail-y-la-comida","title":{"rendered":"El Cocktail y la comida"},"content":{"rendered":"\n\n\n<div class=\"wp-block-media-text alignwide is-stacked-on-mobile\"><figure class=\"wp-block-media-text__media\"><img loading=\"lazy\" decoding=\"async\" width=\"782\" height=\"1024\" src=\"https:\/\/eveniments.es\/wp-content\/uploads\/2023\/06\/01.DOSSIER-BODAS-CREATIVAS-2023comprimido-Copiar-16-2-782x1024.jpg\" alt=\"\" class=\"wp-image-5645 size-full\" srcset=\"https:\/\/eveniments.es\/wp-content\/uploads\/2023\/06\/01.DOSSIER-BODAS-CREATIVAS-2023comprimido-Copiar-16-2-782x1024.jpg 782w, https:\/\/eveniments.es\/wp-content\/uploads\/2023\/06\/01.DOSSIER-BODAS-CREATIVAS-2023comprimido-Copiar-16-2-229x300.jpg 229w, https:\/\/eveniments.es\/wp-content\/uploads\/2023\/06\/01.DOSSIER-BODAS-CREATIVAS-2023comprimido-Copiar-16-2-768x1006.jpg 768w, https:\/\/eveniments.es\/wp-content\/uploads\/2023\/06\/01.DOSSIER-BODAS-CREATIVAS-2023comprimido-Copiar-16-2.jpg 826w\" sizes=\"auto, (max-width: 782px) 100vw, 782px\" \/><\/figure><div class=\"wp-block-media-text__content\">\n<p>Una vez realizada la ceremonia llega el momento de celebrar el enlace, este es el momento del cocktail, d\u00f3nde los invitados esperan que lleguen los novios de la sesi\u00f3n fotogr\u00e1fica y se espera a que lleguen todos los asistentes y la preparaci\u00f3n de la comida.<br>Por ello es un buen momento para realizar un mont\u00f3n de actividades y mantener a todos los invitados entretenidos. Se pueden realizar multitud de cosas, desde un rinc\u00f3n de dedicatorias, a un caricaturista, Photomaton, mon\u00f3logos, shows de magia, actuaciones, m\u00fasica, videos, entregas de premios, animaciones para los ni\u00f1os y para adultos y mucho m\u00e1s\u2026<br>Ademas, tanto en el cocktail como en la comida podr\u00e1s dinamizar contratando las diferentes animaciones que te ofrecemos a continuaci\u00f3n.<\/p>\n<\/div><\/div>\n\n\n\n<p><\/p>\n\n\n\n<p><strong>M\u00fasica para el cocktail<\/strong><br>Desde agrupaciones tradicionales y elegantes hasta otro tipo de bandas con m\u00fasica m\u00e1s moderna.<br>Contamos con gran diversidad de artistas que animaran musicalmente toda la boda. Tambi\u00e9n tenemos todo tipo de djs, si es lo que prefieres, para animar este momento del cocktail.<br>Encontraremos la m\u00fasica m\u00e1s adecuado a la personalidad de los novios y los gustos de estos.<\/p>\n\n\n\n<p><\/p>\n\n\n\n[ngg src=\u00bbgalleries\u00bb ids=\u00bb33&#8243; display=\u00bbbasic_imagebrowser\u00bb]\n\n\n\n\n\n<p><strong>Magia y mentalismo<\/strong><br>Te traemos la mejor magia y mentalismo para mantenerte a ti y a tus invitados 100% entretenidos durante toda la boda.<br>Un mago aparecer\u00e1 en el momento del cocktail e interactuar\u00e1 entre los invitados haciendo magia en peque\u00f1os grupos movi\u00e9ndose por todo el espacio.<br>O se podr\u00e1 realizar un show para todos los invitados a la vez, proponiendo n\u00fameros de magia de mayor formato, con participaci\u00f3n de los protagonistas y n\u00fameros espectaculares a la par que divertidos. Incluso se podr\u00e1 hacer espect\u00e1culos mixtos que combinen los dos formatos.<\/p>\n\n\n\n<p><\/p>\n\n\n\n<figure class=\"wp-block-gallery has-nested-images columns-default is-cropped wp-block-gallery-1 is-layout-flex wp-block-gallery-is-layout-flex\">\n<figure class=\"wp-block-image size-large\"><img loading=\"lazy\" decoding=\"async\" width=\"660\" height=\"283\" data-id=\"5658\" src=\"https:\/\/eveniments.es\/wp-content\/uploads\/2023\/06\/01.DOSSIER-BODAS-CREATIVAS-2023comprimido-Copiar-117.jpg\" alt=\"\" class=\"wp-image-5658\" srcset=\"https:\/\/eveniments.es\/wp-content\/uploads\/2023\/06\/01.DOSSIER-BODAS-CREATIVAS-2023comprimido-Copiar-117.jpg 660w, https:\/\/eveniments.es\/wp-content\/uploads\/2023\/06\/01.DOSSIER-BODAS-CREATIVAS-2023comprimido-Copiar-117-300x129.jpg 300w\" sizes=\"auto, (max-width: 660px) 100vw, 660px\" \/><\/figure>\n\n\n\n<figure class=\"wp-block-image size-full\"><img loading=\"lazy\" decoding=\"async\" width=\"658\" height=\"283\" data-id=\"5660\" src=\"https:\/\/eveniments.es\/wp-content\/uploads\/2023\/06\/01.DOSSIER-BODAS-CREATIVAS-2023comprimido-Copiar-118.jpg\" alt=\"\" class=\"wp-image-5660\" srcset=\"https:\/\/eveniments.es\/wp-content\/uploads\/2023\/06\/01.DOSSIER-BODAS-CREATIVAS-2023comprimido-Copiar-118.jpg 658w, https:\/\/eveniments.es\/wp-content\/uploads\/2023\/06\/01.DOSSIER-BODAS-CREATIVAS-2023comprimido-Copiar-118-300x129.jpg 300w\" sizes=\"auto, (max-width: 658px) 100vw, 658px\" \/><\/figure>\n\n\n\n<figure class=\"wp-block-image size-full\"><img loading=\"lazy\" decoding=\"async\" width=\"660\" height=\"282\" data-id=\"5661\" src=\"https:\/\/eveniments.es\/wp-content\/uploads\/2023\/06\/01.DOSSIER-BODAS-CREATIVAS-2023comprimido-Copiar-119.jpg\" alt=\"\" class=\"wp-image-5661\" srcset=\"https:\/\/eveniments.es\/wp-content\/uploads\/2023\/06\/01.DOSSIER-BODAS-CREATIVAS-2023comprimido-Copiar-119.jpg 660w, https:\/\/eveniments.es\/wp-content\/uploads\/2023\/06\/01.DOSSIER-BODAS-CREATIVAS-2023comprimido-Copiar-119-300x128.jpg 300w\" sizes=\"auto, (max-width: 660px) 100vw, 660px\" \/><\/figure>\n<\/figure>\n\n\n\n<p><strong>Teatro e Improvisaci\u00f3n<\/strong><br>Un show personalizado con informaci\u00f3n de los novios, los actores trabajar\u00e1n mano a mano con el p\u00fablico, reaccionando y modificando la escena al instante.Tendr\u00e1s que rellenar un cuestionario y nosotros gestionaremos con los actores para que estos improvisen utilizando la mejor historia y a trav\u00e9s de la informaci\u00f3n que nos hayas dado en la entrevista propia.<br>Crearemos un show de improvisaci\u00f3n que animar\u00e1 a todos los invitados de tu fiesta con un toque muy personalizado.<br>Tenemos dos opciones de Shows de improvisaciones. Un formato show en el que estos ocuparan un tiempo dentro de la Boda en el momento que desees, el cocktail, la cena o comida, la fiesta, etc\u2026 O que nuestros improvisadores est\u00e9n durante toda la boda haciendo peque\u00f1os shows para animar a los invitados.<\/p>\n\n\n\n<p><\/p>\n\n\n\n<figure class=\"wp-block-gallery has-nested-images columns-default is-cropped wp-block-gallery-2 is-layout-flex wp-block-gallery-is-layout-flex\">\n<figure class=\"wp-block-image size-large\"><img loading=\"lazy\" decoding=\"async\" width=\"660\" height=\"281\" data-id=\"5666\" src=\"https:\/\/eveniments.es\/wp-content\/uploads\/2023\/06\/01.DOSSIER-BODAS-CREATIVAS-2023comprimido-Copiar-122.jpg\" alt=\"\" class=\"wp-image-5666\" srcset=\"https:\/\/eveniments.es\/wp-content\/uploads\/2023\/06\/01.DOSSIER-BODAS-CREATIVAS-2023comprimido-Copiar-122.jpg 660w, https:\/\/eveniments.es\/wp-content\/uploads\/2023\/06\/01.DOSSIER-BODAS-CREATIVAS-2023comprimido-Copiar-122-300x128.jpg 300w\" sizes=\"auto, (max-width: 660px) 100vw, 660px\" \/><\/figure>\n\n\n\n<figure class=\"wp-block-image size-full\"><img loading=\"lazy\" decoding=\"async\" width=\"660\" height=\"282\" data-id=\"5667\" src=\"https:\/\/eveniments.es\/wp-content\/uploads\/2023\/06\/01.DOSSIER-BODAS-CREATIVAS-2023comprimido-Copiar-121.jpg\" alt=\"\" class=\"wp-image-5667\" srcset=\"https:\/\/eveniments.es\/wp-content\/uploads\/2023\/06\/01.DOSSIER-BODAS-CREATIVAS-2023comprimido-Copiar-121.jpg 660w, https:\/\/eveniments.es\/wp-content\/uploads\/2023\/06\/01.DOSSIER-BODAS-CREATIVAS-2023comprimido-Copiar-121-300x128.jpg 300w\" sizes=\"auto, (max-width: 660px) 100vw, 660px\" \/><\/figure>\n\n\n\n<figure class=\"wp-block-image size-full\"><img loading=\"lazy\" decoding=\"async\" width=\"660\" height=\"283\" data-id=\"5668\" src=\"https:\/\/eveniments.es\/wp-content\/uploads\/2023\/06\/01.DOSSIER-BODAS-CREATIVAS-2023comprimido-Copiar-120.jpg\" alt=\"\" class=\"wp-image-5668\" srcset=\"https:\/\/eveniments.es\/wp-content\/uploads\/2023\/06\/01.DOSSIER-BODAS-CREATIVAS-2023comprimido-Copiar-120.jpg 660w, https:\/\/eveniments.es\/wp-content\/uploads\/2023\/06\/01.DOSSIER-BODAS-CREATIVAS-2023comprimido-Copiar-120-300x129.jpg 300w\" sizes=\"auto, (max-width: 660px) 100vw, 660px\" \/><\/figure>\n<\/figure>\n\n\n\n<p><strong>Comedia y mon\u00f3logos<\/strong><br>Dale un toque de humor a vuestra ceremonia de boda, un equilibrio perfecto entre la parte l\u00fadica y el tono elegante que merece la ocasi\u00f3n. Se podr\u00e1n hacer mon\u00f3logos personalizados pero siempre con una tem\u00e1tica muy amorosa.<br>Nuestros monologuistas son profesionales y accesibles lo que os facilitar\u00e1 la vida para que todo resulte natural y cercano. Podr\u00e1s hablar con ellos para poder hacer mon\u00f3logos a medida personalizados.<\/p>\n\n\n\n<p><\/p>\n\n\n\n<figure class=\"wp-block-gallery has-nested-images columns-default is-cropped wp-block-gallery-3 is-layout-flex wp-block-gallery-is-layout-flex\">\n<figure class=\"wp-block-image size-large\"><img loading=\"lazy\" decoding=\"async\" width=\"660\" height=\"281\" data-id=\"5672\" src=\"https:\/\/eveniments.es\/wp-content\/uploads\/2023\/06\/01.DOSSIER-BODAS-CREATIVAS-2023comprimido-Copiar-125.jpg\" alt=\"\" class=\"wp-image-5672\" srcset=\"https:\/\/eveniments.es\/wp-content\/uploads\/2023\/06\/01.DOSSIER-BODAS-CREATIVAS-2023comprimido-Copiar-125.jpg 660w, https:\/\/eveniments.es\/wp-content\/uploads\/2023\/06\/01.DOSSIER-BODAS-CREATIVAS-2023comprimido-Copiar-125-300x128.jpg 300w\" sizes=\"auto, (max-width: 660px) 100vw, 660px\" \/><\/figure>\n\n\n\n<figure class=\"wp-block-image size-full\"><img loading=\"lazy\" decoding=\"async\" width=\"658\" height=\"283\" data-id=\"5674\" src=\"https:\/\/eveniments.es\/wp-content\/uploads\/2023\/06\/01.DOSSIER-BODAS-CREATIVAS-2023comprimido-Copiar-124.jpg\" alt=\"\" class=\"wp-image-5674\" srcset=\"https:\/\/eveniments.es\/wp-content\/uploads\/2023\/06\/01.DOSSIER-BODAS-CREATIVAS-2023comprimido-Copiar-124.jpg 658w, https:\/\/eveniments.es\/wp-content\/uploads\/2023\/06\/01.DOSSIER-BODAS-CREATIVAS-2023comprimido-Copiar-124-300x129.jpg 300w\" sizes=\"auto, (max-width: 658px) 100vw, 658px\" \/><\/figure>\n\n\n\n<figure class=\"wp-block-image size-full\"><img loading=\"lazy\" decoding=\"async\" width=\"660\" height=\"283\" data-id=\"5675\" src=\"https:\/\/eveniments.es\/wp-content\/uploads\/2023\/06\/01.DOSSIER-BODAS-CREATIVAS-2023comprimido-Copiar-123.jpg\" alt=\"\" class=\"wp-image-5675\" srcset=\"https:\/\/eveniments.es\/wp-content\/uploads\/2023\/06\/01.DOSSIER-BODAS-CREATIVAS-2023comprimido-Copiar-123.jpg 660w, https:\/\/eveniments.es\/wp-content\/uploads\/2023\/06\/01.DOSSIER-BODAS-CREATIVAS-2023comprimido-Copiar-123-300x129.jpg 300w\" sizes=\"auto, (max-width: 660px) 100vw, 660px\" \/><\/figure>\n<\/figure>\n\n\n\n<p><\/p>\n\n\n\n<p><strong>Animaciones creativas<\/strong><br>Adem\u00e1s tambi\u00e9n se pueden realizar otro tipo de animaciones creativas, desde mesas humanas que reparten champan o la princesa champan, a malabares con cocktails, perfomances animados de artistas circenses, shows a\u00e9reos, etc\u2026<\/p>\n\n\n\n<p><\/p>\n\n\n\n[ngg src=\u00bbgalleries\u00bb ids=\u00bb32&#8243; display=\u00bbbasic_imagebrowser\u00bb]\n\n\n\n<p><strong>Animaciones para ni\u00f1os<\/strong><br>Importante tambi\u00e9n es pensar en los m\u00e1s peque\u00f1os, para estos contamos con un mon\u00f3n de actividades y recursos para mantenerlos entretenidos y que se lo pasen en grande. Desde animadores, payasos, cuentacuentos, pinta caras, marionetas, juegos, etc. As\u00ed dejar\u00e1n a los adultos disfrutar de este gran d\u00eda.<\/p>\n\n\n\n<p><\/p>\n\n\n\n[ngg src=\u00bbgalleries\u00bb ids=\u00bb31&#8243; display=\u00bbbasic_imagebrowser\u00bb]\n\n\n\n<p><\/p>\n\n\n\n<p><strong>Simuladores y Atracciones<\/strong><br>Adem\u00e1s si el presupuesto lo permite tambien contamos con una amplia variedad de simuladores virtuales, todos ellos dotados de hardware y software 3D para navegar de forma virtual con gr\u00e1ficos de alta definici\u00f3n, consiguiendo un realismo asombroso. Estas atracciones sirven tanto para interior como exterior y animar\u00e1n tanto a los m\u00e1s peque\u00f1os como a los m\u00e1s grandes. Incluso podr\u00e1s contratar juegos de realidad virtual<\/p>\n\n\n\n<p><\/p>\n\n\n\n[ngg src=\u00bbgalleries\u00bb ids=\u00bb34&#8243; display=\u00bbbasic_imagebrowser\u00bb]\n\n\n\n<p><strong>Espect\u00e1culos especiales<\/strong><br>Contamos tambi\u00e9n con un amplio servicio de artistas para animar a tus invitados, tenemos todo tipo de espect\u00e1culos seg\u00fan tus preferencias, contamos con gran diversidad de artistas de muchas disciplinas distintas. Tenemos show a\u00e9reos, circenses, baile, danzas internacionales, etc\u2026Todo en funci\u00f3n al estilo que te gusta y el tipo de boda que est\u00e9s buscando.<\/p>\n\n\n\n<p><\/p>\n\n\n\n[ngg src=\u00bbgalleries\u00bb ids=\u00bb35&#8243; display=\u00bbbasic_imagebrowser\u00bb]\n\n\n\n<p><strong>Contamos tu historia<\/strong><br>Si algo nos diferencia y nos encanta es la CREATIVIDAD, muchas veces olvidada en las Bodas.Una forma de marcar la diferencia es a trav\u00e9s de los shows creativos. Contar la historia de los novios a trav\u00e9s del arte de arena, esculpir una figura en hielo, sorprender a los invitados con pompas gigantes, un buen monologo, o poema, o endulzar un cuadro con la imagen de la pareja con chocolate, o realizar caricaturas, estas son algunas de los posibilidades que proponemos dentro de nuestro amplio abanico.<br>Te ofrecemos contar tu historia de amor de multitud de maneras. Para ello te enviaremos un cuestionario muy divertido para que nos cuentas tu historia, an\u00e9cdotas, viajes\u2026<\/p>\n\n\n\n<p>A continuaci\u00f3n te resumimos los espect\u00e1culos que m\u00e1s nos solicitan que independientemente de todo siempre tendr\u00e1n un toque emotivo, humor, amor, etc<br>SAND ART: El amor se forma d\u00eda a d\u00eda aportando esos granitos de arena, con peque\u00f1os y grandes detalles, cuenta tu historia con ARENA.<br>POESIA: Que hay m\u00e1s rom\u00e1ntico que te escriban un poema sobre tu historia de amor y te lo reciten con uno o varios m\u00fasicos?<br>COMEDIA: Un poco de humor nunca viene mal \u2026.El mon\u00f3logo de vuestra vida de amor<br>MAGIA: La magia del amor\u2026 \u00bfTe imaginas que contamos tus historia de amor a trav\u00e9s de la magia y como colof\u00f3n te hacemos una predicci\u00f3n publicada en instagram 2 d\u00edas antes de la boda?<br>SPEED PAINTING: Pintamos vuestro amor con Show Speed painting. Dibujamos a la pareja en 6 minutos y lo mejor que hasta el \u00faltimo segundo no sabr\u00e1s que estamos haciendo<br>VIDEOMAPPING: Contamos tu historia de amor con Mapping<br>DANZA: \u00bfTe gusta bailar?\u2026si es este tu caso te proponemos contar tu historia a trav\u00e9s de la danza en la que se puede implementar el fuego<br>Si a\u00fan as\u00ed todo esto se te hace poco, No te preocupes cu\u00e9ntanos tus inquietudes y lo haremos realidad<\/p>\n\n\n\n<p><\/p>\n\n\n\n[ngg src=\u00bbgalleries\u00bb ids=\u00bb36&#8243; display=\u00bbbasic_imagebrowser\u00bb]\n","protected":false},"excerpt":{"rendered":"<div class=\"mh-excerpt\"><p>Una vez realizada la ceremonia llega el momento de celebrar el enlace, este es el momento del cocktail, d\u00f3nde los invitados esperan que lleguen los <a class=\"mh-excerpt-more\" href=\"https:\/\/eveniments.es\/home\/el-cocktail-y-la-comida\" title=\"El Cocktail y la comida\">[&#8230;]<\/a><\/p>\n<\/div>","protected":false},"author":1,"featured_media":0,"parent":0,"menu_order":0,"comment_status":"closed","ping_status":"closed","template":"","meta":{"footnotes":""},"class_list":["post-5644","page","type-page","status-publish","hentry"],"_links":{"self":[{"href":"https:\/\/eveniments.es\/home\/wp-json\/wp\/v2\/pages\/5644","targetHints":{"allow":["GET"]}}],"collection":[{"href":"https:\/\/eveniments.es\/home\/wp-json\/wp\/v2\/pages"}],"about":[{"href":"https:\/\/eveniments.es\/home\/wp-json\/wp\/v2\/types\/page"}],"author":[{"embeddable":true,"href":"https:\/\/eveniments.es\/home\/wp-json\/wp\/v2\/users\/1"}],"replies":[{"embeddable":true,"href":"https:\/\/eveniments.es\/home\/wp-json\/wp\/v2\/comments?post=5644"}],"version-history":[{"count":32,"href":"https:\/\/eveniments.es\/home\/wp-json\/wp\/v2\/pages\/5644\/revisions"}],"predecessor-version":[{"id":5802,"href":"https:\/\/eveniments.es\/home\/wp-json\/wp\/v2\/pages\/5644\/revisions\/5802"}],"wp:attachment":[{"href":"https:\/\/eveniments.es\/home\/wp-json\/wp\/v2\/media?parent=5644"}],"curies":[{"name":"wp","href":"https:\/\/api.w.org\/{rel}","templated":true}]}}