{"id":5686,"date":"2023-06-19T10:16:12","date_gmt":"2023-06-19T10:16:12","guid":{"rendered":"https:\/\/eveniments.es\/home\/?page_id=5686"},"modified":"2023-06-19T10:30:17","modified_gmt":"2023-06-19T10:30:17","slug":"la-ceremonia","status":"publish","type":"page","link":"https:\/\/eveniments.es\/home\/la-ceremonia","title":{"rendered":"La Ceremonia"},"content":{"rendered":"\n\n\n<div class=\"wp-block-media-text alignwide is-stacked-on-mobile\"><figure class=\"wp-block-media-text__media\"><img loading=\"lazy\" decoding=\"async\" width=\"782\" height=\"1024\" src=\"https:\/\/eveniments.es\/wp-content\/uploads\/2023\/06\/01.DOSSIER-BODAS-CREATIVAS-2023comprimido-Copiar-15-1-782x1024.jpg\" alt=\"\" class=\"wp-image-5646 size-full\" srcset=\"https:\/\/eveniments.es\/wp-content\/uploads\/2023\/06\/01.DOSSIER-BODAS-CREATIVAS-2023comprimido-Copiar-15-1-782x1024.jpg 782w, https:\/\/eveniments.es\/wp-content\/uploads\/2023\/06\/01.DOSSIER-BODAS-CREATIVAS-2023comprimido-Copiar-15-1-229x300.jpg 229w, https:\/\/eveniments.es\/wp-content\/uploads\/2023\/06\/01.DOSSIER-BODAS-CREATIVAS-2023comprimido-Copiar-15-1-768x1006.jpg 768w, https:\/\/eveniments.es\/wp-content\/uploads\/2023\/06\/01.DOSSIER-BODAS-CREATIVAS-2023comprimido-Copiar-15-1.jpg 826w\" sizes=\"auto, (max-width: 782px) 100vw, 782px\" \/><\/figure><div class=\"wp-block-media-text__content\">\n<p>La ceremonia es uno de esos momentos m\u00e1gicos de toda boda, ya sea en iglesia o por lo civil, esta parte de la boda es muy importante y cuenta con diferentes etapas en las que se pueden realizar todo tipo de detalles seg\u00fan la necesidad.<br>Aqu\u00ed es donde comienza todo, la llegada de los invitados, la entrada de los novios, y todo el ritual, despu\u00e9s tendremos ese momento precioso de las felicitaciones y posteriormente nos vamos al cocktail y luego a la comida o cena.<br>En este transcurso de tiempo es importante mantener a los invitados entretenidos por lo que en este apartado te ofrecemos recursos con lo que llegar a este fin y que nada pierda su magia.<\/p>\n\n\n\n<p><\/p>\n<\/div><\/div>\n\n\n\n<div class=\"wp-block-media-text alignwide has-media-on-the-right is-stacked-on-mobile\" style=\"grid-template-columns:auto 49%\"><div class=\"wp-block-media-text__content\">\n<p><strong>MAESTRO DE CEREMONIAS<\/strong><br>Contrata un profesional de la comunicaci\u00f3n de emociones para ser tu maestro de ceremonias.<br>La importancia de que los invitados no se aburran en una ceremonia recae en un buen oficiante de ceremonia.<br>Debe ser un gran comunicador, cercano, para llegar a trasmitir las diferentes emociones que envuelven ese d\u00eda tan m\u00e1gico. Se puede personalizar con diferentes rituales.<br>El discurso puede ser en diferentes idiomas, nos adaptamos a las necesidades de los novios para que ese d\u00eda les resulte inolvidable.<\/p>\n<\/div><figure class=\"wp-block-media-text__media\"><img loading=\"lazy\" decoding=\"async\" width=\"660\" height=\"657\" src=\"https:\/\/eveniments.es\/wp-content\/uploads\/2023\/06\/01.DOSSIER-BODAS-CREATIVAS-2023-maestro-Copiar-1.jpg\" alt=\"\" class=\"wp-image-5687 size-full\" srcset=\"https:\/\/eveniments.es\/wp-content\/uploads\/2023\/06\/01.DOSSIER-BODAS-CREATIVAS-2023-maestro-Copiar-1.jpg 660w, https:\/\/eveniments.es\/wp-content\/uploads\/2023\/06\/01.DOSSIER-BODAS-CREATIVAS-2023-maestro-Copiar-1-300x300.jpg 300w, https:\/\/eveniments.es\/wp-content\/uploads\/2023\/06\/01.DOSSIER-BODAS-CREATIVAS-2023-maestro-Copiar-1-150x150.jpg 150w\" sizes=\"auto, (max-width: 660px) 100vw, 660px\" \/><\/figure><\/div>\n\n\n\n<figure class=\"wp-block-gallery has-nested-images columns-default is-cropped wp-block-gallery-1 is-layout-flex wp-block-gallery-is-layout-flex\">\n<figure class=\"wp-block-image size-large\"><img loading=\"lazy\" decoding=\"async\" width=\"548\" height=\"351\" data-id=\"5689\" src=\"https:\/\/eveniments.es\/wp-content\/uploads\/2023\/06\/01.DOSSIER-BODAS-CREATIVAS-2023-maestro-2-Copiar-126.jpg\" alt=\"\" class=\"wp-image-5689\" srcset=\"https:\/\/eveniments.es\/wp-content\/uploads\/2023\/06\/01.DOSSIER-BODAS-CREATIVAS-2023-maestro-2-Copiar-126.jpg 548w, https:\/\/eveniments.es\/wp-content\/uploads\/2023\/06\/01.DOSSIER-BODAS-CREATIVAS-2023-maestro-2-Copiar-126-300x192.jpg 300w\" sizes=\"auto, (max-width: 548px) 100vw, 548px\" \/><\/figure>\n\n\n\n<figure class=\"wp-block-image size-full\"><img loading=\"lazy\" decoding=\"async\" width=\"660\" height=\"483\" data-id=\"5690\" src=\"https:\/\/eveniments.es\/wp-content\/uploads\/2023\/06\/01.DOSSIER-BODAS-CREATIVAS-2023-maestro-3-126.jpg\" alt=\"\" class=\"wp-image-5690\" srcset=\"https:\/\/eveniments.es\/wp-content\/uploads\/2023\/06\/01.DOSSIER-BODAS-CREATIVAS-2023-maestro-3-126.jpg 660w, https:\/\/eveniments.es\/wp-content\/uploads\/2023\/06\/01.DOSSIER-BODAS-CREATIVAS-2023-maestro-3-126-300x220.jpg 300w, https:\/\/eveniments.es\/wp-content\/uploads\/2023\/06\/01.DOSSIER-BODAS-CREATIVAS-2023-maestro-3-126-80x60.jpg 80w\" sizes=\"auto, (max-width: 660px) 100vw, 660px\" \/><\/figure>\n<\/figure>\n\n\n\n<div class=\"wp-block-media-text alignwide is-stacked-on-mobile\"><figure class=\"wp-block-media-text__media\"><img loading=\"lazy\" decoding=\"async\" width=\"600\" height=\"400\" src=\"https:\/\/eveniments.es\/wp-content\/uploads\/2023\/06\/01.DOSSIER-BODAS-CREATIVAS-2023comprimido-Copiar-127.jpg\" alt=\"\" class=\"wp-image-5696 size-full\" srcset=\"https:\/\/eveniments.es\/wp-content\/uploads\/2023\/06\/01.DOSSIER-BODAS-CREATIVAS-2023comprimido-Copiar-127.jpg 600w, https:\/\/eveniments.es\/wp-content\/uploads\/2023\/06\/01.DOSSIER-BODAS-CREATIVAS-2023comprimido-Copiar-127-300x200.jpg 300w\" sizes=\"auto, (max-width: 600px) 100vw, 600px\" \/><\/figure><div class=\"wp-block-media-text__content\">\n<p><strong>Ceremonias originales<\/strong><br>En Eveniments le ofrecemos el mejor asesoramiento para hacer de su enlace un d\u00eda original e inolvidable con ceremonias personalizadas a su gusto.<br>Propuestas innovadoras como ritos ancestrales har\u00e1n de su enlace un d\u00eda memorable para los presentes, marcando su personalidad en ello.<br>-Ceremonias tem\u00e1ticas<br>-Ceremonias de Luz<br>-Ceremonias de vino<br>-Ceremonias con Aves Rapaces<br>-Ceremonias de otras culturas, etc<\/p>\n<\/div><\/div>\n\n\n\n<figure class=\"wp-block-gallery has-nested-images columns-default is-cropped wp-block-gallery-2 is-layout-flex wp-block-gallery-is-layout-flex\">\n<figure class=\"wp-block-image size-large\"><img loading=\"lazy\" decoding=\"async\" width=\"660\" height=\"441\" data-id=\"5698\" src=\"https:\/\/eveniments.es\/wp-content\/uploads\/2023\/06\/01.DOSSIER-BODAS-CREATIVAS-2023comprimido-Copiar-126.jpg\" alt=\"\" class=\"wp-image-5698\" srcset=\"https:\/\/eveniments.es\/wp-content\/uploads\/2023\/06\/01.DOSSIER-BODAS-CREATIVAS-2023comprimido-Copiar-126.jpg 660w, https:\/\/eveniments.es\/wp-content\/uploads\/2023\/06\/01.DOSSIER-BODAS-CREATIVAS-2023comprimido-Copiar-126-300x200.jpg 300w\" sizes=\"auto, (max-width: 660px) 100vw, 660px\" \/><\/figure>\n\n\n\n<figure class=\"wp-block-image size-large\"><img loading=\"lazy\" decoding=\"async\" width=\"658\" height=\"283\" data-id=\"5697\" src=\"https:\/\/eveniments.es\/wp-content\/uploads\/2023\/06\/01.DOSSIER-BODAS-CREATIVAS-2023comprimido-Copiar-128.jpg\" alt=\"\" class=\"wp-image-5697\" srcset=\"https:\/\/eveniments.es\/wp-content\/uploads\/2023\/06\/01.DOSSIER-BODAS-CREATIVAS-2023comprimido-Copiar-128.jpg 658w, https:\/\/eveniments.es\/wp-content\/uploads\/2023\/06\/01.DOSSIER-BODAS-CREATIVAS-2023comprimido-Copiar-128-300x129.jpg 300w\" sizes=\"auto, (max-width: 658px) 100vw, 658px\" \/><\/figure>\n\n\n\n<figure class=\"wp-block-image size-large\"><img loading=\"lazy\" decoding=\"async\" width=\"660\" height=\"282\" data-id=\"5699\" src=\"https:\/\/eveniments.es\/wp-content\/uploads\/2023\/06\/01.DOSSIER-BODAS-CREATIVAS-2023comprimido-Copiar-129.jpg\" alt=\"\" class=\"wp-image-5699\" srcset=\"https:\/\/eveniments.es\/wp-content\/uploads\/2023\/06\/01.DOSSIER-BODAS-CREATIVAS-2023comprimido-Copiar-129.jpg 660w, https:\/\/eveniments.es\/wp-content\/uploads\/2023\/06\/01.DOSSIER-BODAS-CREATIVAS-2023comprimido-Copiar-129-300x128.jpg 300w\" sizes=\"auto, (max-width: 660px) 100vw, 660px\" \/><\/figure>\n<\/figure>\n\n\n\n<div class=\"wp-block-media-text alignwide is-stacked-on-mobile\" style=\"grid-template-columns:28% auto\"><figure class=\"wp-block-media-text__media\"><img loading=\"lazy\" decoding=\"async\" width=\"528\" height=\"880\" src=\"https:\/\/eveniments.es\/wp-content\/uploads\/2023\/06\/01.DOSSIER-BODAS-CREATIVAS-2023comprimido-Copiar-130.jpg\" alt=\"\" class=\"wp-image-5701 size-full\" srcset=\"https:\/\/eveniments.es\/wp-content\/uploads\/2023\/06\/01.DOSSIER-BODAS-CREATIVAS-2023comprimido-Copiar-130.jpg 528w, https:\/\/eveniments.es\/wp-content\/uploads\/2023\/06\/01.DOSSIER-BODAS-CREATIVAS-2023comprimido-Copiar-130-180x300.jpg 180w\" sizes=\"auto, (max-width: 528px) 100vw, 528px\" \/><\/figure><div class=\"wp-block-media-text__content\">\n<p><strong>M\u00daSICA para la ceremonia<\/strong><br>La m\u00fasica para la ceremonia es uno de los detalles importantes a tener en cuenta, todos queremos que en ese momento tan especial en el que entra el padre de la novia junto a la novia est\u00e9 acompa\u00f1ado por una m\u00fasica que parezca que venga del cielo, por eso nosotros desde Crearte Events te traemos varias opciones musicales para que consigas una banda sonora que deleite a todos los invitados en ese momento m\u00e1gico y \u00fanico.<br>Contamos con distintas agrupaciones de diferentes estilos musicales pero siempre relacionado con las bodas y respetando los momentos adecuados, consiguiendo que la banda sonora sea perfecta en todo momento.<\/p>\n<\/div><\/div>\n\n\n\n<div class=\"wp-block-media-text alignwide has-media-on-the-right is-stacked-on-mobile\"><div class=\"wp-block-media-text__content\">\n<p><strong>M\u00fasica Cl\u00e1sica<\/strong><br>La M\u00fasica es imprescindible en cada momento de la ceremonia, si es una homil\u00eda religiosa se puede elegir una m\u00fasica m\u00e1s cl\u00e1sica, Violonchelo, Arpa, Viol\u00edn\u2026..solitario, duo. En Crearte podemos asesorarle y personalizar la m\u00fasica que mejor vaya a su ceremonia ya que \u00e9ste es uno de los puntos d\u00e9biles donde se pueden encontrar dificultades sobre que tipo de m\u00fasica debe acompa\u00f1ar y dar emoci\u00f3n a su boda<\/p>\n<\/div><figure class=\"wp-block-media-text__media\"><img loading=\"lazy\" decoding=\"async\" width=\"330\" height=\"440\" src=\"https:\/\/eveniments.es\/wp-content\/uploads\/2023\/06\/01.DOSSIER-BODAS-CREATIVAS-2023comprimido-Copiar-132.jpg\" alt=\"\" class=\"wp-image-5708 size-full\" srcset=\"https:\/\/eveniments.es\/wp-content\/uploads\/2023\/06\/01.DOSSIER-BODAS-CREATIVAS-2023comprimido-Copiar-132.jpg 330w, https:\/\/eveniments.es\/wp-content\/uploads\/2023\/06\/01.DOSSIER-BODAS-CREATIVAS-2023comprimido-Copiar-132-225x300.jpg 225w\" sizes=\"auto, (max-width: 330px) 100vw, 330px\" \/><\/figure><\/div>\n\n\n\n<figure class=\"wp-block-gallery has-nested-images columns-default is-cropped wp-block-gallery-3 is-layout-flex wp-block-gallery-is-layout-flex\">\n<figure class=\"wp-block-image size-full\"><img loading=\"lazy\" decoding=\"async\" width=\"440\" height=\"440\" data-id=\"5711\" src=\"https:\/\/eveniments.es\/wp-content\/uploads\/2023\/06\/01.DOSSIER-BODAS-CREATIVAS-2023comprimido-Copiar-131.jpg\" alt=\"\" class=\"wp-image-5711\" srcset=\"https:\/\/eveniments.es\/wp-content\/uploads\/2023\/06\/01.DOSSIER-BODAS-CREATIVAS-2023comprimido-Copiar-131.jpg 440w, https:\/\/eveniments.es\/wp-content\/uploads\/2023\/06\/01.DOSSIER-BODAS-CREATIVAS-2023comprimido-Copiar-131-300x300.jpg 300w, https:\/\/eveniments.es\/wp-content\/uploads\/2023\/06\/01.DOSSIER-BODAS-CREATIVAS-2023comprimido-Copiar-131-150x150.jpg 150w\" sizes=\"auto, (max-width: 440px) 100vw, 440px\" \/><\/figure>\n\n\n\n<figure class=\"wp-block-image size-full\"><img loading=\"lazy\" decoding=\"async\" width=\"330\" height=\"440\" data-id=\"5710\" src=\"https:\/\/eveniments.es\/wp-content\/uploads\/2023\/06\/01.DOSSIER-BODAS-CREATIVAS-2023comprimido-Copiar-133.jpg\" alt=\"\" class=\"wp-image-5710\" srcset=\"https:\/\/eveniments.es\/wp-content\/uploads\/2023\/06\/01.DOSSIER-BODAS-CREATIVAS-2023comprimido-Copiar-133.jpg 330w, https:\/\/eveniments.es\/wp-content\/uploads\/2023\/06\/01.DOSSIER-BODAS-CREATIVAS-2023comprimido-Copiar-133-225x300.jpg 225w\" sizes=\"auto, (max-width: 330px) 100vw, 330px\" \/><\/figure>\n\n\n\n<figure class=\"wp-block-image size-large\"><img loading=\"lazy\" decoding=\"async\" width=\"306\" height=\"422\" data-id=\"5709\" src=\"https:\/\/eveniments.es\/wp-content\/uploads\/2023\/06\/01.DOSSIER-BODAS-CREATIVAS-2023comprimido-Copiar-134.jpg\" alt=\"\" class=\"wp-image-5709\" srcset=\"https:\/\/eveniments.es\/wp-content\/uploads\/2023\/06\/01.DOSSIER-BODAS-CREATIVAS-2023comprimido-Copiar-134.jpg 306w, https:\/\/eveniments.es\/wp-content\/uploads\/2023\/06\/01.DOSSIER-BODAS-CREATIVAS-2023comprimido-Copiar-134-218x300.jpg 218w\" sizes=\"auto, (max-width: 306px) 100vw, 306px\" \/><\/figure>\n<\/figure>\n\n\n\n<div class=\"wp-block-media-text alignwide is-stacked-on-mobile\"><figure class=\"wp-block-media-text__media\"><img loading=\"lazy\" decoding=\"async\" width=\"662\" height=\"557\" src=\"https:\/\/eveniments.es\/wp-content\/uploads\/2023\/06\/01.DOSSIER-BODAS-CREATIVAS-2023comprimido-Copiar-135.jpg\" alt=\"\" class=\"wp-image-5714 size-full\" srcset=\"https:\/\/eveniments.es\/wp-content\/uploads\/2023\/06\/01.DOSSIER-BODAS-CREATIVAS-2023comprimido-Copiar-135.jpg 662w, https:\/\/eveniments.es\/wp-content\/uploads\/2023\/06\/01.DOSSIER-BODAS-CREATIVAS-2023comprimido-Copiar-135-300x252.jpg 300w\" sizes=\"auto, (max-width: 662px) 100vw, 662px\" \/><\/figure><div class=\"wp-block-media-text__content\">\n<p>M\u00fasica Instrumental<br>La M\u00fasica juega un papel importante en la ceremonia y qui\u00e9n mejor que los novios para personalizar \u00e9ste momento tan clave para vivir las emociones que la m\u00fasica produce. Grandes Artistas con instrumentos diferentes pueden llevar a vivir esa emoci\u00f3n que \u00e9ste acto necesita.<br>Adem\u00e1s hay muchos momentos distintos y aveces es interesante poner la m\u00fasica adecuada para cada instante. Por eso tenemos desde guitarristas, pianistas, flautistas, agrupaciones, o si buscas algo m\u00e1s divertido unos mariachis para la calidad de la iglesia.<\/p>\n<\/div><\/div>\n\n\n\n<figure class=\"wp-block-gallery has-nested-images columns-default is-cropped wp-block-gallery-4 is-layout-flex wp-block-gallery-is-layout-flex\">\n<figure class=\"wp-block-image size-large\"><img loading=\"lazy\" decoding=\"async\" width=\"670\" height=\"300\" data-id=\"5717\" src=\"https:\/\/eveniments.es\/wp-content\/uploads\/2023\/06\/01.DOSSIER-BODAS-CREATIVAS-2023comprimido-Copiar-137.jpg\" alt=\"\" class=\"wp-image-5717\" srcset=\"https:\/\/eveniments.es\/wp-content\/uploads\/2023\/06\/01.DOSSIER-BODAS-CREATIVAS-2023comprimido-Copiar-137.jpg 670w, https:\/\/eveniments.es\/wp-content\/uploads\/2023\/06\/01.DOSSIER-BODAS-CREATIVAS-2023comprimido-Copiar-137-300x134.jpg 300w\" sizes=\"auto, (max-width: 670px) 100vw, 670px\" \/><\/figure>\n\n\n\n<figure class=\"wp-block-image size-large\"><img loading=\"lazy\" decoding=\"async\" width=\"662\" height=\"423\" data-id=\"5718\" src=\"https:\/\/eveniments.es\/wp-content\/uploads\/2023\/06\/01.DOSSIER-BODAS-CREATIVAS-2023comprimido-Copiar-136.jpg\" alt=\"\" class=\"wp-image-5718\" srcset=\"https:\/\/eveniments.es\/wp-content\/uploads\/2023\/06\/01.DOSSIER-BODAS-CREATIVAS-2023comprimido-Copiar-136.jpg 662w, https:\/\/eveniments.es\/wp-content\/uploads\/2023\/06\/01.DOSSIER-BODAS-CREATIVAS-2023comprimido-Copiar-136-300x192.jpg 300w\" sizes=\"auto, (max-width: 662px) 100vw, 662px\" \/><\/figure>\n<\/figure>\n\n\n\n<div class=\"wp-block-media-text alignwide has-media-on-the-right is-stacked-on-mobile\"><div class=\"wp-block-media-text__content\">\n<p><strong>COROS<\/strong><br>Que gran emoci\u00f3n la que se vive el d\u00eda de tu boda cuando te ves acompa\u00f1ada y arropada por un coro a la entrada de la iglesia o durante toda la ceremonia.<br>Puedes elegir diferentes coros para acompa\u00f1ar y emocionar a todos los asistentes y vivir la magia que ello desprende. Puedes elegir entre.<\/p>\n\n\n\n<ul class=\"wp-block-list\">\n<li>Coros Gospel con Opci\u00f3n de a\u00f1adir Beat Box<\/li>\n\n\n\n<li>Coros Rocieros<\/li>\n\n\n\n<li>Coros Infantiles<\/li>\n<\/ul>\n<\/div><figure class=\"wp-block-media-text__media\"><img loading=\"lazy\" decoding=\"async\" width=\"500\" height=\"395\" src=\"https:\/\/eveniments.es\/wp-content\/uploads\/2023\/06\/01.DOSSIER-BODAS-CREATIVAS-2023comprimido-Copiar-138.jpg\" alt=\"\" class=\"wp-image-5721 size-full\" srcset=\"https:\/\/eveniments.es\/wp-content\/uploads\/2023\/06\/01.DOSSIER-BODAS-CREATIVAS-2023comprimido-Copiar-138.jpg 500w, https:\/\/eveniments.es\/wp-content\/uploads\/2023\/06\/01.DOSSIER-BODAS-CREATIVAS-2023comprimido-Copiar-138-300x237.jpg 300w\" sizes=\"auto, (max-width: 500px) 100vw, 500px\" \/><\/figure><\/div>\n\n\n\n<figure class=\"wp-block-gallery has-nested-images columns-default is-cropped wp-block-gallery-5 is-layout-flex wp-block-gallery-is-layout-flex\">\n<figure class=\"wp-block-image size-large\"><img loading=\"lazy\" decoding=\"async\" width=\"663\" height=\"291\" data-id=\"5722\" src=\"https:\/\/eveniments.es\/wp-content\/uploads\/2023\/06\/01.DOSSIER-BODAS-CREATIVAS-2023comprimido-Copiar-141.jpg\" alt=\"\" class=\"wp-image-5722\" srcset=\"https:\/\/eveniments.es\/wp-content\/uploads\/2023\/06\/01.DOSSIER-BODAS-CREATIVAS-2023comprimido-Copiar-141.jpg 663w, https:\/\/eveniments.es\/wp-content\/uploads\/2023\/06\/01.DOSSIER-BODAS-CREATIVAS-2023comprimido-Copiar-141-300x132.jpg 300w\" sizes=\"auto, (max-width: 663px) 100vw, 663px\" \/><\/figure>\n\n\n\n<figure class=\"wp-block-image size-large\"><img loading=\"lazy\" decoding=\"async\" width=\"658\" height=\"439\" data-id=\"5723\" src=\"https:\/\/eveniments.es\/wp-content\/uploads\/2023\/06\/01.DOSSIER-BODAS-CREATIVAS-2023comprimido-Copiar-140.jpg\" alt=\"\" class=\"wp-image-5723\" srcset=\"https:\/\/eveniments.es\/wp-content\/uploads\/2023\/06\/01.DOSSIER-BODAS-CREATIVAS-2023comprimido-Copiar-140.jpg 658w, https:\/\/eveniments.es\/wp-content\/uploads\/2023\/06\/01.DOSSIER-BODAS-CREATIVAS-2023comprimido-Copiar-140-300x200.jpg 300w\" sizes=\"auto, (max-width: 658px) 100vw, 658px\" \/><\/figure>\n\n\n\n<figure class=\"wp-block-image size-large\"><img loading=\"lazy\" decoding=\"async\" width=\"620\" height=\"384\" data-id=\"5724\" src=\"https:\/\/eveniments.es\/wp-content\/uploads\/2023\/06\/01.DOSSIER-BODAS-CREATIVAS-2023comprimido-Copiar-139.jpg\" alt=\"\" class=\"wp-image-5724\" srcset=\"https:\/\/eveniments.es\/wp-content\/uploads\/2023\/06\/01.DOSSIER-BODAS-CREATIVAS-2023comprimido-Copiar-139.jpg 620w, https:\/\/eveniments.es\/wp-content\/uploads\/2023\/06\/01.DOSSIER-BODAS-CREATIVAS-2023comprimido-Copiar-139-300x186.jpg 300w\" sizes=\"auto, (max-width: 620px) 100vw, 620px\" \/><\/figure>\n<\/figure>\n","protected":false},"excerpt":{"rendered":"<div class=\"mh-excerpt\"><p>La ceremonia es uno de esos momentos m\u00e1gicos de toda boda, ya sea en iglesia o por lo civil, esta parte de la boda es <a class=\"mh-excerpt-more\" href=\"https:\/\/eveniments.es\/home\/la-ceremonia\" title=\"La Ceremonia\">[&#8230;]<\/a><\/p>\n<\/div>","protected":false},"author":1,"featured_media":0,"parent":0,"menu_order":0,"comment_status":"closed","ping_status":"closed","template":"","meta":{"footnotes":""},"class_list":["post-5686","page","type-page","status-publish","hentry"],"_links":{"self":[{"href":"https:\/\/eveniments.es\/home\/wp-json\/wp\/v2\/pages\/5686","targetHints":{"allow":["GET"]}}],"collection":[{"href":"https:\/\/eveniments.es\/home\/wp-json\/wp\/v2\/pages"}],"about":[{"href":"https:\/\/eveniments.es\/home\/wp-json\/wp\/v2\/types\/page"}],"author":[{"embeddable":true,"href":"https:\/\/eveniments.es\/home\/wp-json\/wp\/v2\/users\/1"}],"replies":[{"embeddable":true,"href":"https:\/\/eveniments.es\/home\/wp-json\/wp\/v2\/comments?post=5686"}],"version-history":[{"count":15,"href":"https:\/\/eveniments.es\/home\/wp-json\/wp\/v2\/pages\/5686\/revisions"}],"predecessor-version":[{"id":5725,"href":"https:\/\/eveniments.es\/home\/wp-json\/wp\/v2\/pages\/5686\/revisions\/5725"}],"wp:attachment":[{"href":"https:\/\/eveniments.es\/home\/wp-json\/wp\/v2\/media?parent=5686"}],"curies":[{"name":"wp","href":"https:\/\/api.w.org\/{rel}","templated":true}]}}