{"id":701,"date":"2019-11-22T10:46:43","date_gmt":"2019-11-22T10:46:43","guid":{"rendered":"http:\/\/eveniments.es\/?page_id=701"},"modified":"2020-07-17T15:49:26","modified_gmt":"2020-07-17T15:49:26","slug":"espectaculos-infantiles","status":"publish","type":"page","link":"https:\/\/eveniments.es\/home\/servicios\/espectaculos-infantiles","title":{"rendered":"Espect\u00e1culos Infantiles"},"content":{"rendered":"<p>&nbsp;<\/p>\n<p>[pdf-embedder url=\u00bbhttp:\/\/eveniments.es\/wp-content\/uploads\/2020\/03\/DOSSIER-Eveniments-Ni\u00f1os.pdf\u00bb title=\u00bbDOSSIER Eveniments Ni\u00f1os\u00bb]<\/p>\n<p>[pdf-embedder url=\u00bbhttp:\/\/eveniments.es\/wp-content\/uploads\/2020\/03\/DOSSIER-Eveniments-Teatro-animaci\u00f3n.pdf\u00bb title=\u00bbDOSSIER Eveniments Teatro animaci\u00f3n\u00bb]<\/p>\n<p>[pdf-embedder url=\u00bbhttp:\/\/eveniments.es\/wp-content\/uploads\/2020\/03\/DOSSIER-Eveniments-Musicales-Navide\u00f1os-Infantiles.pdf\u00bb title=\u00bbDOSSIER Eveniments Musicales Navide\u00f1os Infantiles\u00bb]Propuestas de espect\u00e1culos para los m\u00e1s peque\u00f1os.<\/p>\n<div id='gallery-1' class='gallery galleryid-701 gallery-columns-1 gallery-size-large'><figure class='gallery-item'>\n\t\t\t<div class='gallery-icon landscape'>\n\t\t\t\t<a href='https:\/\/eveniments.es\/home\/servicios\/espectaculos-infantiles\/nuevos-espectaculos_page-0001-2'><img loading=\"lazy\" decoding=\"async\" width=\"1024\" height=\"576\" src=\"https:\/\/eveniments.es\/wp-content\/uploads\/2019\/11\/Nuevos-espectaculos_page-0001-1-1024x576.jpg\" class=\"attachment-large size-large\" alt=\"\" srcset=\"https:\/\/eveniments.es\/wp-content\/uploads\/2019\/11\/Nuevos-espectaculos_page-0001-1-1024x576.jpg 1024w, https:\/\/eveniments.es\/wp-content\/uploads\/2019\/11\/Nuevos-espectaculos_page-0001-1-300x169.jpg 300w, https:\/\/eveniments.es\/wp-content\/uploads\/2019\/11\/Nuevos-espectaculos_page-0001-1-768x432.jpg 768w, https:\/\/eveniments.es\/wp-content\/uploads\/2019\/11\/Nuevos-espectaculos_page-0001-1-678x381.jpg 678w, https:\/\/eveniments.es\/wp-content\/uploads\/2019\/11\/Nuevos-espectaculos_page-0001-1.jpg 2000w\" sizes=\"auto, (max-width: 1024px) 100vw, 1024px\" \/><\/a>\n\t\t\t<\/div><\/figure><figure class='gallery-item'>\n\t\t\t<div class='gallery-icon landscape'>\n\t\t\t\t<a href='https:\/\/eveniments.es\/home\/servicios\/espectaculos-infantiles\/eventos-eveniments_page-0027'><img loading=\"lazy\" decoding=\"async\" width=\"1024\" height=\"576\" src=\"https:\/\/eveniments.es\/wp-content\/uploads\/2019\/11\/Eventos-Eveniments_page-0027-1024x576.jpg\" class=\"attachment-large size-large\" alt=\"\" srcset=\"https:\/\/eveniments.es\/wp-content\/uploads\/2019\/11\/Eventos-Eveniments_page-0027-1024x576.jpg 1024w, https:\/\/eveniments.es\/wp-content\/uploads\/2019\/11\/Eventos-Eveniments_page-0027-300x169.jpg 300w, https:\/\/eveniments.es\/wp-content\/uploads\/2019\/11\/Eventos-Eveniments_page-0027-768x432.jpg 768w, https:\/\/eveniments.es\/wp-content\/uploads\/2019\/11\/Eventos-Eveniments_page-0027-678x381.jpg 678w, https:\/\/eveniments.es\/wp-content\/uploads\/2019\/11\/Eventos-Eveniments_page-0027.jpg 2000w\" sizes=\"auto, (max-width: 1024px) 100vw, 1024px\" \/><\/a>\n\t\t\t<\/div><\/figure><figure class='gallery-item'>\n\t\t\t<div class='gallery-icon landscape'>\n\t\t\t\t<a href='https:\/\/eveniments.es\/home\/servicios\/espectaculos-infantiles\/eventos-eveniments_page-0028'><img loading=\"lazy\" decoding=\"async\" width=\"1024\" height=\"576\" src=\"https:\/\/eveniments.es\/wp-content\/uploads\/2019\/11\/Eventos-Eveniments_page-0028-1024x576.jpg\" class=\"attachment-large size-large\" alt=\"\" srcset=\"https:\/\/eveniments.es\/wp-content\/uploads\/2019\/11\/Eventos-Eveniments_page-0028-1024x576.jpg 1024w, https:\/\/eveniments.es\/wp-content\/uploads\/2019\/11\/Eventos-Eveniments_page-0028-300x169.jpg 300w, https:\/\/eveniments.es\/wp-content\/uploads\/2019\/11\/Eventos-Eveniments_page-0028-768x432.jpg 768w, https:\/\/eveniments.es\/wp-content\/uploads\/2019\/11\/Eventos-Eveniments_page-0028-678x381.jpg 678w, https:\/\/eveniments.es\/wp-content\/uploads\/2019\/11\/Eventos-Eveniments_page-0028.jpg 2000w\" sizes=\"auto, (max-width: 1024px) 100vw, 1024px\" \/><\/a>\n\t\t\t<\/div><\/figure><figure class='gallery-item'>\n\t\t\t<div class='gallery-icon landscape'>\n\t\t\t\t<a href='https:\/\/eveniments.es\/home\/servicios\/espectaculos-infantiles\/eventos-eveniments_page-0029'><img loading=\"lazy\" decoding=\"async\" width=\"1024\" height=\"576\" src=\"https:\/\/eveniments.es\/wp-content\/uploads\/2019\/11\/Eventos-Eveniments_page-0029-1024x576.jpg\" class=\"attachment-large size-large\" alt=\"\" srcset=\"https:\/\/eveniments.es\/wp-content\/uploads\/2019\/11\/Eventos-Eveniments_page-0029-1024x576.jpg 1024w, https:\/\/eveniments.es\/wp-content\/uploads\/2019\/11\/Eventos-Eveniments_page-0029-300x169.jpg 300w, https:\/\/eveniments.es\/wp-content\/uploads\/2019\/11\/Eventos-Eveniments_page-0029-768x432.jpg 768w, https:\/\/eveniments.es\/wp-content\/uploads\/2019\/11\/Eventos-Eveniments_page-0029-678x381.jpg 678w, https:\/\/eveniments.es\/wp-content\/uploads\/2019\/11\/Eventos-Eveniments_page-0029.jpg 2000w\" sizes=\"auto, (max-width: 1024px) 100vw, 1024px\" \/><\/a>\n\t\t\t<\/div><\/figure><figure class='gallery-item'>\n\t\t\t<div class='gallery-icon landscape'>\n\t\t\t\t<a href='https:\/\/eveniments.es\/home\/servicios\/espectaculos-infantiles\/eventos-eveniments_page-0032'><img loading=\"lazy\" decoding=\"async\" width=\"1024\" height=\"576\" src=\"https:\/\/eveniments.es\/wp-content\/uploads\/2019\/11\/Eventos-Eveniments_page-0032-1024x576.jpg\" class=\"attachment-large size-large\" alt=\"\" srcset=\"https:\/\/eveniments.es\/wp-content\/uploads\/2019\/11\/Eventos-Eveniments_page-0032-1024x576.jpg 1024w, https:\/\/eveniments.es\/wp-content\/uploads\/2019\/11\/Eventos-Eveniments_page-0032-300x169.jpg 300w, https:\/\/eveniments.es\/wp-content\/uploads\/2019\/11\/Eventos-Eveniments_page-0032-768x432.jpg 768w, https:\/\/eveniments.es\/wp-content\/uploads\/2019\/11\/Eventos-Eveniments_page-0032-678x381.jpg 678w, https:\/\/eveniments.es\/wp-content\/uploads\/2019\/11\/Eventos-Eveniments_page-0032.jpg 2000w\" sizes=\"auto, (max-width: 1024px) 100vw, 1024px\" \/><\/a>\n\t\t\t<\/div><\/figure><figure class='gallery-item'>\n\t\t\t<div class='gallery-icon landscape'>\n\t\t\t\t<a href='https:\/\/eveniments.es\/home\/servicios\/espectaculos-infantiles\/eventos-eveniments_page-0034'><img loading=\"lazy\" decoding=\"async\" width=\"1024\" height=\"576\" src=\"https:\/\/eveniments.es\/wp-content\/uploads\/2019\/11\/Eventos-Eveniments_page-0034-1024x576.jpg\" class=\"attachment-large size-large\" alt=\"\" srcset=\"https:\/\/eveniments.es\/wp-content\/uploads\/2019\/11\/Eventos-Eveniments_page-0034-1024x576.jpg 1024w, https:\/\/eveniments.es\/wp-content\/uploads\/2019\/11\/Eventos-Eveniments_page-0034-300x169.jpg 300w, https:\/\/eveniments.es\/wp-content\/uploads\/2019\/11\/Eventos-Eveniments_page-0034-768x432.jpg 768w, https:\/\/eveniments.es\/wp-content\/uploads\/2019\/11\/Eventos-Eveniments_page-0034-678x381.jpg 678w, https:\/\/eveniments.es\/wp-content\/uploads\/2019\/11\/Eventos-Eveniments_page-0034.jpg 2000w\" sizes=\"auto, (max-width: 1024px) 100vw, 1024px\" \/><\/a>\n\t\t\t<\/div><\/figure><figure class='gallery-item'>\n\t\t\t<div class='gallery-icon landscape'>\n\t\t\t\t<a href='https:\/\/eveniments.es\/home\/servicios\/espectaculos-infantiles\/eventos-eveniments_page-0035'><img loading=\"lazy\" decoding=\"async\" width=\"1024\" height=\"576\" src=\"https:\/\/eveniments.es\/wp-content\/uploads\/2019\/11\/Eventos-Eveniments_page-0035-1024x576.jpg\" class=\"attachment-large size-large\" alt=\"\" srcset=\"https:\/\/eveniments.es\/wp-content\/uploads\/2019\/11\/Eventos-Eveniments_page-0035-1024x576.jpg 1024w, https:\/\/eveniments.es\/wp-content\/uploads\/2019\/11\/Eventos-Eveniments_page-0035-300x169.jpg 300w, https:\/\/eveniments.es\/wp-content\/uploads\/2019\/11\/Eventos-Eveniments_page-0035-768x432.jpg 768w, https:\/\/eveniments.es\/wp-content\/uploads\/2019\/11\/Eventos-Eveniments_page-0035-678x381.jpg 678w, https:\/\/eveniments.es\/wp-content\/uploads\/2019\/11\/Eventos-Eveniments_page-0035.jpg 2000w\" sizes=\"auto, (max-width: 1024px) 100vw, 1024px\" \/><\/a>\n\t\t\t<\/div><\/figure><figure class='gallery-item'>\n\t\t\t<div class='gallery-icon landscape'>\n\t\t\t\t<a href='https:\/\/eveniments.es\/home\/servicios\/espectaculos-infantiles\/eventos-eveniments_page-0102-2'><img loading=\"lazy\" decoding=\"async\" width=\"1024\" height=\"576\" src=\"https:\/\/eveniments.es\/wp-content\/uploads\/2019\/11\/Eventos-Eveniments_page-0102-1-1024x576.jpg\" class=\"attachment-large size-large\" alt=\"\" srcset=\"https:\/\/eveniments.es\/wp-content\/uploads\/2019\/11\/Eventos-Eveniments_page-0102-1-1024x576.jpg 1024w, https:\/\/eveniments.es\/wp-content\/uploads\/2019\/11\/Eventos-Eveniments_page-0102-1-300x169.jpg 300w, https:\/\/eveniments.es\/wp-content\/uploads\/2019\/11\/Eventos-Eveniments_page-0102-1-768x432.jpg 768w, https:\/\/eveniments.es\/wp-content\/uploads\/2019\/11\/Eventos-Eveniments_page-0102-1-678x381.jpg 678w, https:\/\/eveniments.es\/wp-content\/uploads\/2019\/11\/Eventos-Eveniments_page-0102-1.jpg 2000w\" sizes=\"auto, (max-width: 1024px) 100vw, 1024px\" \/><\/a>\n\t\t\t<\/div><\/figure><figure class='gallery-item'>\n\t\t\t<div class='gallery-icon landscape'>\n\t\t\t\t<a href='https:\/\/eveniments.es\/home\/servicios\/espectaculos-de-magia\/eventos-eveniments_page-0123'><img loading=\"lazy\" decoding=\"async\" width=\"1024\" height=\"576\" src=\"https:\/\/eveniments.es\/wp-content\/uploads\/2019\/11\/Eventos-Eveniments_page-0123-1024x576.jpg\" class=\"attachment-large size-large\" alt=\"\" srcset=\"https:\/\/eveniments.es\/wp-content\/uploads\/2019\/11\/Eventos-Eveniments_page-0123-1024x576.jpg 1024w, https:\/\/eveniments.es\/wp-content\/uploads\/2019\/11\/Eventos-Eveniments_page-0123-300x169.jpg 300w, https:\/\/eveniments.es\/wp-content\/uploads\/2019\/11\/Eventos-Eveniments_page-0123-768x432.jpg 768w, https:\/\/eveniments.es\/wp-content\/uploads\/2019\/11\/Eventos-Eveniments_page-0123-678x381.jpg 678w, https:\/\/eveniments.es\/wp-content\/uploads\/2019\/11\/Eventos-Eveniments_page-0123.jpg 2000w\" sizes=\"auto, (max-width: 1024px) 100vw, 1024px\" \/><\/a>\n\t\t\t<\/div><\/figure><figure class='gallery-item'>\n\t\t\t<div class='gallery-icon landscape'>\n\t\t\t\t<a href='https:\/\/eveniments.es\/home\/servicios\/espectaculos-infantiles\/eventos-eveniments_page-0118-2'><img loading=\"lazy\" decoding=\"async\" width=\"1024\" height=\"576\" src=\"https:\/\/eveniments.es\/wp-content\/uploads\/2019\/11\/Eventos-Eveniments_page-0118-1-1024x576.jpg\" class=\"attachment-large size-large\" alt=\"\" srcset=\"https:\/\/eveniments.es\/wp-content\/uploads\/2019\/11\/Eventos-Eveniments_page-0118-1-1024x576.jpg 1024w, https:\/\/eveniments.es\/wp-content\/uploads\/2019\/11\/Eventos-Eveniments_page-0118-1-300x169.jpg 300w, https:\/\/eveniments.es\/wp-content\/uploads\/2019\/11\/Eventos-Eveniments_page-0118-1-768x432.jpg 768w, https:\/\/eveniments.es\/wp-content\/uploads\/2019\/11\/Eventos-Eveniments_page-0118-1-678x381.jpg 678w, https:\/\/eveniments.es\/wp-content\/uploads\/2019\/11\/Eventos-Eveniments_page-0118-1.jpg 2000w\" sizes=\"auto, (max-width: 1024px) 100vw, 1024px\" \/><\/a>\n\t\t\t<\/div><\/figure><figure class='gallery-item'>\n\t\t\t<div class='gallery-icon landscape'>\n\t\t\t\t<a href='https:\/\/eveniments.es\/home\/servicios\/espectaculos-infantiles\/eventos-eveniments_page-0115-2'><img loading=\"lazy\" decoding=\"async\" width=\"1024\" height=\"576\" src=\"https:\/\/eveniments.es\/wp-content\/uploads\/2019\/11\/Eventos-Eveniments_page-0115-1-1024x576.jpg\" class=\"attachment-large size-large\" alt=\"\" srcset=\"https:\/\/eveniments.es\/wp-content\/uploads\/2019\/11\/Eventos-Eveniments_page-0115-1-1024x576.jpg 1024w, https:\/\/eveniments.es\/wp-content\/uploads\/2019\/11\/Eventos-Eveniments_page-0115-1-300x169.jpg 300w, https:\/\/eveniments.es\/wp-content\/uploads\/2019\/11\/Eventos-Eveniments_page-0115-1-768x432.jpg 768w, https:\/\/eveniments.es\/wp-content\/uploads\/2019\/11\/Eventos-Eveniments_page-0115-1-678x381.jpg 678w, https:\/\/eveniments.es\/wp-content\/uploads\/2019\/11\/Eventos-Eveniments_page-0115-1.jpg 2000w\" sizes=\"auto, (max-width: 1024px) 100vw, 1024px\" \/><\/a>\n\t\t\t<\/div><\/figure><figure class='gallery-item'>\n\t\t\t<div class='gallery-icon landscape'>\n\t\t\t\t<a href='https:\/\/eveniments.es\/home\/servicios\/espectaculos-infantiles\/eventos-eveniments_page-0104-2'><img loading=\"lazy\" decoding=\"async\" width=\"1024\" height=\"576\" src=\"https:\/\/eveniments.es\/wp-content\/uploads\/2019\/11\/Eventos-Eveniments_page-0104-1-1024x576.jpg\" class=\"attachment-large size-large\" alt=\"\" srcset=\"https:\/\/eveniments.es\/wp-content\/uploads\/2019\/11\/Eventos-Eveniments_page-0104-1-1024x576.jpg 1024w, https:\/\/eveniments.es\/wp-content\/uploads\/2019\/11\/Eventos-Eveniments_page-0104-1-300x169.jpg 300w, https:\/\/eveniments.es\/wp-content\/uploads\/2019\/11\/Eventos-Eveniments_page-0104-1-768x432.jpg 768w, https:\/\/eveniments.es\/wp-content\/uploads\/2019\/11\/Eventos-Eveniments_page-0104-1-678x381.jpg 678w, https:\/\/eveniments.es\/wp-content\/uploads\/2019\/11\/Eventos-Eveniments_page-0104-1.jpg 2000w\" sizes=\"auto, (max-width: 1024px) 100vw, 1024px\" \/><\/a>\n\t\t\t<\/div><\/figure><figure class='gallery-item'>\n\t\t\t<div class='gallery-icon landscape'>\n\t\t\t\t<a href='https:\/\/eveniments.es\/home\/servicios\/espectaculos-de-magia\/eventos-eveniments_page-0101'><img loading=\"lazy\" decoding=\"async\" width=\"1024\" height=\"576\" src=\"https:\/\/eveniments.es\/wp-content\/uploads\/2019\/11\/Eventos-Eveniments_page-0101-1024x576.jpg\" class=\"attachment-large size-large\" alt=\"\" srcset=\"https:\/\/eveniments.es\/wp-content\/uploads\/2019\/11\/Eventos-Eveniments_page-0101-1024x576.jpg 1024w, https:\/\/eveniments.es\/wp-content\/uploads\/2019\/11\/Eventos-Eveniments_page-0101-300x169.jpg 300w, https:\/\/eveniments.es\/wp-content\/uploads\/2019\/11\/Eventos-Eveniments_page-0101-768x432.jpg 768w, https:\/\/eveniments.es\/wp-content\/uploads\/2019\/11\/Eventos-Eveniments_page-0101-678x381.jpg 678w, https:\/\/eveniments.es\/wp-content\/uploads\/2019\/11\/Eventos-Eveniments_page-0101.jpg 2000w\" sizes=\"auto, (max-width: 1024px) 100vw, 1024px\" \/><\/a>\n\t\t\t<\/div><\/figure><figure class='gallery-item'>\n\t\t\t<div class='gallery-icon landscape'>\n\t\t\t\t<a href='https:\/\/eveniments.es\/home\/servicios\/espectaculos-infantiles\/eventos-eveniments_page-0033'><img loading=\"lazy\" decoding=\"async\" width=\"1024\" height=\"576\" src=\"https:\/\/eveniments.es\/wp-content\/uploads\/2019\/11\/Eventos-Eveniments_page-0033-1024x576.jpg\" class=\"attachment-large size-large\" alt=\"\" srcset=\"https:\/\/eveniments.es\/wp-content\/uploads\/2019\/11\/Eventos-Eveniments_page-0033-1024x576.jpg 1024w, https:\/\/eveniments.es\/wp-content\/uploads\/2019\/11\/Eventos-Eveniments_page-0033-300x169.jpg 300w, https:\/\/eveniments.es\/wp-content\/uploads\/2019\/11\/Eventos-Eveniments_page-0033-768x432.jpg 768w, https:\/\/eveniments.es\/wp-content\/uploads\/2019\/11\/Eventos-Eveniments_page-0033-678x381.jpg 678w, https:\/\/eveniments.es\/wp-content\/uploads\/2019\/11\/Eventos-Eveniments_page-0033.jpg 2000w\" sizes=\"auto, (max-width: 1024px) 100vw, 1024px\" \/><\/a>\n\t\t\t<\/div><\/figure><figure class='gallery-item'>\n\t\t\t<div class='gallery-icon landscape'>\n\t\t\t\t<a href='https:\/\/eveniments.es\/home\/servicios\/espectaculos-infantiles\/eventos-eveniments_page-0030'><img loading=\"lazy\" decoding=\"async\" width=\"1024\" height=\"576\" src=\"https:\/\/eveniments.es\/wp-content\/uploads\/2019\/11\/Eventos-Eveniments_page-0030-1024x576.jpg\" class=\"attachment-large size-large\" alt=\"\" srcset=\"https:\/\/eveniments.es\/wp-content\/uploads\/2019\/11\/Eventos-Eveniments_page-0030-1024x576.jpg 1024w, https:\/\/eveniments.es\/wp-content\/uploads\/2019\/11\/Eventos-Eveniments_page-0030-300x169.jpg 300w, https:\/\/eveniments.es\/wp-content\/uploads\/2019\/11\/Eventos-Eveniments_page-0030-768x432.jpg 768w, https:\/\/eveniments.es\/wp-content\/uploads\/2019\/11\/Eventos-Eveniments_page-0030-678x381.jpg 678w, https:\/\/eveniments.es\/wp-content\/uploads\/2019\/11\/Eventos-Eveniments_page-0030.jpg 2000w\" sizes=\"auto, (max-width: 1024px) 100vw, 1024px\" \/><\/a>\n\t\t\t<\/div><\/figure><figure class='gallery-item'>\n\t\t\t<div class='gallery-icon landscape'>\n\t\t\t\t<a href='https:\/\/eveniments.es\/home\/servicios\/espectaculos-infantiles\/eventos-eveniments_page-0031'><img loading=\"lazy\" decoding=\"async\" width=\"1024\" height=\"576\" src=\"https:\/\/eveniments.es\/wp-content\/uploads\/2019\/11\/Eventos-Eveniments_page-0031-1024x576.jpg\" class=\"attachment-large size-large\" alt=\"\" srcset=\"https:\/\/eveniments.es\/wp-content\/uploads\/2019\/11\/Eventos-Eveniments_page-0031-1024x576.jpg 1024w, https:\/\/eveniments.es\/wp-content\/uploads\/2019\/11\/Eventos-Eveniments_page-0031-300x169.jpg 300w, https:\/\/eveniments.es\/wp-content\/uploads\/2019\/11\/Eventos-Eveniments_page-0031-768x432.jpg 768w, https:\/\/eveniments.es\/wp-content\/uploads\/2019\/11\/Eventos-Eveniments_page-0031-678x381.jpg 678w, https:\/\/eveniments.es\/wp-content\/uploads\/2019\/11\/Eventos-Eveniments_page-0031.jpg 2000w\" sizes=\"auto, (max-width: 1024px) 100vw, 1024px\" \/><\/a>\n\t\t\t<\/div><\/figure>\n\t\t<\/div>\n\n","protected":false},"excerpt":{"rendered":"<div class=\"mh-excerpt\"><p>&nbsp; [pdf-embedder url=\u00bbhttp:\/\/eveniments.es\/wp-content\/uploads\/2020\/03\/DOSSIER-Eveniments-Ni\u00f1os.pdf\u00bb title=\u00bbDOSSIER Eveniments Ni\u00f1os\u00bb] [pdf-embedder url=\u00bbhttp:\/\/eveniments.es\/wp-content\/uploads\/2020\/03\/DOSSIER-Eveniments-Teatro-animaci\u00f3n.pdf\u00bb title=\u00bbDOSSIER Eveniments Teatro animaci\u00f3n\u00bb] [pdf-embedder url=\u00bbhttp:\/\/eveniments.es\/wp-content\/uploads\/2020\/03\/DOSSIER-Eveniments-Musicales-Navide\u00f1os-Infantiles.pdf\u00bb title=\u00bbDOSSIER Eveniments Musicales Navide\u00f1os Infantiles\u00bb]Propuestas de espect\u00e1culos para los m\u00e1s peque\u00f1os.<\/p>\n<\/div>","protected":false},"author":1,"featured_media":0,"parent":11,"menu_order":2,"comment_status":"closed","ping_status":"closed","template":"template-full.php","meta":{"footnotes":""},"class_list":["post-701","page","type-page","status-publish","hentry"],"_links":{"self":[{"href":"https:\/\/eveniments.es\/home\/wp-json\/wp\/v2\/pages\/701","targetHints":{"allow":["GET"]}}],"collection":[{"href":"https:\/\/eveniments.es\/home\/wp-json\/wp\/v2\/pages"}],"about":[{"href":"https:\/\/eveniments.es\/home\/wp-json\/wp\/v2\/types\/page"}],"author":[{"embeddable":true,"href":"https:\/\/eveniments.es\/home\/wp-json\/wp\/v2\/users\/1"}],"replies":[{"embeddable":true,"href":"https:\/\/eveniments.es\/home\/wp-json\/wp\/v2\/comments?post=701"}],"version-history":[{"count":6,"href":"https:\/\/eveniments.es\/home\/wp-json\/wp\/v2\/pages\/701\/revisions"}],"predecessor-version":[{"id":1794,"href":"https:\/\/eveniments.es\/home\/wp-json\/wp\/v2\/pages\/701\/revisions\/1794"}],"up":[{"embeddable":true,"href":"https:\/\/eveniments.es\/home\/wp-json\/wp\/v2\/pages\/11"}],"wp:attachment":[{"href":"https:\/\/eveniments.es\/home\/wp-json\/wp\/v2\/media?parent=701"}],"curies":[{"name":"wp","href":"https:\/\/api.w.org\/{rel}","templated":true}]}}